{"id":558,"date":"2016-02-25T20:13:35","date_gmt":"2016-02-25T18:13:35","guid":{"rendered":"http:\/\/demo.smartstudio.md\/basarabeasca.md\/?page_id=558"},"modified":"2025-09-22T15:23:10","modified_gmt":"2025-09-22T12:23:10","slug":"stema-si-drapelul-raionului","status":"publish","type":"page","link":"https:\/\/basarabeasca.md\/ru\/stema-si-drapelul-raionului\/","title":{"rendered":"\u0421\u0438\u043c\u0432\u043e\u043b\u0438\u043a\u0430 \u0440\u0430\u0439\u043e\u043d\u0430"},"content":{"rendered":"<p>\u0413\u0435\u0440\u0431 \u0440\u0430\u0439\u043e\u043d\u0430 \u0411\u0435\u0441\u0430\u0440\u0430\u0431\u044f\u0441\u043a\u0430 \u0443\u0442\u0432\u0435\u0440\u0436\u0434\u0451\u043d \u0440\u0435\u0448\u0435\u043d\u0438\u0435\u043c \u0420\u0430\u0439\u043e\u043d\u043d\u043e\u0433\u043e \u0421\u043e\u0432\u0435\u0442\u0430 \u0411\u0430\u0441\u0430\u0440\u0430\u0431\u044f\u0441\u043a\u0430 \u2116 04\/08 \u043e\u0442 15 \u0438\u044e\u043b\u044f 2013 \u0433\u043e\u0434\u0430 \u0438 \u043f\u043e\u0434\u0442\u0432\u0435\u0440\u0436\u0434\u0451\u043d <a href=\"http:\/\/www.heraldicum.ru\/moldova\/texts\/2015_basarab.pdf\">\u0423\u043a\u0430\u0437\u043e\u043c \u043f\u0440\u0435\u0437\u0438\u0434\u0435\u043d\u0442\u0430 \u041c\u043e\u043b\u0434\u043e\u0432\u044b \u2116 1564 \u043e\u0442 7 \u043c\u0430\u044f 2015 \u0433\u043e\u0434\u0430 &#171;\u041e \u0432\u0432\u0435\u0434\u0435\u043d\u0438\u0438 \u0432 \u043e\u0431\u0440\u0430\u0449\u0435\u043d\u0438\u0435 \u0438 \u0440\u0435\u0433\u0438\u0441\u0442\u0440\u0430\u0446\u0438\u0438 \u0433\u0435\u0440\u0431\u0430 \u0438 \u0444\u043b\u0430\u0433\u0430 \u0440\u0430\u0439\u043e\u043d\u0430 \u0411\u0430\u0441\u0430\u0440\u0430\u0431\u044f\u0441\u043a\u0430&#187;<\/a>.<\/p>\n<p class=\"citata\"><em>&#171;\u0429\u0438\u0442 \u0440\u0430\u0441\u0441\u0435\u0447\u0435\u043d; \u043f\u0435\u0440\u0432\u0430\u044f \u0447\u0430\u0441\u0442\u044c \u0434\u0435\u0432\u044f\u0442\u0438\u043a\u0440\u0430\u0442\u043d\u043e \u043f\u0435\u0440\u0435\u0441\u0435\u0447\u0435\u043d\u0430 \u0437\u043e\u043b\u043e\u0442\u043e\u043c \u0438 \u0437\u0435\u043b\u0435\u043d\u044c\u044e; \u0432\u043e \u0432\u0442\u043e\u0440\u043e\u0439 \u0447\u0430\u0441\u0442\u0438 \u0432 \u043a\u0440\u0430\u0441\u043d\u043e\u043c \u043f\u043e\u043b\u0435 \u0437\u043e\u043b\u043e\u0442\u043e\u0439 \u0432\u043e\u0441\u0441\u0442\u0430\u044e\u0449\u0438\u0439 \u043b\u0435\u0432, \u0434\u0435\u0440\u0436\u0430\u0449\u0438\u0439 \u0432 \u043f\u0440\u0430\u0432\u043e\u0439 \u043b\u0430\u043f\u0435 \u043c\u043e\u043b\u043e\u0442, \u0430 \u0432 \u043b\u0435\u0432\u043e\u0439 \u2013 \u0440\u0430\u0437\u0432\u043e\u0434\u043d\u043e\u0439 \u043a\u043b\u044e\u0447, \u043e\u0431\u0430 \u0438\u043d\u0441\u0442\u0440\u0443\u043c\u0435\u043d\u0442\u0430 \u0442\u043e\u0433\u043e \u0436\u0435 \u043c\u0435\u0442\u0430\u043b\u043b\u0430. \u0429\u0438\u0442 \u0443\u0432\u0435\u043d\u0447\u0430\u043d \u0440\u0430\u0439\u043e\u043d\u043d\u043e\u0439 \u043a\u043e\u0440\u043e\u043d\u043e\u0439&#187;.<\/em><\/p>\n<p id=\"thanks\">\u0413\u0435\u0440\u0431 \u043e\u043f\u0443\u0431\u043b\u0438\u043a\u043e\u0432\u0430\u043d \u0432 &#171;Monitorul Oficial al Republicii Moldova&#187; 2015. Anul XXII, 15 mai.<\/p>\n<p><img loading=\"lazy\" decoding=\"async\" class=\"aligncenter wp-image-640\" src=\"http:\/\/basarabeasca.md\/wp-content\/uploads\/2016\/02\/images.png\" alt=\"images\" width=\"190\" height=\"299\" \/><\/p>\n<p>\u0424\u043b\u0430\u0433 \u0440\u0430\u0439\u043e\u043d\u0430 \u0411\u0435\u0441\u0430\u0440\u0430\u0431\u044f\u0441\u043a\u0430 \u0443\u0442\u0432\u0435\u0440\u0436\u0434\u0451\u043d \u0440\u0435\u0448\u0435\u043d\u0438\u0435\u043c \u0420\u0430\u0439\u043e\u043d\u043d\u043e\u0433\u043e \u0421\u043e\u0432\u0435\u0442\u0430 \u0411\u0430\u0441\u0430\u0440\u0430\u0431\u044f\u0441\u043a\u0430 \u2116 04\/08 \u043e\u0442 15 \u0438\u044e\u043b\u044f 2015 \u0433\u043e\u0434\u0430 \u0438 \u043f\u043e\u0434\u0442\u0432\u0435\u0440\u0436\u0434\u0451\u043d <a href=\"http:\/\/www.heraldicum.ru\/moldova\/texts\/2015_basarab.pdf\">\u0423\u043a\u0430\u0437\u043e\u043c \u043f\u0440\u0435\u0437\u0438\u0434\u0435\u043d\u0442\u0430 \u041c\u043e\u043b\u0434\u043e\u0432\u044b \u2116 1564 \u043e\u0442 7 \u043c\u0430\u044f 2015 \u0433\u043e\u0434\u0430 &#171;\u041e \u0432\u0432\u0435\u0434\u0435\u043d\u0438\u0438 \u0432 \u043e\u0431\u0440\u0430\u0449\u0435\u043d\u0438\u0435 \u0438 \u0440\u0435\u0433\u0438\u0441\u0442\u0440\u0430\u0446\u0438\u0438 \u0433\u0435\u0440\u0431\u0430 \u0438 \u0444\u043b\u0430\u0433\u0430 \u0440\u0430\u0439\u043e\u043d\u0430 \u0411\u0430\u0441\u0430\u0440\u0430\u0431\u044f\u0441\u043a\u0430&#187;<\/a>.<\/p>\n<p class=\"citata\"><em>&#171;\u0424\u043b\u0430\u0433 \u0440\u0430\u0439\u043e\u043d\u0430 \u0411\u0430\u0441\u0430\u0440\u0430\u0431\u044f\u0441\u043a\u0430 \u043f\u0440\u0435\u0434\u0441\u0442\u0430\u0432\u043b\u044f\u0435\u0442 \u0441\u043e\u0431\u043e\u0439 \u043f\u0440\u044f\u043c\u043e\u0443\u0433\u043e\u043b\u044c\u043d\u043e\u0435 \u043a\u0440\u0430\u0441\u043d\u043e\u0435 \u043f\u043e\u043b\u043e\u0442\u043d\u0438\u0449\u0435 (2:3) \u0441 \u0434\u0435\u0432\u044f\u0442\u0438\u043a\u0440\u0430\u0442\u043d\u043e \u043f\u0435\u0440\u0435\u0441\u0435\u0447\u0435\u043d\u043d\u043e\u0439 \u0436\u0435\u043b\u0442\u044b\u043c \u0438 \u0437\u0435\u043b\u0435\u043d\u044b\u043c \u0434\u0440\u0435\u0432\u043a\u043e\u0432\u043e\u0439 \u0442\u0440\u0435\u0442\u044c\u044e; \u0432 \u0441\u0435\u0440\u0435\u0434\u0438\u043d\u0435 \u043a\u0440\u0430\u0441\u043d\u043e\u0433\u043e \u043f\u043e\u043b\u044f \u0436\u0435\u043b\u0442\u044b\u0439 \u0432\u043e\u0441\u0441\u0442\u0430\u044e\u0449\u0438\u0439 \u043b\u0435\u0432, \u0434\u0435\u0440\u0436\u0430\u0449\u0438\u0439 \u0432 \u043f\u0440\u0430\u0432\u043e\u0439 \u043b\u0430\u043f\u0435 \u043c\u043e\u043b\u043e\u0442, \u0430 \u0432 \u043b\u0435\u0432\u043e\u0439 \u2013 \u0440\u0430\u0437\u0432\u043e\u0434\u043d\u043e\u0439 \u043a\u043b\u044e\u0447, \u043e\u0431\u0430 \u0438\u043d\u0441\u0442\u0440\u0443\u043c\u0435\u043d\u0442\u0430 \u0442\u043e\u0433\u043e \u0436\u0435 \u0446\u0432\u0435\u0442\u0430&#187;<\/em>.<\/p>\n<p class=\"citata\">\u0424\u043b\u0430\u0433 \u043e\u043f\u0443\u0431\u043b\u0438\u043a\u043e\u0432\u0430\u043d \u0432 &#171;Monitorul Oficial al Republicii Moldova&#187; 2015. Anul XXII, 15 mai.<\/p>\n<p class=\"citata\"><img loading=\"lazy\" decoding=\"async\" class=\"aligncenter size-full wp-image-604\" src=\"http:\/\/basarabeasca.md\/wp-content\/uploads\/2016\/02\/steagbesarab-e1459773101345.jpg\" alt=\"steagbesarab\" width=\"509\" height=\"282\" srcset=\"https:\/\/basarabeasca.md\/wp-content\/uploads\/2016\/02\/steagbesarab-e1459773101345.jpg 509w, https:\/\/basarabeasca.md\/wp-content\/uploads\/2016\/02\/steagbesarab-e1459773101345-300x166.jpg 300w\" sizes=\"auto, (max-width: 509px) 100vw, 509px\" \/><\/p>\n<p>&nbsp;<\/p>\n<hr \/>\n<p><em>Anexa 1<\/em><\/p>\n<p><strong>la decizia Consiliului raional Basarabeasca<\/strong><\/p>\n<p><strong>nr.02\/06 din 16.05.2025<\/strong><\/p>\n<p><strong>\u00a0<\/strong><\/p>\n<p><strong>\u00a0\u00a0\u00a0\u00a0\u00a0\u00a0\u00a0\u00a0\u00a0\u00a0\u00a0\u00a0\u00a0\u00a0\u00a0\u00a0\u00a0\u00a0\u00a0\u00a0\u00a0\u00a0\u00a0\u00a0\u00a0\u00a0\u00a0\u00a0\u00a0\u00a0\u00a0\u00a0\u00a0\u00a0\u00a0\u00a0\u00a0\u00a0\u00a0\u00a0\u00a0\u00a0\u00a0\u00a0\u00a0\u00a0\u00a0\u00a0\u00a0\u00a0 <\/strong><strong>REGISTRUL LOCAL al MONUMENTELOR DE FOR PUBLIC<\/strong><strong>\u00a0\u00a0 <\/strong><strong>DIN\u00a0 RAIONUL\u00a0\u00a0 Basarabeasca<\/strong><\/p>\n<table width=\"0\">\n<tbody>\n<tr>\n<td width=\"33\"><strong>Nr.<\/strong><\/p>\n<p><strong>crt<\/strong><\/td>\n<td width=\"108\"><strong>Cod <\/strong><strong>RLMFP<\/strong><\/p>\n<p>&nbsp;<\/td>\n<td width=\"109\"><strong>Nr.cadastral al terenului<\/strong><\/td>\n<td width=\"151\"><strong>\u00a0 <\/strong><strong>Localitate<\/strong><\/p>\n<p><strong>(ora\u015f, comun\u0103, sat)<\/strong><\/td>\n<td width=\"207\"><strong>Adres\u0103<\/strong> <strong>(strad\u0103, bulevard, pia\u0163\u0103)<\/strong><\/td>\n<td width=\"357\"><strong>\u00a0\u00a0\u00a0\u00a0\u00a0\u00a0\u00a0\u00a0\u00a0\u00a0\u00a0\u00a0\u00a0\u00a0\u00a0\u00a0\u00a0\u00a0\u00a0\u00a0\u00a0\u00a0\u00a0\u00a0\u00a0\u00a0\u00a0\u00a0\u00a0\u00a0 Denumirea monumentului<\/strong><\/td>\n<td width=\"79\"><strong>Datare<\/strong><\/p>\n<p>&nbsp;<\/td>\n<\/tr>\n<tr>\n<td width=\"33\">1.<\/td>\n<td width=\"108\">BS-B-m-d-006<\/td>\n<td width=\"109\">1201315<\/td>\n<td width=\"151\">raionul Basarabeasca<\/p>\n<p>ora\u015ful Basarabeasca<\/td>\n<td width=\"207\">str. Alexandru Matrosov 39<\/p>\n<p>\u00een fa\u021ba vam\u0103<\/td>\n<td width=\"357\">Plac\u0103 cu relief sculptural<\/p>\n<p>\u00abMorman de prietenie\u00bb<\/td>\n<td width=\"79\">1968<\/td>\n<\/tr>\n<tr>\n<td width=\"33\">2.<\/td>\n<td width=\"108\">BS-B-m-c-003<\/td>\n<td width=\"109\">1201308.177<\/td>\n<td width=\"151\">raionul Basarabeasca<\/p>\n<p>ora\u015ful Basarabeasca<\/td>\n<td width=\"207\">str.Karl\u00a0 Marx 55<\/td>\n<td width=\"357\">\u0410rc cu o cruce \u00een memoria ap\u0103r\u0103torilor independen\u0163ei\u00a0 Moldovei 1992<\/td>\n<td width=\"79\">02.03.2008<\/p>\n<p>&nbsp;<\/td>\n<\/tr>\n<tr>\n<td width=\"33\">3.<\/td>\n<td width=\"108\">BS-B-m-d-004<\/p>\n<p>&nbsp;<\/td>\n<td width=\"109\">1201308.061<\/td>\n<td width=\"151\">raionul Basarabeasca<\/p>\n<p>ora\u015ful Basarabeasca<\/td>\n<td width=\"207\">str. Karl Marx 58<\/p>\n<p>(\u00een fa\u021ba casei de crea\u0163ie)<\/td>\n<td width=\"357\">Statuia lui V.I. Lenin 1870-1924<\/td>\n<td width=\"79\">1970-1980<\/td>\n<\/tr>\n<tr>\n<td width=\"33\">4.<\/td>\n<td width=\"108\">BS-B-m-d-002<\/p>\n<p>&nbsp;<\/td>\n<td width=\"109\">1201312.049<\/td>\n<td width=\"151\">raionul Basarabeasca<\/p>\n<p>ora\u015ful Basarabeasca<\/td>\n<td width=\"207\">str. Lenin 1<\/p>\n<p>\u00een preajma \u00a0sta\u021bia de cale ferat\u0103<\/td>\n<td width=\"357\">Monument tehnic \u00een onoarea veteranilor Marelui R\u0103zboi pentru Ap\u0103rarea Patriei \u0219i ai Muncii din Nodul Feroviar Basarabeasca,, <strong>(Locomotiv\u0103 cu aburi ER 799-34)<\/strong><\/td>\n<td width=\"79\">2003<\/td>\n<\/tr>\n<tr>\n<td width=\"33\">5.<\/td>\n<td width=\"108\">BS-B-m-c-005<\/p>\n<p>&nbsp;<\/td>\n<td width=\"109\">1201313<\/td>\n<td width=\"151\">raionul Basarabeasca<\/p>\n<p>ora\u015ful Basarabeasca<\/td>\n<td width=\"207\">str. Lenin 1<\/p>\n<p>\u00een preajma\u00a0 sta\u021bia de gara feroviar\u0103<\/td>\n<td width=\"357\">Monument \u00een memoria osta\u0219ilor diviziei a 10aeropurtate\u00a0 Gard\u0103 care au eliberat sta\u021bia Basarabeasca\u00a0 la\u00a0 23 august 1944.<\/td>\n<td width=\"79\">1995-2000<\/td>\n<\/tr>\n<tr>\n<td width=\"33\">6.<\/td>\n<td width=\"108\">BS-B-m-c-016<\/td>\n<td width=\"109\">1201306<\/td>\n<td width=\"151\">raionul Basarabeasca<\/p>\n<p>ora\u015ful Basarabeasca<\/td>\n<td width=\"207\">str. Muncii<\/td>\n<td width=\"357\">Monumentul \u00een memoria Osta\u0219ilor interna\u021bionli\u0219ti din raionul Basarabeasca, care \u0219i-au \u00eendeplnit datoria militar\u0103 \u00een Afganistan (1979\u20131989).<\/td>\n<td width=\"79\">2020<\/td>\n<\/tr>\n<tr>\n<td width=\"33\">7.<\/td>\n<td width=\"108\">BS-B-m-c-017<\/td>\n<td width=\"109\">1201306<\/td>\n<td width=\"151\">raionul Basarabeasca<\/p>\n<p>ora\u015ful Basarabeasca<\/td>\n<td width=\"207\">str. Muncii<\/td>\n<td width=\"357\">Monumentul \u201eParticipan\u021bilor la lichidarea consecin\u021belor catastrofei de la Cernob\u00e2l\u201d.<\/td>\n<td width=\"79\">2020<\/td>\n<\/tr>\n<tr>\n<td width=\"33\">8.<\/td>\n<td width=\"108\">BS-B-m-c-001<\/p>\n<p>&nbsp;<\/td>\n<td width=\"109\">1201309<\/td>\n<td width=\"151\">raionul Basarabeasca<\/p>\n<p>ora\u015ful Basarabeasca<\/td>\n<td width=\"207\">str. Octombriei<\/p>\n<p>(\u00een fa\u021ba comisariatului\u00a0 de poli\u021bie)<\/td>\n<td width=\"357\">Memorialul Gloriei Militare 1941-1945<\/p>\n<p>(Monument la morm\u00eentul comun a 20 osta\u015fi c\u0103zu\u0163i \u00een 1944)<\/td>\n<td width=\"79\">1988<\/td>\n<\/tr>\n<tr>\n<td width=\"33\">9.<\/td>\n<td width=\"108\">BS-B-m-c-007<\/p>\n<p>&nbsp;<\/td>\n<td width=\"109\">1210205.090<\/td>\n<td width=\"151\">raionul Basarabeasca<\/p>\n<p>satul Abaclia<\/td>\n<td width=\"207\">str. Independen\u0163ii 110<\/p>\n<p>\u00een fa\u021ba prim\u0103ria<\/td>\n<td width=\"357\">Monument \u00een memoria cons\u0103tenilor c\u0103zu\u0163i \u00een r\u0103zboi (1941-1945)<\/td>\n<td width=\"79\">1980-1990<\/td>\n<\/tr>\n<tr>\n<td width=\"33\">10.<\/td>\n<td width=\"108\">BS-B-m-d-008<\/td>\n<td width=\"109\">1210204.200<\/td>\n<td width=\"151\">raionul Basarabeasca<\/p>\n<p>satul Abaclia<\/td>\n<td width=\"207\">str. Independen\u0163ii 129<\/p>\n<p>&nbsp;<\/td>\n<td width=\"357\">Bustul lui Ion Filimon\u00a0 Secrier<\/p>\n<p>&#8212; constructor militar<\/td>\n<td width=\"79\">7.07.1990<\/td>\n<\/tr>\n<tr>\n<td width=\"33\">11.<\/td>\n<td width=\"108\">BS-B-m-c-009<\/p>\n<p>&nbsp;<\/td>\n<td width=\"109\">1211203.377<\/td>\n<td width=\"151\">raionul Basarabeasca<\/p>\n<p>satul\u00a0 Ba\u015fcalia<\/td>\n<td width=\"207\">str. \u015etefan cel Mare 1<\/p>\n<p>\u00een fa\u0163a sediului prim\u0103riei<\/td>\n<td width=\"357\">Monument \u00een memoria cons\u0103tenilor c\u0103zu\u0163i \u00een r\u0103zboi (1941-1945)<\/td>\n<td width=\"79\">1970-1980<\/td>\n<\/tr>\n<tr>\n<td width=\"33\">12.<\/td>\n<td width=\"108\">BS-B-m-c-010<\/td>\n<td width=\"109\">1212116.142<\/td>\n<td width=\"151\">raionul Basarabeasca<\/p>\n<p>satul Carabetovca<\/td>\n<td width=\"207\">str. 27 August<\/p>\n<p>\u00cen\u00a0 priajma cimitirului<\/td>\n<td width=\"357\">Monument \u00een memoria cons\u0103tenilor c\u0103zu\u0163i \u00een r\u0103zboi (1941-1945)<\/td>\n<td width=\"79\">1990-2000<\/td>\n<\/tr>\n<tr>\n<td width=\"33\">13.<\/td>\n<td width=\"108\">BS-B-m-c-011<\/p>\n<p>&nbsp;<\/td>\n<td width=\"109\">1213111<\/td>\n<td width=\"151\">raionul Basarabeasca<\/p>\n<p>satul Iordanovca<\/td>\n<td width=\"207\">str. \u0218tefan cel Mare 55<\/p>\n<p>\u00een fa\u0163a sediului prim\u0103riei<\/td>\n<td width=\"357\">Monument \u00een memoria cons\u0103tenilor c\u0103zu\u0163i \u00een r\u0103zboi (1941-1945)<\/td>\n<td width=\"79\">1980-1990<\/td>\n<\/tr>\n<tr>\n<td width=\"33\">14<\/td>\n<td width=\"108\">BS-B-m-c-012<\/p>\n<p>&nbsp;<\/td>\n<td width=\"109\">1214206<\/td>\n<td width=\"151\">raionul Basarabeasca<\/p>\n<p>comuna Iserlia<\/td>\n<td width=\"207\">str. P\u0103cii 130<\/p>\n<p>\u00een fa\u0163a sediului prim\u0103riei<\/td>\n<td width=\"357\">Monument \u00een memoria cons\u0103tenilor c\u0103zu\u0163i \u00een r\u0103zboi (1941-1945)<\/td>\n<td width=\"79\">1983<\/td>\n<\/tr>\n<tr>\n<td width=\"33\">15<\/td>\n<td width=\"108\">BS-B-m-c-013<\/p>\n<p>&nbsp;<\/td>\n<td width=\"109\">1214208.<\/td>\n<td width=\"151\">r-ul Basarabeasca,com. Iserlia s. Ivanovca<\/td>\n<td width=\"207\">str. Sergei Lazo 76<\/p>\n<p>(\u00een fa\u0163a sediului prim\u0103riei)<\/td>\n<td width=\"357\">Monument \u00een memoria cons\u0103tenilor c\u0103zu\u0163i \u00een r\u0103zboi (1941-1945)<\/td>\n<td width=\"79\">1983<\/td>\n<\/tr>\n<tr>\n<td width=\"33\">16<\/td>\n<td width=\"108\">BS-B-m-c-014<\/td>\n<td width=\"109\">1218204.260<\/td>\n<td width=\"151\">raionul Basarabeasca<\/p>\n<p>satul Sadaclia<\/td>\n<td width=\"207\">str. 31 August, nr.141<\/p>\n<p>(\u00een fa\u0163a sediului prim\u0103riei)<\/td>\n<td width=\"357\">Monument \u00een memoria cons\u0103tenilor c\u0103zu\u0163i \u00een r\u0103zboi (1941-1945)<\/td>\n<td width=\"79\">1965-1975<\/td>\n<\/tr>\n<\/tbody>\n<\/table>\n<p>&nbsp;<\/p>\n<p>&nbsp;<\/p>\n<p><em>Anexa 2<\/em><\/p>\n<p>REGISTRUL<\/p>\n<p>na\u021bional al monumentelor istorice protejate de stat<\/p>\n<p>&nbsp;<\/p>\n<p>elaborat \u00een baza Registrului monumentelor Republicii Moldova ocrotite de stat,<\/p>\n<p>aprobat prin Hot\u0103r\u00eerea Parlamentului nr.1531-XII din 22 iunie 1993<\/p>\n<p>actualizat conform Legii nr. 764\/2001 privind organizarea administrativ-teritorial\u0103 a Republicii Moldova<\/p>\n<p>&nbsp;<\/p>\n<p>Not\u0103: RMRMOS* &#8212; Registrul monumentelor Republicii Moldova ocrotite de stat\u00a0\u00a0\u00a0\u00a0\u00a0\u00a0\u00a0\u00a0\u00a0\u00a0\u00a0\u00a0\u00a0 r-ul\u00a0 Basarabeasca<\/p>\n<p>&nbsp;<\/p>\n<table width=\"0\">\n<tbody>\n<tr>\n<td width=\"66\">&nbsp;<\/td>\n<td width=\"46\">&nbsp;<\/td>\n<td width=\"51\">&nbsp;<\/td>\n<td width=\"216\"><strong>Raionul BASARABEASCA<\/strong><\/td>\n<td width=\"219\">&nbsp;<\/td>\n<td width=\"56\">&nbsp;<\/td>\n<td width=\"57\">&nbsp;<\/td>\n<td width=\"102\">&nbsp;<\/td>\n<td width=\"169\">&nbsp;<\/td>\n<\/tr>\n<tr>\n<td width=\"66\"><strong>Nr. de \u00eenregistrare \u00een <\/strong><strong>RMRMOS*<\/strong><\/p>\n<p><strong>\u00a0<\/strong><\/td>\n<td width=\"46\"><strong>Nr. de ord.<\/strong><\/p>\n<p><strong>\u00a0<\/strong><\/td>\n<td width=\"51\"><strong>COD<\/strong><\/p>\n<p><strong>(se va insera de MECC)<\/strong><\/td>\n<td width=\"216\"><strong>Localizare administrativ\u0103<\/strong><\/td>\n<td width=\"219\"><strong>Denumire<\/strong><\/td>\n<td width=\"56\"><strong>Datare<\/strong><\/td>\n<td width=\"57\"><strong>Gen<\/strong><\/td>\n<td width=\"102\"><strong>Categoria<\/strong><\/p>\n<p><strong>\/grupa<\/strong><\/p>\n<p><strong>valorica<\/strong><\/p>\n<p><strong>(conform<\/strong><\/p>\n<p><strong>RMRMOS*)<\/strong><\/td>\n<td width=\"169\"><strong>Nr. cadastral<\/strong><\/p>\n<p><strong>(teren\u00a0 \u0219i construc\u021bii)<\/strong><\/td>\n<\/tr>\n<tr>\n<td width=\"66\">2.<\/td>\n<td width=\"46\">&nbsp;<\/td>\n<td width=\"51\">BS<\/td>\n<td width=\"216\">or. Basarabeasca str. Depovscaia<\/td>\n<td width=\"219\">Complexul de cl\u0103diri ale nodului de cale ferat\u0103,\u00a0 Jum.II sec.XIX- \u00eencep.sec.XX.<\/td>\n<td width=\"56\">1907<\/p>\n<p>1890-1910<\/td>\n<td width=\"57\">Arhit<\/p>\n<p>Arhit..<\/td>\n<td width=\"102\">Exepcional\u0103<\/p>\n<p>Exepcional\u0103<\/td>\n<td width=\"169\">cnstr.\u00a0 12013150337.14<\/p>\n<p>cnstr. \u00a012013150337.26<\/p>\n<p>ter. 12013150.337<\/td>\n<\/tr>\n<tr>\n<td width=\"66\">5<\/td>\n<td width=\"46\">&nbsp;<\/td>\n<td width=\"51\">BS<\/td>\n<td width=\"216\">s. Abaclia, str. Ion Creang\u0103 64<\/td>\n<td width=\"219\">Biserica \u201cSf.Arhangheli Mihail \u015fi Gavriil\u201d<\/td>\n<td width=\"56\">1817<\/td>\n<td width=\"57\">Arhit.<\/td>\n<td width=\"102\">exepcional\u0103<\/td>\n<td width=\"169\">cnstr.1210205.086.01<\/p>\n<p>ter.1210205.086<\/td>\n<\/tr>\n<tr>\n<td width=\"66\">6<\/td>\n<td width=\"46\">&nbsp;<\/td>\n<td width=\"51\">BS<\/td>\n<td width=\"216\">s. Abaclia, st.Independen\u021bii 129<\/td>\n<td width=\"219\">Casa \u00een care, \u00een anii 1900-1917, a locuit constructorul I.F.Secrieru<\/td>\n<td width=\"56\">1940<\/td>\n<td width=\"57\">Ist.<\/td>\n<td width=\"102\">\u00a0foarte mare<\/td>\n<td width=\"169\">cnstr.1210204.199.01<\/p>\n<p>ter.1210204.199<\/td>\n<\/tr>\n<tr>\n<td width=\"66\">9<\/td>\n<td width=\"46\">&nbsp;<\/td>\n<td width=\"51\">BS<\/td>\n<td width=\"216\">s. Ba\u015fcalia, str.Comrat 3.<\/td>\n<td width=\"219\">Biserica \u201cSf.Arhanghel Mihail\u201d<\/td>\n<td width=\"56\">1877<\/td>\n<td width=\"57\">Arhit.<\/td>\n<td width=\"102\">exepcional\u0103<\/td>\n<td width=\"169\">cnstr.1211203.378.01<\/p>\n<p>ter. 1211203.378<\/td>\n<\/tr>\n<tr>\n<td width=\"66\">11<\/td>\n<td width=\"46\">&nbsp;<\/td>\n<td width=\"51\">BS<\/td>\n<td width=\"216\">s. Carabetovca, str. 27 August<\/td>\n<td width=\"219\">Biserica \u201cAcoper\u0103m\u00eentul Maicii Domnului\u201d<\/td>\n<td width=\"56\">1937<\/td>\n<td width=\"57\">Arhit.<\/td>\n<td width=\"102\">\u00a0foarte mare<\/td>\n<td width=\"169\">ter.1212116.143<\/p>\n<p>cnstr.1212116.143.01<\/td>\n<\/tr>\n<tr>\n<td width=\"66\">20<\/td>\n<td width=\"46\">&nbsp;<\/td>\n<td width=\"51\">BS<\/td>\n<td width=\"216\">s. Sadaclia, str. 31 August 134<\/td>\n<td width=\"219\">Biserica \u201cNa\u015fterea Maicii Domnului\u201d<\/td>\n<td width=\"56\">1885<\/td>\n<td width=\"57\">Arhit.<\/td>\n<td width=\"102\">exepcional\u0103<\/td>\n<td width=\"169\">cnstr.1218202.006.01<\/p>\n<p>ter.1218202.006<\/td>\n<\/tr>\n<tr>\n<td width=\"66\">&nbsp;<\/td>\n<td width=\"46\">&nbsp;<\/td>\n<td width=\"51\">BS<\/td>\n<td width=\"216\">s.Sadaclia, str. 31 August, nr. 141 (pe fa\u021bada cl\u0103dirii)<\/td>\n<td width=\"219\">\u00a0Mozaicul<\/td>\n<td width=\"56\">1972<\/td>\n<td width=\"57\">D\u00e9cor.<\/td>\n<td width=\"102\">exepcional\u0103<\/td>\n<td width=\"169\">cnstr. 1218204.260.01<\/p>\n<p>ter. 1218204.260<\/p>\n<p>&nbsp;<\/td>\n<\/tr>\n<\/tbody>\n<\/table>\n<p>&nbsp;<\/p>","protected":false},"excerpt":{"rendered":"<p>\u0413\u0435\u0440\u0431 \u0440\u0430\u0439\u043e\u043d\u0430 \u0411\u0435\u0441\u0430\u0440\u0430\u0431\u044f\u0441\u043a\u0430 \u0443\u0442\u0432\u0435\u0440\u0436\u0434\u0451\u043d \u0440\u0435\u0448\u0435\u043d\u0438\u0435\u043c \u0420\u0430\u0439\u043e\u043d\u043d\u043e\u0433\u043e \u0421\u043e\u0432\u0435\u0442\u0430 \u0411\u0430\u0441\u0430\u0440\u0430\u0431\u044f\u0441\u043a\u0430 \u2116 04\/08 \u043e\u0442 15 \u0438\u044e\u043b\u044f 2013 \u0433\u043e\u0434\u0430 \u0438 \u043f\u043e\u0434\u0442\u0432\u0435\u0440\u0436\u0434\u0451\u043d \u0423\u043a\u0430\u0437\u043e\u043c \u043f\u0440\u0435\u0437\u0438\u0434\u0435\u043d\u0442\u0430 \u041c\u043e\u043b\u0434\u043e\u0432\u044b \u2116 1564 \u043e\u0442 7 \u043c\u0430\u044f 2015 \u0433\u043e\u0434\u0430 &#171;\u041e \u0432\u0432\u0435\u0434\u0435\u043d\u0438\u0438 \u0432 \u043e\u0431\u0440\u0430\u0449\u0435\u043d\u0438\u0435 \u0438 \u0440\u0435\u0433\u0438\u0441\u0442\u0440\u0430\u0446\u0438\u0438 \u0433\u0435\u0440\u0431\u0430 \u0438 \u0444\u043b\u0430\u0433\u0430 \u0440\u0430\u0439\u043e\u043d\u0430 \u0411\u0430\u0441\u0430\u0440\u0430\u0431\u044f\u0441\u043a\u0430&#187;. &#171;\u0429\u0438\u0442 \u0440\u0430\u0441\u0441\u0435\u0447\u0435\u043d; \u043f\u0435\u0440\u0432\u0430\u044f \u0447\u0430\u0441\u0442\u044c \u0434\u0435\u0432\u044f\u0442\u0438\u043a\u0440\u0430\u0442\u043d\u043e \u043f\u0435\u0440\u0435\u0441\u0435\u0447\u0435\u043d\u0430 \u0437\u043e\u043b\u043e\u0442\u043e\u043c \u0438 \u0437\u0435\u043b\u0435\u043d\u044c\u044e; \u0432\u043e \u0432\u0442\u043e\u0440\u043e\u0439 \u0447\u0430\u0441\u0442\u0438 \u0432 \u043a\u0440\u0430\u0441\u043d\u043e\u043c \u043f\u043e\u043b\u0435 \u0437\u043e\u043b\u043e\u0442\u043e\u0439 \u0432\u043e\u0441\u0441\u0442\u0430\u044e\u0449\u0438\u0439 [&hellip;]<\/p>\n","protected":false},"author":2,"featured_media":0,"parent":0,"menu_order":0,"comment_status":"closed","ping_status":"closed","template":"","meta":{"footnotes":""},"class_list":["post-558","page","type-page","status-publish","hentry"],"_links":{"self":[{"href":"https:\/\/basarabeasca.md\/ru\/wp-json\/wp\/v2\/pages\/558","targetHints":{"allow":["GET"]}}],"collection":[{"href":"https:\/\/basarabeasca.md\/ru\/wp-json\/wp\/v2\/pages"}],"about":[{"href":"https:\/\/basarabeasca.md\/ru\/wp-json\/wp\/v2\/types\/page"}],"author":[{"embeddable":true,"href":"https:\/\/basarabeasca.md\/ru\/wp-json\/wp\/v2\/users\/2"}],"replies":[{"embeddable":true,"href":"https:\/\/basarabeasca.md\/ru\/wp-json\/wp\/v2\/comments?post=558"}],"version-history":[{"count":8,"href":"https:\/\/basarabeasca.md\/ru\/wp-json\/wp\/v2\/pages\/558\/revisions"}],"predecessor-version":[{"id":13829,"href":"https:\/\/basarabeasca.md\/ru\/wp-json\/wp\/v2\/pages\/558\/revisions\/13829"}],"wp:attachment":[{"href":"https:\/\/basarabeasca.md\/ru\/wp-json\/wp\/v2\/media?parent=558"}],"curies":[{"name":"wp","href":"https:\/\/api.w.org\/{rel}","templated":true}]}}