{"id":548,"date":"2016-02-25T19:57:42","date_gmt":"2016-02-25T17:57:42","guid":{"rendered":"http:\/\/demo.smartstudio.md\/basarabeasca.md\/?page_id=548"},"modified":"2024-09-29T15:00:47","modified_gmt":"2024-09-29T12:00:47","slug":"alegerile-locale-generale-2015","status":"publish","type":"page","link":"https:\/\/basarabeasca.md\/ru\/alegerile-locale-generale-2015\/","title":{"rendered":"Alegerile pentru func\u021bia de Pre\u0219edinte al Republicii Moldova \u0219i a referendumului republican constitu\u021bional din 20 octombrie 2024"},"content":{"rendered":"<p><\/p>\n<div class=\"post-title page-title\">\n<div class=\"post-title page-title\">\n<p><a href=\"http:\/\/a.cec.md\/storage\/ckfinder\/files\/Anexa_2633_Program%20calendaristic_APr%20%2B%20RRC%20PDF.pdf\">Programul calendaristic <\/a><\/p>\n<h3>Hot\u0103r\u00e2ri CEC<\/h3>\n<p><a href=\"https:\/\/cec.md\/ro\/cu-privire-la-confirmarea-componentei-nominale-a-consiliului-electoral-al-2751_110737.html\">https:\/\/cec.md\/ro\/cu-privire-la-confirmarea-componentei-nominale-a-consiliului-electoral-al-2751_110737.html<\/a><\/p>\n<hr \/>\n<hr \/>\n<h3>Hot\u0103r\u00e2ri Consiliului electoral al circumscrip\u021biei electorale raionale Basarabeasca nr. 5<\/h3>\n<\/div>\n<div class=\"entry\"><a href=\"http:\/\/basarabeasca.md\/wp-content\/uploads\/2024\/09\/5_Basarabeasca_HCECE-nr_-1_2024_program.pdf\">5_Basarabeasca_HCECE nr_ 1_2024_program<\/a><\/div>\n<div class=\"entry\"><a href=\"http:\/\/basarabeasca.md\/wp-content\/uploads\/2024\/09\/5_Basarabeasca_HCECE-nr_-2_2024_atributii.pdf\">5_Basarabeasca_HCECE nr_ 2_2024_atribu\u021bii<\/a><\/div>\n<div class=\"entry\"><a href=\"http:\/\/basarabeasca.md\/wp-content\/uploads\/2024\/09\/5_Basarabeasca_HCECE-nr_3_2024_degrevare.pdf\">5_Basarabeasca_HCECE nr_3_2024_degrevare<\/a><\/div>\n<div><a href=\"http:\/\/basarabeasca.md\/wp-content\/uploads\/2024\/09\/5_Basarabeasca_HCECE-nr_-4_2024_numire-functii_compressed.pdf\">5_Basarabeasca_HCECE nr_ 4_2024_numire func\u021bii_<\/a><\/div>\n<\/div>\n<div class=\"entry\"><a href=\"http:\/\/basarabeasca.md\/wp-content\/uploads\/2024\/09\/HCECE_constituirea-BESV-1-4-1.docx\">HCECE_constituirea BESV (1) (4)<\/a><\/div>\n<div><a href=\"http:\/\/basarabeasca.md\/wp-content\/uploads\/2024\/09\/5_Basarabeasca_HCECE-nr.-24_2024_degrevare.pdf\">5_Basarabeasca_HCECE nr. 24_2024_degrevare<\/a><\/div>\n<div>\n<p>&nbsp;<\/p>\n<table width=\"0\">\n<tbody>\n<tr>\n<td colspan=\"6\" width=\"1049\"><strong>\u00a0<\/strong><\/p>\n<p><strong>DATELE DE CONTACT <\/strong><\/p>\n<p><strong>ale birourilor electorale al sec\u021biilor de votare, constituite pentru organizarea \u0219i desf\u0103\u0219urarea <\/strong><\/p>\n<p><strong>alegerilor pentru func\u021bia de Pre\u0219edinte al Republicii Moldova \u0219i a referendumului republican constitu\u021bional din 20 octombrie 2024<\/strong><\/p>\n<p><strong>\u00a0<\/strong><\/td>\n<\/tr>\n<tr>\n<td colspan=\"6\" width=\"1049\"><strong>\u00a0<\/strong><\/p>\n<p><strong>Raionul Basarabeasca<\/strong><\/p>\n<p><strong>\u00a0<\/strong><\/td>\n<\/tr>\n<tr>\n<td width=\"132\"><strong>\u00a0<\/strong><\/p>\n<p><strong>Denumirea \u0219i nr. biroului electoral al sec\u021biei de votare<\/strong><\/td>\n<td width=\"132\"><strong>Adresa sediului organului electoral<\/strong><\/td>\n<td width=\"142\"><strong>Persoana de contact<\/strong> <em>(numele, prenumele, func\u021bia)<\/em><\/td>\n<td width=\"217\"><strong>Programul de activitate<\/strong><\/td>\n<td width=\"208\"><strong>Contacte<\/strong><\/td>\n<td width=\"217\"><strong>Membrii biroului electoral <\/strong><\/p>\n<p><strong>al sec\u021biei de votare<\/strong><\/td>\n<\/tr>\n<tr>\n<td width=\"132\">BESV Basarabeasca nr. 5\/1<\/td>\n<td width=\"132\">or. Basarabeasca, str. Muncii, \u00a0nr. 5<\/p>\n<p>&nbsp;<\/td>\n<td width=\"142\">Deacova Elena &#8212; pre\u0219edinte<\/td>\n<td width=\"217\"><strong>Luni-Vineri,<\/strong><\/p>\n<p>\u00eentre orele 9:00 \u2013 18:00,\u00a0 pauz\u0103 de mas\u0103<\/p>\n<p>13:00\u2013 14:00;<\/p>\n<p>&nbsp;<\/p>\n<p><strong>S\u00e2mb\u0103t\u0103-Duminic\u0103<\/strong> \u00eentre orele 9:00 \u2013 14:00,<\/p>\n<p>F\u0103r\u0103 pauz\u0103 de mas\u0103.<\/td>\n<td width=\"208\"><strong>tel.:<\/strong> 069282143<\/p>\n<p>&nbsp;<\/p>\n<p><strong>e-mail:<\/strong><\/p>\n<p>elena-32-69@mail.ru<\/td>\n<td width=\"217\"><strong>Deacova Elena &#8212; pre\u0219edinte<\/strong><\/p>\n<p><strong>Stratiev Tatiana &#8212; secretar<\/strong><\/p>\n<p>Ianceva Svetlana &#8212; membru<\/p>\n<p>Irimescu Tatiana &#8212; membru<\/p>\n<p>Mitova Irina &#8212; membru<\/p>\n<p>Nicore\u021b Daniela &#8212; membru<\/p>\n<p>Niculi\u021ba Lilia &#8212; membru<\/p>\n<p>Reznicenco Svetlana &#8212; membru<\/p>\n<p>Sajina Nadejda &#8212; membru<\/p>\n<p>&nbsp;<\/td>\n<\/tr>\n<tr>\n<td width=\"132\">BESV Basarabeasca nr. 5\/2<\/td>\n<td width=\"132\">or. Basarabeasca, str. Naberejnaia, \u00a0nr. 1<\/p>\n<p>&nbsp;<\/td>\n<td width=\"142\">\u0218adura Galina &#8212; pre\u0219edinte<\/td>\n<td width=\"217\"><strong>Luni-Vineri,<\/strong><\/p>\n<p>\u00eentre orele 8:00 \u2013 17:00,\u00a0 pauz\u0103 de mas\u0103<\/p>\n<p>12:00\u2013 13:00;<\/p>\n<p>&nbsp;<\/p>\n<p><strong>S\u00e2mb\u0103t\u0103-Duminic\u0103<\/strong> \u00eentre orele 9:00 \u2013 14:00,<\/p>\n<p>F\u0103r\u0103 pauz\u0103 de mas\u0103.<\/td>\n<td width=\"208\"><strong>tel.:<\/strong> 069446625<\/p>\n<p>&nbsp;<\/p>\n<p><strong>e-mail:<\/strong><\/p>\n<p>galina.dozha@gmail.com<\/td>\n<td width=\"217\"><strong>\u0218adura Galina &#8212; pre\u0219edinte<\/strong><\/p>\n<p><strong>Matcina Iana &#8212; secretar<\/strong><\/p>\n<p>Ghemi\u0219li Andrei &#8212; membru<\/p>\n<p>Homenscaia Jana &#8212; membru<\/p>\n<p>Ivanova Marina &#8212; membru<\/p>\n<p>Lingurari Evghenia &#8212; membru<\/p>\n<p>Nienova Inna &#8212; membru<\/p>\n<p>Ra\u021ba Zinaida &#8212; membru<\/p>\n<p>Vitan Ala &#8212; membru<\/p>\n<p>&nbsp;<\/td>\n<\/tr>\n<tr>\n<td width=\"132\">&nbsp;<\/p>\n<p>&nbsp;<\/p>\n<p>&nbsp;<\/p>\n<p>BESV Basarabeasca nr. 5\/3<\/td>\n<td width=\"132\">or. Basarabeasca, str. Karl Marx, \u00a0nr. 84<\/p>\n<p>&nbsp;<\/td>\n<td width=\"142\">Caranicolova Tatiana &#8212; pre\u0219edinte<\/td>\n<td width=\"217\"><strong>Luni-Vineri,<\/strong><\/p>\n<p>\u00eentre orele 8:00 \u2013 17:00,\u00a0 pauz\u0103 de mas\u0103<\/p>\n<p>12:00\u2013 13:00;<\/p>\n<p>&nbsp;<\/p>\n<p><strong>S\u00e2mb\u0103t\u0103-Duminic\u0103<\/strong> \u00eentre orele 9:00 \u2013 14:00,<\/p>\n<p>F\u0103r\u0103 pauz\u0103 de mas\u0103.<\/td>\n<td width=\"208\"><strong>tel.:<\/strong> 068378729<\/p>\n<p>&nbsp;<\/p>\n<p><strong>e-mail:<\/strong><\/p>\n<p>tkaranikolova@mail.ru<\/td>\n<td width=\"217\"><strong>Caranicolova Tatiana &#8212; pre\u0219edinte<\/strong><\/p>\n<p><strong>Moli\u0219teanu Galina &#8212; secretar<\/strong><\/p>\n<p>Barbanova Larisa &#8212; membru<\/p>\n<p>Balan Valentina &#8212; membru<\/p>\n<p>Ghila\u0219 Alexandra &#8212; membru<\/p>\n<p>Gnilozub Olga &#8212; membru<\/p>\n<p>Monosienco Tatiana &#8212; membru<\/p>\n<p>Olaresco Larisa &#8212; membru<\/p>\n<p>Petcoglo Elena &#8212; membru<\/p>\n<p>&nbsp;<\/td>\n<\/tr>\n<tr>\n<td width=\"132\">&nbsp;<\/p>\n<p>&nbsp;<\/p>\n<p>&nbsp;<\/p>\n<p>BESV Basarabeasca nr. 5\/4<\/td>\n<td width=\"132\">or. Basarabeasca, str. G\u0103rii,\u00a0 nr. 120<\/p>\n<p>&nbsp;<\/td>\n<td width=\"142\">Petcovici Ana &#8212; pre\u0219edinte<\/td>\n<td width=\"217\"><strong>Luni-Vineri,<\/strong><\/p>\n<p>\u00eentre orele 8:00 \u2013 17:00,\u00a0 pauz\u0103 de mas\u0103<\/p>\n<p>12:00\u2013 13:00;<\/p>\n<p>&nbsp;<\/p>\n<p><strong>S\u00e2mb\u0103t\u0103-Duminic\u0103<\/strong> \u00eentre orele 9:00 \u2013 14:00,<\/p>\n<p>F\u0103r\u0103 pauz\u0103 de mas\u0103.<\/td>\n<td width=\"208\"><strong>tel.:<\/strong> 069550962<\/p>\n<p>&nbsp;<\/p>\n<p><strong>e-mail:<\/strong><\/p>\n<p>anna.petcovici62@gmail.com<\/td>\n<td width=\"217\"><strong>Petcovici Ana &#8212; pre\u0219edinte<\/strong><\/p>\n<p><strong>Saraci Aliona &#8212; secretar<\/strong><\/p>\n<p>Chiciuc Natalia &#8212; membru<\/p>\n<p>Doicova Liudmila &#8212; membru<\/p>\n<p>Eni Liudmila &#8212; membru<\/p>\n<p>Leu Tatiana &#8212; membru<\/p>\n<p>Marinova Anastasia &#8212; membru<\/p>\n<p>Mitrofan Sofia &#8212; membru<\/p>\n<p>Romanova Svetlana &#8212; membru<\/p>\n<p>&nbsp;<\/td>\n<\/tr>\n<tr>\n<td width=\"132\">&nbsp;<\/p>\n<p>&nbsp;<\/p>\n<p>&nbsp;<\/p>\n<p>BESV Basarabeasca nr. 5\/5<\/td>\n<td width=\"132\">or. Basarabeasca, str. Depovscaia, \u00a0nr. 4<\/p>\n<p>&nbsp;<\/td>\n<td width=\"142\">\u0218ibanova Alexandra &#8212; pre\u0219edinte<\/td>\n<td width=\"217\"><strong>Luni-Vineri,<\/strong><\/p>\n<p>\u00eentre orele 8:00 \u2013 17:00,\u00a0 pauz\u0103 de mas\u0103<\/p>\n<p>12:00\u2013 13:00;<\/p>\n<p>&nbsp;<\/p>\n<p><strong>S\u00e2mb\u0103t\u0103-Duminic\u0103<\/strong> \u00eentre orele 9:00 \u2013 14:00,<\/p>\n<p>F\u0103r\u0103 pauz\u0103 de mas\u0103.<\/td>\n<td width=\"208\"><strong>tel.:<\/strong> 068368849<\/p>\n<p>&nbsp;<\/p>\n<p><strong>e-mail:<\/strong><\/p>\n<p>sanea_shibanova@mail.ru<\/td>\n<td width=\"217\"><strong>\u0218ibanova Alexandra &#8212; pre\u0219edinte<\/strong><\/p>\n<p><strong>Dima Victoria &#8212; secretar<\/strong><\/p>\n<p>Caledji Angela \u2013 membru<\/p>\n<p>Col\u021bova Natalia &#8212; membru<\/p>\n<p>Galaci Chira &#8212; membru<\/p>\n<p>Guleaeva Tatiana &#8212; membru<\/p>\n<p>Me\u021bel Tatiana &#8212; membru<\/p>\n<p>Plucci Tatiana &#8212; membru<\/p>\n<p>Secrier Dumitru &#8212; membru<\/p>\n<p>&nbsp;<\/td>\n<\/tr>\n<tr>\n<td width=\"132\">&nbsp;<\/p>\n<p>&nbsp;<\/p>\n<p>&nbsp;<\/p>\n<p>BESV Basarabeasca nr. 5\/6<\/td>\n<td width=\"132\">or. Basarabeasca, str. Gogol, \u00a0nr. 8<\/p>\n<p>&nbsp;<\/td>\n<td width=\"142\">Casian Iulia &#8212; pre\u0219edinte<\/td>\n<td width=\"217\"><strong>Luni-Vineri,<\/strong><\/p>\n<p>\u00eentre orele 8:00 \u2013 17:00,\u00a0 pauz\u0103 de mas\u0103<\/p>\n<p>12:00\u2013 13:00;<\/p>\n<p>&nbsp;<\/p>\n<p><strong>S\u00e2mb\u0103t\u0103-Duminic\u0103<\/strong> \u00eentre orele 9:00 \u2013 14:00,<\/p>\n<p>F\u0103r\u0103 pauz\u0103 de mas\u0103.<\/td>\n<td width=\"208\"><strong>tel.:<\/strong> 069712484<\/p>\n<p>&nbsp;<\/p>\n<p><strong>e-mail:<\/strong><\/p>\n<p>maximum-iulia@mail.ru<\/td>\n<td width=\"217\"><strong>Casian Iulia &#8212; pre\u0219edinte<\/strong><\/p>\n<p><strong>Cozlova Oxana \u2013 secretar<\/strong><\/p>\n<p>Ciuvaliscaia Nadejda &#8212; membru<\/p>\n<p>Dicaia Vera &#8212; membru<\/p>\n<p>Duminica Tatiana &#8212; membru<\/p>\n<p>Gorem\u00eechina Natalia &#8212; membru<\/p>\n<p>Puhnaci Svetlana &#8212; membru<\/p>\n<p>Radova Svetlana &#8212; membru<\/p>\n<p>Tracenco Valentina &#8212; membru<\/p>\n<p>&nbsp;<\/td>\n<\/tr>\n<tr>\n<td width=\"132\">&nbsp;<\/p>\n<p>&nbsp;<\/p>\n<p>&nbsp;<\/p>\n<p>BESV Iserlia nr. 5\/7<\/td>\n<td width=\"132\">s. Iserlia, str. P\u0103cii, nr. 71<\/td>\n<td width=\"142\">Irina Porubscaia &#8212; pre\u0219edinte<\/td>\n<td width=\"217\"><strong>Luni-Vineri,<\/strong><\/p>\n<p>\u00eentre orele 9:00 \u2013 17:00,\u00a0 f\u0103r\u0103 pauz\u0103 de mas\u0103.<\/p>\n<p>&nbsp;<\/p>\n<p><strong>S\u00e2mb\u0103t\u0103-Duminic\u0103<\/strong> \u00eentre orele 9:00 \u2013 13:00,<\/p>\n<p>F\u0103r\u0103 pauz\u0103 de mas\u0103.<\/td>\n<td width=\"208\"><strong>tel.:<\/strong> 067127772<\/p>\n<p>&nbsp;<\/p>\n<p><strong>e-mail:<\/strong><\/p>\n<p>prim.iserlia@mail.ru<\/td>\n<td width=\"217\"><strong>Porubscaia Irina\u00a0\u00a0\u00a0 &#8212; pre\u0219edinte<\/strong><\/p>\n<p><strong>Banari\u00a0 Raisa\u00a0\u00a0\u00a0\u00a0\u00a0\u00a0 &#8212; secretar<\/strong><\/p>\n<p>Bologan Adriana\u00a0 &#8212; membru<\/p>\n<p>Caraman Maria\u00a0\u00a0\u00a0\u00a0 &#8212; membru<\/p>\n<p>Chiciuc Nadejda\u00a0\u00a0 &#8212; membru<\/p>\n<p>Juganari Ina\u00a0\u00a0\u00a0\u00a0\u00a0\u00a0\u00a0\u00a0 &#8212; membru<\/p>\n<p>Juganari Nicolae\u00a0\u00a0 &#8212; membru<\/p>\n<p>Margaciava Irina\u00a0 &#8212; membru<\/p>\n<p>Ruseva\u00a0 Natalia\u00a0\u00a0 &#8212; membru<\/p>\n<p>&nbsp;<\/td>\n<\/tr>\n<tr>\n<td width=\"132\">&nbsp;<\/p>\n<p>&nbsp;<\/p>\n<p>&nbsp;<\/p>\n<p>BESV Iserlia nr. 5\/8<\/td>\n<td width=\"132\">com. Iserlia<\/p>\n<p>s. Ivanovca<\/p>\n<p>str. Serghei Lazo, nr. 19<\/td>\n<td width=\"142\">Daracci Victoria &#8212; pre\u0219edinte<\/td>\n<td width=\"217\"><strong>Luni-Vineri,<\/strong><\/p>\n<p>\u00eentre orele 9:00 \u2013 17:00,\u00a0 f\u0103r\u0103 pauz\u0103 de mas\u0103.<\/p>\n<p>&nbsp;<\/p>\n<p><strong>S\u00e2mb\u0103t\u0103-Duminic\u0103<\/strong> \u00eentre orele 9:00 \u2013 13:00,<\/p>\n<p>F\u0103r\u0103 pauz\u0103 de mas\u0103.<\/td>\n<td width=\"208\"><strong>tel.:<\/strong> 067127742<\/p>\n<p>&nbsp;<\/p>\n<p><strong>e-mail:<\/strong><\/p>\n<p>victoria.daracci@mail.ru<\/td>\n<td width=\"217\"><strong>Daracci Victoria &#8212; pre\u0219edinte<\/strong><\/p>\n<p><strong>Gu\u021bu Victoria<\/strong> <strong>&#8212; secretar<\/strong><\/p>\n<p>Banari Svetlana &#8212; membru<\/p>\n<p>Climenco Ina &#8212; membru<\/p>\n<p>Jelihovschi Galina &#8212; membru<\/p>\n<p>Vieru Irina &#8212; membru<\/p>\n<p>Cara Nadejda &#8212; membru<\/p>\n<p>&nbsp;<\/td>\n<\/tr>\n<tr>\n<td width=\"132\">&nbsp;<\/p>\n<p>&nbsp;<\/p>\n<p>&nbsp;<\/p>\n<p>BESV Abaclia nr. 5\/9<\/td>\n<td width=\"132\">Prim\u0103ria Abaclia, str. A. Russo, \u00a0nr. 17<\/p>\n<p>&nbsp;<\/td>\n<td width=\"142\">Comerzan Victoria &#8212; pre\u0219edinte<\/td>\n<td width=\"217\"><strong>Luni-Vineri,<\/strong><\/p>\n<p>\u00eentre orele 8:00 \u2013 17:00,\u00a0 pauz\u0103 de mas\u0103<\/p>\n<p>12:00\u2013 13:00;<\/p>\n<p>&nbsp;<\/p>\n<p><strong>S\u00e2mb\u0103t\u0103-Duminic\u0103<\/strong> \u00eentre orele 9:00 \u2013 14:00,<\/p>\n<p>F\u0103r\u0103 pauz\u0103 de mas\u0103.<\/td>\n<td width=\"208\"><strong>tel.:<\/strong> 060955968<\/p>\n<p>&nbsp;<\/p>\n<p><strong>e-mail:<\/strong><\/p>\n<p>comerzan78@mail.ru<\/td>\n<td width=\"217\"><strong>Comerzan Victoria &#8212; pre\u0219edinte<\/strong><\/p>\n<p><strong>M\u00ee\u021ba Pelaghia &#8212; secretar<\/strong><\/p>\n<p>B\u0103tr\u00eenac Nadejda &#8212; membru<\/p>\n<p>C\u0103tan\u0103 Maria \u00a0&#8212; membru<\/p>\n<p>Ciobanu Veronica &#8212; membru<\/p>\n<p>Grigora\u0219 Nicoleta &#8212; membru<\/p>\n<p>Matevosean Susana &#8212; membru<\/p>\n<p>Mole\u0219teanu Angela &#8212; membru<\/p>\n<p>Reni\u021b\u0103 Mihail &#8212; membru<\/td>\n<\/tr>\n<tr>\n<td width=\"132\">&nbsp;<\/p>\n<p>&nbsp;<\/p>\n<p>BESV Abaclia<\/p>\n<p>nr. 5\/10<\/td>\n<td width=\"132\">Prim\u0103ria Abaclia, str. A. Russo, \u00a0nr. 17<\/p>\n<p>&nbsp;<\/td>\n<td width=\"142\">Stog Valentina &#8212; pre\u0219edinte<\/td>\n<td width=\"217\"><strong>Luni-Vineri,<\/strong><\/p>\n<p>\u00eentre orele 8:00 \u2013 17:00,\u00a0 pauz\u0103 de mas\u0103<\/p>\n<p>12:00\u2013 13:00;<\/p>\n<p>&nbsp;<\/p>\n<p><strong>S\u00e2mb\u0103t\u0103-Duminic\u0103<\/strong> \u00eentre orele 9:00 \u2013 14:00,<\/p>\n<p>F\u0103r\u0103 pauz\u0103 de mas\u0103.<\/td>\n<td width=\"208\"><strong>tel.:<\/strong> 060618568<\/p>\n<p>&nbsp;<\/p>\n<p><strong>e-mail:<\/strong><\/p>\n<p>valentinastog35@gmail.com<\/td>\n<td width=\"217\"><strong>Stog Valentina &#8212; pre\u0219edinte<\/strong><\/p>\n<p><strong>Gurin Maria &#8212; secretar<\/strong><\/p>\n<p>B\u0103tr\u00eenac Tina &#8212; membru<\/p>\n<p>B\u0103tr\u00eenac Veronica &#8212; membru<\/p>\n<p>Ciubot\u0103reanu Iraida &#8212; membru<\/p>\n<p>Grecu Natalia &#8212; membru<\/p>\n<p>Lupa\u0219cu Valentina &#8212; membru<\/p>\n<p>Reni\u021ba Vasile &#8212; membru<\/p>\n<p>Secrier Viorica &#8212; membru<\/td>\n<\/tr>\n<tr>\n<td width=\"132\">&nbsp;<\/p>\n<p>&nbsp;<\/p>\n<p>&nbsp;<\/p>\n<p>BESV Ba\u0219calia<\/p>\n<p>nr. 5\/11<\/td>\n<td width=\"132\">s. Balcalia, str. \u0218tefan cel Mare, \u00a0Casa de cultur\u0103<\/p>\n<p>&nbsp;<\/td>\n<td width=\"142\">Haru\u021ba Larisa &#8212; pre\u0219edinte<\/td>\n<td width=\"217\"><strong>Luni-Vineri,<\/strong><\/p>\n<p>\u00eentre orele 8:00 \u2013 17:00,\u00a0 pauz\u0103 de mas\u0103<\/p>\n<p>12:00\u2013 13:00;<\/p>\n<p>&nbsp;<\/p>\n<p><strong>S\u00e2mb\u0103t\u0103-Duminic\u0103<\/strong> \u00eentre orele 9:00 \u2013 14:00,<\/p>\n<p>pauz\u0103 de mas\u0103<\/p>\n<p>12:00\u2013 12:30.<\/p>\n<p>.<\/td>\n<td width=\"208\"><strong>tel.:<\/strong> 0600817799<\/p>\n<p>&nbsp;<\/p>\n<p><strong>e-mail:<\/strong><\/p>\n<p>caramanlarisa09@gmail.com<\/td>\n<td width=\"217\"><strong>Haru\u021ba Larisa &#8212; pre\u0219edinte<\/strong><\/p>\n<p><strong>Tarlev Valentina &#8212; secretar<\/strong><\/p>\n<p>Arnaut Nina &#8212; membru<\/p>\n<p>Cazacu Valentina &#8212; membru<\/p>\n<p>Dragnev Svetlana &#8212; membru<\/p>\n<p>Jalb\u0103 Zinaida &#8212; membru<\/p>\n<p>Scutaru Maria &#8212; membru<\/p>\n<p>Vacarciuc Lilia &#8212; membru<\/p>\n<p>Zlatova Ivana &#8212; membru<\/td>\n<\/tr>\n<tr>\n<td width=\"132\">&nbsp;<\/p>\n<p>&nbsp;<\/p>\n<p>&nbsp;<\/p>\n<p>&nbsp;<\/p>\n<p>BESV Carabetovca nr. 5\/12<\/td>\n<td width=\"132\">Prim\u0103ria Carabetovca<\/td>\n<td width=\"142\">Gribine\u021b Svetlana &#8212; pre\u0219edinte<\/td>\n<td width=\"217\"><strong>Luni-Vineri,<\/strong><\/p>\n<p>\u00eentre orele 8:00 \u2013 17:00,\u00a0 pauz\u0103 de mas\u0103<\/p>\n<p>12:00\u2013 13:00;<\/p>\n<p>&nbsp;<\/p>\n<p><strong>S\u00e2mb\u0103t\u0103-Duminic\u0103<\/strong> \u00eentre orele 9:00 \u2013 13:00,<\/p>\n<p>F\u0103r\u0103 pauz\u0103 de mas\u0103.<\/td>\n<td width=\"208\"><strong>tel.:<\/strong> 079969102<\/p>\n<p>&nbsp;<\/p>\n<p><strong>e-mail:<\/strong><\/p>\n<p>svetlana.gribinet@mail.ru<\/td>\n<td width=\"217\"><strong>Gribine\u021b Svetlana &#8212; pre\u0219edinte<\/strong><\/p>\n<p><strong>Plop Maria &#8212; secretar<\/strong><\/p>\n<p>Achiru\u0219 Natalia &#8212; membru<\/p>\n<p>Achiru\u0219 Natalia &#8212; membru<\/p>\n<p>Dodica Zinaida &#8212; membru<\/p>\n<p>Plop Maria &#8212; membru<\/p>\n<p>Popovici Maria &#8212; membru<\/p>\n<p>Sp\u00eenu Victpor &#8212; membru<\/p>\n<p>Vasluian Tatiana &#8212; membru<\/td>\n<\/tr>\n<tr>\n<td width=\"132\">BESV Iordanovca nr. 5\/13<\/td>\n<td width=\"132\">Prim\u0103ria Iordanovca<\/td>\n<td width=\"142\">C\u00eerja Marcela &#8212; pre\u0219edinte<\/td>\n<td width=\"217\"><strong>Luni-Vineri,<\/strong><\/p>\n<p>\u00eentre orele 8:00 \u2013 17:00,\u00a0 pauz\u0103 de mas\u0103<\/p>\n<p>12:00\u2013 13:00;<\/p>\n<p>&nbsp;<\/p>\n<p><strong>S\u00e2mb\u0103t\u0103-Duminic\u0103<\/strong> \u00eentre orele 9:00 \u2013 13:00,<\/p>\n<p>F\u0103r\u0103 pauz\u0103 de mas\u0103.<\/td>\n<td width=\"208\"><strong>tel.:<\/strong> 069804011<\/p>\n<p>&nbsp;<\/p>\n<p>e-mail.:<\/p>\n<p>marcelacirja5@gmail.com<\/td>\n<td width=\"217\"><strong>C\u00eerja Marcela &#8212; pre\u0219edinte<\/strong><\/p>\n<p><strong>Bejenari Olesea &#8212; secretar<\/strong><\/p>\n<p>Catan\u0103 Ivan &#8212; membru<\/p>\n<p>Codrean Ecaterina &#8212; membru<\/p>\n<p>Garbuz Galina &#8212; membru<\/p>\n<p>Garbuz Tamara &#8212; membru<\/p>\n<p>Jelihovschi Mariana &#8212; membru<\/p>\n<p>Panaid Ludmila &#8212; membru<\/p>\n<p>Platon Domnica &#8212; membru<\/p>\n<p>&nbsp;<\/td>\n<\/tr>\n<tr>\n<td width=\"132\">&nbsp;<\/p>\n<p>&nbsp;<\/p>\n<p>&nbsp;<\/p>\n<p>BESV Sadaclia nr. 5\/14<\/td>\n<td width=\"132\">s. Sadaclia,<\/p>\n<p>str. 31 august,<\/p>\n<p>Casa de cultur\u0103, sala de dansuri<\/td>\n<td width=\"142\">Suman Ana &#8212; pre\u0219edinte<\/td>\n<td width=\"217\"><strong>Luni-Vineri,<\/strong><\/p>\n<p>\u00eentre orele 8:00 \u2013 17:00,\u00a0 pauz\u0103 de mas\u0103<\/p>\n<p>12:00\u2013 13:00;<\/p>\n<p>&nbsp;<\/p>\n<p><strong>S\u00e2mb\u0103t\u0103-Duminic\u0103<\/strong> \u00eentre orele 9:00 \u2013 14:00,<\/p>\n<p>F\u0103r\u0103 pauz\u0103 de mas\u0103.<\/td>\n<td width=\"208\"><strong>tel.:<\/strong> 069554589<\/p>\n<p>&nbsp;<\/p>\n<p><strong>e-mail:<\/strong><\/p>\n<p>anabs1@mail.ru<\/td>\n<td width=\"217\"><strong>Suman Ana &#8212; pre\u0219edinte<\/strong><\/p>\n<p><strong>Jelehovschi Ion &#8212; secretar<\/strong><\/p>\n<p>Culiev Ali &#8212; membru<\/p>\n<p>Gribine\u021b Nadejda &#8212; membru<\/p>\n<p>Pistol Nina &#8212; membru<\/p>\n<p>Rusu Olga &#8212; membru<\/p>\n<p>Scutaru Oxana &#8212; membru<\/p>\n<p>Suman Eudochia &#8212; membru<\/p>\n<p>\u021a\u0103pordei Liuba &#8212; membru<\/p>\n<p><strong>\u00a0<\/strong><\/td>\n<\/tr>\n<tr>\n<td width=\"132\">&nbsp;<\/p>\n<p>&nbsp;<\/p>\n<p>&nbsp;<\/p>\n<p>BESV Sadaclia nr. 5\/15<\/td>\n<td width=\"132\">s. Sadaclia,<\/p>\n<p>str. 31 august,<\/p>\n<p>Casa de cultur\u0103, foaie<\/td>\n<td width=\"142\">Boicu Tatiana &#8212; pre\u0219edinte<\/td>\n<td width=\"217\"><strong>Luni-Vineri,<\/strong><\/p>\n<p>\u00eentre orele 8:00 \u2013 17:00,\u00a0 pauz\u0103 de mas\u0103<\/p>\n<p>12:00\u2013 13:00;<\/p>\n<p>&nbsp;<\/p>\n<p><strong>S\u00e2mb\u0103t\u0103-Duminic\u0103<\/strong> \u00eentre orele 9:00 \u2013 13:00,<\/p>\n<p>F\u0103r\u0103 pauz\u0103 de mas\u0103.<\/td>\n<td width=\"208\"><strong>tel.:<\/strong> 067342824<\/p>\n<p>&nbsp;<\/p>\n<p><strong>e-mail:<\/strong><\/p>\n<p>boicu.tatyana@mail.ru<\/td>\n<td width=\"217\"><strong>Boicu Tatiana &#8212; pre\u0219edinte<\/strong><\/p>\n<p><strong>Dodon Liuba- secretar<\/strong><\/p>\n<p>Garaba Ana &#8212; membru<\/p>\n<p>Javgurean Zinaida &#8212; membru<\/p>\n<p>Jelihovschi Natalia &#8212; membru<\/p>\n<p>Marga Ioana &#8212; membru<\/p>\n<p>Pistol Fecla &#8212; membru<\/p>\n<p>Russu Olga &#8212; membru<\/p>\n<p>Suman Nina &#8212; membru<\/p>\n<p><strong>\u00a0<\/strong><\/td>\n<\/tr>\n<\/tbody>\n<\/table>\n<p>&nbsp;<\/p>\n<\/div>\n<p><\/p>","protected":false},"excerpt":{"rendered":"<p>Programul calendaristic Hot\u0103r\u00e2ri CEC https:\/\/cec.md\/ro\/cu-privire-la-confirmarea-componentei-nominale-a-consiliului-electoral-al-2751_110737.html Hot\u0103r\u00e2ri Consiliului electoral al circumscrip\u021biei electorale raionale Basarabeasca nr. 5 5_Basarabeasca_HCECE nr_ 1_2024_program 5_Basarabeasca_HCECE nr_ 2_2024_atribu\u021bii 5_Basarabeasca_HCECE nr_3_2024_degrevare 5_Basarabeasca_HCECE nr_ 4_2024_numire func\u021bii_ HCECE_constituirea BESV (1) (4) 5_Basarabeasca_HCECE nr. 24_2024_degrevare &nbsp; \u00a0 DATELE DE CONTACT ale birourilor electorale al sec\u021biilor de votare, constituite pentru organizarea \u0219i desf\u0103\u0219urarea alegerilor pentru func\u021bia de [&hellip;]<\/p>\n","protected":false},"author":2,"featured_media":0,"parent":0,"menu_order":0,"comment_status":"closed","ping_status":"closed","template":"","meta":{"footnotes":""},"class_list":["post-548","page","type-page","status-publish","hentry"],"_links":{"self":[{"href":"https:\/\/basarabeasca.md\/ru\/wp-json\/wp\/v2\/pages\/548","targetHints":{"allow":["GET"]}}],"collection":[{"href":"https:\/\/basarabeasca.md\/ru\/wp-json\/wp\/v2\/pages"}],"about":[{"href":"https:\/\/basarabeasca.md\/ru\/wp-json\/wp\/v2\/types\/page"}],"author":[{"embeddable":true,"href":"https:\/\/basarabeasca.md\/ru\/wp-json\/wp\/v2\/users\/2"}],"replies":[{"embeddable":true,"href":"https:\/\/basarabeasca.md\/ru\/wp-json\/wp\/v2\/comments?post=548"}],"version-history":[{"count":8,"href":"https:\/\/basarabeasca.md\/ru\/wp-json\/wp\/v2\/pages\/548\/revisions"}],"predecessor-version":[{"id":12565,"href":"https:\/\/basarabeasca.md\/ru\/wp-json\/wp\/v2\/pages\/548\/revisions\/12565"}],"wp:attachment":[{"href":"https:\/\/basarabeasca.md\/ru\/wp-json\/wp\/v2\/media?parent=548"}],"curies":[{"name":"wp","href":"https:\/\/api.w.org\/{rel}","templated":true}]}}