{"id":542,"date":"2016-02-25T19:44:18","date_gmt":"2016-02-25T17:44:18","guid":{"rendered":"http:\/\/demo.smartstudio.md\/basarabeasca.md\/?page_id=542"},"modified":"2026-02-13T11:44:17","modified_gmt":"2026-02-13T09:44:17","slug":"bugetul-rational","status":"publish","type":"page","link":"https:\/\/basarabeasca.md\/ru\/bugetul-rational\/","title":{"rendered":"\u0420\u0430\u0439\u043e\u043d\u043d\u044b\u0439 \u0431\u044e\u0434\u0436\u0435\u0442"},"content":{"rendered":"<p><\/p>\n<p style=\"text-align: center;\"><strong><span style=\"color: #ff0000;\">ANUL 2026<\/span><\/strong><\/p>\n<p><a href=\"http:\/\/basarabeasca.md\/wp-content\/uploads\/2026\/02\/decizie-nr.-01-03_compressed.pdf\">Decizie nr. 01\/03<\/a><em>_Cu privire la aprobarea, \u00een lectur\u0103 dou\u0103, a bugetul raional Basarabeasca pe anul 2026<\/em><\/p>\n<p><a href=\"http:\/\/basarabeasca.md\/wp-content\/uploads\/2025\/12\/Buget-2026.pdf\">Buget 2026 <\/a>PROECT (PDF)<\/p>\n<hr \/>\n<p style=\"text-align: center;\"><strong><span style=\"color: #ff0000;\">ANUL 2025<\/span><\/strong><\/p>\n<hr \/>\n<p><a href=\"http:\/\/basarabeasca.md\/wp-content\/uploads\/2025\/03\/Decizie-nr.01.04.pdf\">Decizie nr.01.04 din 14.03.2025 <\/a>C<em>u privire la aprobarea, \u00een prima lectur\u0103, a bugetuiui raional Basarabeasca pe anul 2025<\/em><\/p>\n<hr \/>\n<p><a href=\"http:\/\/basarabeasca.md\/wp-content\/uploads\/2025\/10\/Proiect-decizie-buget-2025-3-1.pdf\">Proiect-decizie-buget-2025-<\/a><\/p>\n<hr \/>\n<p style=\"text-align: center;\"><strong><span style=\"color: #ff0000;\">ANUL 2024<\/span><\/strong><\/p>\n<p><a href=\"http:\/\/basarabeasca.md\/wp-content\/uploads\/2024\/03\/decizie-nr.-03-06.pdf\">Decizie nr. 03\/06<\/a><em>Cu privire la aprobarea, \u00een prima lectur\u0103,\u00a0<\/em><em>a bugetului raional Basarabeasca pe anul2024<\/em><\/p>\n<p><a href=\"http:\/\/basarabeasca.md\/wp-content\/uploads\/2024\/03\/decizie-nr.-03-07_compressed.pdf\">Decizie nr. 03\/07<\/a>\u00a0C<em>u privire la aprobarea, \u00een lectura a doua,\u00a0<\/em><em>a bugetului raional Basarabeasca pe anul2024<\/em><\/p>\n<p>&nbsp;<\/p>\n<hr \/>\n<p style=\"text-align: center;\"><strong><span style=\"color: #ff0000;\">ANUL 2023<\/span><\/strong><\/p>\n<p><a href=\"http:\/\/basarabeasca.md\/wp-content\/uploads\/2023\/01\/Decizia-nr.-05_03-cu-privire-la-aprobarea-in-prima-lectura-a-bugetului-raional-Basarabeasca-pe-anul-2023-1.pdf\">Decizia nr. 05_03 <\/a><em>cu privire la aprobarea, \u00een prima lectur\u0103, a bugetului raional Basarabeasca pe anul 2023\u00a0<\/em><\/p>\n<p><a href=\"http:\/\/basarabeasca.md\/wp-content\/uploads\/2023\/01\/Decizia-nr.-05_04-cu-privire-la-aprobarea-in-lectura-a-doua-a-bugetului-raional-Basarabeasca-pe-anul-2023-1_compressed.pdf\">Decizia nr. 05_04 <\/a><em>cu privire la aprobarea, \u00een lectura a doua, a bugetului raional Basarabeasca pe anul 2023\u00a0<\/em><\/p>\n<p>&nbsp;<\/p>\n<hr \/>\n<p style=\"text-align: center;\"><strong><span style=\"color: #ff0000;\">ANUL 2022<\/span><\/strong><\/p>\n<p><a href=\"http:\/\/basarabeasca.md\/wp-content\/uploads\/2021\/12\/Decizia-nr.-06_04-cu-privire-la-aprobarea-in-prima-lectura-a-bugetului-raional-Basarabeasca-pe-anul-2022.pdf\">Decizia nr. 06_04\u00a0 <\/a><em>cu privire la aprobarea, \u00een prima lectur\u0103, a bugetului raional Basarabeasca pe anul 2022<\/em><\/p>\n<p><a href=\"http:\/\/basarabeasca.md\/wp-content\/uploads\/2021\/12\/Decizia-nr.-06_05-cu-privire-la-aprobarea-in-lectura-a-doua-a-bugetului-raional-Basarabeasca-pe-anul-2022_compressed_compressed-1.pdf\">Decizia nr. 06_05\u00a0 \u00a0<\/a><em>cu privire la aprobarea, \u00een lectura a doua, a bugetului raional Basarabeasca pe anul 2022<\/em><\/p>\n<p>&nbsp;<\/p>\n<hr \/>\n<p style=\"text-align: center;\"><strong><span style=\"color: #ff0000;\">ANUL 2021<\/span><\/strong><\/p>\n<p><a href=\"http:\/\/basarabeasca.md\/wp-content\/uploads\/2020\/12\/Decizia-nr.-05_04-Cu-privire-la-aprobarea-in-prima-lectura-a-bugetului-raional-Basarabeasca-pe-anul-2021.pdf\">Decizia nr. 05_04 <\/a><em>Cu privire la aprobarea, \u00een prima lectur\u0103, a bugetului raional Basarabeasca pe anul 2021<\/em><\/p>\n<p><a href=\"http:\/\/basarabeasca.md\/wp-content\/uploads\/2021\/01\/Decizia-nr.-05_05-Cu-privire-la-aprobarea-in-lectura-a-doua-a-bugetului-raional-Basarabeasca-pe-anul-2021-1_1-3_compressed.pdf\">Decizia nr. 05_05 <\/a><em>Cu privire la aprobarea, \u00een lectura a doua, a bugetului raional Basarabeasca pe anul 2021\u00a0 \u00a0 \u00a01-3<\/em><\/p>\n<p><a href=\"http:\/\/basarabeasca.md\/wp-content\/uploads\/2021\/01\/Decizia-nr.-05_05-Cu-privire-la-aprobarea-in-lectura-a-doua-a-bugetului-raional-Basarabeasca-pe-anul-2021-1_4-5.pdf\">Decizia nr. 05_05\u00a0 <\/a><em>\u00a0 \u00a04-5<\/em><\/p>\n<p><a href=\"http:\/\/basarabeasca.md\/wp-content\/uploads\/2021\/01\/Decizia-nr.-05_05-Cu-privire-la-aprobarea-in-lectura-a-doua-a-bugetului-raional-Basarabeasca-pe-anul-2021-1_6-7-2.pdf\">Decizia nr. 05_05\u00a0<\/a><em> \u00a0 \u00a06-7 <\/em><\/p>\n<p><a href=\"http:\/\/basarabeasca.md\/wp-content\/uploads\/2021\/01\/Decizia-nr.-05_05-Cu-privire-la-aprobarea-in-lectura-a-doua-a-bugetului-raional-Basarabeasca-pe-anul-2021-1_8-9-2.pdf\">Decizia nr. 05_05\u00a0<\/a><em> \u00a0 \u00a08-9\u00a0<\/em><\/p>\n<p><a href=\"http:\/\/basarabeasca.md\/wp-content\/uploads\/2021\/01\/Decizia-nr.-05_05-Cu-privire-la-aprobarea-in-lectura-a-doua-a-bugetului-raional-Basarabeasca-pe-anul-2021-1_10-11-2.pdf\">Decizia nr. 05_05\u00a0<\/a><em> \u00a0 \u00a0 10-11\u00a0<\/em><\/p>\n<p><a href=\"http:\/\/basarabeasca.md\/wp-content\/uploads\/2021\/01\/Decizia-nr.-05_05-Cu-privire-la-aprobarea-in-lectura-a-doua-a-bugetului-raional-Basarabeasca-pe-anul-2021-1_12-14_compressed.pdf\">Decizia nr. 05_05<\/a><em>\u00a0 \u00a0 \u00a012-14<\/em><\/p>\n<p><a href=\"http:\/\/basarabeasca.md\/wp-content\/uploads\/2021\/01\/Decizia-nr.-05_05-Cu-privire-la-aprobarea-in-lectura-a-doua-a-bugetului-raional-Basarabeasca-pe-anul-2021-1_15-16.pdf\">Decizia nr. 05_05<\/a><em>\u00a0 \u00a0 \u00a015-16<\/em><\/p>\n<p><a href=\"http:\/\/basarabeasca.md\/wp-content\/uploads\/2021\/01\/Decizia-nr.-05_05-Cu-privire-la-aprobarea-in-lectura-a-doua-a-bugetului-raional-Basarabeasca-pe-anul-2021-1_17-18.pdf\">Decizia nr. 05_05 <\/a><em>_17-18<\/em><\/p>\n<p><a href=\"http:\/\/basarabeasca.md\/wp-content\/uploads\/2021\/01\/Decizia-nr.-05_05-Cu-privire-la-aprobarea-in-lectura-a-doua-a-bugetului-raional-Basarabeasca-pe-anul-2021-1_19-21_compressed.pdf\">Decizia nr. 05_05\u00a0 <\/a><em>\u00a0 \u00a019-21<\/em><\/p>\n<p><a href=\"http:\/\/basarabeasca.md\/wp-content\/uploads\/2021\/01\/Decizia-nr.-05_05-Cu-privire-la-aprobarea-in-lectura-a-doua-a-bugetului-raional-Basarabeasca-pe-anul-2021-1_22-25_compressed.pdf\">Decizia nr. 05_05\u00a0<\/a><em> \u00a0 22-25<\/em><\/p>\n<p><a href=\"http:\/\/basarabeasca.md\/wp-content\/uploads\/2021\/01\/Decizia-nr.-05_05-Cu-privire-la-aprobarea-in-lectura-a-doua-a-bugetului-raional-Basarabeasca-pe-anul-2021-1_26-28_compressed.pdf\">Decizia nr. 05_05<\/a><em>\u00a0 \u00a0 \u00a026-28<\/em><\/p>\n<p><a href=\"http:\/\/basarabeasca.md\/wp-content\/uploads\/2021\/01\/Decizia-nr.-05_05-Cu-privire-la-aprobarea-in-lectura-a-doua-a-bugetului-raional-Basarabeasca-pe-anul-2021-1_29-end.pdf\">Decizia nr. 05_05 <\/a><em>Cu privire la aprobarea, \u00een lectura a doua, a bugetului raional Basarabeasca pe anul 2021\u00a0 \u00a0 \u00a0 \u00a0 \u00a0 \u00a0 \u00a0 29-end<\/em><\/p>\n<p>&nbsp;<\/p>\n<p>&nbsp;<\/p>\n<hr \/>\n<p style=\"text-align: center;\"><strong><span style=\"color: #ff0000;\">ANUL 2020<\/span><\/strong><\/p>\n<p><a href=\"http:\/\/basarabeasca.md\/wp-content\/uploads\/2019\/12\/04.pdf\">03\/04 Cu privire la aprobarea, in prima lectur\u0103, a bugetului raional Basarabeasca pe anul 2020<\/a><\/p>\n<p><a href=\"http:\/\/basarabeasca.md\/wp-content\/uploads\/2020\/01\/Cu-privire-la-aprobarea-%C3%AEn-lectura-a-doua-a-bugetului-raional-Basarabeasca-pe-anul-2020-1-%D1%81%D0%B6%D0%B0%D1%82%D1%8B%D0%B9_compressed-min-%D1%81%D1%82%D1%80%D0%B0%D0%BD%D0%B8%D1%86%D1%8B-1-14.pdf\">03\/05 Cu privire la aprobarea, \u00een lectura a doua a bugetului raional Basarabeasca pe anul 2020 (\u0441\u0442\u0440\u0430\u043d\u0438\u0446\u044b-1-14)<\/a><\/p>\n<p><a href=\"http:\/\/basarabeasca.md\/wp-content\/uploads\/2020\/01\/Cu-privire-la-aprobarea-%C3%AEn-lectura-a-doua-a-bugetului-raional-Basarabeasca-pe-anul-2020-1-%D1%81%D0%B6%D0%B0%D1%82%D1%8B%D0%B9_compressed-min-%D1%81%D1%82%D1%80%D0%B0%D0%BD%D0%B8%D1%86%D1%8B-15-32.pdf\">Cu privire la aprobarea, \u00een lectura a doua a bugetului raional Basarabeasca pe anul 2020 (\u0441\u0442\u0440\u0430\u043d\u0438\u0446\u044b-15-32)<\/a><\/p>\n<hr \/>\n<p style=\"text-align: center;\"><span style=\"color: #ff0000;\"><strong>ANUL 2019<\/strong><\/span><\/p>\n<p><a href=\"http:\/\/basarabeasca.md\/wp-content\/uploads\/2019\/01\/Disp-nr-160-din-28.12.2018.pdf\">Disp. nr. 160 din 28.12.2018\u00a0<\/a>\u00a0\u00a0\u00a0<em>Cu privire la aplicarea bugetului provzoriu raional Basarabeasca<\/em><\/p>\n<p><a href=\"http:\/\/basarabeasca.md\/wp-content\/uploads\/2019\/01\/Anexa-nr.-16-la-disp-nr-160.pdf\"><em>Anexa nr. 16 la disp nr 160<\/em><\/a><em>\u00a0\u00a0\u00a0<\/em><em>\u00a0<a href=\"http:\/\/basarabeasca.md\/wp-content\/uploads\/2019\/01\/Anexa-nr-15-la-disp-nr-160.pdf\">Anexa nr 15 la disp nr 160<\/a>\u00a0\u00a0\u00a0<a href=\"http:\/\/basarabeasca.md\/wp-content\/uploads\/2019\/01\/Anexa-nr.-14-la-disp-nr.-160.pdf\">Anexa nr. 14 la disp nr. 160<\/a><\/em><\/p>\n<p><em><a href=\"http:\/\/basarabeasca.md\/wp-content\/uploads\/2019\/01\/Anexa-nr.13-la-disp-nr.-160.pdf\">Anexa nr.13 la disp nr. 160<\/a>\u00a0\u00a0<a href=\"http:\/\/basarabeasca.md\/wp-content\/uploads\/2019\/01\/Anexa-nr.-12-la-disp-nr.-160-compressed.pdf\">Anexa nr. 12 la disp nr. 160<\/a>\u00a0 \u00a0<a href=\"http:\/\/basarabeasca.md\/wp-content\/uploads\/2019\/01\/Anexa-nr.-11-la-disp-nr.-160.pdf\">Anexa nr. 11 la disp nr. 160\u00a0\u00a0<\/a><\/em><\/p>\n<p><em><a href=\"http:\/\/basarabeasca.md\/wp-content\/uploads\/2019\/01\/Anexa-nr-10-la-disp-nr.-160.pdf\">Anexa nr 10 la disp nr. 160<\/a>\u00a0\u00a0\u00a0<a href=\"http:\/\/basarabeasca.md\/wp-content\/uploads\/2019\/01\/Anexa-nr.-9-la-disp.-nr.-160.pdf\">Anexa nr. 9 la disp. nr. 160<\/a>\u00a0\u00a0\u00a0<a href=\"http:\/\/basarabeasca.md\/wp-content\/uploads\/2019\/01\/Anexa-nr.-8-la-disp-nr.-160.pdf\">Anexa nr. 8 la disp nr. 160\u00a0<\/a><\/em><\/p>\n<p><em><a href=\"http:\/\/basarabeasca.md\/wp-content\/uploads\/2019\/01\/Anexa-nr.-7-la-disp-nr.-160.pdf\">Anexa nr. 7 la disp nr. 160<\/a>\u00a0 \u00a0<a href=\"http:\/\/basarabeasca.md\/wp-content\/uploads\/2019\/01\/Anexa-nr.-6-la-disp-nr.-160-compressed.pdf\">Anexa nr. 6 la disp nr. 160<\/a>\u00a0 \u00a0\u00a0<a href=\"http:\/\/basarabeasca.md\/wp-content\/uploads\/2019\/01\/Anexa-nr.-5-la-disp-nr.-160.pdf\">Anexa nr. 5 la disp nr. 160\u00a0<\/a><\/em><\/p>\n<p><em><a href=\"http:\/\/basarabeasca.md\/wp-content\/uploads\/2019\/01\/Anexa-nr.-4-la-disp-nr.-160.pdf\">Anexa nr. 4 la disp nr. 160<\/a>\u00a0 \u00a0<a href=\"http:\/\/basarabeasca.md\/wp-content\/uploads\/2019\/01\/Anexa-nr.-3-la-disp-nr.-160.pdf\">Anexa nr. 3 la disp nr. 160\u00a0<\/a>\u00a0 \u00a0<a href=\"http:\/\/basarabeasca.md\/wp-content\/uploads\/2019\/01\/Anexa-nr.-2-la-disp-nr.-160.pdf\">Anexa nr. 2 la disp nr. 160\u00a0<\/a><\/em><\/p>\n<p><em><a href=\"http:\/\/basarabeasca.md\/wp-content\/uploads\/2019\/01\/Anexa-nr.-1-la-disp-nr-160.pdf\">Anexa nr. 1 la disp nr 160<\/a><\/em><\/p>\n<p>&nbsp;<\/p>\n<hr \/>\n<p style=\"text-align: center;\"><strong><span style=\"color: #ff0000;\">ANUL 2018<\/span><\/strong><\/p>\n<p><a href=\"http:\/\/basarabeasca.md\/wp-content\/uploads\/2019\/06\/raport-exec.buget-niv.II-2018.doc\">raport exec.buget niv.II 2018<\/a><\/p>\n<p><a href=\"http:\/\/basarabeasca.md\/wp-content\/uploads\/2018\/01\/Nota-informativ\u0103.aprob_.buget-anul-.2018-a-1.doc\">Nota informativ\u0103.aprob.buget anul .2018 a (1)<\/a><\/p>\n<p><a href=\"http:\/\/basarabeasca.md\/wp-content\/uploads\/2016\/02\/BUGET-2018.docx\">BUGET 2018<\/a><\/p>\n<hr \/>\n<p style=\"text-align: center;\"><strong><span style=\"color: #ff0000;\">ANUL 2017<\/span><\/strong><\/p>\n<p><a href=\"http:\/\/basarabeasca.md\/wp-content\/uploads\/2018\/01\/Raport-privind-executarea-bugetului-raional-Basarabeasca-pe-9-luni-ale-anului-2017-.docx\">Raport privind executarea bugetului raional Basarabeasca pe 9 luni ale anului 2017<\/a><\/p>\n<p><a href=\"http:\/\/basarabeasca.md\/wp-content\/uploads\/2016\/02\/BUGET.docx.docx\">BUGET raional 2017.docx<\/a>,<\/p>\n<hr \/>\n<p style=\"text-align: center;\"><span style=\"color: #ff0000;\"><strong>ANUL 2016<\/strong><\/span><\/p>\n<p style=\"text-align: left;\"><a href=\"http:\/\/basarabeasca.md\/wp-content\/uploads\/2016\/02\/buget-pentru-anul-2016.doc\">buget pentru anul 2016<\/a><\/p>\n<hr \/>\n<p>&nbsp;<\/p>\n<p>&nbsp;<\/p>\n<p>&nbsp;<\/p>","protected":false},"excerpt":{"rendered":"<p>ANUL 2026 Decizie nr. 01\/03_Cu privire la aprobarea, \u00een lectur\u0103 dou\u0103, a bugetul raional Basarabeasca pe anul 2026 Buget 2026 PROECT (PDF) ANUL 2025 Decizie nr.01.04 din 14.03.2025 Cu privire la aprobarea, \u00een prima lectur\u0103, a bugetuiui raional Basarabeasca pe anul 2025 Proiect-decizie-buget-2025- ANUL 2024 Decizie nr. 03\/06Cu privire la aprobarea, \u00een prima lectur\u0103,\u00a0a bugetului [&hellip;]<\/p>\n","protected":false},"author":2,"featured_media":0,"parent":0,"menu_order":0,"comment_status":"closed","ping_status":"closed","template":"","meta":{"footnotes":""},"class_list":["post-542","page","type-page","status-publish","hentry"],"_links":{"self":[{"href":"https:\/\/basarabeasca.md\/ru\/wp-json\/wp\/v2\/pages\/542","targetHints":{"allow":["GET"]}}],"collection":[{"href":"https:\/\/basarabeasca.md\/ru\/wp-json\/wp\/v2\/pages"}],"about":[{"href":"https:\/\/basarabeasca.md\/ru\/wp-json\/wp\/v2\/types\/page"}],"author":[{"embeddable":true,"href":"https:\/\/basarabeasca.md\/ru\/wp-json\/wp\/v2\/users\/2"}],"replies":[{"embeddable":true,"href":"https:\/\/basarabeasca.md\/ru\/wp-json\/wp\/v2\/comments?post=542"}],"version-history":[{"count":27,"href":"https:\/\/basarabeasca.md\/ru\/wp-json\/wp\/v2\/pages\/542\/revisions"}],"predecessor-version":[{"id":14108,"href":"https:\/\/basarabeasca.md\/ru\/wp-json\/wp\/v2\/pages\/542\/revisions\/14108"}],"wp:attachment":[{"href":"https:\/\/basarabeasca.md\/ru\/wp-json\/wp\/v2\/media?parent=542"}],"curies":[{"name":"wp","href":"https:\/\/api.w.org\/{rel}","templated":true}]}}