{"id":480,"date":"2016-02-22T10:17:50","date_gmt":"2016-02-22T10:17:50","guid":{"rendered":"http:\/\/demo.smartstudio.md\/basarabeasca.md\/?page_id=480"},"modified":"2022-04-19T14:35:39","modified_gmt":"2022-04-19T11:35:39","slug":"acte-normative","status":"publish","type":"page","link":"https:\/\/basarabeasca.md\/ru\/acte-normative\/","title":{"rendered":"\u0420\u0435\u0433\u043b\u0430\u043c\u0435\u043d\u0442\u044b"},"content":{"rendered":"<p>1 .<a href=\"http:\/\/basarabeasca.md\/wp-content\/uploads\/2016\/02\/Regulamentul-de-conduit\u0103-etic\u0103-a-func\u021bionarului-public-din-cadrul-Consiliului-raional-Basarabeasca.docx\">Regulamentul de conduit\u0103 etic\u0103 a func\u021bionarului public din cadrul Consiliului raional Basarabeasca<\/a><\/p>\n<hr \/>\n<p>2 .\u00a0\u00a0<a href=\"http:\/\/basarabeasca.md\/wp-content\/uploads\/2018\/01\/Regulamentul-de-organizare-\u0219i-func\u021bionare-al-Aparatului-pre\u0219edintelui-raionului-Basarabeasca..docx.doc\">Regulamentul-de-organizare-\u0219i-func\u021bionare-al-Aparatului-pre\u0219edintelui-raionului-Basarabeasca..docx<\/a><\/p>\n<hr \/>\n<p>3 .\u00a0<a href=\"http:\/\/basarabeasca.md\/wp-content\/uploads\/2016\/02\/Regulament-cu-privire-la-procedurile-de-consultare-public\u0103-cu-societatea-civil\u0103-\u00een-procesul-decizional-\u00een-cadrul-Consiliului-Raional-Basarabeasca-.docx\">Regulament cu privire la procedurile de consultare public\u0103 cu societatea civil\u0103 \u00een procesul decizional \u00een cadrul Consiliului Raional Basarabeasca<\/a><\/p>\n<hr \/>\n<p>4.\u00a0<a href=\"http:\/\/basarabeasca.md\/wp-content\/uploads\/2018\/04\/regulament-cu-privire-la-organizarea-\u015fi-func\u0163ionarea-Serviciului-social-Cas\u0103-de-copii-de-tip-familial.docx\">Regulament cu privire la organizarea \u015fi func\u0163ionarea Serviciului social Cas\u0103 de copii de tip familial<\/a><\/p>\n<hr \/>\n<p>5. <a href=\"http:\/\/basarabeasca.md\/wp-content\/uploads\/2018\/01\/Regulament-Direc\u021bia-asisten\u021b\u0103-social\u0103-\u0219i-protec\u021bie-a-familiei.docx\">Regulament, Direc\u021bia asisten\u021b\u0103 social\u0103 \u0219i protec\u021bie a familiei<\/a><\/p>\n<hr \/>\n<p>6.<a href=\"http:\/\/basarabeasca.md\/wp-content\/uploads\/2018\/01\/Regulamentul-serviciului-agricultur\u0103-\u0219i-alimenta\u021bie.doc\"> Regulamentul serviciului agricultur\u0103 \u0219i alimenta\u021bie<\/a><\/p>\n<hr \/>\n<p>7.\u00a0<a href=\"http:\/\/basarabeasca.md\/wp-content\/uploads\/2018\/01\/Regulamentul-Sec\u0163ia-cultur\u0103.docx\">Regulamentul Sec\u0163ia cultur\u0103<\/a><\/p>\n<hr \/>\n<p>8.\u00a0<a href=\"http:\/\/basarabeasca.md\/wp-content\/uploads\/2018\/01\/Regulament-Direc\u0163iei-general-\u00eenv\u0103\u0163\u0103m\u00eent.docx\">Regulament Direc\u0163iei general \u00eenv\u0103\u0163\u0103m\u00eent<\/a><\/p>\n<p><a href=\"http:\/\/basarabeasca.md\/wp-content\/uploads\/2018\/01\/regulament-al-CC-al-D\u00ceG.docx\">\u00a0regulament al CC al D\u00ceG<\/a><\/p>\n<hr \/>\n<p>9. <a href=\"http:\/\/basarabeasca.md\/wp-content\/uploads\/2018\/01\/regulament-spitalul-raional.docx\">\u00a0Regulamentul\u00a0<\/a><a href=\"http:\/\/basarabeasca.md\/wp-content\/uploads\/2018\/01\/regulament-ba\u015fcalia.docx\">de organizare \u0219i func\u021bionare al Institu\u021biei Medico-Sanitare Publice S<\/a><a href=\"http:\/\/basarabeasca.md\/wp-content\/uploads\/2018\/01\/regulament-spitalul-raional.docx\">pitalul raional Basarabeasca<\/a><\/p>\n<p><a href=\"http:\/\/basarabeasca.md\/wp-content\/uploads\/2018\/01\/regulament-Stomatologia.docx.docx\">Regulamentul de activitate a IM Centrul\u00a0 Stomatologic Raional Basarabeasca.docx<\/a><\/p>\n<p><a href=\"http:\/\/basarabeasca.md\/wp-content\/uploads\/2022\/04\/Centrul-Stomatologic-Basarabeasca-2.docx\">Centrul Stomatologic Basarabeasca (STSTUT)<\/a><\/p>\n<p><a href=\"http:\/\/basarabeasca.md\/wp-content\/uploads\/2018\/01\/regulament-sadaclia.docx\">Regulamentul\u00a0<\/a><a href=\"http:\/\/basarabeasca.md\/wp-content\/uploads\/2018\/01\/regulament-ba\u015fcalia.docx\">de organizare \u0219i func\u021bionare al Institu\u021biei Medico-Sanitare Publice Centrul de S\u0103n\u0103tate<\/a><a href=\"http:\/\/basarabeasca.md\/wp-content\/uploads\/2018\/01\/regulament-sadaclia.docx\">\u00a0Sadaclia<\/a><\/p>\n<p><a href=\"http:\/\/basarabeasca.md\/wp-content\/uploads\/2018\/01\/regulament-ba\u015fcalia.docx\">Regulamentul de organizare \u0219i func\u021bionare al Institu\u021biei Medico-Sanitare Publice Centrul de S\u0103n\u0103tate Ba\u015fcalia<\/a><\/p>\n<hr \/>\n<p>&nbsp;<\/p>\n<p>&nbsp;<\/p>","protected":false},"excerpt":{"rendered":"<p>1 .Regulamentul de conduit\u0103 etic\u0103 a func\u021bionarului public din cadrul Consiliului raional Basarabeasca 2 .\u00a0\u00a0Regulamentul-de-organizare-\u0219i-func\u021bionare-al-Aparatului-pre\u0219edintelui-raionului-Basarabeasca..docx 3 .\u00a0Regulament cu privire la procedurile de consultare public\u0103 cu societatea civil\u0103 \u00een procesul decizional \u00een cadrul Consiliului Raional Basarabeasca 4.\u00a0Regulament cu privire la organizarea \u015fi func\u0163ionarea Serviciului social Cas\u0103 de copii de tip familial 5. Regulament, Direc\u021bia asisten\u021b\u0103 social\u0103 [&hellip;]<\/p>\n","protected":false},"author":2,"featured_media":0,"parent":0,"menu_order":0,"comment_status":"closed","ping_status":"closed","template":"","meta":{"footnotes":""},"class_list":["post-480","page","type-page","status-publish","hentry"],"_links":{"self":[{"href":"https:\/\/basarabeasca.md\/ru\/wp-json\/wp\/v2\/pages\/480","targetHints":{"allow":["GET"]}}],"collection":[{"href":"https:\/\/basarabeasca.md\/ru\/wp-json\/wp\/v2\/pages"}],"about":[{"href":"https:\/\/basarabeasca.md\/ru\/wp-json\/wp\/v2\/types\/page"}],"author":[{"embeddable":true,"href":"https:\/\/basarabeasca.md\/ru\/wp-json\/wp\/v2\/users\/2"}],"replies":[{"embeddable":true,"href":"https:\/\/basarabeasca.md\/ru\/wp-json\/wp\/v2\/comments?post=480"}],"version-history":[{"count":11,"href":"https:\/\/basarabeasca.md\/ru\/wp-json\/wp\/v2\/pages\/480\/revisions"}],"predecessor-version":[{"id":10505,"href":"https:\/\/basarabeasca.md\/ru\/wp-json\/wp\/v2\/pages\/480\/revisions\/10505"}],"wp:attachment":[{"href":"https:\/\/basarabeasca.md\/ru\/wp-json\/wp\/v2\/media?parent=480"}],"curies":[{"name":"wp","href":"https:\/\/api.w.org\/{rel}","templated":true}]}}