{"id":4574,"date":"2018-01-10T14:35:56","date_gmt":"2018-01-10T12:35:56","guid":{"rendered":"http:\/\/basarabeasca.md\/?page_id=4574"},"modified":"2025-05-02T15:18:34","modified_gmt":"2025-05-02T12:18:34","slug":"%d1%80%d1%83%d1%81%d1%81%d0%ba%d0%b8%d0%b9-%d0%be%d0%b1%d1%8a%d1%8f%d0%b2%d0%bb%d0%b5%d0%bd%d0%b8%d1%8f-2","status":"publish","type":"page","link":"https:\/\/basarabeasca.md\/ru\/%d1%80%d1%83%d1%81%d1%81%d0%ba%d0%b8%d0%b9-%d0%be%d0%b1%d1%8a%d1%8f%d0%b2%d0%bb%d0%b5%d0%bd%d0%b8%d1%8f-2\/","title":{"rendered":"\u041e\u0431\u044a\u044f\u0432\u043b\u0435\u043d\u0438\u044f"},"content":{"rendered":"<hr \/>\n<h3>Intre\u021binerea \u0219i repara\u021bia drumurilor publice locale din r-l Basarabeasca pentru anul 2025<\/h3>\n<div dir=\"auto\">\u00cenving\u0103tor \u00een <span class=\"html-span xdj266r x11i5rnm xat24cr x1mh8g0r xexx8yu x4uap5 x18d9i69 xkhd6sd x1hl2dhg x16tdsg8 x1vvkbs\"><span class=\"xt0psk2\"><span class=\"xjp7ctv\">Achizi\u021biile publice \u015fi private din Moldova &#8212; Achizitii.md<\/span><\/span><\/span> la Intre\u021binerea \u0219i repara\u021bia drumurilor publice locale din r-l Basarabeasca pentru anul 2025 ese S.R.L. SpeedQual Com.<\/div>\n<div dir=\"auto\">Pentru informa\u021bie accesa\u021bi lincul.<\/div>\n<div dir=\"auto\"><a href=\"https:\/\/achizitii.md\/ro\/public\/tender\/21400030\/lot\/12045590\/?\">https:\/\/achizitii.md\/ro\/public\/tender\/21400030\/lot\/12045590\/?<\/a><\/div>\n<hr \/>\n<h1>ANUN\u021auri\u00a0 DE PARTICIPARE 2024<\/h1>\n<p><a href=\"http:\/\/basarabeasca.md\/wp-content\/uploads\/2025\/05\/anunt-de-participare-pdf.signed.pdf\">anunt de participare pdf.signed<\/a> privind achizi\u021bionarea Replanificarea blocului lit.B a cladirii LT \u201cA. Pu\u0219kin\u201d pentru amplasarea \u0218colii de Arte din or. Basarabeasca, str. Naberejnaia 1(etapa IV<a href=\"http:\/\/basarabeasca.md\/wp-content\/uploads\/2025\/04\/anunt-de-participare-pdf.signed.pdf\">)<\/a><\/p>\n<p><a href=\"http:\/\/basarabeasca.md\/wp-content\/uploads\/2025\/05\/anunt_de_participare_lucrari.signed.pdf\">anunt_de_participare_lucrari.signed<\/a>privind achizi\u021bionarea Intre\u021binerea \u0219i repara\u021bia drumurilor publice locale din r-l Basarabeasca pentru anul 2024<\/p>\n<hr \/>\n<h1>ANUN\u021auri\u00a0 DE PARTICIPARE 2023<\/h1>\n<p><a href=\"http:\/\/basarabeasca.md\/wp-content\/uploads\/2025\/04\/anunt-de-patricipare.signed-1.pdf\">Lucrari de intre\u021binerea \u0219i repara\u021bia drumurilor publice localedinr-lBasarabeasca pentru anul 2023 anun\u021b de patricipare.signed <\/a><\/p>\n<p><a href=\"http:\/\/basarabeasca.md\/wp-content\/uploads\/2025\/04\/Anunt-Scoala-2023.signed-1.pdf\">Anunt<\/a><a href=\"http:\/\/basarabeasca.md\/wp-content\/uploads\/2025\/04\/Anunt-Scoala-2023.signed-1.pdf\">privind achizi\u021bionarea Replanificarea blocului lit.B a cladirii LT \u201cA. Pu\u0219kin\u201dpentruamplasarea \u0218colii de Arte din or. Basarabeasca, str. Naberejnaia 1(etapa III) Scoala 2023.signed <\/a><\/p>\n<h1><\/h1>\n<hr \/>\n<h1>ANUN\u021auri\u00a0 DE PARTICIPARE 2022<\/h1>\n<ol>\n<li><a href=\"http:\/\/basarabeasca.md\/wp-content\/uploads\/2025\/04\/anunt-A-Puskin.signed.pdf\">privind achizi\u021bionarea Replanificarea blocului lit.B a cladirii Liceului Teoretic \u201cA. Pu\u0219kin\u201d pentru amplasarea \u0218colii de Arte din or. Basarabeasca, str. Naberejnaia 1. prin procedura de achizi\u021bie Cererea ofertei de pre\u021banunt A Puskin.signed<\/a><\/li>\n<\/ol>\n<p>2. <a href=\"http:\/\/basarabeasca.md\/wp-content\/uploads\/2025\/04\/anunt_de_participare_lucrari_21.04.2022.signed.signed.pdf\">privind achizi\u021bionarea Lucrari de intre\u021binerea \u0219i repara\u021bia drumurilor publice locale din r-l Basarabeasca pentru anul 2022 21.04.2022.signed.signed<\/a><\/p>\n<hr \/>\n<h1>ANUN\u021auri\u00a0 DE PARTICIPARE<\/h1>\n<p>privind achizi\u021bionarea Replanificarea blocului lit.B a cl\u0103dirii Liceului Teoretic ,,A.Pu\u0219kin pentru amplasarea \u0218colii de Arte din or. Basarabeasca, str. Naberejnaia 1 (EtapaI)<\/p>\n<p><a href=\"http:\/\/basarabeasca.md\/wp-content\/uploads\/2021\/10\/anunt_de_participare-Scoala-de-arte.signed.pdf\">anunt_de_participare Scoala de arte.signed<\/a><\/p>\n<p>privind achizi\u021bionarea Fotolii pentru sala festiv\u0103 a \u0218colii de Arte din r-l Basarabeasca prin procedura de achizi\u021bie<\/p>\n<p><a href=\"http:\/\/basarabeasca.md\/wp-content\/uploads\/2021\/10\/anunt_de_participare-fotolii.signed-1.pdf\">anunt_de_participare fotolii.signed<\/a><\/p>\n<hr \/>\n<h1>ANUN\u021a DE PARTICIPARE<\/h1>\n<p>privind achizi\u021bionarea Lucr\u0103ri de \u00eentre\u021binere \u0219i repara\u021bie a drumurilor locale din raionul Basarabeasca pentru anul 2021<\/p>\n<p><a href=\"http:\/\/basarabeasca.md\/wp-content\/uploads\/2021\/01\/anunt_de_participare-3.pdf\">anunt_de_participare (3)<\/a><\/p>\n<p><a href=\"http:\/\/basarabeasca.md\/wp-content\/uploads\/2021\/01\/anunt_de_participare-repetat.pdf\">anunt_de_participare repetat<\/a><\/p>\n<hr \/>\n<h1>ANUN\u021a DE PARTICIPARE<\/h1>\n<p>privind achizi\u021bionarea \u00centre\u021binerea drumurilor locale din raionul Basarabeasca pe perioadade iarn\u0103 pentru anul 2021<\/p>\n<p><a href=\"http:\/\/basarabeasca.md\/wp-content\/uploads\/2020\/11\/anunt_de_participare.signed-3.pdf\">anunt_de_participare.signed (3)<\/a><\/p>\n<h1><\/h1>\n<hr \/>\n<h1>Anun\u021b de atribuire 20\/03 din 05 martie 2020<\/h1>\n<p><a href=\"http:\/\/basarabeasca.md\/wp-content\/uploads\/2020\/03\/anun-atr.pian_.pdf\">anun atr.pian<\/a><\/p>\n<hr \/>\n<h1>ANUN\u021a DE PARTICIPARE<\/h1>\n<p>privind achizi\u021bionarea Lucr\u0103ri de \u00eentre\u021binere \u0219i repara\u021bie a drumurilor locale din raionul Basarabeasca pentru anul 2020<\/p>\n<p><a href=\"http:\/\/basarabeasca.md\/wp-content\/uploads\/2020\/01\/anunt_de_participare.signed-2.pdf\">anunt_de_participare.signed (2)<\/a><\/p>\n<p><a href=\"http:\/\/basarabeasca.md\/wp-content\/uploads\/2020\/01\/CS-dr-2020-1_compressed.pdf\">Caiet de Sarcini 2020\u00a0<\/a><\/p>\n<hr \/>\n<h1>ANUN\u021a DE PARTICIPARE<\/h1>\n<p><a href=\"http:\/\/basarabeasca.md\/wp-content\/uploads\/2020\/01\/anunt_de_participare.signed-1.pdf\">anunt_de_participare.signed (1)<\/a><\/p>\n<p><a href=\"http:\/\/basarabeasca.md\/wp-content\/uploads\/2020\/01\/CS-200-mii.pdf\">CS 200 mii<\/a><\/p>\n<hr \/>\n<h1>ANUN\u021a DE PARTICIPARE<\/h1>\n<p><a href=\"http:\/\/basarabeasca.md\/wp-content\/uploads\/2019\/12\/anunt_de_participare-roial-1.pdf\">anunt_de_participare roial (1)<\/a><\/p>\n<hr \/>\n<h1>Anun\u021b de atribuire 19\/04 din 07 noiembrie 2019<\/h1>\n<p><a href=\"http:\/\/basarabeasca.md\/wp-content\/uploads\/2019\/11\/Anunt-atr-sectia-ter-1.pdf\">Anunt atr sectia ter (1)<\/a><\/p>\n<hr \/>\n<h1>Anun\u021b de atribuire 19\/05 din 07 noiembrie 2019<\/h1>\n<p><a href=\"http:\/\/basarabeasca.md\/wp-content\/uploads\/2019\/11\/Anunt-atr-Sonbas-1.pdf\">Anunt atr Sonbas (1)<\/a><\/p>\n<hr \/>\n<h1>Anun\u021b de atribuire 19\/06 din 07 noiembrie 2019<\/h1>\n<p><a href=\"http:\/\/basarabeasca.md\/wp-content\/uploads\/2019\/11\/anunt-atr-OMF-Iserlia.pdf\">anunt atr OMF Iserlia<\/a><\/p>\n<hr \/>\n<h1>\u00a0ANUN\u021a DE PARTICIPARE<br \/>\nprivind achizi\u021bionarea Repara\u021bia capital\u0103 a acoperi\u0219ului cl\u0103dirii OFM Iserlia, r-l Basarabeasca<\/h1>\n<p><a href=\"http:\/\/basarabeasca.md\/wp-content\/uploads\/2019\/10\/anunt_de_participare-OFM-Iserlia.signed-2.pdf\">anunt_de_participare OFM Iserlia.signed (2)<\/a><\/p>\n<hr \/>\n<h1>ANUN\u021a DE PARTICIPARE<br \/>\nprivind achizi\u021bionarea Repara\u021bia capital\u0103 a acoperi\u0219ului cl\u0103dirii \u00ceM ,,Sombas-service,, din or.Basarabeasca<\/h1>\n<p><a href=\"http:\/\/basarabeasca.md\/wp-content\/uploads\/2019\/10\/anunt_de_participare-Sonbas-ser.signed-2.pdf\">anunt_de_participare Sonbas ser.signed (2)<\/a><\/p>\n<hr \/>\n<h1>ANUN\u021a DE PARTICIPARE<br \/>\nprivind achizi\u021bionarea Repara\u021bia capital\u0103 a acoperi\u0219ului cl\u0103dirii sec\u021biei terapie a IMSP Spitalul<br \/>\nraional Basarabeasca.<\/h1>\n<p><a href=\"http:\/\/basarabeasca.md\/wp-content\/uploads\/2019\/10\/anunt_de_participare-terapia.signed.pdf\">anunt_de_participare terapia.signed<\/a><\/p>\n<hr \/>\n<h1>ANUN\u021a DE PARTICIPARE privind achizi\u021bionarea \u00centre\u021binerea drumurilor locale din raionul Basarabeasca pentru anul 2019 prin procedura de achizi\u021bie Cererea ofertelor de pre\u021buri<\/h1>\n<p><a href=\"http:\/\/basarabeasca.md\/wp-content\/uploads\/2019\/02\/anunt_de_participare-1.pdf\">anunt_de_participare\u00a0 PDF<\/a><\/p>\n<p><img loading=\"lazy\" decoding=\"async\" class=\"size-full wp-image-5523 alignnone\" src=\"http:\/\/basarabeasca.md\/wp-content\/uploads\/2018\/06\/6.png\" alt=\"\" width=\"365\" height=\"138\" srcset=\"https:\/\/basarabeasca.md\/wp-content\/uploads\/2018\/06\/6.png 365w, https:\/\/basarabeasca.md\/wp-content\/uploads\/2018\/06\/6-150x57.png 150w\" sizes=\"auto, (max-width: 365px) 100vw, 365px\" \/><\/p>\n<p>&nbsp;<\/p>\n<hr \/>\n<h1>ANUN\u021a DE PARTICIPARE la procedura de achizi\u021bie public\u0103<\/h1>\n<h1><img loading=\"lazy\" decoding=\"async\" class=\"size-full wp-image-5523 alignleft\" src=\"http:\/\/basarabeasca.md\/wp-content\/uploads\/2018\/06\/6.png\" alt=\"\" width=\"365\" height=\"138\" srcset=\"https:\/\/basarabeasca.md\/wp-content\/uploads\/2018\/06\/6.png 365w, https:\/\/basarabeasca.md\/wp-content\/uploads\/2018\/06\/6-150x57.png 150w\" sizes=\"auto, (max-width: 365px) 100vw, 365px\" \/><\/h1>\n<p><a href=\"http:\/\/basarabeasca.md\/wp-content\/uploads\/2018\/11\/Anunt.pdf\">Anunt<\/a><\/p>\n<p>&nbsp;<\/p>\n<p>&nbsp;<\/p>\n<p>&nbsp;<\/p>\n<p>&nbsp;<\/p>\n<hr \/>\n<h1>ANUN\u021a DE PARTICIPARE la procedura de achizi\u021bie public\u0103 de tip CERERE A OFERTELOR DE PRE\u0162URI nr. 18\/00625 16.02.2018<\/h1>\n<p>&nbsp;<\/p>\n<p><img loading=\"lazy\" decoding=\"async\" class=\"size-full wp-image-5523 alignleft\" src=\"http:\/\/basarabeasca.md\/wp-content\/uploads\/2018\/06\/6.png\" alt=\"\" width=\"365\" height=\"138\" srcset=\"https:\/\/basarabeasca.md\/wp-content\/uploads\/2018\/06\/6.png 365w, https:\/\/basarabeasca.md\/wp-content\/uploads\/2018\/06\/6-150x57.png 150w\" sizes=\"auto, (max-width: 365px) 100vw, 365px\" \/><\/p>\n<p><a href=\"http:\/\/basarabeasca.md\/wp-content\/uploads\/2018\/06\/Invitation-3.pdf\">Invitation (3) pdf<\/a><\/p>\n<p>&nbsp;<\/p>\n<p>&nbsp;<\/p>\n<p>&nbsp;<\/p>\n<p>&nbsp;<\/p>\n<hr \/>\n<h1>ANUN\u021a DE PARTICIPARE la procedura de achizi\u021bie public\u0103 de tip CERERE A OFERTELOR DE PRE\u0162URI nr. 18\/00417 02.02.2018<\/h1>\n<h1><img loading=\"lazy\" decoding=\"async\" class=\"size-full wp-image-5523 alignleft\" src=\"http:\/\/basarabeasca.md\/wp-content\/uploads\/2018\/06\/6.png\" alt=\"\" width=\"365\" height=\"138\" srcset=\"https:\/\/basarabeasca.md\/wp-content\/uploads\/2018\/06\/6.png 365w, https:\/\/basarabeasca.md\/wp-content\/uploads\/2018\/06\/6-150x57.png 150w\" sizes=\"auto, (max-width: 365px) 100vw, 365px\" \/><\/h1>\n<p>&nbsp;<\/p>\n<p><a href=\"http:\/\/basarabeasca.md\/wp-content\/uploads\/2018\/06\/Invitation-2.pdf\">Invitation (2) pdf<\/a><\/p>\n<p>&nbsp;<\/p>\n<p>&nbsp;<\/p>\n<p>&nbsp;<\/p>\n<p>&nbsp;<\/p>\n<hr \/>\n<h1>ANUN\u021a DE PARTICIPARE la procedura de achizi\u021bie public\u0103 de tip CERERE A OFERTELOR DE PRE\u0162URI nr. 18\/00289 26.01.2018<\/h1>\n<p><img loading=\"lazy\" decoding=\"async\" class=\"size-full wp-image-5523 alignleft\" src=\"http:\/\/basarabeasca.md\/wp-content\/uploads\/2018\/06\/6.png\" alt=\"\" width=\"365\" height=\"138\" srcset=\"https:\/\/basarabeasca.md\/wp-content\/uploads\/2018\/06\/6.png 365w, https:\/\/basarabeasca.md\/wp-content\/uploads\/2018\/06\/6-150x57.png 150w\" sizes=\"auto, (max-width: 365px) 100vw, 365px\" \/><\/p>\n<p><a href=\"http:\/\/basarabeasca.md\/wp-content\/uploads\/2018\/06\/Invitation-1.pdf\">Invitation (1).\u00a0 pdf<\/a><\/p>\n<p>&nbsp;<\/p>\n<p>&nbsp;<\/p>\n<p>&nbsp;<\/p>\n<p>&nbsp;<\/p>\n<hr \/>\n<h1><strong>ANUN\u021a DE PARTICIPARE la procedura de achizi\u021bie public\u0103 de tip CERERE A OFERTELOR DE PRE\u0162URI<\/strong><\/h1>\n<p><img loading=\"lazy\" decoding=\"async\" class=\"size-full wp-image-4676 alignleft\" src=\"http:\/\/basarabeasca.md\/wp-content\/uploads\/2018\/01\/img.jpg\" alt=\"\" width=\"380\" height=\"156\" srcset=\"https:\/\/basarabeasca.md\/wp-content\/uploads\/2018\/01\/img.jpg 380w, https:\/\/basarabeasca.md\/wp-content\/uploads\/2018\/01\/img-150x62.jpg 150w\" sizes=\"auto, (max-width: 380px) 100vw, 380px\" \/><\/p>\n<p>&nbsp;<\/p>\n<h4><strong><a href=\"http:\/\/basarabeasca.md\/wp-content\/uploads\/2018\/02\/rep-st-epurare.pdf\">rep st epurare.pdf <\/a> <\/strong><\/h4>\n<h4><strong><a href=\"http:\/\/basarabeasca.md\/wp-content\/uploads\/2018\/02\/Invitation-20.pdf\">Invitation (20)\u00a0.pdf<\/a><\/strong><\/h4>\n<h3><\/h3>\n<h3><\/h3>\n<p>&nbsp;<\/p>\n<p>&nbsp;<\/p>\n<p>&nbsp;<\/p>\n<hr \/>\n<h1>INVITA\u021aIE\/ANUN\u021a de participare la Licita\u021bia Public\u0103 ini\u021biat\u0103 \u00een vederea implement\u0103rii, cu suportul UE, a proiectelor GIZ de eficien\u021b\u0103 energetic\u0103<\/h1>\n<p><img loading=\"lazy\" decoding=\"async\" class=\" wp-image-4675 alignleft\" src=\"http:\/\/basarabeasca.md\/wp-content\/uploads\/2018\/01\/img.gif\" alt=\"\" width=\"346\" height=\"346\" \/><\/p>\n<p><strong>Agen\u021bia de Dezvoltare Regional\u0103 Sud, \u00een calitate de autoritate contractant\u0103, anun\u021b\u0103 despre organizarea\u00a0Licita\u021biei Publice nr.18\/02\u00a0ini\u021biate \u00een vederea\u00a0achizi\u021bion\u0103rii\u00a0<\/strong>serviciilor de proiectare investi\u021bii \u00een domeniul cre\u0219terii eficien\u021bei energetice pentru:<\/p>\n<p><strong>\u00a0<\/strong>Lot SE 1 &#8212; Liceul Teoretic \u201eConstantin Sp\u0103taru&#187;, ora\u0219ul Leova;<\/p>\n<p>Lot SE 2 &#8212; Liceul Teoretic \u201eMatei Basarab&#187;, ora\u0219ul Basarabeasca.<\/p>\n<p>Locul eliber\u0103rii documentelor\/caietului de sarcini: bd. \u0218tefan ce Mare, 12, or. Cimi\u0219lia, Republica Moldova.<\/p>\n<p>Locul desf\u0103\u015fur\u0103rii procedurii de achizi\u0163ie public\u0103: bd. \u0218tefan ce Mare, 12, or. Cimi\u0219lia, Republica Moldova.<\/p>\n<p><strong>Termenul de depunere a ofertelor 09.03.2018, ora 10:00.<\/strong><\/p>\n<p><strong>Termenul de desf\u0103\u015furare a procedurii de achizi\u0163ie public\u0103 09.03.2018, ora 10:00.<\/strong><\/p>\n<p>Persoana responsabil\u0103 de procedura de achizi\u021bie:\u00a0<strong>Dorin Coroian, membru al grupului de lucru pentru achizi\u021bii.\u00a0<\/strong><\/p>\n<p>&nbsp;<\/p>\n<p>&nbsp;<\/p>\n<hr \/>\n<p><img loading=\"lazy\" decoding=\"async\" class=\"size-full wp-image-4676 alignleft\" src=\"http:\/\/basarabeasca.md\/wp-content\/uploads\/2018\/01\/img.jpg\" alt=\"\" width=\"380\" height=\"156\" srcset=\"https:\/\/basarabeasca.md\/wp-content\/uploads\/2018\/01\/img.jpg 380w, https:\/\/basarabeasca.md\/wp-content\/uploads\/2018\/01\/img-150x62.jpg 150w\" sizes=\"auto, (max-width: 380px) 100vw, 380px\" \/><\/p>\n<p>&nbsp;<\/p>\n<p><strong>ANUN\u021a DE PARTICIPARE<\/strong><br \/>\n<strong>la procedura de achizi\u021bie public\u0103 de tip CERERE A OFERTELOR DE PRE\u0162URI<\/strong><\/p>\n<p><a href=\"http:\/\/basarabeasca.md\/wp-content\/uploads\/2018\/01\/ANUNT.pdf\">ANUNT<\/a>.pdf<\/p>\n<p>&nbsp;<\/p>\n<p>&nbsp;<\/p>\n<p>&nbsp;<\/p>\n<p>&nbsp;<\/p>\n<hr \/>\n<p style=\"text-align: center;\"><strong>ANUN\u021a DE PARTICIPARE\u00a0\u00a0<\/strong><strong>la procedura de achizi\u021bie<\/strong><\/p>\n<p><img loading=\"lazy\" decoding=\"async\" class=\"size-full wp-image-4676 alignleft\" src=\"http:\/\/basarabeasca.md\/wp-content\/uploads\/2018\/01\/img.jpg\" alt=\"\" width=\"380\" height=\"156\" srcset=\"https:\/\/basarabeasca.md\/wp-content\/uploads\/2018\/01\/img.jpg 380w, https:\/\/basarabeasca.md\/wp-content\/uploads\/2018\/01\/img-150x62.jpg 150w\" sizes=\"auto, (max-width: 380px) 100vw, 380px\" \/><\/p>\n<p style=\"text-align: left;\"><strong>\u0421\u043a\u0430\u0447\u0430\u0442\u044c \u0437\u0434\u0435\u0441\u044c:\u00a0\u00a0<\/strong><a href=\"http:\/\/basarabeasca.md\/wp-content\/uploads\/2018\/01\/Invitation-10.pdf\">Invitation (10) . pdf<\/a><\/p>\n<p>&nbsp;<\/p>\n<p>&nbsp;<\/p>\n<p>&nbsp;<\/p>\n<p>&nbsp;<\/p>\n<hr \/>\n<p>&nbsp;<\/p>\n","protected":false},"excerpt":{"rendered":"<p>Intre\u021binerea \u0219i repara\u021bia drumurilor publice locale din r-l Basarabeasca pentru anul 2025 \u00cenving\u0103tor \u00een Achizi\u021biile publice \u015fi private din Moldova &#8212; Achizitii.md la Intre\u021binerea \u0219i repara\u021bia drumurilor publice locale din r-l Basarabeasca pentru anul 2025 ese S.R.L. SpeedQual Com. Pentru informa\u021bie accesa\u021bi lincul. https:\/\/achizitii.md\/ro\/public\/tender\/21400030\/lot\/12045590\/? ANUN\u021auri\u00a0 DE PARTICIPARE 2024 anunt de participare pdf.signed privind achizi\u021bionarea Replanificarea [&hellip;]<\/p>\n","protected":false},"author":2,"featured_media":0,"parent":0,"menu_order":0,"comment_status":"closed","ping_status":"closed","template":"","meta":{"footnotes":""},"class_list":["post-4574","page","type-page","status-publish","hentry"],"_links":{"self":[{"href":"https:\/\/basarabeasca.md\/ru\/wp-json\/wp\/v2\/pages\/4574","targetHints":{"allow":["GET"]}}],"collection":[{"href":"https:\/\/basarabeasca.md\/ru\/wp-json\/wp\/v2\/pages"}],"about":[{"href":"https:\/\/basarabeasca.md\/ru\/wp-json\/wp\/v2\/types\/page"}],"author":[{"embeddable":true,"href":"https:\/\/basarabeasca.md\/ru\/wp-json\/wp\/v2\/users\/2"}],"replies":[{"embeddable":true,"href":"https:\/\/basarabeasca.md\/ru\/wp-json\/wp\/v2\/comments?post=4574"}],"version-history":[{"count":40,"href":"https:\/\/basarabeasca.md\/ru\/wp-json\/wp\/v2\/pages\/4574\/revisions"}],"predecessor-version":[{"id":13385,"href":"https:\/\/basarabeasca.md\/ru\/wp-json\/wp\/v2\/pages\/4574\/revisions\/13385"}],"wp:attachment":[{"href":"https:\/\/basarabeasca.md\/ru\/wp-json\/wp\/v2\/media?parent=4574"}],"curies":[{"name":"wp","href":"https:\/\/api.w.org\/{rel}","templated":true}]}}