{"id":4546,"date":"2018-01-10T11:41:36","date_gmt":"2018-01-10T09:41:36","guid":{"rendered":"http:\/\/basarabeasca.md\/?page_id=4546"},"modified":"2025-01-24T10:19:08","modified_gmt":"2025-01-24T08:19:08","slug":"%d1%80%d1%83%d1%81%d1%81%d0%ba%d0%b8%d0%b9-%d0%b1%d0%b0%d1%88%d0%ba%d0%b0%d0%bb%d0%b8%d1%8f","status":"publish","type":"page","link":"https:\/\/basarabeasca.md\/ru\/%d1%80%d1%83%d1%81%d1%81%d0%ba%d0%b8%d0%b9-%d0%b1%d0%b0%d1%88%d0%ba%d0%b0%d0%bb%d0%b8%d1%8f\/","title":{"rendered":"\u041f\u0440\u0438\u043c\u044d\u0440\u0438\u044f \u0411\u0430\u0448\u043a\u0430\u043b\u0438\u044f"},"content":{"rendered":"<p><strong>\u041f\u0440\u0438\u043c\u044d\u0440\u0438\u044f \u0441\u0435\u043b\u0430 \u0411\u0430\u0448\u043a\u0430\u043b\u0438\u044f<\/strong><\/p>\n<p><strong>\u041f\u0440\u0438\u043c\u0430\u0440 \u0427\u0435\u0440\u043d\u0430\u0443\u0446\u0430\u043d \u0418\u043b\u044c\u044f<\/strong><\/p>\n<p><strong>\u041a\u043e\u043d\u0442\u0430\u043a\u0442\u044b:<\/strong><\/p>\n<p>tel. 029754236<\/p>\n<p>email: primaria.bascalia@\u043fmail.com<\/p>\n<p><strong>\u0421\u0435\u043a\u0440\u0435\u0442\u0430\u0440\u044c \u043c\u0435\u0441\u0442\u043d\u043e\u0433\u043e \u0441\u043e\u0432\u0435\u0442\u0430 <\/strong>\u0425\u0430\u0440\u0443\u0446\u0430 \u041b\u0430\u0440\u0438\u0441\u0430<\/p>\n<p>tel. 029754225<\/p>\n<p><strong>\u0421\u043f\u0438\u0441\u043e\u043a \u043c\u0435\u0441\u0442\u043d\u044b\u0445 \u0441\u043e\u0432\u0435\u0442\u043d\u0438\u043a\u043e\u0432:<\/strong><\/p>\n<p>&nbsp;<\/p>\n<table id=\"idTableConsilieri\" class=\"table table-condensed border-bottom table-partide-consilieri\">\n<tbody>\n<tr class=\"partid-group-row\">\n<td class=\"partid-logo\"><img loading=\"lazy\" decoding=\"async\" class=\"partid-logo\" src=\"https:\/\/serviciidate.cec.md\/api\/Rotatia\/PartidImagine?partidId=5088\" width=\"61\" height=\"61\" \/><\/td>\n<td colspan=\"9\"><span class=\"partid-denumire\">Partidul Politic \u201ePlatforma Demnitate \u0219i Adev\u0103r\u201d<\/span><span class=\"partid-cod\">(PPPDA)<\/span><\/td>\n<\/tr>\n<tr class=\"consilier-row\">\n<td class=\"spacer\"><\/td>\n<td class=\"numar\">1<\/td>\n<td class=\"numeprenume\">GREC GHEORGHE<\/td>\n<td class=\"an\">1978<\/td>\n<td class=\"document\"><a href=\"https:\/\/a.cec.md\/ro\/cu-privire-la-atribuirea-unui-mandat-de-consilier-in-consiliul-2751_108446.html\" target=\"_blank\" rel=\"noopener\">Hot\u0103r\u00eere nr. 1865 din 15.12.2023, CEC<\/a><\/td>\n<\/tr>\n<tr class=\"consilier-row\">\n<td class=\"spacer\"><\/td>\n<td class=\"numar\">2<\/td>\n<td class=\"numeprenume\">POPOV HARLAMPI<\/td>\n<td class=\"an\">1970<\/td>\n<td class=\"document\">\n<table id=\"idTableConsilieri\" class=\"table table-condensed border-bottom table-partide-consilieri\">\n<tbody>\n<tr class=\"consilier-row\">\n<td class=\"document\"><a href=\"https:\/\/a.cec.md\/ro\/cu-privire-la-atribuirea-unui-mandat-de-consilier-in-consiliul-2751_109566.html\" target=\"_blank\" rel=\"noopener\">Hot\u0103r\u00eere nr. 2403 din 02.04.2024, CEC<\/a><\/td>\n<\/tr>\n<\/tbody>\n<\/table>\n<\/td>\n<\/tr>\n<tr class=\"consilier-row\">\n<td class=\"spacer\"><\/td>\n<td class=\"numar\">3<\/td>\n<td class=\"numeprenume\">IABANJI NATALIA<\/td>\n<td class=\"an\">1978<\/td>\n<td class=\"document\"><a href=\"https:\/\/a.cec.md\/ro\/cu-privire-la-atribuirea-unui-mandat-de-consilier-in-consiliul-2751_108576.html\" target=\"_blank\" rel=\"noopener\">Hot\u0103r\u00eere nr. 1988 din 26.12.2023, CEC<\/a><\/td>\n<\/tr>\n<tr class=\"consilier-row\">\n<td class=\"spacer\"><\/td>\n<td class=\"numar\">4<\/td>\n<td class=\"numeprenume\">PITEL PAVEL<\/td>\n<td class=\"an\">1964<\/td>\n<td class=\"document\">Hot\u0103r\u00eere nr. 9\/2 din 15.11.2023, CECE I<\/td>\n<\/tr>\n<tr class=\"consilier-row\">\n<td class=\"spacer\"><\/td>\n<td class=\"numar\">5<\/td>\n<td class=\"numeprenume\">SCUTARI GHEORGHE<\/td>\n<td class=\"an\">1970<\/td>\n<td class=\"document\">Hot\u0103r\u00eere nr. 9\/2 din 15.11.2023, CECE I<\/td>\n<\/tr>\n<tr class=\"consilier-row\">\n<td class=\"spacer\"><\/td>\n<td class=\"numar\">6<\/td>\n<td class=\"numeprenume\">TARLEV VALENTINA<\/td>\n<td class=\"an\">1975<\/td>\n<td class=\"document\">Hot\u0103r\u00eere nr. 9\/2 din 15.11.2023, CECE I<\/td>\n<\/tr>\n<tr class=\"consilier-row\">\n<td class=\"spacer\"><\/td>\n<td class=\"numar\">7<\/td>\n<td class=\"numeprenume\">VORNIC ZINAIDA<\/td>\n<td class=\"an\">1969<\/td>\n<td class=\"document\">Hot\u0103r\u00eere nr. 9\/2 din 15.11.2023, CECE I<\/td>\n<\/tr>\n<tr class=\"partid-group-separator\">\n<td colspan=\"9\"><\/td>\n<\/tr>\n<tr class=\"partid-group-row\">\n<td colspan=\"9\"><span class=\"partid-denumire\">Candidat independent<\/span><\/td>\n<\/tr>\n<tr class=\"consilier-row\">\n<td class=\"spacer\"><\/td>\n<td class=\"numar\">1<\/td>\n<td class=\"numeprenume\">BORDAN ION<\/td>\n<td class=\"an\">1977<\/td>\n<td class=\"document\">Hot\u0103r\u00eere nr. 9\/2 din 15.11.2023, CECE I<\/td>\n<\/tr>\n<tr class=\"consilier-row\">\n<td class=\"spacer\"><\/td>\n<td class=\"numar\">2<\/td>\n<td class=\"numeprenume\">POPOV ION<\/td>\n<td class=\"an\">1965<\/td>\n<td class=\"document\">Hot\u0103r\u00eere nr. 9\/2 din 15.11.2023, CECE I<\/td>\n<\/tr>\n<tr class=\"partid-group-separator\">\n<td colspan=\"9\"><\/td>\n<\/tr>\n<tr class=\"partid-group-row\">\n<td class=\"partid-logo\"><img loading=\"lazy\" decoding=\"async\" class=\"partid-logo\" src=\"https:\/\/serviciidate.cec.md\/api\/Rotatia\/PartidImagine?partidId=5087\" width=\"62\" height=\"62\" \/><\/td>\n<td colspan=\"9\"><span class=\"partid-denumire\">Partidul Politic \u201ePartidul Ac\u021biune \u0219i Solidaritate\u201d<\/span><span class=\"partid-cod\">(PAS)<\/span><\/td>\n<\/tr>\n<tr class=\"consilier-row\">\n<td class=\"spacer\"><\/td>\n<td class=\"numar\">1<\/td>\n<td class=\"numeprenume\">BORDAN MARIA<\/td>\n<td class=\"an\">1983<\/td>\n<td class=\"document\">Hot\u0103r\u00eere nr. 9\/2 din 15.11.2023, CECE I<\/td>\n<\/tr>\n<tr class=\"consilier-row\">\n<td class=\"spacer\"><\/td>\n<td class=\"numar\">2<\/td>\n<td class=\"numeprenume\">P\u00ceNZARU LUDMILA<\/td>\n<td class=\"an\">1963<\/td>\n<td class=\"document\">Hot\u0103r\u00eere nr. 9\/2 din 15.11.2023, CECE I<\/td>\n<\/tr>\n<tr class=\"partid-group-separator\">\n<td colspan=\"9\"><\/td>\n<\/tr>\n<tr class=\"partid-group-row\">\n<td class=\"partid-logo\"><img loading=\"lazy\" decoding=\"async\" class=\"partid-logo\" src=\"https:\/\/serviciidate.cec.md\/api\/Rotatia\/PartidImagine?partidId=5083\" width=\"72\" height=\"72\" \/><\/td>\n<td colspan=\"9\"><span class=\"partid-denumire\">Partidul Politic \u201ePartidul Sociali\u015ftilor din Republica Moldova\u201d<\/span><span class=\"partid-cod\">(PSRM)<\/span><\/td>\n<\/tr>\n<tr class=\"consilier-row\">\n<td class=\"spacer\"><\/td>\n<td class=\"numar\">1<\/td>\n<td class=\"numeprenume\">TICHEM PETRU<\/td>\n<td class=\"an\">1983<\/td>\n<td class=\"document\">Hot\u0103r\u00eere nr. 9\/2 din 15.11.2023, CECE I<\/td>\n<\/tr>\n<tr class=\"partid-group-separator\">\n<td colspan=\"9\"><\/td>\n<\/tr>\n<tr class=\"partid-group-row\">\n<td class=\"partid-logo\"><img loading=\"lazy\" decoding=\"async\" class=\"partid-logo\" src=\"https:\/\/serviciidate.cec.md\/api\/Rotatia\/PartidImagine?partidId=5104\" width=\"68\" height=\"68\" \/><\/td>\n<td colspan=\"9\"><span class=\"partid-denumire\">Partidul Politic Partidul Social Democrat European<\/span><span class=\"partid-cod\">(PPPSDE)<\/span><\/td>\n<\/tr>\n<tr class=\"consilier-row\">\n<td class=\"spacer\"><\/td>\n<td class=\"numar\">1<\/td>\n<td class=\"numeprenume\">POPOV ION<\/td>\n<td class=\"an\">1967<\/td>\n<td class=\"document\">Hot\u0103r\u00eere nr. 9\/2 din 15.11.2023, CECE I<\/td>\n<\/tr>\n<tr class=\"partid-group-separator\">\n<td colspan=\"9\"><\/td>\n<\/tr>\n<\/tbody>\n<tfoot><\/tfoot>\n<\/table>\n<p>Total de\u021bin\u0103tori de mandate: 13<\/p>\n<p>Total de\u021bin\u0103tori de mandate: 13<\/p>\n<p><strong><br \/>\n\u0418\u043d\u0441\u0442\u0438\u0442\u0443\u0446\u0438\u0438:<\/strong><\/p>\n<p><strong>\u0418\u0441\u0442\u043e\u0440\u0438\u0447\u0435\u0441\u043a\u0430\u044f \u0441\u043f\u0440\u0430\u0432\u043a\u0430.<\/strong><\/p>\n<p>\u0421\u0435\u043b\u0435\u043d\u0438\u0435 \u0411\u0430\u0448\u043a\u0430\u043b\u0438\u044f \u043e\u0441\u043d\u043e\u0432\u0430\u043b\u0438 \u0432 1832 \u0433\u043e\u0434\u0443 \u0431\u043e\u043b\u0433\u0430\u0440\u0441\u043a\u0438\u0435 \u043a\u043e\u043b\u043e\u043d\u0438\u0441\u0442\u044b. \u0421\u043e \u0432\u0440\u0435\u043c\u0435\u043d\u0435\u043c \u0441\u0435\u043b\u043e \u0432\u044b\u0440\u043e\u0441\u043b\u043e, \u0430 \u0435\u0433\u043e \u0436\u0438\u0442\u0435\u043b\u0438 \u0431\u044b\u043b\u0438 \u0430\u0441\u0441\u0438\u043c\u0438\u043b\u0438\u0440\u043e\u0432\u0430\u043d\u044b \u043c\u043e\u043b\u0434\u0430\u0432\u0430\u043d\u0430\u043c\u0438. \u0412 1877 \u0433\u043e\u0434\u0443 \u0432 \u0411\u0430\u0448\u043a\u0430\u043b\u0438\u0438 \u0431\u044b\u043b\u0430 \u0432\u043e\u0437\u0432\u0435\u0434\u0435\u043d\u0430 \u043a\u0430\u043c\u0435\u043d\u043d\u0430\u044f \u0446\u0435\u0440\u043a\u043e\u0432\u044c \u0421\u0432. \u0410\u0440\u0445\u0430\u043d\u0433\u0435\u043b\u0430 \u041c\u0438\u0445\u0430\u0438\u043b\u0430.<\/p>\n<p>\u041a \u043d\u0430\u0447\u0430\u043b\u0443 XX \u0432\u0435\u043a\u0430 \u0441\u0435\u043b\u043e \u0411\u0430\u0448\u043a\u0430\u043b\u0438\u044f \u043d\u0430\u0441\u0447\u0438\u0442\u044b\u0432\u0430\u043b\u043e 196 \u0445\u043e\u0437\u044f\u0439\u0441\u0442\u0432 \u0438 1213 \u0434\u0443\u0448 \u043d\u0430\u0441\u0435\u043b\u0435\u043d\u0438\u044f. \u041a 1926 \u0433\u043e\u0434\u0443 \u0432 \u043d\u0435\u043c \u0444\u0443\u043d\u043a\u0446\u0438\u043e\u043d\u0438\u0440\u043e\u0432\u0430\u043b\u0438 2 \u043d\u0430\u0447\u0430\u043b\u044c\u043d\u044b\u0435 \u0448\u043a\u043e\u043b\u044b, 5 \u0432\u0435\u0442\u0440\u044f\u043d\u044b\u0445 \u043c\u0435\u043b\u044c\u043d\u0438\u0446, \u0446\u0435\u0440\u043a\u043e\u0432\u044c, \u043f\u043e\u0447\u0442\u043e\u0432\u043e\u0435 \u043e\u0442\u0434\u0435\u043b\u0435\u043d\u0438\u0435, 3 \u043a\u043e\u0440\u0447\u043c\u044b<\/p>\n<p>\u041f\u043e \u0434\u0430\u043d\u043d\u044b\u043c \u043f\u0435\u0440\u0435\u043f\u0438\u0441\u0438 2004 \u0433\u043e\u0434\u0430, \u0432 \u0441\u0435\u043b\u0435 \u043f\u0440\u043e\u0436\u0438\u0432\u0430\u044e\u0442 3903 \u0447\u0435\u043b\u043e\u0432\u0435\u043a\u0430: 50,04 % \u2014 \u043c\u0443\u0436\u0447\u0438\u043d\u044b, 49,96 % \u2014 \u0436\u0435\u043d\u0449\u0438\u043d\u044b. \u042d\u0442\u043d\u0438\u0447\u0435\u0441\u043a\u0438\u0439 \u0441\u043e\u0441\u0442\u0430\u0432: 98,54 % \u2014 \u043c\u043e\u043b\u0434\u0430\u0432\u0430\u043d\u0435, 0,15 % \u2014 \u0443\u043a\u0440\u0430\u0438\u043d\u0446\u044b, 0,28 % \u2014 \u0440\u0443\u0441\u0441\u043a\u0438\u0435, 0,92 % \u2014 \u0433\u0430\u0433\u0430\u0443\u0437\u044b, 0,03 % \u2014 \u0431\u043e\u043b\u0433\u0430\u0440\u044b, 0,08 % \u2014 \u043f\u0440\u0435\u0434\u0441\u0442\u0430\u0432\u0438\u0442\u0435\u043b\u0438 \u0434\u0440\u0443\u0433\u0438\u0445 \u043d\u0430\u0446\u0438\u043e\u043d\u0430\u043b\u044c\u043d\u043e\u0441\u0442\u0435\u0439.<\/p>\n<p>\u0412 \u0411\u0430\u0448\u043a\u0430\u043b\u0438\u0438 \u0437\u0430\u0440\u0435\u0433\u0438\u0441\u0442\u0440\u0438\u0440\u043e\u0432\u0430\u043d\u043e 1146 \u0434\u043e\u043c\u0430\u0448\u043d\u0438\u0445 \u0445\u043e\u0437\u044f\u0439\u0441\u0442\u0432, \u043d\u0430 \u043a\u0430\u0436\u0434\u043e\u0435 \u0438\u0437 \u043a\u043e\u0442\u043e\u0440\u044b\u0445 \u0432 \u0441\u0440\u0435\u0434\u043d\u0435\u043c \u043f\u0440\u0438\u0445\u043e\u0434\u0438\u0442\u0441\u044f 3,4 \u0447\u0435\u043b\u043e\u0432\u0435\u043a\u0430.<\/p>\n<p><strong>\u041f\u0440\u0430\u0437\u0434\u043d\u0438\u043a\u0438:<\/strong><\/p>\n<p>21 \u043d\u043e\u044f\u0431\u0440\u044f -\u0425\u0440\u0430\u043c \u0441\u0435\u043b\u0430 \u0411\u0430\u0448\u043a\u0430\u043b\u0438\u044f<\/p>\n<table id=\"idTableConsilieri\" class=\"table table-condensed border-bottom table-partide-consilieri\">\n<tbody>\n<tr class=\"partid-group-row\">\n<td class=\"partid-logo\"><img decoding=\"async\" class=\"partid-logo\" src=\"https:\/\/serviciidate.cec.md\/api\/Rotatia\/PartidImagine?partidId=3840\" \/><\/td>\n<td colspan=\"9\"><span class=\"partid-denumire\">Partidul Democrat din Moldova<\/span><span class=\"partid-cod\">(PDM)<\/span><\/td>\n<\/tr>\n<tr class=\"consilier-row\">\n<td class=\"spacer\"><\/td>\n<td class=\"numar\">1<\/td>\n<td class=\"numeprenume\">DIACOV VLADIMIR<\/td>\n<td class=\"an\">1978<\/td>\n<td class=\"document text-muted\">Atribuire ini\u021bial\u0103<\/td>\n<\/tr>\n<tr class=\"consilier-row\">\n<td class=\"spacer\"><\/td>\n<td class=\"numar\">2<\/td>\n<td class=\"numeprenume\">HARU\u021aA EUGENIA<\/td>\n<td class=\"an\">1963<\/td>\n<td class=\"document\"><a href=\"https:\/\/a.cec.md\/ro\/cu-privire-la-atribuirea-unor-mandate-de-consilier-in-consiliul-2751_95816.html\" target=\"_blank\" rel=\"noopener\">Hot\u0103r\u00eere nr. 3497 din 31.12.2019, CEC<\/a><\/td>\n<\/tr>\n<tr class=\"consilier-row\">\n<td class=\"spacer\"><\/td>\n<td class=\"numar\">3<\/td>\n<td class=\"numeprenume\">IABANJI GHEORGHE<\/td>\n<td class=\"an\">1965<\/td>\n<td class=\"document text-muted\">Atribuire ini\u021bial\u0103<\/td>\n<\/tr>\n<tr class=\"consilier-row\">\n<td class=\"spacer\"><\/td>\n<td class=\"numar\">4<\/td>\n<td class=\"numeprenume\">TICHEM PETRU<\/td>\n<td class=\"an\">1962<\/td>\n<td class=\"document\"><a href=\"https:\/\/a.cec.md\/ro\/cu-privire-la-atribuirea-unor-mandate-de-consilier-in-consiliul-2751_95816.html\" target=\"_blank\" rel=\"noopener\">Hot\u0103r\u00eere nr. 3497 din 31.12.2019, CEC<\/a><\/td>\n<\/tr>\n<tr class=\"consilier-row\">\n<td class=\"spacer\"><\/td>\n<td class=\"numar\">5<\/td>\n<td class=\"numeprenume\">ZLATOV MARIA<\/td>\n<td class=\"an\">1956<\/td>\n<td class=\"document text-muted\">Atribuire ini\u021bial\u0103<\/td>\n<\/tr>\n<tr class=\"consilier-row\">\n<td class=\"spacer\"><\/td>\n<td class=\"numar\">6<\/td>\n<td class=\"numeprenume\">ZLATOV PAVEL<\/td>\n<td class=\"an\">1975<\/td>\n<td class=\"document\"><a href=\"https:\/\/a.cec.md\/ro\/cu-privire-la-atribuirea-unor-mandate-de-consilier-in-consiliul-2751_95816.html\" target=\"_blank\" rel=\"noopener\">Hot\u0103r\u00eere nr. 3497 din 31.12.2019, CEC<\/a><\/td>\n<\/tr>\n<tr class=\"partid-group-separator\">\n<td colspan=\"9\"><\/td>\n<\/tr>\n<tr class=\"partid-group-row\">\n<td class=\"partid-logo\"><img decoding=\"async\" class=\"partid-logo\" src=\"https:\/\/serviciidate.cec.md\/api\/Rotatia\/PartidImagine?partidId=3855\" \/><\/td>\n<td colspan=\"9\"><span class=\"partid-denumire\">Blocul electoral \u201eACUM Platforma DA \u0219i PAS\u201d\u00a0<\/span><span class=\"partid-cod\">(\u201dACUM\u201d DA \u0219i PAS)<\/span><\/td>\n<\/tr>\n<tr class=\"consilier-row\">\n<td class=\"spacer\"><\/td>\n<td class=\"numar\">1<\/td>\n<td class=\"numeprenume\">BORDAN AFANASIE<\/td>\n<td class=\"an\">1976<\/td>\n<td class=\"document text-muted\">Atribuire ini\u021bial\u0103<\/td>\n<\/tr>\n<tr class=\"consilier-row\">\n<td class=\"spacer\"><\/td>\n<td class=\"numar\">2<\/td>\n<td class=\"numeprenume\">BORDAN PETRU<\/td>\n<td class=\"an\">1988<\/td>\n<td class=\"document text-muted\">Atribuire ini\u021bial\u0103<\/td>\n<\/tr>\n<tr class=\"consilier-row\">\n<td class=\"spacer\"><\/td>\n<td class=\"numar\">3<\/td>\n<td class=\"numeprenume\">IABANJI ION<\/td>\n<td class=\"an\">1955<\/td>\n<td class=\"document\"><a href=\"https:\/\/a.cec.md\/ro\/cu-privire-la-atribuirea-unui-mandat-de-consilier-in-consiliul-2751_96770.html\" target=\"_blank\" rel=\"noopener\">Hot\u0103r\u00eere nr. 4053 din 27.07.2020, CEC<\/a><\/td>\n<\/tr>\n<tr class=\"consilier-row\">\n<td class=\"spacer\"><\/td>\n<td class=\"numar\">4<\/td>\n<td class=\"numeprenume\">PITEL FIODOR<\/td>\n<td class=\"an\">1966<\/td>\n<td class=\"document text-muted\">Atribuire ini\u021bial\u0103<\/td>\n<\/tr>\n<tr class=\"partid-group-separator\">\n<td colspan=\"9\"><\/td>\n<\/tr>\n<tr class=\"partid-group-row\">\n<td colspan=\"9\"><span class=\"partid-denumire\">Candidat independent<\/span><\/td>\n<\/tr>\n<tr class=\"consilier-row\">\n<td class=\"spacer\"><\/td>\n<td class=\"numar\">1<\/td>\n<td class=\"numeprenume\">ARNAUT IVAN<\/td>\n<td class=\"an\">1957<\/td>\n<td class=\"document text-muted\">Atribuire ini\u021bial\u0103<\/td>\n<\/tr>\n<tr class=\"consilier-row\">\n<td class=\"spacer\"><\/td>\n<td class=\"numar\">2<\/td>\n<td class=\"numeprenume\">POPOV ION<\/td>\n<td class=\"an\">1965<\/td>\n<td class=\"document text-muted\">Atribuire ini\u021bial\u0103<\/td>\n<\/tr>\n<tr class=\"partid-group-separator\">\n<td colspan=\"9\"><\/td>\n<\/tr>\n<tr class=\"partid-group-row\">\n<td class=\"partid-logo\"><img decoding=\"async\" class=\"partid-logo\" src=\"https:\/\/serviciidate.cec.md\/api\/Rotatia\/PartidImagine?partidId=3847\" \/><\/td>\n<td colspan=\"9\"><span class=\"partid-denumire\">Partidul Politic \u201ePartidul Sociali\u015ftilor din Republica Moldova\u201d<\/span><span class=\"partid-cod\">(PSRM)<\/span><\/td>\n<\/tr>\n<tr class=\"consilier-row\">\n<td class=\"spacer\"><\/td>\n<td class=\"numar\">1<\/td>\n<td class=\"numeprenume\">TICHEM PETRU<\/td>\n<td class=\"an\">1983<\/td>\n<td class=\"document text-muted\">Atribuire ini\u021bial\u0103<\/td>\n<\/tr>\n<\/tbody>\n<\/table>\n<p><\/p>","protected":false},"excerpt":{"rendered":"<p>\u041f\u0440\u0438\u043c\u044d\u0440\u0438\u044f \u0441\u0435\u043b\u0430 \u0411\u0430\u0448\u043a\u0430\u043b\u0438\u044f \u041f\u0440\u0438\u043c\u0430\u0440 \u0427\u0435\u0440\u043d\u0430\u0443\u0446\u0430\u043d \u0418\u043b\u044c\u044f \u041a\u043e\u043d\u0442\u0430\u043a\u0442\u044b: tel. 029754236 email: primaria.bascalia@\u043fmail.com \u0421\u0435\u043a\u0440\u0435\u0442\u0430\u0440\u044c \u043c\u0435\u0441\u0442\u043d\u043e\u0433\u043e \u0441\u043e\u0432\u0435\u0442\u0430 \u0425\u0430\u0440\u0443\u0446\u0430 \u041b\u0430\u0440\u0438\u0441\u0430 tel. 029754225 \u0421\u043f\u0438\u0441\u043e\u043a \u043c\u0435\u0441\u0442\u043d\u044b\u0445 \u0441\u043e\u0432\u0435\u0442\u043d\u0438\u043a\u043e\u0432: &nbsp; Partidul Politic \u201ePlatforma Demnitate \u0219i Adev\u0103r\u201d(PPPDA) 1 GREC GHEORGHE 1978 Hot\u0103r\u00eere nr. 1865 din 15.12.2023, CEC 2 POPOV HARLAMPI 1970 Hot\u0103r\u00eere nr. 2403 din 02.04.2024, CEC 3 IABANJI NATALIA 1978 Hot\u0103r\u00eere nr. 1988 [&hellip;]<\/p>\n","protected":false},"author":2,"featured_media":0,"parent":0,"menu_order":0,"comment_status":"closed","ping_status":"closed","template":"","meta":{"footnotes":""},"class_list":["post-4546","page","type-page","status-publish","hentry"],"_links":{"self":[{"href":"https:\/\/basarabeasca.md\/ru\/wp-json\/wp\/v2\/pages\/4546","targetHints":{"allow":["GET"]}}],"collection":[{"href":"https:\/\/basarabeasca.md\/ru\/wp-json\/wp\/v2\/pages"}],"about":[{"href":"https:\/\/basarabeasca.md\/ru\/wp-json\/wp\/v2\/types\/page"}],"author":[{"embeddable":true,"href":"https:\/\/basarabeasca.md\/ru\/wp-json\/wp\/v2\/users\/2"}],"replies":[{"embeddable":true,"href":"https:\/\/basarabeasca.md\/ru\/wp-json\/wp\/v2\/comments?post=4546"}],"version-history":[{"count":12,"href":"https:\/\/basarabeasca.md\/ru\/wp-json\/wp\/v2\/pages\/4546\/revisions"}],"predecessor-version":[{"id":12997,"href":"https:\/\/basarabeasca.md\/ru\/wp-json\/wp\/v2\/pages\/4546\/revisions\/12997"}],"wp:attachment":[{"href":"https:\/\/basarabeasca.md\/ru\/wp-json\/wp\/v2\/media?parent=4546"}],"curies":[{"name":"wp","href":"https:\/\/api.w.org\/{rel}","templated":true}]}}