{"id":4542,"date":"2018-01-10T11:40:14","date_gmt":"2018-01-10T09:40:14","guid":{"rendered":"http:\/\/basarabeasca.md\/?page_id=4542"},"modified":"2024-03-14T12:37:29","modified_gmt":"2024-03-14T10:37:29","slug":"%d1%80%d1%83%d1%81%d1%81%d0%ba%d0%b8%d0%b9-%d1%81%d0%b0%d0%b4%d0%b0%d0%ba%d0%bb%d0%b8%d1%8f","status":"publish","type":"page","link":"https:\/\/basarabeasca.md\/ru\/%d1%80%d1%83%d1%81%d1%81%d0%ba%d0%b8%d0%b9-%d1%81%d0%b0%d0%b4%d0%b0%d0%ba%d0%bb%d0%b8%d1%8f\/","title":{"rendered":"\u041f\u0440\u0438\u043c\u044d\u0440\u0438\u044f \u0421\u0430\u0434\u0430\u043a\u043b\u0438\u044f"},"content":{"rendered":"<p><strong>\u041f\u0440\u0438\u043c\u044d\u0440\u0438\u044f \u0441\u0435\u043b\u0430<\/strong><\/p>\n<p><strong>\u041f\u0440\u0438\u043c\u0430\u0440 \u0413\u0430\u043b\u0435\u0440\u0443 \u0418\u043e\u043d<\/strong><\/p>\n<p><strong>\u041a\u043e\u043d\u0442\u0430\u043a\u0442\u044b:<\/strong><\/p>\n<p>tel.029757236<\/p>\n<p>e-mail : sadaclia\u0440@gmail.com<\/p>\n<p><strong>\u0421\u0435\u043a\u0440\u0435\u0442\u0430\u0440\u044c \u043c\u0435\u0441\u0442\u043d\u043e\u0433\u043e \u0441\u043e\u0432\u0435\u0442\u0430 <\/strong>\u0413\u0440\u0438\u0431\u0438\u043d\u0435\u0446 \u041d\u0430\u0434\u0435\u0436\u0434\u0430<\/p>\n<p>tel. 029757281<\/p>\n<p><strong>\u0421\u043f\u0438\u0441\u043e\u043a \u043c\u0435\u0441\u0442\u043d\u044b\u0445 \u0441\u043e\u0432\u0435\u0442\u043d\u0438\u043a\u043e\u0432:<\/strong><\/p>\n<div>Lista de\u021bin\u0103torilor de mandate:\u00a0<span id=\"idConsilieriLocalitateDenumire\" class=\"text-info\">Consiliul Local SADACLIA<\/span><span id=\"idScrutinInfo\" class=\"text-danger\"><\/span><\/div>\n<p>&nbsp;<\/p>\n<table id=\"idTableConsilieri\" class=\"table table-condensed border-bottom table-partide-consilieri\">\n<thead><\/thead>\n<tbody>\n<tr class=\"partid-group-row\">\n<td class=\"partid-logo\"><img loading=\"lazy\" decoding=\"async\" class=\"partid-logo\" src=\"https:\/\/serviciidate.cec.md\/api\/Rotatia\/PartidImagine?partidId=5087\" width=\"51\" height=\"51\" \/><\/td>\n<td colspan=\"9\"><span class=\"partid-denumire\">Partidul Politic \u201ePartidul Ac\u021biune \u0219i Solidaritate\u201d<\/span><span class=\"partid-cod\">(PAS)<\/span><\/td>\n<\/tr>\n<tr class=\"consilier-row\">\n<td class=\"spacer\"><\/td>\n<td class=\"numar\">1<\/td>\n<td class=\"numeprenume\">CHIRIAC VEACESLAV<\/td>\n<td class=\"an\">1972<\/td>\n<td class=\"document\"><a href=\"https:\/\/a.cec.md\/ro\/cu-privire-la-atribuirea-unui-mandat-de-consilier-in-consiliul-2751_108789.html\" target=\"_blank\" rel=\"noopener\">Hot\u0103r\u00eere nr. 2154 din 23.01.2024, CEC<\/a><\/td>\n<\/tr>\n<tr class=\"consilier-row\">\n<td class=\"spacer\"><\/td>\n<td class=\"numar\">2<\/td>\n<td class=\"numeprenume\">IAVORSCHI ALIONA<\/td>\n<td class=\"an\">1984<\/td>\n<td class=\"document\">Hot\u0103r\u00eere nr. 31 din 14.11.2023, CECE I<\/td>\n<\/tr>\n<tr class=\"consilier-row\">\n<td class=\"spacer\"><\/td>\n<td class=\"numar\">3<\/td>\n<td class=\"numeprenume\">JALBU ALEXEI<\/td>\n<td class=\"an\">1980<\/td>\n<td class=\"document\">Hot\u0103r\u00eere nr. 31 din 14.11.2023, CECE I<\/td>\n<\/tr>\n<tr class=\"consilier-row\">\n<td class=\"spacer\"><\/td>\n<td class=\"numar\">4<\/td>\n<td class=\"numeprenume\">LUNGU ANDREI<\/td>\n<td class=\"an\">1962<\/td>\n<td class=\"document\">Hot\u0103r\u00eere nr. 31 din 14.11.2023, CECE I<\/td>\n<\/tr>\n<tr class=\"consilier-row\">\n<td class=\"spacer\"><\/td>\n<td class=\"numar\">5<\/td>\n<td class=\"numeprenume\">MAXIMOV ANATOLIE<\/td>\n<td class=\"an\">1979<\/td>\n<td class=\"document\">Hot\u0103r\u00eere nr. 31 din 14.11.2023, CECE I<\/td>\n<\/tr>\n<tr class=\"consilier-row\">\n<td class=\"spacer\"><\/td>\n<td class=\"numar\">6<\/td>\n<td class=\"numeprenume\">MOTROI MARIA<\/td>\n<td class=\"an\">1970<\/td>\n<td class=\"document\">Hot\u0103r\u00eere nr. 31 din 14.11.2023, CECE I<\/td>\n<\/tr>\n<tr class=\"consilier-row\">\n<td class=\"spacer\"><\/td>\n<td class=\"numar\">7<\/td>\n<td class=\"numeprenume\">PISTOL ION<\/td>\n<td class=\"an\">1963<\/td>\n<td class=\"document\">Hot\u0103r\u00eere nr. 31 din 14.11.2023, CECE I<\/td>\n<\/tr>\n<tr class=\"consilier-row\">\n<td class=\"spacer\"><\/td>\n<td class=\"numar\">8<\/td>\n<td class=\"numeprenume\">R\u0102CIL\u0102 IRINA<\/td>\n<td class=\"an\">1980<\/td>\n<td class=\"document\">Hot\u0103r\u00eere nr. 31 din 14.11.2023, CECE I<\/td>\n<\/tr>\n<tr class=\"consilier-row\">\n<td class=\"spacer\"><\/td>\n<td class=\"numar\">9<\/td>\n<td class=\"numeprenume\">SUMAN VALERIU<\/td>\n<td class=\"an\">1981<\/td>\n<td class=\"document\">Hot\u0103r\u00eere nr. 31 din 14.11.2023, CECE I<\/td>\n<\/tr>\n<tr class=\"consilier-row\">\n<td class=\"spacer\"><\/td>\n<td class=\"numar\">10<\/td>\n<td class=\"numeprenume\">V\u00ceLCU SERGIU<\/td>\n<td class=\"an\">1969<\/td>\n<td class=\"document\">Hot\u0103r\u00eere nr. 31 din 14.11.2023, CECE I<\/td>\n<\/tr>\n<tr class=\"partid-group-separator\">\n<td colspan=\"9\"><\/td>\n<\/tr>\n<tr class=\"partid-group-row\">\n<td colspan=\"9\"><span class=\"partid-denumire\">Candidat independent<\/span><\/td>\n<\/tr>\n<tr class=\"consilier-row\">\n<td class=\"spacer\"><\/td>\n<td class=\"numar\">1<\/td>\n<td class=\"numeprenume\">BACIU AURELIU<\/td>\n<td class=\"an\">1970<\/td>\n<td class=\"document\">Hot\u0103r\u00eere nr. 31 din 14.11.2023, CECE I<\/td>\n<\/tr>\n<tr class=\"partid-group-separator\">\n<td colspan=\"9\"><\/td>\n<\/tr>\n<tr class=\"partid-group-row\">\n<td class=\"partid-logo\"><img loading=\"lazy\" decoding=\"async\" class=\"partid-logo\" src=\"https:\/\/serviciidate.cec.md\/api\/Rotatia\/PartidImagine?partidId=5094\" width=\"61\" height=\"61\" \/><\/td>\n<td colspan=\"9\"><span class=\"partid-denumire\">Partidul Politic \u201ePartidul Dezvolt\u0103rii \u015fi Consolid\u0103rii Moldovei\u201d<\/span><span class=\"partid-cod\">(PDCM)<\/span><\/td>\n<\/tr>\n<tr class=\"consilier-row\">\n<td class=\"spacer\"><\/td>\n<td class=\"numar\">1<\/td>\n<td class=\"numeprenume\">PROHNI\u0162CHI ANATOLIE<\/td>\n<td class=\"an\">1976<\/td>\n<td class=\"document\">Hot\u0103r\u00eere nr. 31 din 14.11.2023, CECE I<\/td>\n<\/tr>\n<tr class=\"partid-group-separator\">\n<td colspan=\"9\"><\/td>\n<\/tr>\n<tr class=\"partid-group-row\">\n<td class=\"partid-logo\"><img loading=\"lazy\" decoding=\"async\" class=\"partid-logo\" src=\"https:\/\/serviciidate.cec.md\/api\/Rotatia\/PartidImagine?partidId=5088\" width=\"58\" height=\"58\" \/><\/td>\n<td colspan=\"9\"><span class=\"partid-denumire\">Partidul Politic \u201ePlatforma Demnitate \u0219i Adev\u0103r\u201d<\/span><span class=\"partid-cod\">(PPPDA)<\/span><\/td>\n<\/tr>\n<tr class=\"consilier-row\">\n<td class=\"spacer\"><\/td>\n<td class=\"numar\">1<\/td>\n<td class=\"numeprenume\">GARABA MARIA<\/td>\n<td class=\"an\">1977<\/td>\n<td class=\"document\">Hot\u0103r\u00eere nr. 31 din 14.11.2023, CECE I<\/td>\n<\/tr>\n<tr class=\"partid-group-separator\">\n<td colspan=\"9\"><\/td>\n<\/tr>\n<\/tbody>\n<tfoot><\/tfoot>\n<\/table>\n<p id=\"idConsilieriSummary\">Total de\u021bin\u0103tori de mandate: 13<\/p>\n<p>&nbsp;<\/p>\n<p><strong><br \/>\n\u0418\u0441\u0442\u043e\u0440\u0438\u0447\u0435\u0441\u043a\u0430\u044f \u0441\u043f\u0440\u0430\u0432\u043a\u0430.<\/strong><strong>\u0418\u043d\u0441\u0442\u0438\u0442\u0443\u0446\u0438\u0438:<\/strong><\/p>\n<p><strong>\u041f\u0440\u0430\u0437\u0434\u043d\u0438\u043a\u0438:<\/strong><\/p>\n<p>21\u0441\u0435\u043d\u0442\u044f\u0431\u0440\u044f &#8212; \u0425\u0440\u0430\u043c \u0441\u0435\u043b\u0430 \u0421\u0430\u0434\u0430\u043a\u043b\u0438\u044f<\/p>","protected":false},"excerpt":{"rendered":"<p>\u041f\u0440\u0438\u043c\u044d\u0440\u0438\u044f \u0441\u0435\u043b\u0430 \u041f\u0440\u0438\u043c\u0430\u0440 \u0413\u0430\u043b\u0435\u0440\u0443 \u0418\u043e\u043d \u041a\u043e\u043d\u0442\u0430\u043a\u0442\u044b: tel.029757236 e-mail : sadaclia\u0440@gmail.com \u0421\u0435\u043a\u0440\u0435\u0442\u0430\u0440\u044c \u043c\u0435\u0441\u0442\u043d\u043e\u0433\u043e \u0441\u043e\u0432\u0435\u0442\u0430 \u0413\u0440\u0438\u0431\u0438\u043d\u0435\u0446 \u041d\u0430\u0434\u0435\u0436\u0434\u0430 tel. 029757281 \u0421\u043f\u0438\u0441\u043e\u043a \u043c\u0435\u0441\u0442\u043d\u044b\u0445 \u0441\u043e\u0432\u0435\u0442\u043d\u0438\u043a\u043e\u0432: Lista de\u021bin\u0103torilor de mandate:\u00a0Consiliul Local SADACLIA &nbsp; Partidul Politic \u201ePartidul Ac\u021biune \u0219i Solidaritate\u201d(PAS) 1 CHIRIAC VEACESLAV 1972 Hot\u0103r\u00eere nr. 2154 din 23.01.2024, CEC 2 IAVORSCHI ALIONA 1984 Hot\u0103r\u00eere nr. 31 din 14.11.2023, CECE I 3 [&hellip;]<\/p>\n","protected":false},"author":2,"featured_media":0,"parent":0,"menu_order":0,"comment_status":"closed","ping_status":"closed","template":"","meta":{"footnotes":""},"class_list":["post-4542","page","type-page","status-publish","hentry"],"_links":{"self":[{"href":"https:\/\/basarabeasca.md\/ru\/wp-json\/wp\/v2\/pages\/4542","targetHints":{"allow":["GET"]}}],"collection":[{"href":"https:\/\/basarabeasca.md\/ru\/wp-json\/wp\/v2\/pages"}],"about":[{"href":"https:\/\/basarabeasca.md\/ru\/wp-json\/wp\/v2\/types\/page"}],"author":[{"embeddable":true,"href":"https:\/\/basarabeasca.md\/ru\/wp-json\/wp\/v2\/users\/2"}],"replies":[{"embeddable":true,"href":"https:\/\/basarabeasca.md\/ru\/wp-json\/wp\/v2\/comments?post=4542"}],"version-history":[{"count":7,"href":"https:\/\/basarabeasca.md\/ru\/wp-json\/wp\/v2\/pages\/4542\/revisions"}],"predecessor-version":[{"id":11917,"href":"https:\/\/basarabeasca.md\/ru\/wp-json\/wp\/v2\/pages\/4542\/revisions\/11917"}],"wp:attachment":[{"href":"https:\/\/basarabeasca.md\/ru\/wp-json\/wp\/v2\/media?parent=4542"}],"curies":[{"name":"wp","href":"https:\/\/api.w.org\/{rel}","templated":true}]}}