{"id":4540,"date":"2018-01-10T11:39:27","date_gmt":"2018-01-10T09:39:27","guid":{"rendered":"http:\/\/basarabeasca.md\/?page_id=4540"},"modified":"2025-01-24T10:21:28","modified_gmt":"2025-01-24T08:21:28","slug":"%d1%80%d1%83%d1%81%d1%81%d0%ba%d0%b8%d0%b9-%d0%ba%d0%b0%d1%80%d0%b0%d0%b1%d0%b5%d1%82%d0%be%d0%b2%d0%ba%d0%b0","status":"publish","type":"page","link":"https:\/\/basarabeasca.md\/ru\/%d1%80%d1%83%d1%81%d1%81%d0%ba%d0%b8%d0%b9-%d0%ba%d0%b0%d1%80%d0%b0%d0%b1%d0%b5%d1%82%d0%be%d0%b2%d0%ba%d0%b0\/","title":{"rendered":"\u041f\u0440\u0438\u043c\u044d\u0440\u0438\u044f \u041a\u0430\u0440\u0430\u0431\u0435\u0442\u043e\u0432\u043a\u0430"},"content":{"rendered":"<p><strong>\u041f\u0440\u0438\u043c\u044d\u0440\u0438\u044f \u0441\u0435\u043b\u0430<\/strong><\/p>\n<p><strong>\u041f\u0440\u0438\u043c\u0430\u0440\u00a0<\/strong>\u0420\u044d\u0447\u0438\u043b\u044d \u0421\u0435\u0440\u0433\u0435\u0439<\/p>\n<p><strong>\u041a\u043e\u043d\u0442\u0430\u043a\u0442\u044b:<\/strong><\/p>\n<p>tel.029756236<\/p>\n<p>e-mail: primaria.carabetovca@gmail.com<\/p>\n<p><strong>\u0421\u0435\u043a\u0440\u0435\u0442\u0430\u0440\u044c \u043c\u0435\u0441\u0442\u043d\u043e\u0433\u043e \u0441\u043e\u0432\u0435\u0442\u0430\u00a0<\/strong>\u0422\u043e\u043f\u0430\u0434\u0430 \u041c\u0430\u0440\u0438\u044f<\/p>\n<p>tel. 029756317<\/p>\n<p>&nbsp;<\/p>\n<p><strong>\u0421\u043f\u0438\u0441\u043e\u043a \u043c\u0435\u0441\u0442\u043d\u044b\u0445 \u0441\u043e\u0432\u0435\u0442\u043d\u0438\u043a\u043e\u0432:<\/strong><\/p>\n<div>Lista de\u021bin\u0103torilor de mandate:\u00a0<span id=\"idConsilieriLocalitateDenumire\">Consiliul Local CARABETOVCA<\/span><\/div>\n<table id=\"idTableConsilieri\" class=\"table table-condensed border-bottom table-partide-consilieri\">\n<thead><\/thead>\n<tbody>\n<tr class=\"partid-group-row\">\n<td class=\"partid-logo\"><img loading=\"lazy\" decoding=\"async\" class=\"partid-logo\" src=\"https:\/\/serviciidate.cec.md\/api\/Rotatia\/PartidImagine?partidId=5087\" width=\"62\" height=\"62\" \/><\/td>\n<td colspan=\"9\"><span class=\"partid-denumire\">Partidul Politic \u201ePartidul Ac\u021biune \u0219i Solidaritate\u201d<\/span><span class=\"partid-cod\">(PAS)<\/span><\/td>\n<\/tr>\n<tr class=\"consilier-row\">\n<td class=\"spacer\"><\/td>\n<td class=\"numar\">1<\/td>\n<td class=\"numeprenume\">BOLUN NICOLAE<\/td>\n<td class=\"an\">1947<\/td>\n<td class=\"document\">Hot\u0103r\u00eere nr. 1 din 14.11.2023, CECE I<\/td>\n<\/tr>\n<tr class=\"consilier-row\">\n<td class=\"spacer\"><\/td>\n<td class=\"numar\">2<\/td>\n<td class=\"numeprenume\">CAZACU ION<\/td>\n<td class=\"an\">1959<\/td>\n<td class=\"document\">Hot\u0103r\u00eere nr. 1 din 14.11.2023, CECE I<\/td>\n<\/tr>\n<tr class=\"consilier-row\">\n<td class=\"spacer\"><\/td>\n<td class=\"numar\">3<\/td>\n<td class=\"numeprenume\">SOLONARI VIORICA<\/td>\n<td class=\"an\">1973<\/td>\n<td class=\"document\">Hot\u0103r\u00eere nr. 1 din 14.11.2023, CECE I<\/td>\n<\/tr>\n<tr class=\"consilier-row\">\n<td class=\"spacer\"><\/td>\n<td class=\"numar\">4<\/td>\n<td class=\"numeprenume\">VASLUIAN TATIANA<\/td>\n<td class=\"an\">1975<\/td>\n<td class=\"document\">Hot\u0103r\u00eere nr. 1 din 14.11.2023, CECE I<\/td>\n<\/tr>\n<tr class=\"partid-group-separator\">\n<td colspan=\"9\"><\/td>\n<\/tr>\n<tr class=\"partid-group-row\">\n<td colspan=\"9\"><span class=\"partid-denumire\">Candidat independent<\/span><\/td>\n<\/tr>\n<tr class=\"consilier-row\">\n<td class=\"spacer\"><\/td>\n<td class=\"numar\">1<\/td>\n<td class=\"numeprenume\">R\u0102CIL\u0102 MARIAN<\/td>\n<td class=\"an\">1983<\/td>\n<td class=\"document\">Hot\u0103r\u00eere nr. 1 din 14.11.2023, CECE I<\/td>\n<\/tr>\n<tr class=\"consilier-row\">\n<td class=\"spacer\"><\/td>\n<td class=\"numar\">2<\/td>\n<td class=\"numeprenume\">SP\u00ceNU VICTOR<\/td>\n<td class=\"an\">1979<\/td>\n<td class=\"document\">Hot\u0103r\u00eere nr. 1 din 14.11.2023, CECE I<\/td>\n<\/tr>\n<tr class=\"partid-group-separator\">\n<td colspan=\"9\"><\/td>\n<\/tr>\n<tr class=\"partid-group-row\">\n<td class=\"partid-logo\"><img loading=\"lazy\" decoding=\"async\" class=\"partid-logo\" src=\"https:\/\/serviciidate.cec.md\/api\/Rotatia\/PartidImagine?partidId=5083\" width=\"54\" height=\"54\" \/><\/td>\n<td colspan=\"9\"><span class=\"partid-denumire\">Partidul Politic \u201ePartidul Sociali\u015ftilor din Republica Moldova\u201d<\/span><span class=\"partid-cod\">(PSRM)<\/span><\/td>\n<\/tr>\n<tr class=\"consilier-row\">\n<td class=\"spacer\"><\/td>\n<td class=\"numar\">1<\/td>\n<td class=\"numeprenume\">BUZDUGAN NADEJDA<\/td>\n<td class=\"an\">1975<\/td>\n<td class=\"document\">Hot\u0103r\u00eere nr. 1 din 14.11.2023, CECE I<\/td>\n<\/tr>\n<tr class=\"consilier-row\">\n<td class=\"spacer\"><\/td>\n<td class=\"numar\">2<\/td>\n<td class=\"numeprenume\">CATAN\u0102 IVAN<\/td>\n<td class=\"an\">1966<\/td>\n<td class=\"document\">Hot\u0103r\u00eere nr. 1 din 14.11.2023, CECE I<\/td>\n<\/tr>\n<tr class=\"partid-group-separator\">\n<td colspan=\"9\"><\/td>\n<\/tr>\n<tr class=\"partid-group-row\">\n<td class=\"partid-logo\"><img loading=\"lazy\" decoding=\"async\" class=\"partid-logo\" src=\"https:\/\/serviciidate.cec.md\/api\/Rotatia\/PartidImagine?partidId=5088\" width=\"53\" height=\"53\" \/><\/td>\n<td colspan=\"9\"><span class=\"partid-denumire\">Partidul Politic \u201ePlatforma Demnitate \u0219i Adev\u0103r\u201d<\/span><span class=\"partid-cod\">(PPPDA)<\/span><\/td>\n<\/tr>\n<tr class=\"consilier-row\">\n<td class=\"spacer\"><\/td>\n<td class=\"numar\">1<\/td>\n<td class=\"numeprenume\">CAZACU TUDOR<\/td>\n<td class=\"an\">1957<\/td>\n<td class=\"document\"><a href=\"https:\/\/a.cec.md\/ro\/cu-privire-la-atribuirea-unui-mandat-de-consilier-in-consiliul-2751_109567.html\" target=\"_blank\" rel=\"noopener\">Hot\u0103r\u00eere nr. 2404 din 02.04.2024, CEC<\/a><\/td>\n<\/tr>\n<tr class=\"partid-group-separator\">\n<td colspan=\"9\"><\/td>\n<\/tr>\n<\/tbody>\n<tfoot><\/tfoot>\n<\/table>\n<p id=\"idConsilieriSummary\">Total de\u021bin\u0103tori de mandate: 9<\/p>\n<p>&nbsp;<\/p>\n<p><strong>\u0418\u0441\u0442\u043e\u0440\u0438\u0447\u0435\u0441\u043a\u0430\u044f \u0441\u043f\u0440\u0430\u0432\u043a\u0430.<\/strong><strong>\u0418\u043d\u0441\u0442\u0438\u0442\u0443\u0446\u0438\u0438:<\/strong><\/p>\n<p>\u0421\u0435\u043b\u043e \u041a\u0430\u0440\u0430\u0431\u0435\u0442\u043e\u0432\u043a\u0430 \u0432\u043f\u0435\u0440\u0432\u044b\u0435 \u0443\u043f\u043e\u043c\u0438\u043d\u0430\u0435\u0442\u0441\u044f \u0432 \u0434\u043e\u043a\u0443\u043c\u0435\u043d\u0442\u0430\u0445\u00a0<a href=\"http:\/\/m.moldovenii.md\/ru\/events\/27\/4\">27 \u0430\u043f\u0440\u0435\u043b\u044f<\/a>\u00a01833 \u0433\u043e\u0434\u0430. \u0421\u0447\u0438\u0442\u0430\u0435\u0442\u0441\u044f, \u0447\u0442\u043e \u0441\u0435\u043b\u0435\u043d\u0438\u0435 \u0432\u043e\u0437\u043d\u0438\u043a\u043b\u043e \u0432 \u043f\u043e\u043c\u0435\u0441\u0442\u044c\u0435 \u0431\u043e\u044f\u0440\u0438\u043d\u0430 \u0413\u0440\u0438\u0433\u043e\u0440\u0438\u044f \u041a\u0430\u0440\u0430\u0431\u0435\u0442\u0430.<\/p>\n<p>\u041d\u0430 \u0442\u0435\u0440\u0440\u0438\u0442\u043e\u0440\u0438\u0438 \u041a\u0430\u0440\u0430\u0431\u0435\u0442\u043e\u0432\u043a\u0438 \u0430\u0440\u0445\u0435\u043e\u043b\u043e\u0433\u0438 \u043e\u0431\u043d\u0430\u0440\u0443\u0436\u0438\u043b\u0438 \u0442\u0440\u0438 \u043a\u0443\u0440\u0433\u0430\u043d\u0430, \u0432 \u043e\u0434\u043d\u043e\u043c \u0438\u0437 \u043a\u043e\u0442\u043e\u0440\u044b\u0445 \u0435\u0441\u0442\u044c 13 \u043f\u043e\u0433\u0440\u0435\u0431\u0435\u043d\u0438\u0439 \u0438 \u043d\u0435\u0441\u043a\u043e\u043b\u044c\u043a\u043e \u043f\u0440\u0435\u0434\u043c\u0435\u0442\u043e\u0432 (\u0433\u043b\u0438\u043d\u044f\u043d\u044b\u0439 \u0441\u043e\u0441\u0443\u0434, \u0436\u0435\u043b\u0435\u0437\u043d\u044b\u0439 \u043c\u0435\u0447) \u0440\u0430\u0437\u043d\u044b\u0445 \u044d\u043f\u043e\u0445.<\/p>\n<p>\u0412 1865 \u0433\u043e\u0434\u0443 \u0437\u0435\u043c\u043b\u0438 \u0441\u0435\u043b\u0430 \u041a\u0430\u0440\u0430\u0431\u0435\u0442\u043e\u0432\u043a\u0430 \u043f\u0435\u0440\u0435\u0448\u043b\u0438 \u0432 \u0441\u043e\u0431\u0441\u0442\u0432\u0435\u043d\u043d\u043e\u0441\u0442\u044c \u043a\u0443\u043f\u0446\u0430 \u041e\u0445\u0430\u043d\u043e\u0432\u0430 \u0438 \u043a\u043e\u043b\u043e\u043d\u0438\u0441\u0442\u0430 \u041a\u043e\u0438\u0447\u0430. \u041a 1869 \u0433\u043e\u0434\u0443 \u0441\u0435\u043b\u043e \u043d\u0430\u0441\u0447\u0438\u0442\u044b\u0432\u0430\u043b\u043e 12 \u0434\u043e\u043c\u043e\u0432 \u0438 64 \u0434\u0443\u0448\u0438 \u043d\u0430\u0441\u0435\u043b\u0435\u043d\u0438\u044f. \u0412 \u043a\u043e\u043d\u0446\u0435 XIX \u0432\u0435\u043a\u0430 \u0432 \u041a\u0430\u0440\u0430\u0431\u0435\u0442\u043e\u0432\u043a\u0435 \u043e\u0442\u043a\u0440\u044b\u043b\u0430\u0441\u044c \u043d\u0430\u0447\u0430\u043b\u044c\u043d\u0430\u044f \u0448\u043a\u043e\u043b\u0430.<\/p>\n<p>\u041a 1923 \u0433\u043e\u0434\u0443 \u0432 \u0441\u0435\u043b\u0435 \u043f\u0440\u043e\u0436\u0438\u0432\u0430\u043b\u043e 640 \u0447\u0435\u043b\u043e\u0432\u0435\u043a. \u0412 1928 \u0433\u043e\u0434\u0443 \u043d\u0430\u0447\u0430\u043b\u043e\u0441\u044c \u0441\u0442\u0440\u043e\u0438\u0442\u0435\u043b\u044c\u0441\u0442\u0432\u043e \u0446\u0435\u0440\u043a\u0432\u0438. \u0417\u0430\u0432\u0435\u0440\u0448\u0438\u043b\u0438\u0441\u044c \u0440\u0430\u0431\u043e\u0442\u044b \u0432 1937-\u043c.<\/p>\n<p>\u0412 \u043f\u043e\u0441\u043b\u0435\u0432\u043e\u0435\u043d\u043d\u044b\u0435 \u0433\u043e\u0434\u044b \u0432 \u041a\u0430\u0440\u0430\u0431\u0435\u0442\u043e\u0432\u043a\u0435 \u0431\u044b\u043b \u043e\u0431\u0440\u0430\u0437\u043e\u0432\u0430\u043d \u043a\u043e\u043b\u0445\u043e\u0437 \u0438\u043c. 1 \u041c\u0430\u044f. \u0425\u043e\u0437\u044f\u0439\u0441\u0442\u0432\u043e \u0441\u043f\u0435\u0446\u0438\u0430\u043b\u0438\u0437\u0438\u0440\u043e\u0432\u0430\u043b\u043e\u0441\u044c \u043d\u0430 \u0432\u0438\u043d\u043e\u0433\u0440\u0430\u0434\u0430\u0440\u0441\u0442\u0432\u0435 \u0438 \u0441\u0430\u0434\u043e\u0432\u043e\u0434\u0441\u0442\u0432\u0435, \u0432\u043e\u0437\u0434\u0435\u043b\u044b\u0432\u0430\u043d\u0438\u0438 \u0437\u0435\u0440\u043d\u043e\u0432\u044b\u0445, \u0442\u0435\u0445\u043d\u0438\u0447\u0435\u0441\u043a\u0438\u0445 \u043a\u0443\u043b\u044c\u0442\u0443\u0440, \u0430 \u0442\u0430\u043a\u0436\u0435 \u043d\u0430 \u0436\u0438\u0432\u043e\u0442\u043d\u043e\u0432\u043e\u0434\u0441\u0442\u0432\u0435.<\/p>\n<p>\u041f\u043e \u0434\u0430\u043d\u043d\u044b\u043c \u043f\u0435\u0440\u0435\u043f\u0438\u0441\u0438 2004 \u0433\u043e\u0434\u0430, \u0432 \u0441\u0435\u043b\u0435 \u043f\u0440\u043e\u0436\u0438\u0432\u0430\u044e\u0442 1840 \u0447\u0435\u043b\u043e\u0432\u0435\u043a: 49,13 % \u2014 \u043c\u0443\u0436\u0447\u0438\u043d\u044b, 50,87 % \u2014 \u0436\u0435\u043d\u0449\u0438\u043d\u044b. \u042d\u0442\u043d\u0438\u0447\u0435\u0441\u043a\u0438\u0439 \u0441\u043e\u0441\u0442\u0430\u0432: 97,93 % \u2014 \u043c\u043e\u043b\u0434\u0430\u0432\u0430\u043d\u0435, 0,54 % \u2014 \u0443\u043a\u0440\u0430\u0438\u043d\u0446\u044b, 0,11 % \u2014 \u0440\u0443\u0441\u0441\u043a\u0438\u0435, 0,43 % \u2014 \u0433\u0430\u0433\u0430\u0443\u0437\u044b, 0,82 % \u2014 \u0446\u044b\u0433\u0430\u043d\u0435, 0,16 % \u2014 \u043f\u0440\u0435\u0434\u0441\u0442\u0430\u0432\u0438\u0442\u0435\u043b\u0438 \u0434\u0440\u0443\u0433\u0438\u0445 \u043d\u0430\u0446\u0438\u043e\u043d\u0430\u043b\u044c\u043d\u043e\u0441\u0442\u0435\u0439.<\/p>\n<p>\u0412 \u041a\u0430\u0440\u0430\u0431\u0435\u0442\u043e\u0432\u043a\u0435 \u0437\u0430\u0440\u0435\u0433\u0438\u0441\u0442\u0440\u0438\u0440\u043e\u0432\u0430\u043d\u043e 553 \u0434\u043e\u043c\u0430\u0448\u043d\u0438\u0445 \u0445\u043e\u0437\u044f\u0439\u0441\u0442\u0432\u0430, \u043d\u0430 \u043a\u0430\u0436\u0434\u043e\u0435 \u0438\u0437 \u043a\u043e\u0442\u043e\u0440\u044b\u0445 \u0432 \u0441\u0440\u0435\u0434\u043d\u0435\u043c \u043f\u0440\u0438\u0445\u043e\u0434\u0438\u0442\u0441\u044f 3,3 \u0447\u0435\u043b\u043e\u0432\u0435\u043a\u0430.<\/p>\n<p><strong>\u041f\u0440\u0430\u0437\u0434\u043d\u0438\u043a\u0438:<\/strong><\/p>\n<p>14 \u043e\u043a\u0442\u044f\u0431\u0440\u044f &#8212; \u0425\u0440\u0430\u043c \u0441\u0435\u043b\u0430 \u041a\u0430\u0440\u0430\u0431\u0435\u0442\u043e\u0432\u043a\u0430<\/p>","protected":false},"excerpt":{"rendered":"<p>\u041f\u0440\u0438\u043c\u044d\u0440\u0438\u044f \u0441\u0435\u043b\u0430 \u041f\u0440\u0438\u043c\u0430\u0440\u00a0\u0420\u044d\u0447\u0438\u043b\u044d \u0421\u0435\u0440\u0433\u0435\u0439 \u041a\u043e\u043d\u0442\u0430\u043a\u0442\u044b: tel.029756236 e-mail: primaria.carabetovca@gmail.com \u0421\u0435\u043a\u0440\u0435\u0442\u0430\u0440\u044c \u043c\u0435\u0441\u0442\u043d\u043e\u0433\u043e \u0441\u043e\u0432\u0435\u0442\u0430\u00a0\u0422\u043e\u043f\u0430\u0434\u0430 \u041c\u0430\u0440\u0438\u044f tel. 029756317 &nbsp; \u0421\u043f\u0438\u0441\u043e\u043a \u043c\u0435\u0441\u0442\u043d\u044b\u0445 \u0441\u043e\u0432\u0435\u0442\u043d\u0438\u043a\u043e\u0432: Lista de\u021bin\u0103torilor de mandate:\u00a0Consiliul Local CARABETOVCA Partidul Politic \u201ePartidul Ac\u021biune \u0219i Solidaritate\u201d(PAS) 1 BOLUN NICOLAE 1947 Hot\u0103r\u00eere nr. 1 din 14.11.2023, CECE I 2 CAZACU ION 1959 Hot\u0103r\u00eere nr. 1 din 14.11.2023, CECE I 3 SOLONARI VIORICA [&hellip;]<\/p>\n","protected":false},"author":2,"featured_media":0,"parent":0,"menu_order":0,"comment_status":"closed","ping_status":"closed","template":"","meta":{"footnotes":""},"class_list":["post-4540","page","type-page","status-publish","hentry"],"_links":{"self":[{"href":"https:\/\/basarabeasca.md\/ru\/wp-json\/wp\/v2\/pages\/4540","targetHints":{"allow":["GET"]}}],"collection":[{"href":"https:\/\/basarabeasca.md\/ru\/wp-json\/wp\/v2\/pages"}],"about":[{"href":"https:\/\/basarabeasca.md\/ru\/wp-json\/wp\/v2\/types\/page"}],"author":[{"embeddable":true,"href":"https:\/\/basarabeasca.md\/ru\/wp-json\/wp\/v2\/users\/2"}],"replies":[{"embeddable":true,"href":"https:\/\/basarabeasca.md\/ru\/wp-json\/wp\/v2\/comments?post=4540"}],"version-history":[{"count":11,"href":"https:\/\/basarabeasca.md\/ru\/wp-json\/wp\/v2\/pages\/4540\/revisions"}],"predecessor-version":[{"id":12999,"href":"https:\/\/basarabeasca.md\/ru\/wp-json\/wp\/v2\/pages\/4540\/revisions\/12999"}],"wp:attachment":[{"href":"https:\/\/basarabeasca.md\/ru\/wp-json\/wp\/v2\/media?parent=4540"}],"curies":[{"name":"wp","href":"https:\/\/api.w.org\/{rel}","templated":true}]}}