{"id":454,"date":"2016-02-22T10:11:12","date_gmt":"2016-02-22T10:11:12","guid":{"rendered":"http:\/\/demo.smartstudio.md\/basarabeasca.md\/?page_id=454"},"modified":"2026-01-14T10:00:46","modified_gmt":"2026-01-14T08:00:46","slug":"sectia-cultura","status":"publish","type":"page","link":"https:\/\/basarabeasca.md\/ru\/sectia-cultura\/","title":{"rendered":"\u041e\u0442\u0434\u0435\u043b \u043a\u0443\u043b\u044c\u0442\u0443\u0440\u044b"},"content":{"rendered":"<p>adresa:MD-6702, or.Basarabeasca str.K.Marx 55<\/p>\n<p>E-mail : culturabasarabeasca@gmail.com<\/p>\n<hr \/>\n<table>\n<tbody>\n<tr>\n<td width=\"42\"><strong>\u00a0<\/strong><\/p>\n<p><strong>Nr. d\/o<\/strong><\/td>\n<td width=\"162\"><strong>\u00a0<\/strong><\/p>\n<p><strong>Numele,<\/strong><\/p>\n<p><strong>prenumele<\/strong><\/td>\n<td width=\"175\"><strong>\u00a0<\/strong><\/p>\n<p><strong>Locul de munc\u0103,<\/strong><\/p>\n<p><strong>func\u0163ia<\/strong><\/td>\n<td width=\"155\"><strong>\u00a0<\/strong><\/p>\n<p><strong>Telefoane de contact<\/strong><\/td>\n<\/tr>\n<tr>\n<td width=\"42\">&nbsp;<\/p>\n<p>1.<\/td>\n<td width=\"162\">&nbsp;<\/p>\n<p>Baciu Olga<\/td>\n<td width=\"175\">&nbsp;<\/p>\n<p>\u015eef Sec\u0163ie<\/td>\n<td width=\"155\">&nbsp;<\/p>\n<p>0297 21\u00a0043<\/p>\n<p>&nbsp;<\/td>\n<\/tr>\n<tr>\n<td width=\"42\"><\/td>\n<td width=\"162\"><\/td>\n<td width=\"175\">&nbsp;<\/p>\n<p>Specialist principal<\/td>\n<td width=\"155\">&nbsp;<\/p>\n<p>0297 21\u00a0043<\/td>\n<\/tr>\n<tr>\n<td width=\"42\">3.<\/p>\n<p>&nbsp;<\/p>\n<p>4.<\/td>\n<td width=\"162\">&nbsp;<\/p>\n<p>&nbsp;<\/p>\n<p>Nicolaeva Valentina<\/td>\n<td width=\"175\">Specialist<\/p>\n<p>&nbsp;<\/p>\n<p>Specialist principal<\/td>\n<td width=\"155\">0297 21\u00a0043<\/td>\n<\/tr>\n<\/tbody>\n<\/table>\n<hr \/>\n<p><a href=\"http:\/\/basarabeasca.md\/wp-content\/uploads\/2018\/01\/Regulamentul-Sec\u0163ia-cultur\u0103.docx\">Regulamentul Sec\u0163ia cultur\u0103<\/a><\/p>\n<hr \/>\n<p><a href=\"http:\/\/basarabeasca.md\/wp-content\/uploads\/2021\/09\/Planul-anual-de-actiuni-al-Sectiei-cultura-CR-Basarabeasca-anul-2021.pdf\">Planul anual de ac\u021biuni al Sec\u021biei cultur\u0103 CR Basarabeasca anul 2021<\/a><\/p>\n<hr \/>\n<p style=\"text-align: right;\">Anex\u0103 la decizia Consiliului raional Basarabeasca<\/p>\n<p style=\"text-align: right;\">nr. 04\/10 din 10.06.2016<\/p>\n<p style=\"text-align: center;\"><strong>Regulamentul<\/strong><\/p>\n<p style=\"text-align: center;\"><strong>Sec\u0163iei cultur\u0103 a Consiliului raional Basarabeasca<\/strong><\/p>\n<p>&nbsp;<\/p>\n<ol>\n<li><strong> Dispozi\u021bii generale<\/strong><\/li>\n<\/ol>\n<p><strong>\u00a0<\/strong><\/p>\n<p>1.1 Prezentul Regulament stabile\u015fte sarcinile, atribu\u0163iile \u015fi drepturile principale ale Sec\u0163iei Cultur\u0103.<\/p>\n<p>&nbsp;<\/p>\n<p>1.2 Sec\u0163ia cultur\u0103 (\u00een continuare &#8212; Sec\u0163ia) este organul care realizeaz\u0103 politica statului \u015fi raionului \u00een domeniul culturii \u00een teritoriu \u015fi \u00ee\u015fi desf\u0103\u015foar\u0103 activitatea \u00een corespundere cu legisla\u0163ia \u00een vigoare, actele normative emise de Ministerul Culturii \u015fi organele administra\u0163iei publice locale.<\/p>\n<p>1.3 \u00cen activitatea sa Sec\u0163ia cultur\u0103 se c\u0103l\u0103uze\u015fte de legisla\u0163ia \u00een vigoare, deciziile Consiliului raional, dispozi\u0163iile pre\u015fedintelui raionului, ordinile Ministerului Culturii, Ministerului Tineretului \u015fi Sportului, precum \u015fi de alte acte normative \u015fi legislative.<\/p>\n<p>1.4 \u00cen solu\u0163ionarea chestiunilor ce \u0163in de competen\u0163a sa, Sec\u0163ia cultur\u0103 conlucreaz\u0103 cu direc\u0163iile, sec\u0163iile \u0219i serviciile Consiliului raional, subdiviziunile \u015fi serviciile autorit\u0103\u0163ilor publice locale din teritoriu, organiza\u0163iile de profil, institu\u0163iile de \u00eenv\u0103\u0163\u0103m\u00e2nt etc, prezint\u0103 informa\u0163ii despre ac\u0163iunile desf\u0103\u015furate \u00een raion.<\/p>\n<p>1.5 Speciali\u015ftii Sec\u0163iei sunt func\u0163ionari publici, av\u00e2nd drepturi, obliga\u0163iuni \u015fi garan\u0163ii sociale, stabilite de Legea cu privire la func\u0163ia public\u0103 \u015fi statutul func\u0163ionarului public.<\/p>\n<p>1.6 Sec\u0163ia este subordonat\u0103 Ministerului Culturii, Ministerului Tineretului \u015fi Sportului \u00a0\u00een domeniile metodologie \u015fi politica cultural\u0103 \u015fi Consiliului raional \u2013 \u00een domeniile administrare \u015fi asigurare financiar\u0103.<\/p>\n<p>1.7 Sec\u0163ia nu dispune de statut de persoana juridic\u0103 \u0219i este o subdiviziune a Consiliului raional. Sec\u021bia cultur\u0103 dispune de \u015ftampil\u0103 cu imaginea Stemei de Stat a Republicii Moldova \u015fi cu denumirea deplin\u0103 a institu\u0163iei, foaie cu antet \u00een limba de stat.<\/p>\n<p><strong>\u00a0<\/strong><\/p>\n<ol>\n<li><strong> Sarcinile Sec\u0163iei cultur\u0103<\/strong><\/li>\n<\/ol>\n<p>2.1 Realizarea politicii de stat \u00een domeniul culturii, tineretului \u015fi sportului \u00een teritoriul raionului.<\/p>\n<p>&nbsp;<\/p>\n<p>2.2 Studiaz\u0103 aspectele \u0219i tendin\u021bele dezvolt\u0103rii culturii \u00een vederea elabor\u0103rii strategiei cultural de perspectiv\u0103 \u00een teritoriu.<\/p>\n<p>&nbsp;<\/p>\n<p>2.3 Asigur\u0103 aplicarea \u00een teritoriu a strategiei privind identitatea, protec\u021bia, conservarea, restaurarea \u0219i valorificare a monumentelor istorice.<\/p>\n<p>&nbsp;<\/p>\n<p>2.4 Supravegheaz\u0103 promovarea politicii na\u021bionale unice \u00een activitatea bibliotecilor din raion, reglamenteaz\u0103 \u0219i asigur\u0103 controlul respect\u0103rii legisla\u021biei \u00een domeniul culturii.<\/p>\n<p>2.5 Elaborarea \u00een baza programelor de stat a programelor raionale de dezvoltare \u015fi ocrotire a culturii, artei, \u00eendeplinirea planului de ac\u0163iuni privind dezvoltarea culturii \u015fi sportului, ap\u0103rarea drepturilor \u015fi intereselor social-economice \u015fi spirituale ale tineretului, promovarea \u015fi valorificarea poten\u0163ialului creator al popula\u0163iei din teritoriu implicate \u00een ac\u0163iunile din domeniul culturii \u015fi sportului.<\/p>\n<p>2.6 Elaborarea programului de activitate anual \u015fi realizarea acestuia.<\/p>\n<p>2.7 Asigurarea condi\u0163iilor pentru buna func\u0163ionare a organiza\u0163iilor de tineret, localurilor de cultur\u0103 \u015fi sportive din raion.<\/p>\n<p>2.8 Sus\u0163inerea ini\u0163iativelor institu\u0163iilor de profil \u00eentru elaborarea programelor \u015fi proiectelor, orientate spre organizarea timpului liber \u015fi odihnei popula\u0163iei din raion.<\/p>\n<p>2.9 Colaborarea cu uniunile \u015fi asocia\u0163iile de crea\u0163ie, organiza\u0163iile \u015fi structurile de tineret \u015fi sportive din Republic\u0103 \u015fi de peste hotare, \u015fi realizarea ac\u0163iunilor comune.<\/p>\n<p><strong>III. Atribu\u0163iile Sec\u0163iei cultur\u0103<\/strong><\/p>\n<p>3.1 Desf\u0103\u015foar\u0103 activit\u0103\u0163i cultural-artistice, cognitive \u015fi sportive \u00een colaborare cu Direc\u0163ia \u00eenv\u0103\u0163\u0103m\u00e2nt general Basarabeasca \u015fi organiza\u0163iile de tineret din teritoriul raionului.<\/p>\n<p>3.2 Acord\u0103 ajutor asocia\u0163iilor de tineret, oamenilor de art\u0103 activi\u015ftilor din domeniul culturii \u015fi sportului, tinerilor la solu\u0163ionarea problemelor social-economice \u015fi culturale.<\/p>\n<p>3.3 Asigur\u0103 organizarea \u015fi coordonarea activit\u0103\u0163ii institu\u0163iilor de cultur\u0103, cluburilor sportive \u015fi de cultur\u0103 fizic\u0103 amplasate \u00een teritoriul raionului.<\/p>\n<p>3.4 Desf\u0103\u015foar\u0103 festivit\u0103\u0163i \u015fi manifest\u0103ri culturale, competi\u0163ii sportive, seminare \u015fi mese rotunde, alte ac\u0163iuni de mas\u0103 cu caracter cultural-cognitiv, educativ \u015fi de agrement.<\/p>\n<p>3.5 Conlucreaz\u0103 cu speciali\u015ftii \u015fi angaja\u0163ii prim\u0103riilor locale responsabili de solu\u0163ionarea problemelor tineretului, culturii \u015fi sportului.<\/p>\n<p>3.6 Elaboreaz\u0103 \u015fi asigur\u0103 relizarea programului de activitate al Sec\u0163iei, planului calendaristic al ac\u0163iunilor cultural-artistice, sportive \u015fi pentru tineret.<\/p>\n<p>3.7 Monitorizeaz\u0103 desf\u0103\u015furarea ac\u0163iunilor cultural-artistice, ac\u0163iunilor pentru tineret \u015fi competi\u0163iilor sportive programate \u015fi desf\u0103\u015furate \u00een teritoriul raionului.<\/p>\n<p>&nbsp;<\/p>\n<p>3.8 Organizeaz\u0103 de comun cu prim\u0103riile, UAT din raion, Direc\u0163ia \u00eenv\u0103\u0163\u0103m\u00e2nt general, competi\u0163ii sportive, festivaluri \u015fi concursuri ale colectivelor artistice de amatori.<\/p>\n<p>3.9 Organizeaz\u0103 concerte cu participarea colectivelor de crea\u0163ie, asigur\u0103 evoluarea colectivelor artistice la ac\u0163iunile culturale din raion, republicane \u015fi interna\u0163ionale.<\/p>\n<p>3.10 Atrage poten\u0163ialul intelectualit\u0103\u0163ii \u00een scopul educa\u0163iei spirituale, estetice a tineretului, precum \u015fi educa\u0163ia atitudinii respectuoase fa\u0163\u0103 de istorie, cultur\u0103, obiceiuri \u015fi tradi\u0163ii na\u0163ionale.<\/p>\n<p>3.11 Informeaz\u0103 mass-media, opinia public\u0103 despre realizarea \u015fi desf\u0103\u015furarea ac\u0163iunilor cultural-artistice \u015fi sportive din raion.<\/p>\n<p>&nbsp;<\/p>\n<ol>\n<li><strong> Drepturile Sec\u0163iei cultur\u0103<\/strong><\/li>\n<\/ol>\n<p>4.1 S\u0103 solicite, \u00een modul stabilit de legisla\u0163ie, de la \u00eentreprinderi, institu\u0163ii, organiza\u0163ii, informa\u0163ii ce vizeaz\u0103 problemele tineretului, culturii \u015fi sportului.<\/p>\n<p>4.2 S\u0103 antreneze, sub diferite forme organizatorice, reprezentan\u0163i ai institu\u0163iilor de stat, ai administr\u0103rii locale la examinarea \u015fi solu\u0163ionarea problemelor ce \u0163in de domeniul culturii, artei, tineretului \u015fi sportului.<\/p>\n<p>4.3 S\u0103 creeze comisii, grupuri de lucru pentru organizarea \u015fi desf\u0103\u015furarea ac\u0163iunilor cultural- artistice pentru tineret, competi\u0163ii sportive, examinarea \u015fi solu\u0163ionarea problemelor culturii, artelor si sportului.<\/p>\n<p>4.4 S\u0103 ia cuno\u015ftin\u0163\u0103 de activitatea unor organiza\u0163ii, servicii, institu\u0163ii, \u00eentreprinderi \u00een problemele ce \u0163in de competen\u0163a Sec\u0163iei.<\/p>\n<p>4.5 S\u0103 elaboreze \u015fi s\u0103 asigure realizarea programelor cultural-artistice, de tineret \u015fi sportive, ini\u0163iate \u00een comun cu diverse structuri din raion.<\/p>\n<p>&nbsp;<\/p>\n<p>4.6 S\u0103 \u00eenainteze spre examinare la \u015fedin\u0163ele Consiliului raional Basarabeasca chestiuni ce \u0163in de problemele culturii, tineretului \u015fi sportului.<\/p>\n<p>4.8 S\u0103 efectueze alte ac\u0163iuni prev\u0103zute de legisla\u0163ia \u00een vigoare.<\/p>\n<ol>\n<li><strong> Organizarea activit\u0103\u0163ii Sec\u0163iei cultur\u0103<\/strong><\/li>\n<\/ol>\n<p>5.1 Sec\u0163ia cultur\u0103 se constituie \u00een baza Organigramei aprobat\u0103 prin decizia Consiliului raional.<\/p>\n<p>5.2 \u015eeful de Sec\u0163iei este numit \u00een baz\u0103 de concurs \u0219i elibirat din func\u021bie de c\u0103tre Consiliul raional Basarabeasca.<\/p>\n<p>&nbsp;<\/p>\n<p>5.3 Conform statelor de personal, Sec\u0163ia este constituit\u0103 din \u015fef, 2 speciali\u0219ti principali \u0219i 1 specialist ale c\u0103ror sarcini de lucru se reglamenteaz\u0103 prin obliga\u0163iunile de serviciu.<\/p>\n<p>&nbsp;<\/p>\n<p>5.4 Regulamentul Sec\u0163iei, operarea modific\u0103rilor la el, se aprob\u0103 prin Decizia Consiliului raional.<\/p>\n<p>&nbsp;<\/p>\n<p>5.5 Obliga\u0163iunile de serviciu ale func\u0163ionarilor Sec\u0163iei se elaboreaz\u0103 de c\u0103tre \u015feful Sec\u0163iei, se coordoneaz\u0103 cu vicepre\u015fedintele raionului care coordoneaz\u0103 ramura dat\u0103.<\/p>\n<p>5.6 Sec\u0163ia coordoneaz\u0103 angajarea personalului \u00een institu\u0163iile de cultur\u0103 \u015fi sport din teritoriu, coordoneaz\u0103 categoriile de salarizare.<\/p>\n<p>5.7 Sec\u0163ia \u00ee\u015fi coordoneaz\u0103 activitatea cu vicepre\u015fedintele raionului pe probleme sociale.<\/p>\n<p>&nbsp;<\/p>\n<p>5.8 Asigur\u0103 colaborarea cu radioul \u0219i TV \u00een vederea propag\u0103rii activit\u0103\u021bii culturale, desf\u0103\u0219urate \u00een cadrul raionului.<\/p>\n<p>5.9 <u>\u015eeful Sec\u0163iei:<\/u><\/p>\n<p>&#8212; angajeaz\u0103, \u00een baza cerin\u021belor din fi\u0219a postului personalul aparatului Sec\u021biei \u0219i conduc\u0103torii institu\u021biilor subordinate de nivel rational.<\/p>\n<p>&nbsp;<\/p>\n<p>&#8212; stabile\u015fte competen\u0163a \u015fi responsabilitatea angaja\u0163ilor Sec\u0163iei, conduc\u0103torilor organiza\u021biilor din subordine \u00een baza cerin\u0163elor \u015fi obliga\u0163iunilor func\u0163ionale elaborate de Ministerul Culturii;<\/p>\n<p>&nbsp;<\/p>\n<p>&#8212; asigur\u0103 atestarea lucr\u0103torilor din domeniul bibliotecilor, aprob\u0103 decizia comisiei de atestare;<\/p>\n<p>&nbsp;<\/p>\n<p>&#8212; reprezint\u0103 Sec\u0163ia \u00een organele administrative, juridice \u015fi \u00een organiza\u0163ii ob\u015fte\u015fti;<\/p>\n<p>&nbsp;<\/p>\n<p>&#8212; emite ordine, dispozi\u0163ii, elaboreaz\u0103 acte normative \u00een limitele competen\u0163ei sale;<\/p>\n<p>&#8212; asigur\u0103 respectarea prevedirilor legisla\u0163iei.<\/p>\n<p>&#8212; poart\u0103 r\u0103spundere pentru utilizarea eficient\u0103 a mijloacelor financiare bugetare \u015fi extrabugetare.<br \/>\n5.10 <u>Specialist principal.<\/u><br \/>\n<u>Calificarea necesar\u0103:<\/u><\/p>\n<p>Studii superioare \u00een domeniu, experen\u0163\u0103 de munc\u0103 \u2013 3 ani, cunoa\u015fterea legilor \u015fi a actelor normative de specialitate, capacit\u0103\u0163i manangeriale, posedarea limbii de stat.<br \/>\n<u>Rela\u0163ii:<\/u><\/p>\n<p>Este subordonat \u015fefului Sec\u0163iei, activeaz\u0103 conform Regulamentului Sec\u0163iei cultur\u0103.<br \/>\n<u>Atribu\u0163ii:<br \/>\n<\/u>&#8212; monitorizarea, controlul \u015fi evaluarea procesului de implimentare a politicii din domeniul administrat;<br \/>\n&#8212; patroneaz\u0103 activitatea institu\u0163iilor extra\u015fcolare de \u00eenv\u0103\u0163\u0103m\u00eent artistic \u015fi a colectivelor artistice de amatori;<br \/>\n&#8212; coordoneaz\u0103 activitatea \u015fcolilor cu profil artistic \u00een vederea sus\u0163inerii \u015fi promov\u0103rii tinerilor talente;<br \/>\n&#8212; asigur\u0103 institu\u0163iile de profil cu informa\u0163ia curent\u0103 despre cadrul juridic de specialitate,<br \/>\n&#8212; asigur\u0103 participarea copiilor dota\u0163i la concursuri \u015fi expozi\u0163ii raionale, na\u0163ionale \u015fi interna\u0163ionale;<br \/>\n&#8212; organizeaz\u0103 atestarea cadrelor didactice din institu\u0163iile de \u00eenv\u0103\u0163\u0103m\u00eent artistic extra\u015fcolar;<br \/>\n&#8212; organizeaz\u0103 atestarea forma\u0163iilor artistice de amatori pentru conferirea sau confirmarea titlului \u201dmodel\u201d;<br \/>\n&#8212; organizeaz\u0103 participarea forma\u0163iilor artistice de amatori la manifesta\u0163ii artistice de nivel raional, republican \u015fi interna\u0163ional;<br \/>\n&#8212; prezint\u0103 raportul anual \u015fi informa\u0163ii ce \u0163in de activitatea institu\u0163iilorextra\u015fcolare de \u00eenv\u0103\u0163\u0103m\u00eent artistic \u015fi a colectivelor artistice de amatori.<br \/>\n&#8212; acord\u0103 asisten\u0163\u0103 metodologic\u0103 la promovarea politicii de ocrotire, conservare \u015fi valorificare a patrimoniului cultural;<br \/>\n&#8212; acord\u0103 asisten\u0163\u0103 metodic\u0103 \u015fi practic\u0103 tuturor angaja\u0163ilor institu\u0163iilor de cultur\u0103, indiferent de apartenen\u0163a departamental\u0103 \u00een elaborarea documentelor \u00een domeniul politicii respective;<br \/>\n&#8212; desf\u0103\u015foar\u0103 instruirea angaja\u0163ilor din domeniu \u00een elaborarea programelor de activitate, a rapoartelor anuale, a planurilor de preg\u0103tire \u015fi desf\u0103\u015furare a m\u0103surilor culturale, scenariilor.<\/p>\n<p><u>\u00a0<\/u><\/p>\n<p><u>5.11 Specialist principal.<br \/>\nCalificarea necesar\u0103: <\/u><\/p>\n<p>Studii superioare speciale. Cuno\u015ftin\u0163e generale din multe domenii, experen\u0163\u0103 de munc\u0103 \u2013 5 ani, cunoa\u015fterea legilor \u015fi a actelor normative de specialitate, capacit\u0103\u0163i manageriale, posedarea limbii de stat \u015fi cunoa\u015fterea pasiv\u0103 a unei (mai multe) limbi str\u0103ine, abilit\u0103\u0163i de comunicare \u015fi executare.<\/p>\n<p><u>Rela\u0163ii: <\/u><\/p>\n<p>Este subordonat \u015fefului Sec\u0163iei cultur\u0103, coordoneaz\u0103 activitatea bibliotecilor \u015fi muzeelor din raion.<br \/>\n<u>Atribu\u0163ii:<br \/>\n<\/u>&#8212; asigur\u0103 respectarea \u015fi aplicarea legisla\u0163iei \u00een vigoare \u00een domeniul biblioteconomic, protec\u0163iei patrimoniului cultural na\u0163ional mobil \u015fi imobil \u00een cadrul raionului<br \/>\n&#8212; fundamenteaz\u0103 \u015fi propune autorit\u0103\u0163ilor publice locale programe de activit\u0103\u0163i \u015fi cheltueli necesare pentru complectarea \u015fi valorificarea colec\u0163iilor de bibliotec\u0103, lucr\u0103rilor de evidien\u0163\u0103, cercetare, conservare, restaurare \u015fi punere \u00een valoare a patrimoniului cultural<br \/>\n&#8212; identific\u0103 \u015fi expertizeaz\u0103 bunurile culturale mobile \u015fi imobile de\u0163inute de persoane fizice \u015fi juridice \u015fi \u00eenainteaz\u0103 propuneri Ministerului Culturii de \u00eenscriere a acestora \u00een Registrul monumentelor istorice ocrotite de stat<br \/>\n&#8212; \u0163ine evidien\u0163a schimb\u0103rilor destina\u0163iei monumentelor istorice, transmiterii dreptului de proprietate sau a altor drepturi reale asupra acestora, precum \u015fi evidien\u0163a monumentelor istorice distruse sau disp\u0103rute<br \/>\n&#8212; coordoneaz\u0103 activitatea bibliotecilor \u015fi muzeelor \u00een domeniile: dezvoltarea \u015fi comunicarea colec\u0163iilor de bibliotec\u0103, controlul bibliografic local \u015fi elaborarea bibliografiilor locale, difuzarea cultural\u0103, rela\u0163ii cu publicul, automatizare \u015fi informatizare, instruirea personalului, cercetare \u015ftiin\u0163ific\u0103, complectare, restaurare\u015fi conservare, evidien\u0163\u0103 \u015fi protec\u0163ie a patrimoniului muzeal, organizare a expozi\u0163iilor, publica\u0163ii \u015ftiin\u0163ifice<br \/>\n&#8212; \u00eendepline\u015fte alte atribu\u0163ii stabilite prin acte normative specifice domeniului.<\/p>\n<p>5.12 <u>Specialist.<br \/>\nCalificarea necesar\u0103: <\/u><\/p>\n<p>Studii superioare licen\u0163iate sau echivalente absolvite \u00een domeniul culturii, educa\u0163iei \u015fi sportului.<\/p>\n<p><u>Rela\u0163ii: <\/u><\/p>\n<p>Este subordonat \u015fefului Sec\u0163iei, activeaz\u0103 conform Regulamentului Sec\u0163iei cultur\u0103 \u015fi \u00een baza fi\u015fei postului.<\/p>\n<p><u>Atribu\u0163ii:<br \/>\n<\/u>&#8212; asigur\u0103 realizarea legisla\u0163iei \u015fi politicilor de tineret \u00een raion.<br \/>\n&#8212; identific\u0103 \u015fi solu\u0163ioneaz\u0103 problemele cu care se confrunt\u0103 tinerii din raion prin prisma respect\u0103rii drepturilor tinerilor la problemele ce-i afecteaz\u0103 \u015fi de a lua \u00een considera\u0163ie aceste opinii.<\/p>\n<p>&#8212; coordoneaz\u0103 \u015fi stabile\u015fte parteneriat cu institu\u0163ii \u015fi organiza\u0163ii care presteaz\u0103 servicii sociale, educa\u0163ionale, de s\u0103n\u0103tate etc. \u00een vederea solu\u0163ion\u0103rii problemelor cu care se confrunt\u0103 tinerii din comunit\u0103\u0163ile raionului.<\/p>\n<p>&#8212; aplicarea legisla\u0163iei \u015fi politicilor din domeniul de activitate.<\/p>\n<p>&#8212; acord\u0103 tinerilor servicii primare de informare.<\/p>\n<p>&#8212; coordoneaz\u0103 diferite programe de tineret.<\/p>\n<p>&#8212; organizeaz\u0103 activit\u0103\u0163i cultural-sportive \u015fi de organizare a timpului liber, \u00een parteneriat cu tinerii \u015fi al\u0163i speciali\u015fti.<\/p>\n<p>&#8212; organizeaz\u0103 activit\u0103\u021bi cultural, educa\u021bionale \u0219i de petrecere a timpului liber, a m\u0103surilor sportive, turneelor \u0219i festivalurilor, a altor ac\u021biuni cu character de mas\u0103.<\/p>\n<p>&#8212; evalueaz\u0103 necesit\u0103\u021bile tinerilor din raion \u00een vederea dezvolt\u0103rii lor multilateral.<\/p>\n<ol>\n<li><strong> Finan\u0163area Sec\u0163iei cultur\u0103<\/strong><\/li>\n<\/ol>\n<p>6.1 Sec\u0163ia este finan\u0163at\u0103 din mijloacele bugetare, sponsoriz\u0103ri, alte surse ce nu contravin legisla\u0163iei \u00een vigoare.<\/p>\n<p>6.2 Sec\u0163ia elaboreaz\u0103 \u015fi propune spre aprobare Consiliului raional proiectul de buget al Sec\u0163iei, \u00een caz de necesitate, intervine cu propuneri privind finan\u0163area suplimentar\u0103 a ac\u0163iunilor concrete.<\/p>\n<p>&nbsp;<\/p>\n<p>&nbsp;<\/p>\n<p>&nbsp;<\/p>\n<p>Secretarul interimar<\/p>\n<p>al Consiliului raional\u00a0\u00a0\u00a0\u00a0\u00a0\u00a0\u00a0\u00a0\u00a0\u00a0\u00a0\u00a0\u00a0\u00a0\u00a0\u00a0\u00a0\u00a0\u00a0\u00a0\u00a0\u00a0\u00a0\u00a0\u00a0\u00a0\u00a0\u00a0\u00a0\u00a0\u00a0\u00a0\u00a0\u00a0\u00a0\u00a0\u00a0\u00a0\u00a0\u00a0\u00a0\u00a0\u00a0\u00a0\u00a0\u00a0\u00a0\u00a0\u00a0\u00a0\u00a0\u00a0\u00a0\u00a0\u00a0\u00a0\u00a0\u00a0\u00a0\u00a0 Gheorghe Livi\u021bchi<\/p>\n<p>&nbsp;<\/p>\n<p><em>Coordonat:<\/em><\/p>\n<p>\u015eeful Sec\u0163iei cultur\u0103\u00a0\u00a0\u00a0\u00a0\u00a0\u00a0\u00a0\u00a0\u00a0\u00a0\u00a0\u00a0\u00a0\u00a0\u00a0\u00a0\u00a0\u00a0\u00a0\u00a0\u00a0\u00a0\u00a0\u00a0\u00a0\u00a0\u00a0\u00a0\u00a0\u00a0\u00a0\u00a0\u00a0\u00a0\u00a0\u00a0\u00a0\u00a0\u00a0\u00a0\u00a0\u00a0\u00a0\u00a0\u00a0\u00a0\u00a0\u00a0\u00a0\u00a0\u00a0\u00a0\u00a0\u00a0\u00a0\u00a0\u00a0\u00a0\u00a0\u00a0\u00a0\u00a0\u00a0 Olga Gu\u0163u<\/p>\n<p><img decoding=\"async\" style=\"opacity: 0;\" src=\"https:\/\/yastatic.net\/morda-logo\/i\/bender\/logo.png?1&amp;ad_type=test\" alt=\"\" \/><\/p>","protected":false},"excerpt":{"rendered":"<p>adresa:MD-6702, or.Basarabeasca str.K.Marx 55 E-mail : culturabasarabeasca@gmail.com \u00a0 Nr. d\/o \u00a0 Numele, prenumele \u00a0 Locul de munc\u0103, func\u0163ia \u00a0 Telefoane de contact &nbsp; 1. &nbsp; Baciu Olga &nbsp; \u015eef Sec\u0163ie &nbsp; 0297 21\u00a0043 &nbsp; &nbsp; Specialist principal &nbsp; 0297 21\u00a0043 3. &nbsp; 4. &nbsp; &nbsp; Nicolaeva Valentina Specialist &nbsp; Specialist principal 0297 21\u00a0043 Regulamentul Sec\u0163ia [&hellip;]<\/p>\n","protected":false},"author":2,"featured_media":0,"parent":0,"menu_order":0,"comment_status":"closed","ping_status":"closed","template":"","meta":{"footnotes":""},"class_list":["post-454","page","type-page","status-publish","hentry"],"_links":{"self":[{"href":"https:\/\/basarabeasca.md\/ru\/wp-json\/wp\/v2\/pages\/454","targetHints":{"allow":["GET"]}}],"collection":[{"href":"https:\/\/basarabeasca.md\/ru\/wp-json\/wp\/v2\/pages"}],"about":[{"href":"https:\/\/basarabeasca.md\/ru\/wp-json\/wp\/v2\/types\/page"}],"author":[{"embeddable":true,"href":"https:\/\/basarabeasca.md\/ru\/wp-json\/wp\/v2\/users\/2"}],"replies":[{"embeddable":true,"href":"https:\/\/basarabeasca.md\/ru\/wp-json\/wp\/v2\/comments?post=454"}],"version-history":[{"count":21,"href":"https:\/\/basarabeasca.md\/ru\/wp-json\/wp\/v2\/pages\/454\/revisions"}],"predecessor-version":[{"id":14041,"href":"https:\/\/basarabeasca.md\/ru\/wp-json\/wp\/v2\/pages\/454\/revisions\/14041"}],"wp:attachment":[{"href":"https:\/\/basarabeasca.md\/ru\/wp-json\/wp\/v2\/media?parent=454"}],"curies":[{"name":"wp","href":"https:\/\/api.w.org\/{rel}","templated":true}]}}