{"id":4538,"date":"2018-01-10T11:38:48","date_gmt":"2018-01-10T09:38:48","guid":{"rendered":"http:\/\/basarabeasca.md\/?page_id=4538"},"modified":"2024-03-14T12:31:02","modified_gmt":"2024-03-14T10:31:02","slug":"%d1%80%d1%83%d1%81%d1%81%d0%ba%d0%b8%d0%b9-%d0%b8%d0%be%d1%80%d0%b4%d0%b0%d0%bd%d0%be%d0%b2%d0%ba%d0%b0","status":"publish","type":"page","link":"https:\/\/basarabeasca.md\/ru\/%d1%80%d1%83%d1%81%d1%81%d0%ba%d0%b8%d0%b9-%d0%b8%d0%be%d1%80%d0%b4%d0%b0%d0%bd%d0%be%d0%b2%d0%ba%d0%b0\/","title":{"rendered":"\u041f\u0440\u0438\u043c\u044d\u0440\u0438\u044f \u0418\u043e\u0440\u0434\u0430\u043d\u043e\u0432\u043a\u0430"},"content":{"rendered":"<p><strong>\u041f\u0440\u0438\u043c\u044d\u0440\u0438\u044f \u0441\u0435\u043b\u0430<\/strong><\/p>\n<p><strong>\u041f\u0440\u0438\u043c\u0430\u0440\u00a0 <\/strong>\u0421\u043a\u043e\u0431\u0438\u043e\u043b\u044d \u0412\u0438\u043e\u0440\u0438\u043a\u0430<\/p>\n<p><strong>\u041a\u043e\u043d\u0442\u0430\u043a\u0442\u044b:<\/strong><\/p>\n<p>tel. 029763236<\/p>\n<p>e-mail\u00a0 pr.iordanovca@gmail.com<\/p>\n<p><strong>\u0421\u0435\u043a\u0440\u0435\u0442\u0430\u0440\u044c \u043c\u0435\u0441\u0442\u043d\u043e\u0433\u043e \u0441\u043e\u0432\u0435\u0442\u0430 <\/strong>&#8212;<\/p>\n<p>tel. 029763236<\/p>\n<p><strong>\u0421\u043f\u0438\u0441\u043e\u043a \u043c\u0435\u0441\u0442\u043d\u044b\u0445 \u0441\u043e\u0432\u0435\u0442\u043d\u0438\u043a\u043e\u0432:<\/strong><\/p>\n<div>Lista de\u021bin\u0103torilor de mandate:\u00a0<span id=\"idConsilieriLocalitateDenumire\">Consiliul Local IORDANOVCA<\/span><\/div>\n<table id=\"idTableConsilieri\" class=\"table table-condensed border-bottom table-partide-consilieri\">\n<thead><\/thead>\n<tbody>\n<tr class=\"partid-group-row\">\n<td class=\"partid-logo\"><img loading=\"lazy\" decoding=\"async\" class=\"partid-logo\" src=\"https:\/\/serviciidate.cec.md\/api\/Rotatia\/PartidImagine?partidId=5087\" width=\"68\" height=\"68\" \/><\/td>\n<td colspan=\"9\"><span class=\"partid-denumire\">Partidul Politic \u201ePartidul Ac\u021biune \u0219i Solidaritate\u201d<\/span><span class=\"partid-cod\">(PAS)<\/span><\/td>\n<\/tr>\n<tr class=\"consilier-row\">\n<td class=\"spacer\"><\/td>\n<td class=\"numar\">1<\/td>\n<td class=\"numeprenume\">BE\u0218LEAG\u0102 DEMIAN<\/td>\n<td class=\"an\">1967<\/td>\n<td class=\"document\">Hot\u0103r\u00eere nr. 2 din 15.11.2023, CECE I<\/td>\n<\/tr>\n<tr class=\"consilier-row\">\n<td class=\"spacer\"><\/td>\n<td class=\"numar\">2<\/td>\n<td class=\"numeprenume\">GARBUZ TAMARA<\/td>\n<td class=\"an\">1959<\/td>\n<td class=\"document\">Hot\u0103r\u00eere nr. 2 din 15.11.2023, CECE I<\/td>\n<\/tr>\n<tr class=\"consilier-row\">\n<td class=\"spacer\"><\/td>\n<td class=\"numar\">3<\/td>\n<td class=\"numeprenume\">GARBUZ VIORICA<\/td>\n<td class=\"an\">1981<\/td>\n<td class=\"document\">Hot\u0103r\u00eere nr. 2 din 15.11.2023, CECE I<\/td>\n<\/tr>\n<tr class=\"consilier-row\">\n<td class=\"spacer\"><\/td>\n<td class=\"numar\">4<\/td>\n<td class=\"numeprenume\">MEREANU NICOLAE<\/td>\n<td class=\"an\">1962<\/td>\n<td class=\"document\">Hot\u0103r\u00eere nr. 2 din 15.11.2023, CECE I<\/td>\n<\/tr>\n<tr class=\"consilier-row\">\n<td class=\"spacer\"><\/td>\n<td class=\"numar\">5<\/td>\n<td class=\"numeprenume\">PLATON PETRU<\/td>\n<td class=\"an\">1954<\/td>\n<td class=\"document\">Hot\u0103r\u00eere nr. 2 din 15.11.2023, CECE I<\/td>\n<\/tr>\n<tr class=\"consilier-row\">\n<td class=\"spacer\"><\/td>\n<td class=\"numar\">6<\/td>\n<td class=\"numeprenume\">RUSU NADEJDA<\/td>\n<td class=\"an\">1958<\/td>\n<td class=\"document\">Hot\u0103r\u00eere nr. 2 din 15.11.2023, CECE I<\/td>\n<\/tr>\n<tr class=\"partid-group-separator\">\n<td colspan=\"9\"><\/td>\n<\/tr>\n<tr class=\"partid-group-row\">\n<td class=\"partid-logo\"><img loading=\"lazy\" decoding=\"async\" class=\"partid-logo\" src=\"https:\/\/serviciidate.cec.md\/api\/Rotatia\/PartidImagine?partidId=5094\" width=\"57\" height=\"57\" \/><\/td>\n<td colspan=\"9\"><span class=\"partid-denumire\">Partidul Politic \u201ePartidul Dezvolt\u0103rii \u015fi Consolid\u0103rii Moldovei\u201d<\/span><span class=\"partid-cod\">(PDCM)<\/span><\/td>\n<\/tr>\n<tr class=\"consilier-row\">\n<td class=\"spacer\"><\/td>\n<td class=\"numar\">1<\/td>\n<td class=\"numeprenume\">ACHIRU\u015e CONSTANTIN<\/td>\n<td class=\"an\">1991<\/td>\n<td class=\"document\"><a href=\"https:\/\/a.cec.md\/ro\/cu-privire-la-atribuirea-unui-mandat-de-consilier-in-consiliul-2751_108447.html\" target=\"_blank\" rel=\"noopener\">Hot\u0103r\u00eere nr. 1866 din 15.12.2023, CEC<\/a><\/td>\n<\/tr>\n<tr class=\"consilier-row\">\n<td class=\"spacer\"><\/td>\n<td class=\"numar\">2<\/td>\n<td class=\"numeprenume\">DRANG\u0102 GHEORGHE<\/td>\n<td class=\"an\">1971<\/td>\n<td class=\"document\">Hot\u0103r\u00eere nr. 2 din 15.11.2023, CECE I<\/td>\n<\/tr>\n<tr class=\"consilier-row\">\n<td class=\"spacer\"><\/td>\n<td class=\"numar\">3<\/td>\n<td class=\"numeprenume\">PLATON ALEXEI<\/td>\n<td class=\"an\">1964<\/td>\n<td class=\"document\">Hot\u0103r\u00eere nr. 2 din 15.11.2023, CECE I<\/td>\n<\/tr>\n<tr class=\"partid-group-separator\">\n<td colspan=\"9\"><\/td>\n<\/tr>\n<\/tbody>\n<tfoot><\/tfoot>\n<\/table>\n<p>Total de\u021bin\u0103tori de mandate: 9<\/p>\n<p><strong>\u0418\u043d\u0441\u0442\u0438\u0442\u0443\u0446\u0438\u0438:<\/strong><\/p>\n<p>&nbsp;<\/p>\n<p><strong>\u0418\u0441\u0442\u043e\u0440\u0438\u0447\u0435\u0441\u043a\u0430\u044f \u0441\u043f\u0440\u0430\u0432\u043a\u0430.<\/strong><\/p>\n<p>\u0421\u0435\u043b\u043e \u0418\u043e\u0440\u0434\u0430\u043d\u043e\u0432\u043a\u0430, \u0440\u0430\u0441\u043f\u043e\u043b\u043e\u0436\u0435\u043d\u043d\u043e\u0435 \u043d\u0430 \u043f\u0440\u0430\u0432\u043e\u043c \u0431\u0435\u0440\u0435\u0433\u0443 \u0440\u0435\u043a\u0438 \u041a\u043e\u0433\u044b\u043b\u044c\u043d\u0438\u043a, \u0432\u043f\u0435\u0440\u0432\u044b\u0435 \u0443\u043f\u043e\u043c\u0438\u043d\u0430\u0435\u0442\u0441\u044f \u0432 \u0434\u043e\u043a\u0443\u043c\u0435\u043d\u0442\u0430\u0445 \u0432 1839 \u0433\u043e\u0434\u0443. \u041a \u043d\u0430\u0447\u0430\u043b\u0443 XX \u0432\u0435\u043a\u0430 \u043e\u043d\u043e \u043d\u0430\u0441\u0447\u0438\u0442\u044b\u0432\u0430\u043b\u043e \u043b\u0438\u0448\u044c 67 \u0434\u043e\u043c\u043e\u0432. \u041a 1923 \u0433\u043e\u0434\u0443 \u0432 \u0418\u043e\u0440\u0434\u0430\u043d\u043e\u0432\u043a\u0435 \u0431\u044b\u043b\u043e 120 \u0434\u043e\u043c\u043e\u0432. \u0421\u0435\u043b\u044c\u0447\u0430\u043d\u0435 \u0437\u0430\u043d\u0438\u043c\u0430\u043b\u0438\u0441\u044c \u043e\u0432\u043e\u0449\u0435\u0432\u043e\u0434\u0441\u0442\u0432\u043e\u043c, \u0441\u0430\u0434\u043e\u0432\u043e\u0434\u0441\u0442\u0432\u043e\u043c, \u0432\u044b\u0440\u0430\u0449\u0438\u0432\u0430\u043b\u0438 \u0441\u043a\u043e\u0442. \u0412 \u0448\u043a\u043e\u043b\u0435 \u0444\u0443\u043d\u043a\u0446\u0438\u043e\u043d\u0438\u0440\u043e\u0432\u0430\u043b\u0438 \u043d\u0430\u0447\u0430\u043b\u044c\u043d\u0430\u044f \u0441\u043c\u0435\u0448\u0430\u043d\u043d\u0430\u044f \u0448\u043a\u043e\u043b\u0430, \u043f\u0440\u0430\u0432\u043e\u0441\u043b\u0430\u0432\u043d\u0430\u044f \u0446\u0435\u0440\u043a\u043e\u0432\u044c, \u043f\u043e\u0447\u0442\u043e\u0432\u043e\u0435 \u043e\u0442\u0434\u0435\u043b\u0435\u043d\u0438\u0435, \u043f\u0440\u0438\u043c\u0430\u0440\u0438\u044f, \u043a\u043e\u0440\u0447\u043c\u0430. \u041f\u043e\u0441\u043b\u0435 \u0432\u043e\u0439\u043d\u044b \u0436\u0438\u0442\u0435\u043b\u0438 \u0441\u0435\u043b \u0418\u043e\u0440\u0434\u0430\u043d\u043e\u0432\u043a\u0430 \u0438 \u041a\u0430\u0440\u0430\u0431\u0435\u0442\u043e\u0432\u043a\u0430 \u0432\u0441\u0442\u0443\u043f\u0438\u043b\u0438 \u0432 \u043a\u043e\u043b\u0445\u043e\u0437 \u0438\u043c. 1 \u041c\u0430\u044f.<\/p>\n<p>\u041f\u043e \u0434\u0430\u043d\u043d\u044b\u043c \u043f\u0435\u0440\u0435\u043f\u0438\u0441\u0438 2004 \u0433\u043e\u0434\u0430, \u0432 \u0441\u0435\u043b\u0435 \u043f\u0440\u043e\u0436\u0438\u0432\u0430\u044e\u0442 930 \u0447\u0435\u043b\u043e\u0432\u0435\u043a: 48,92 % \u2014 \u043c\u0443\u0436\u0447\u0438\u043d\u044b, 51,08 % \u2014 \u0436\u0435\u043d\u0449\u0438\u043d\u044b. \u042d\u0442\u043d\u0438\u0447\u0435\u0441\u043a\u0438\u0439 \u0441\u043e\u0441\u0442\u0430\u0432: 98,17 % \u2014 \u043c\u043e\u043b\u0434\u0430\u0432\u0430\u043d\u0435, 0,65 % \u2014 \u0440\u0443\u0441\u0441\u043a\u0438\u0435, 0,43 % \u2014 \u0433\u0430\u0433\u0430\u0443\u0437\u044b, 0,54 % \u2014 \u0431\u043e\u043b\u0433\u0430\u0440\u044b, 0,22 % \u2014 \u043f\u0440\u0435\u0434\u0441\u0442\u0430\u0432\u0438\u0442\u0435\u043b\u0438 \u0434\u0440\u0443\u0433\u0438\u0445 \u043d\u0430\u0446\u0438\u043e\u043d\u0430\u043b\u044c\u043d\u043e\u0441\u0442\u0435\u0439.<\/p>\n<p>&nbsp;<\/p>\n<p><strong>\u041f\u0440\u0430\u0437\u0434\u043d\u0438\u043a\u0438:<\/strong><\/p>\n<p>28 \u0430\u0432\u0433\u0443\u0441\u0442\u0430 &#8212; \u0425\u0440\u0430\u043c \u0441\u0435\u043b\u0430 \u0418\u043e\u0440\u0434\u0430\u043d\u043e\u0432\u043a\u0430<\/p>","protected":false},"excerpt":{"rendered":"<p>\u041f\u0440\u0438\u043c\u044d\u0440\u0438\u044f \u0441\u0435\u043b\u0430 \u041f\u0440\u0438\u043c\u0430\u0440\u00a0 \u0421\u043a\u043e\u0431\u0438\u043e\u043b\u044d \u0412\u0438\u043e\u0440\u0438\u043a\u0430 \u041a\u043e\u043d\u0442\u0430\u043a\u0442\u044b: tel. 029763236 e-mail\u00a0 pr.iordanovca@gmail.com \u0421\u0435\u043a\u0440\u0435\u0442\u0430\u0440\u044c \u043c\u0435\u0441\u0442\u043d\u043e\u0433\u043e \u0441\u043e\u0432\u0435\u0442\u0430 &#8212; tel. 029763236 \u0421\u043f\u0438\u0441\u043e\u043a \u043c\u0435\u0441\u0442\u043d\u044b\u0445 \u0441\u043e\u0432\u0435\u0442\u043d\u0438\u043a\u043e\u0432: Lista de\u021bin\u0103torilor de mandate:\u00a0Consiliul Local IORDANOVCA Partidul Politic \u201ePartidul Ac\u021biune \u0219i Solidaritate\u201d(PAS) 1 BE\u0218LEAG\u0102 DEMIAN 1967 Hot\u0103r\u00eere nr. 2 din 15.11.2023, CECE I 2 GARBUZ TAMARA 1959 Hot\u0103r\u00eere nr. 2 din 15.11.2023, CECE I 3 GARBUZ [&hellip;]<\/p>\n","protected":false},"author":2,"featured_media":0,"parent":0,"menu_order":0,"comment_status":"closed","ping_status":"closed","template":"","meta":{"footnotes":""},"class_list":["post-4538","page","type-page","status-publish","hentry"],"_links":{"self":[{"href":"https:\/\/basarabeasca.md\/ru\/wp-json\/wp\/v2\/pages\/4538","targetHints":{"allow":["GET"]}}],"collection":[{"href":"https:\/\/basarabeasca.md\/ru\/wp-json\/wp\/v2\/pages"}],"about":[{"href":"https:\/\/basarabeasca.md\/ru\/wp-json\/wp\/v2\/types\/page"}],"author":[{"embeddable":true,"href":"https:\/\/basarabeasca.md\/ru\/wp-json\/wp\/v2\/users\/2"}],"replies":[{"embeddable":true,"href":"https:\/\/basarabeasca.md\/ru\/wp-json\/wp\/v2\/comments?post=4538"}],"version-history":[{"count":9,"href":"https:\/\/basarabeasca.md\/ru\/wp-json\/wp\/v2\/pages\/4538\/revisions"}],"predecessor-version":[{"id":11915,"href":"https:\/\/basarabeasca.md\/ru\/wp-json\/wp\/v2\/pages\/4538\/revisions\/11915"}],"wp:attachment":[{"href":"https:\/\/basarabeasca.md\/ru\/wp-json\/wp\/v2\/media?parent=4538"}],"curies":[{"name":"wp","href":"https:\/\/api.w.org\/{rel}","templated":true}]}}