{"id":4536,"date":"2018-01-10T11:37:55","date_gmt":"2018-01-10T09:37:55","guid":{"rendered":"http:\/\/basarabeasca.md\/?page_id=4536"},"modified":"2025-01-24T10:14:28","modified_gmt":"2025-01-24T08:14:28","slug":"%d1%80%d1%83%d1%81%d1%81%d0%ba%d0%b8%d0%b9-%d0%b0%d0%b1%d0%b0%d0%ba%d0%bb%d0%b8%d1%8f","status":"publish","type":"page","link":"https:\/\/basarabeasca.md\/ru\/%d1%80%d1%83%d1%81%d1%81%d0%ba%d0%b8%d0%b9-%d0%b0%d0%b1%d0%b0%d0%ba%d0%bb%d0%b8%d1%8f\/","title":{"rendered":"\u041f\u0440\u0438\u043c\u044d\u0440\u0438\u044f \u0410\u0431\u0430\u043a\u043b\u0438\u044f"},"content":{"rendered":"<p><strong>\u041f\u0440\u0438\u043c\u044d\u0440\u0438\u044f \u0441\u0435\u043b\u0430 \u0410\u0431\u0430\u043a\u043b\u0438\u044f<\/strong><\/p>\n<p><strong>\u041f\u0440\u0438\u043c\u0430\u0440 <\/strong>\u041d\u0438\u043a\u0443\u043b\u0438\u0446\u044d \u0412\u0438\u043a\u0442\u043e\u0440<\/p>\n<p><strong>\u041a\u043e\u043d\u0442\u0430\u043a\u0442\u044b:<\/strong><\/p>\n<p>tel. 029784031<\/p>\n<p>email primaria.abaclia@gmail.com<\/p>\n<p><strong>\u0421\u0435\u043a\u0440\u0435\u0442\u0430\u0440\u044c \u043c\u0435\u0441\u0442\u043d\u043e\u0433\u043e \u0441\u043e\u0432\u0435\u0442\u0430\u00a0<\/strong>\u041c\u043e\u043be\u0448\u0442\u044f\u043d\u0443 \u0421\u0432\u0435\u0442\u043b\u0430\u043d\u0430<\/p>\n<p>tel.029784032<\/p>\n<p><strong>\u0421\u043f\u0438\u0441\u043e\u043a \u043c\u0435\u0441\u0442\u043d\u044b\u0445 \u0441\u043e\u0432\u0435\u0442\u043d\u0438\u043a\u043e\u0432:<\/strong><\/p>\n<div>Lista de\u021bin\u0103torilor de mandate:\u00a0<span id=\"idConsilieriLocalitateDenumire\" class=\"text-info\">Consiliul Local ABACLIA<\/span><span id=\"idScrutinInfo\" class=\"text-danger\"><\/span><\/div>\n<p>&nbsp;<\/p>\n<table id=\"idTableConsilieri\" class=\"table table-condensed border-bottom table-partide-consilieri\" style=\"height: 716px;\" width=\"710\">\n<thead><\/thead>\n<tbody>\n<tr class=\"partid-group-row\">\n<td class=\"partid-logo\"><img decoding=\"async\" class=\"partid-logo\" src=\"https:\/\/serviciidate.cec.md\/api\/Rotatia\/PartidImagine?partidId=5078\" \/><\/td>\n<td colspan=\"9\"><span class=\"partid-denumire\">Partidul Liberal Democrat din Moldova<\/span><span class=\"partid-cod\">(PLDM)<\/span><\/td>\n<\/tr>\n<tr class=\"consilier-row\">\n<td class=\"spacer\"><\/td>\n<td class=\"numar\">1<\/td>\n<td class=\"numeprenume\">ABABII OLGA<\/td>\n<td class=\"an\">1986<\/td>\n<td class=\"document\">Hot\u0103r\u00eere nr. 8\/5 din 15.11.2023, CECE I<\/td>\n<\/tr>\n<tr class=\"consilier-row\">\n<td class=\"spacer\"><\/td>\n<td class=\"numar\">2<\/td>\n<td class=\"numeprenume\">BATR\u00ceNAC ION<\/td>\n<td class=\"an\">1952<\/td>\n<td class=\"document\">Hot\u0103r\u00eere nr. 8\/5 din 15.11.2023, CECE I<\/td>\n<\/tr>\n<tr class=\"consilier-row\">\n<td class=\"spacer\"><\/td>\n<td class=\"numar\">3<\/td>\n<td class=\"numeprenume\">GURIN ELENA<\/td>\n<td class=\"an\">1958<\/td>\n<td class=\"document\">Hot\u0103r\u00eere nr. 8\/5 din 15.11.2023, CECE I<\/td>\n<\/tr>\n<tr class=\"consilier-row\">\n<td class=\"spacer\"><\/td>\n<td class=\"numar\">4<\/td>\n<td class=\"numeprenume\">M\u00ce\u021aA IOANA<\/td>\n<td class=\"an\">1959<\/td>\n<td class=\"document\">Hot\u0103r\u00eere nr. 8\/5 din 15.11.2023, CECE I<\/td>\n<\/tr>\n<tr class=\"consilier-row\">\n<td class=\"spacer\"><\/td>\n<td class=\"numar\">5<\/td>\n<td class=\"numeprenume\">MOLI\u0218TEANU FECLA<\/td>\n<td class=\"an\">1957<\/td>\n<td class=\"document\">Hot\u0103r\u00eere nr. 8\/5 din 15.11.2023, CECE I<\/td>\n<\/tr>\n<tr class=\"consilier-row\">\n<td class=\"spacer\"><\/td>\n<td class=\"numar\">6<\/td>\n<td class=\"numeprenume\">NICULI\u021a\u0102 ION<\/td>\n<td class=\"an\">1979<\/td>\n<td class=\"document\">Hot\u0103r\u00eere nr. 8\/5 din 15.11.2023, CECE I<\/td>\n<\/tr>\n<tr class=\"partid-group-separator\">\n<td colspan=\"9\"><\/td>\n<\/tr>\n<tr class=\"partid-group-row\">\n<td class=\"partid-logo\"><img decoding=\"async\" class=\"partid-logo\" src=\"https:\/\/serviciidate.cec.md\/api\/Rotatia\/PartidImagine?partidId=5087\" \/><\/td>\n<td colspan=\"9\"><span class=\"partid-denumire\">Partidul Politic \u201ePartidul Ac\u021biune \u0219i Solidaritate\u201d<\/span><span class=\"partid-cod\">(PAS)<\/span><\/td>\n<\/tr>\n<tr class=\"consilier-row\">\n<td class=\"spacer\"><\/td>\n<td class=\"numar\">1<\/td>\n<td class=\"numeprenume\">DORIF LUDMILA<\/td>\n<td class=\"an\">1980<\/td>\n<td class=\"document\">Hot\u0103r\u00eere nr. 8\/5 din 15.11.2023, CECE I<\/td>\n<\/tr>\n<tr class=\"consilier-row\">\n<td class=\"spacer\"><\/td>\n<td class=\"numar\">2<\/td>\n<td class=\"numeprenume\">MA\u0162CU ANDREI<\/td>\n<td class=\"an\">1977<\/td>\n<td class=\"document\"><a href=\"https:\/\/a.cec.md\/ro\/cu-privire-la-atribuirea-unui-mandat-de-consilier-in-consiliul-2751_108495.html\" target=\"_blank\" rel=\"noopener\">Hot\u0103r\u00eere nr. 1908 din 18.12.2023, CEC<\/a><\/td>\n<\/tr>\n<tr class=\"consilier-row\">\n<td class=\"spacer\"><\/td>\n<td class=\"numar\">3<\/td>\n<td class=\"numeprenume\">STRATILA ION<\/td>\n<td class=\"an\">1959<\/td>\n<td class=\"document\">Hot\u0103r\u00eere nr. 8\/5 din 15.11.2023, CECE I<\/td>\n<\/tr>\n<tr class=\"partid-group-separator\">\n<td colspan=\"9\"><\/td>\n<\/tr>\n<tr class=\"partid-group-row\">\n<td class=\"partid-logo\"><img decoding=\"async\" class=\"partid-logo\" src=\"https:\/\/serviciidate.cec.md\/api\/Rotatia\/PartidImagine?partidId=5080\" \/><\/td>\n<td colspan=\"9\"><span class=\"partid-denumire\">Partidul Politic Partidul Verde Ecologist<\/span><span class=\"partid-cod\">(PP PVE)<\/span><\/td>\n<\/tr>\n<tr class=\"consilier-row\">\n<td class=\"spacer\"><\/td>\n<td class=\"numar\">1<\/td>\n<td class=\"numeprenume\">BE\u0218LEAGA GHEORGHE<\/td>\n<td class=\"an\">1960<\/td>\n<td class=\"document\">Hot\u0103r\u00eere nr. 8\/5 din 15.11.2023, CECE I<\/td>\n<\/tr>\n<tr class=\"consilier-row\">\n<td class=\"spacer\"><\/td>\n<td class=\"numar\">2<\/td>\n<td class=\"numeprenume\">GU\u0162U OLEG<\/td>\n<td class=\"an\">1987<\/td>\n<td class=\"document\">Hot\u0103r\u00eere nr. 8\/5 din 15.11.2023, CECE I<\/td>\n<\/tr>\n<tr class=\"partid-group-separator\">\n<td colspan=\"9\"><\/td>\n<\/tr>\n<tr class=\"partid-group-row\">\n<td colspan=\"9\"><span class=\"partid-denumire\">Candidat independent<\/span><\/td>\n<\/tr>\n<tr class=\"consilier-row\">\n<td class=\"spacer\"><\/td>\n<td class=\"numar\">1<\/td>\n<td class=\"numeprenume\">APOSTOL AGNESA<\/td>\n<td class=\"an\">1986<\/td>\n<td class=\"document\">Hot\u0103r\u00eere nr. 8\/5 din 15.11.2023, CECE I<\/td>\n<\/tr>\n<tr class=\"partid-group-separator\">\n<td colspan=\"9\"><\/td>\n<\/tr>\n<tr class=\"partid-group-row\">\n<td class=\"partid-logo\"><img decoding=\"async\" class=\"partid-logo\" src=\"https:\/\/serviciidate.cec.md\/api\/Rotatia\/PartidImagine?partidId=5083\" \/><\/td>\n<td colspan=\"9\"><span class=\"partid-denumire\">Partidul Politic \u201ePartidul Sociali\u015ftilor din Republica Moldova\u201d<\/span><span class=\"partid-cod\">(PSRM)<\/span><\/td>\n<\/tr>\n<tr class=\"consilier-row\">\n<td class=\"spacer\"><\/td>\n<td class=\"numar\">1<\/td>\n<td class=\"numeprenume\">NICULI\u0162A NICOLETA<\/td>\n<td class=\"an\">1999<\/td>\n<td class=\"document\">Hot\u0103r\u00eere nr. 8\/5 din 15.11.2023, CECE I<\/td>\n<\/tr>\n<tr class=\"partid-group-separator\">\n<td colspan=\"9\"><\/td>\n<\/tr>\n<\/tbody>\n<tfoot><\/tfoot>\n<\/table>\n<p id=\"idConsilieriSummary\">Total de\u021bin\u0103tori de mandate: 13<\/p>\n<p><strong><br \/>\n\u0418\u0441\u0442\u043e\u0440\u0438\u0447\u0435\u0441\u043a\u0430\u044f \u0441\u043f\u0440\u0430\u0432\u043a\u0430.<\/strong><strong>\u0418\u043d\u0441\u0442\u0438\u0442\u0443\u0446\u0438\u0438:<\/strong><\/p>\n<p>\u041f\u0435\u0440\u0432\u043e\u0435 \u0434\u043e\u043a\u0443\u043c\u0435\u043d\u0442\u0430\u043b\u044c\u043d\u043e\u0435 \u0443\u043f\u043e\u043c\u0438\u043d\u0430\u043d\u0438\u0435 \u043e\u0431 \u0410\u0431\u0430\u043a\u043b\u0438\u0438 \u0434\u0430\u0442\u0438\u0440\u0443\u0435\u0442\u0441\u044f 1817 \u0433\u043e\u0434\u043e\u043c. \u0421\u0435\u043b\u0435\u043d\u0438\u0435 \u0431\u044b\u043b\u043e \u043e\u0441\u043d\u043e\u0432\u0430\u043d\u043e \u0432\u043e \u0432\u0442\u043e\u0440\u043e\u0439 \u043f\u043e\u043b\u043e\u0432\u0438\u043d\u0435 XVII \u0432\u0435\u043a\u0430 \u0432 \u0434\u043e\u043b\u0438\u043d\u0435 \u0440\u0435\u043a\u0438 \u041a\u043e\u0433\u044b\u043b\u044c\u043d\u0438\u043a, \u043d\u043e \u0432 \u043e\u0444\u0438\u0446\u0438\u0430\u043b\u044c\u043d\u044b\u0445 \u0434\u043e\u043a\u0443\u043c\u0435\u043d\u0442\u0430\u0445 \u0441\u0442\u0430\u043b\u043e \u0444\u0438\u0433\u0443\u0440\u0438\u0440\u043e\u0432\u0430\u0442\u044c \u043b\u0438\u0448\u044c \u0441 1817 \u0433\u043e\u0434\u0430.<\/p>\n<p>\u0421\u0442\u0430\u0440\u043e\u0435 \u043d\u0430\u0437\u0432\u0430\u043d\u0438\u0435 \u043f\u043e\u0441\u0435\u043b\u0435\u043d\u0438\u044f \u2014 \u0410\u0431\u0430\u043a\u043b\u044b\u0434\u0436\u0438\u0430\u0431\u0430 \u2014 \u043f\u0440\u043e\u0438\u0441\u0445\u043e\u0434\u0438\u0442 \u0438\u0437 \u0442\u0430\u0442\u0430\u0440\u0441\u043a\u043e\u0433\u043e \u044f\u0437\u044b\u043a\u0430 \u0438 \u043f\u0435\u0440\u0435\u0432\u043e\u0434\u0438\u0442\u0441\u044f \u043a\u0430\u043a \u00ab\u0441\u0443\u043a\u043e\u043d\u043d\u0430\u044f \u043c\u0430\u0441\u0442\u0435\u0440\u0441\u043a\u0430\u044f\u00bb. \u041f\u043e \u0432\u0441\u0435\u0439 \u0432\u0438\u0434\u0438\u043c\u043e\u0441\u0442\u0438, \u044d\u0442\u043e \u0441\u0432\u044f\u0437\u0430\u043d\u043e \u0441 \u0441\u0443\u043a\u043d\u043e\u0434\u0435\u043b\u0438\u0435\u043c, \u043a\u043e\u0442\u043e\u0440\u044b\u043c \u0437\u0430\u043d\u0438\u043c\u0430\u043b\u0438\u0441\u044c \u043c\u0435\u0441\u0442\u043d\u044b\u0435 \u0436\u0438\u0442\u0435\u043b\u0438. \u0415\u0436\u0435\u0433\u043e\u0434\u043d\u043e \u0442\u0430\u043c\u043e\u0448\u043d\u0438\u0435 \u043c\u0430\u0441\u0442\u0435\u0440\u0430 \u043f\u0440\u043e\u0434\u0430\u0432\u0430\u043b\u0438 \u0437\u043d\u0430\u0447\u0438\u0442\u0435\u043b\u044c\u043d\u044b\u0435 \u043f\u0430\u0440\u0442\u0438\u0438 \u0441\u0443\u043a\u043d\u0430.<\/p>\n<p>\u0412 1875 \u0433\u043e\u0434\u0443 \u043d\u0430\u0441\u0435\u043b\u0435\u043d\u043d\u044b\u0439 \u043f\u0443\u043d\u043a\u0442 \u043d\u0430\u0441\u0447\u0438\u0442\u044b\u0432\u0430\u043b 281 \u0445\u043e\u0437\u044f\u0439\u0441\u0442\u0432\u043e. \u041a\u0440\u0435\u0441\u0442\u044c\u044f\u043d\u0435 \u0437\u0430\u043d\u0438\u043c\u0430\u043b\u0438\u0441\u044c \u0437\u0435\u043c\u043b\u0435\u0434\u0435\u043b\u0438\u0435\u043c. \u041a 1940 \u0433\u043e\u0434\u0443 \u0432 \u0410\u0431\u0430\u043a\u043b\u0438\u0438 \u043f\u0440\u043e\u0436\u0438\u0432\u0430\u043b\u043e 3800 \u0447\u0435\u043b\u043e\u0432\u0435\u043a. \u0412 \u0441\u043e\u0432\u0435\u0442\u0441\u043a\u043e\u0435 \u0432\u0440\u0435\u043c\u044f \u0432 \u0410\u0431\u0430\u043a\u043b\u0438\u0438 \u0431\u044b\u043b\u0438 \u043f\u043e\u0441\u0442\u0440\u043e\u0435\u043d\u044b \u0432\u0438\u043d\u0437\u0430\u0432\u043e\u0434, \u043f\u0442\u0438\u0446\u0435\u0444\u0430\u0431\u0440\u0438\u043a\u0430, \u0444\u0435\u0440\u043c\u0430,\u00a0 \u0434\u0435\u0442\u0441\u043a\u0438\u0435 \u0441\u0430\u0434\u044b, \u043c\u0430\u0433\u0430\u0437\u0438\u043d\u044b \u0438 \u043f\u0440.<\/p>\n<p><strong>\u041f\u0440\u0430\u0437\u0434\u043d\u0438\u043a\u0438:<\/strong><\/p>\n<p><b>21 \u043d\u043e\u044f\u0431\u0440\u044f &#8212; \u0425\u0440\u0430\u043c \u0441\u0435\u043b\u0430<\/b><\/p>\n<p>&nbsp;<\/p>","protected":false},"excerpt":{"rendered":"<p>\u041f\u0440\u0438\u043c\u044d\u0440\u0438\u044f \u0441\u0435\u043b\u0430 \u0410\u0431\u0430\u043a\u043b\u0438\u044f \u041f\u0440\u0438\u043c\u0430\u0440 \u041d\u0438\u043a\u0443\u043b\u0438\u0446\u044d \u0412\u0438\u043a\u0442\u043e\u0440 \u041a\u043e\u043d\u0442\u0430\u043a\u0442\u044b: tel. 029784031 email primaria.abaclia@gmail.com \u0421\u0435\u043a\u0440\u0435\u0442\u0430\u0440\u044c \u043c\u0435\u0441\u0442\u043d\u043e\u0433\u043e \u0441\u043e\u0432\u0435\u0442\u0430\u00a0\u041c\u043e\u043be\u0448\u0442\u044f\u043d\u0443 \u0421\u0432\u0435\u0442\u043b\u0430\u043d\u0430 tel.029784032 \u0421\u043f\u0438\u0441\u043e\u043a \u043c\u0435\u0441\u0442\u043d\u044b\u0445 \u0441\u043e\u0432\u0435\u0442\u043d\u0438\u043a\u043e\u0432: Lista de\u021bin\u0103torilor de mandate:\u00a0Consiliul Local ABACLIA &nbsp; Partidul Liberal Democrat din Moldova(PLDM) 1 ABABII OLGA 1986 Hot\u0103r\u00eere nr. 8\/5 din 15.11.2023, CECE I 2 BATR\u00ceNAC ION 1952 Hot\u0103r\u00eere nr. 8\/5 din 15.11.2023, CECE I 3 GURIN [&hellip;]<\/p>\n","protected":false},"author":2,"featured_media":0,"parent":0,"menu_order":0,"comment_status":"closed","ping_status":"closed","template":"","meta":{"footnotes":""},"class_list":["post-4536","page","type-page","status-publish","hentry"],"_links":{"self":[{"href":"https:\/\/basarabeasca.md\/ru\/wp-json\/wp\/v2\/pages\/4536","targetHints":{"allow":["GET"]}}],"collection":[{"href":"https:\/\/basarabeasca.md\/ru\/wp-json\/wp\/v2\/pages"}],"about":[{"href":"https:\/\/basarabeasca.md\/ru\/wp-json\/wp\/v2\/types\/page"}],"author":[{"embeddable":true,"href":"https:\/\/basarabeasca.md\/ru\/wp-json\/wp\/v2\/users\/2"}],"replies":[{"embeddable":true,"href":"https:\/\/basarabeasca.md\/ru\/wp-json\/wp\/v2\/comments?post=4536"}],"version-history":[{"count":11,"href":"https:\/\/basarabeasca.md\/ru\/wp-json\/wp\/v2\/pages\/4536\/revisions"}],"predecessor-version":[{"id":12996,"href":"https:\/\/basarabeasca.md\/ru\/wp-json\/wp\/v2\/pages\/4536\/revisions\/12996"}],"wp:attachment":[{"href":"https:\/\/basarabeasca.md\/ru\/wp-json\/wp\/v2\/media?parent=4536"}],"curies":[{"name":"wp","href":"https:\/\/api.w.org\/{rel}","templated":true}]}}