{"id":4336,"date":"2018-01-04T13:36:37","date_gmt":"2018-01-04T11:36:37","guid":{"rendered":"http:\/\/basarabeasca.md\/?page_id=4336"},"modified":"2025-11-20T11:23:54","modified_gmt":"2025-11-20T09:23:54","slug":"%d1%80%d1%83%d1%81%d1%81%d0%ba%d0%b8%d0%b9-%d0%bd%d0%be%d1%80%d0%bc%d0%b0%d1%82%d0%b8%d0%b2%d0%bd%d1%8b%d0%b5-%d0%b0%d0%ba%d1%82%d1%8b","status":"publish","type":"page","link":"https:\/\/basarabeasca.md\/ru\/%d1%80%d1%83%d1%81%d1%81%d0%ba%d0%b8%d0%b9-%d0%bd%d0%be%d1%80%d0%bc%d0%b0%d1%82%d0%b8%d0%b2%d0%bd%d1%8b%d0%b5-%d0%b0%d0%ba%d1%82%d1%8b\/","title":{"rendered":"Planuri\/Rapoarte"},"content":{"rendered":"<p><a href=\"http:\/\/basarabeasca.md\/wp-content\/uploads\/2025\/11\/decizia-nr.-04-03_compressed-2-3.pdf\">Programul de activitate a CR Basarabeasca pe trim. IV an 2025<\/a><\/p>\n<hr \/>\n<p><a href=\"http:\/\/basarabeasca.md\/wp-content\/uploads\/2025\/11\/Decizie-nr.-02-02-1-2.pdf\">Programul de activitate a CR Basarabeasca pe trim III an. 2025 (PDF)<\/a><\/p>\n<hr \/>\n<p><a href=\"http:\/\/basarabeasca.md\/wp-content\/uploads\/2025\/03\/Decizie-nr.-01.06-2-3.pdf\">Programul de activitate al Consiliului raional Basarabeasca pe Trimestrul II anului 2025(PDF)<\/a><\/p>\n<hr \/>\n<p><a href=\"http:\/\/basarabeasca.md\/wp-content\/uploads\/2025\/02\/Raport-privind-asigurarea-transparentei-procesului-decizional.pdf\">Raport privind asigurarea transparen\u021bei procesului decizional \u00een anul 2024<\/a>(PDF)<\/p>\n<hr \/>\n<p><a href=\"http:\/\/basarabeasca.md\/wp-content\/uploads\/2025\/02\/Decizie-nr.-08-04-2-3.pdf\">Program de activitate al Consiliului raional Basarabeasca pe Trimestrul I al anului 2025 (PDF)<\/a><\/p>\n<hr \/>\n<p><strong>P L A N de preg\u0103tire \u00een domeniul protec\u0163iei civile a raionului Basarabeasca pentru anul 2025<\/strong><\/p>\n<p><a href=\"http:\/\/basarabeasca.md\/wp-content\/uploads\/2025\/02\/Plan-PC-r-ul-Basarabeasca.signed_compressed-1-5.pdf\">Plan PC r-ul Basarabeasca.signed 1-5<\/a><\/p>\n<p><a href=\"http:\/\/basarabeasca.md\/wp-content\/uploads\/2025\/02\/Plan-PC-r-ul-Basarabeasca.signed_compressed-6-12.pdf\">Plan PC r-ul Basarabeasca.signed_6-12<\/a><\/p>\n<hr \/>\n<p><a href=\"http:\/\/basarabeasca.md\/wp-content\/uploads\/2024\/12\/Decizia-nr.-05-01-2.pdf\">\u00a0Programul de activitate \u0430l Consiliului raional Basarabeasca \u0440\u0435 trimestrul III \u0430l anului 2024 (PDF)<\/a><\/p>\n<hr \/>\n<p><a href=\"http:\/\/basarabeasca.md\/wp-content\/uploads\/2024\/12\/decizia-nr.-04-22_compressed-3-22.pdf\">\u0420LANUL LOCAL DE AC\u021aIUNI \u0420\u0415N\u0422RU I\u041c\u0420L\u0415\u041c\u0415N\u0422AR\u0415A PROGMULUI NA\u021aIONAL DE IN\u0422\u0415GRI\u0422A\u0422\u0415 \u0218I AN\u0422I\u0421\u041eRU\u0420\u0422I\u0415 PENTRU ANII 2024-2028 AL CONSILIULUI RAIONAL BASARABEASCA (pdf)<\/a><\/p>\n<hr \/>\n<p><a href=\"http:\/\/basarabeasca.md\/wp-content\/uploads\/2024\/12\/decizia-nr.-04-03-2-3.pdf\">PROGRAMUL DE ACTIVITATE al Consiliului raional Basarabeasca \u0440\u0435 trimestrul II al ANUL 2024 (pdf)<\/a><\/p>\n<hr \/>\n<p><a href=\"http:\/\/basarabeasca.md\/wp-content\/uploads\/2024\/12\/decizie-nr.-03-08_compressed-1-2-11.pdf\">REGULAMENTUL DE CONSTITUIRE \u0218I FUNC\u021aIONARE A CONSILIULUI RAIONAL BASARABEASCA (PDF)<\/a><\/p>\n<hr \/>\n<p><a href=\"http:\/\/basarabeasca.md\/wp-content\/uploads\/2024\/12\/decizie-nr.-03-09-2-3.pdf\">PROGRAMUL DE ACTIVITATE al Consiliului raional Basarabeasca pentru trimestrul I al anului 2024 (PDF)<\/a><\/p>\n<hr \/>\n<p><a href=\"http:\/\/basarabeasca.md\/wp-content\/uploads\/2024\/12\/decizie-nr.-03-10_compressed-2-5.pdf\">INFORMA\u021aIE cu privire la gradul de executare a deciziilor Consiliului raional Basarabeasca, adoptate in semestrul I al anului 2023 (PDF)<\/a><\/p>\n<hr \/>\n<p><a href=\"http:\/\/basarabeasca.md\/wp-content\/uploads\/2024\/03\/Raportul-de-activitate-2023.pdf\">Raportul de activitate al Comisiei raionale Basarabeasca pentru protec\u021bia drepturilor omului pentru anul 2023 <\/a><\/p>\n<hr \/>\n<p><a href=\"http:\/\/basarabeasca.md\/wp-content\/uploads\/2024\/03\/Plan-de-activitate-drepturile-omului-anul.pdf\">Plan de activitate al Comisiei raionale pentru protec\u021bia drepturilor omului pentru anul 2024<\/a><\/p>\n<hr \/>\n<p>&nbsp;<\/p>\n<p><a href=\"http:\/\/basarabeasca.md\/wp-content\/uploads\/2023\/07\/raport-1_compressed.pdf\">Raportul pentru trimestrulm I al anului 2023 privind implementarea planului local anticorup\u021bie\u00a0 2021-2023<\/a><\/p>\n<hr \/>\n<p><a href=\"http:\/\/basarabeasca.md\/wp-content\/uploads\/2023\/01\/Raport-transparenta-in-procesul-decizional_compressed.pdf\">Raport transparen\u0163\u0103 \u00een procesul decizional 2023<\/a><\/p>\n<hr \/>\n<p><a href=\"http:\/\/basarabeasca.md\/wp-content\/uploads\/2023\/01\/Raport-anticoruptie-pentru-anul-2022_compressed.pdf\">Raport anticorup\u0163ie pentru anul 2022<\/a><\/p>\n<hr \/>\n<p><a href=\"http:\/\/basarabeasca.md\/wp-content\/uploads\/2022\/12\/Plan-raional-anticoruptie_compressed.pdf\">Plan raional anticorup\u0163ie pentru anii 2018-2022<\/a><\/p>\n<p><a href=\"http:\/\/basarabeasca.md\/wp-content\/uploads\/2022\/12\/Plan-raional-anticoruptie-pentru-anii-2018-2020-1.docx\">Plan raional anticorup\u0163ie pentru anii 2018-2020<\/a><\/p>\n<hr \/>\n<p><a href=\"http:\/\/basarabeasca.md\/wp-content\/uploads\/2022\/02\/Raport-transparenta-1.pdf\">Raport privind\u00a0 asigurarea transparen\u0163ei procesului decizional \u00een Consiliul raional \u021bi subdiviziunile subordonate Consiliului raional Basarabeasca \u00een anul 2021 PDF<\/a><\/p>\n<hr \/>\n<p><a href=\"http:\/\/basarabeasca.md\/wp-content\/uploads\/2021\/10\/Planul-anual-de-actiuni-al-Aparatului-presedintelui-raionului_compressed.pdf\">Planul anual de ac\u021biuni al Aparatului pre\u0219edintelui raionului_anul 2021 PDF<\/a><\/p>\n<hr \/>\n<p><a href=\"http:\/\/basarabeasca.md\/wp-content\/uploads\/2021\/10\/Planul-anual-de-actiuni-a-Serviciului-constructii-gospodarie-comunala-si-drumuri.pdf\">Planul anual de ac\u021biuni a Serviciului construc\u021bii gospod\u0103rie comunal\u0103 \u0219i drumuri anul 2021 PDF<\/a><\/p>\n<hr \/>\n<p><a href=\"http:\/\/basarabeasca.md\/wp-content\/uploads\/2021\/09\/Planul-anual-de-actiuni-al-Sectiei-cultura-CR-Basarabeasca-anul-2021.pdf\">Planul anual de ac\u021biuni al Sec\u021biei cultur\u0103 CR Basarabeasca anul 2021<\/a>PDF<\/p>\n<hr \/>\n<p><a href=\"http:\/\/basarabeasca.md\/wp-content\/uploads\/2021\/09\/Planul-anual-de-actiuni-Serviciului-relatii-funciasre-si-cadastru-anul-2021.pdf\">Planul anual de ac\u021biuni Serviciului rela\u021bii funciare \u0219i cadastru, anul 2021<\/a> PDF<\/p>\n<hr \/>\n<p><a href=\"http:\/\/basarabeasca.md\/wp-content\/uploads\/2021\/09\/Planul-de-activitate-al-Sectiei-Economie-pentru-anul-2021.pdf\">Planul de activitate al Sec\u021biei Economie pentru anul 2021<\/a>PDF<\/p>\n<hr \/>\n<p><a href=\"http:\/\/basarabeasca.md\/wp-content\/uploads\/2021\/09\/Planul-anual-de-actiuni-al-Serviciului-agricultura-si-alimentatie-CR-Basarabeasca-pentru-anul-2021.pdf\">Planul anual de ac\u021biuni al Serviciului agricultur\u0103 \u0219i alimenta\u021bie, CR Basarabeasca pentru anul 2021<\/a> PDF<\/p>\n<hr \/>\n<p><a href=\"http:\/\/basarabeasca.md\/wp-content\/uploads\/2021\/09\/Planul-de-actiuni-al-Directiei-Finante-pentru-anul-2021_compressed.pdf\">Planul de ac\u021biuni al Direc\u021biei Finan\u021be pentru anul 2021_ PDF<\/a><\/p>\n<hr \/>\n<p><a href=\"http:\/\/basarabeasca.md\/wp-content\/uploads\/2021\/09\/Planul-anual-de-actiuni-al-Directiei-Asistenta-Sociala-si-Protectie-a-Familiei-Basarabeasca-pentru-anul-2021.pdf\">Planul anual de ac\u021biuni al Direc\u021biei Asisten\u021b\u0103 Social\u0103 \u0219i Protec\u021bie a Familiei Basarabeasca pentru anul 2021 \u00a0 <\/a>PDF<\/p>\n<hr \/>\n<p><strong>Raportul pentru\u00a0 anul 2020 privind implementarea <\/strong><strong>planului local anticorup\u0163ie pentru anii 2018-2020\u00a0<\/strong><strong>a Consiliului raional Basarabeasca<\/strong><\/p>\n<p><a href=\"http:\/\/basarabeasca.md\/wp-content\/uploads\/2021\/01\/Raport-anticoruptie_1-6_compressed.pdf\">Raport anticorup\u0163ie_1-6_<\/a><\/p>\n<p><a href=\"http:\/\/basarabeasca.md\/wp-content\/uploads\/2021\/01\/Raport-anticoruptie_7-12_compressed.pdf\">Raport anticorup\u0163ie_7-12_<\/a><\/p>\n<p><a href=\"http:\/\/basarabeasca.md\/wp-content\/uploads\/2021\/01\/Raport-anticoruptie_13-end_compressed.pdf\">Raport anticorup\u0163ie_13<\/a><\/p>\n<p>&nbsp;<\/p>\n<hr \/>\n<p><strong>Raportul pentru\u00a0 anul 2019 privind implementarea <\/strong><strong>planului local anticorup\u0163ie pentru anii 2018-2020\u00a0<\/strong><strong>a Consiliului raional Basarabeasca<\/strong><\/p>\n<p><a href=\"http:\/\/basarabeasca.md\/wp-content\/uploads\/2020\/01\/Raport-anticorup\u0163ie-pentru-anul-20191-7.pdf\">Raport anticorup\u0163ie pentru anul 2019,1-7<\/a><\/p>\n<p><a href=\"http:\/\/basarabeasca.md\/wp-content\/uploads\/2020\/01\/Raport-anticorup\u0163ie-pentru-anul-2019-8-15.pdf\">Raport anticorup\u0163ie pentru anul 2019-8-15<\/a><\/p>\n<p><a href=\"http:\/\/basarabeasca.md\/wp-content\/uploads\/2020\/01\/Raport-anticorup\u0163ie-pentru-anul-2019-16-21.pdf\">Raport anticorup\u0163ie pentru anul 2019-16-21<\/a><\/p>\n<hr \/>\n<p><strong>Raportul pentru semestrul I al anului 2019 privind implementarea\u00a0<\/strong><strong>planului local anticorup\u0163ie pentru anii 2018-2020\u00a0<\/strong><strong>a Consiliului raional Basarabeasca <\/strong><\/p>\n<p><a href=\"http:\/\/basarabeasca.md\/wp-content\/uploads\/2019\/07\/raport-semestrul-I-2019-\u043a\u043e\u043d\u0432\u0435\u0440\u0442\u0438\u0440\u043e\u0432\u0430\u043d.pdf\">raport semestrul I 2019-<\/a><\/p>\n<hr \/>\n<p><a href=\"http:\/\/basarabeasca.md\/wp-content\/uploads\/2019\/06\/raport-exec.buget-niv.II-2018.doc\">Raport\u00a0 privind executarea bugetului raional niv.II 2018<\/a><\/p>\n<hr \/>\n<p><a href=\"http:\/\/basarabeasca.md\/wp-content\/uploads\/2019\/02\/Raportul-pentru-anul-2018-privind-implementarea.pdf\">Raportul pentru anul 2018 privind implementarea planului local anticorup\u021bie pentru anii 2018-2020f CRB<\/a><\/p>\n<hr \/>\n<p><a href=\"http:\/\/basarabeasca.md\/wp-content\/uploads\/2018\/04\/Plan-de-integritate-pentru-\u00ceM-fondate-de-Consiliul-raional.docx\">Plan de integritate pentru \u00ceM, fondate de Consiliul raional.docx<\/a><\/p>\n<hr \/>\n<p><a href=\"http:\/\/basarabeasca.md\/wp-content\/uploads\/2018\/04\/Plan-raional-anticorup\u0163ie-pentru-anii-2018-2020.docx\">Plan raional anticorup\u0163ie pentru anii 2018-2020.docx<\/a><\/p>\n<hr \/>\n<p><a href=\"http:\/\/basarabeasca.md\/wp-content\/uploads\/2019\/06\/Raport-privind-executarea-bugetului-raional-Basarabeasca-pe-9-luni-ale-anului-2017-1.docx\">Raport-privind-executarea-bugetului-raional-Basarabeasca-pe-9-luni-ale-anului-2017- (1)<\/a><\/p>","protected":false},"excerpt":{"rendered":"<p>Programul de activitate a CR Basarabeasca pe trim. IV an 2025 Programul de activitate a CR Basarabeasca pe trim III an. 2025 (PDF) Programul de activitate al Consiliului raional Basarabeasca pe Trimestrul II anului 2025(PDF) Raport privind asigurarea transparen\u021bei procesului decizional \u00een anul 2024(PDF) Program de activitate al Consiliului raional Basarabeasca pe Trimestrul I al [&hellip;]<\/p>\n","protected":false},"author":2,"featured_media":0,"parent":0,"menu_order":0,"comment_status":"closed","ping_status":"closed","template":"","meta":{"footnotes":""},"class_list":["post-4336","page","type-page","status-publish","hentry"],"_links":{"self":[{"href":"https:\/\/basarabeasca.md\/ru\/wp-json\/wp\/v2\/pages\/4336","targetHints":{"allow":["GET"]}}],"collection":[{"href":"https:\/\/basarabeasca.md\/ru\/wp-json\/wp\/v2\/pages"}],"about":[{"href":"https:\/\/basarabeasca.md\/ru\/wp-json\/wp\/v2\/types\/page"}],"author":[{"embeddable":true,"href":"https:\/\/basarabeasca.md\/ru\/wp-json\/wp\/v2\/users\/2"}],"replies":[{"embeddable":true,"href":"https:\/\/basarabeasca.md\/ru\/wp-json\/wp\/v2\/comments?post=4336"}],"version-history":[{"count":40,"href":"https:\/\/basarabeasca.md\/ru\/wp-json\/wp\/v2\/pages\/4336\/revisions"}],"predecessor-version":[{"id":13950,"href":"https:\/\/basarabeasca.md\/ru\/wp-json\/wp\/v2\/pages\/4336\/revisions\/13950"}],"wp:attachment":[{"href":"https:\/\/basarabeasca.md\/ru\/wp-json\/wp\/v2\/media?parent=4336"}],"curies":[{"name":"wp","href":"https:\/\/api.w.org\/{rel}","templated":true}]}}