{"id":355,"date":"2016-02-14T20:29:02","date_gmt":"2016-02-14T20:29:02","guid":{"rendered":"http:\/\/demo.smartstudio.md\/basarabeasca.md\/?page_id=355"},"modified":"2024-03-15T09:48:12","modified_gmt":"2024-03-15T07:48:12","slug":"vicepresedintii-raionului","status":"publish","type":"page","link":"https:\/\/basarabeasca.md\/ru\/vicepresedintii-raionului\/","title":{"rendered":"\u041f\u0440\u0435\u0434\u0441\u0435\u0434\u0430\u0442\u0435\u043b\u044c  \u0440\u0430\u0439\u043e\u043d\u0430"},"content":{"rendered":"<p><img loading=\"lazy\" decoding=\"async\" class=\"wp-image-11866 alignleft\" src=\"http:\/\/basarabeasca.md\/wp-content\/uploads\/2024\/03\/DSC00407-1-2769x2432.jpg\" alt=\"\" width=\"287\" height=\"252\" srcset=\"https:\/\/basarabeasca.md\/wp-content\/uploads\/2024\/03\/DSC00407-1-2769x2432.jpg 2769w, https:\/\/basarabeasca.md\/wp-content\/uploads\/2024\/03\/DSC00407-1-150x132.jpg 150w, https:\/\/basarabeasca.md\/wp-content\/uploads\/2024\/03\/DSC00407-1-1536x1349.jpg 1536w, https:\/\/basarabeasca.md\/wp-content\/uploads\/2024\/03\/DSC00407-1-2048x1799.jpg 2048w, https:\/\/basarabeasca.md\/wp-content\/uploads\/2024\/03\/DSC00407-1-683x600.jpg 683w\" sizes=\"auto, (max-width: 287px) 100vw, 287px\" \/><\/p>\n<p>\u041f\u0440\u0435\u0434\u0441\u0435\u0434\u0430\u0442\u0435\u043b\u044c \u0440\u0430\u0439\u043e\u043d\u0430 \u0411\u0430\u0441\u0430\u0440\u0430\u0431\u044f\u0441\u043a\u0430, \u041a\u0430\u0440\u0430 \u041d\u0430\u0442\u0430\u043b\u044c\u044f \u0424\u0451\u0434\u043e\u0440\u043e\u0432\u043d\u0430<\/p>\n<p>\u0438\u0437\u0431\u0440\u0430\u043d\u0430 19 \u0444\u0435\u0432\u0440\u0430\u043b\u044f 2024 \u0433\u043e\u0434\u0430,\u00a0<a href=\"http:\/\/basarabeasca.md\/wp-content\/uploads\/2024\/02\/Decizia-03-01.pdf\">Decizia 03-01<\/a><\/p>\n<p>Dna Natalia Cara s-a n\u0103scut \u00een or. Basarabeasca \u00een anul 1977, c\u0103s\u0103torita are doi copii.<\/p>\n<p>\u00cen anul 1994 a obsolbvit scoala medie nr.8 \u00een or. Basarabeasca<\/p>\n<p>\u00cen perioada 1994-1999 a studiat la Universitatea de Stat din Comrat, Facultatea de Economie, specialitatea <em>\u201dfinan\u021be \u0219i asigur\u0103ri\u201d, \u201dcalificarea economist\u201d<\/em><\/p>\n<p>\u00cen anul 2009 a absolvit programul de dezvoltare<em> \u201dMenagementul efficient a personalului\u201d <\/em>\u0219i \u00een anul 2010 programul<em> \u201dCross-v\u00eenz\u0103ri ale produselor \u0219i serviciilor bancare\u201d<\/em><\/p>\n<p><em>\u00a0<\/em>\u00cen perioada de 1999-2005 a lucrat la Universitatea de Stat din Comrat, ca lector la Catedra de contabilitate, Facultatea de Economie.<\/p>\n<p>\u00cen anii 2004-2008 a activat \u00een func\u021bia de manager \u00een conducerea filialei nr. 24, Comrat SA \u201dBanca de Economii\u201d<\/p>\n<p>\u00cen perioada de 2008-2011 a de\u021binut func\u021bia de \u0219efa al filialei Basarabeasca a B\u0103ncii de Finan\u021be \u0219i Comer\u021b SA<\/p>\n<p>\u00cen anii 2012-2022 a de\u021binut postul de directoara al filialei Basarabeasca, BC Moldova Agroindbank SA<\/p>","protected":false},"excerpt":{"rendered":"<p>\u041f\u0440\u0435\u0434\u0441\u0435\u0434\u0430\u0442\u0435\u043b\u044c \u0440\u0430\u0439\u043e\u043d\u0430 \u0411\u0430\u0441\u0430\u0440\u0430\u0431\u044f\u0441\u043a\u0430, \u041a\u0430\u0440\u0430 \u041d\u0430\u0442\u0430\u043b\u044c\u044f \u0424\u0451\u0434\u043e\u0440\u043e\u0432\u043d\u0430 \u0438\u0437\u0431\u0440\u0430\u043d\u0430 19 \u0444\u0435\u0432\u0440\u0430\u043b\u044f 2024 \u0433\u043e\u0434\u0430,\u00a0Decizia 03-01 Dna Natalia Cara s-a n\u0103scut \u00een or. Basarabeasca \u00een anul 1977, c\u0103s\u0103torita are doi copii. \u00cen anul 1994 a obsolbvit scoala medie nr.8 \u00een or. Basarabeasca \u00cen perioada 1994-1999 a studiat la Universitatea de Stat din Comrat, Facultatea de Economie, specialitatea \u201dfinan\u021be \u0219i [&hellip;]<\/p>\n","protected":false},"author":2,"featured_media":0,"parent":0,"menu_order":0,"comment_status":"closed","ping_status":"closed","template":"","meta":{"footnotes":""},"class_list":["post-355","page","type-page","status-publish","hentry"],"_links":{"self":[{"href":"https:\/\/basarabeasca.md\/ru\/wp-json\/wp\/v2\/pages\/355","targetHints":{"allow":["GET"]}}],"collection":[{"href":"https:\/\/basarabeasca.md\/ru\/wp-json\/wp\/v2\/pages"}],"about":[{"href":"https:\/\/basarabeasca.md\/ru\/wp-json\/wp\/v2\/types\/page"}],"author":[{"embeddable":true,"href":"https:\/\/basarabeasca.md\/ru\/wp-json\/wp\/v2\/users\/2"}],"replies":[{"embeddable":true,"href":"https:\/\/basarabeasca.md\/ru\/wp-json\/wp\/v2\/comments?post=355"}],"version-history":[{"count":13,"href":"https:\/\/basarabeasca.md\/ru\/wp-json\/wp\/v2\/pages\/355\/revisions"}],"predecessor-version":[{"id":11980,"href":"https:\/\/basarabeasca.md\/ru\/wp-json\/wp\/v2\/pages\/355\/revisions\/11980"}],"wp:attachment":[{"href":"https:\/\/basarabeasca.md\/ru\/wp-json\/wp\/v2\/media?parent=355"}],"curies":[{"name":"wp","href":"https:\/\/api.w.org\/{rel}","templated":true}]}}