{"id":13957,"date":"2025-11-20T11:36:59","date_gmt":"2025-11-20T09:36:59","guid":{"rendered":"https:\/\/basarabeasca.md\/?page_id=13957"},"modified":"2025-11-20T11:49:17","modified_gmt":"2025-11-20T09:49:17","slug":"%d1%80%d1%83%d1%81%d1%81%d0%ba%d0%b8%d0%b9-%d0%ba%d0%be%d0%bc%d0%b8%d1%81%d1%81%d0%b8%d1%8f-%d0%bf%d0%be-%d1%87%d1%80%d0%b5%d0%b7%d0%b2%d1%8b%d1%87%d0%b0%d0%b9%d0%bd%d1%8b%d0%bc-%d1%81%d0%b8%d1%82","status":"publish","type":"page","link":"https:\/\/basarabeasca.md\/ru\/%d1%80%d1%83%d1%81%d1%81%d0%ba%d0%b8%d0%b9-%d0%ba%d0%be%d0%bc%d0%b8%d1%81%d1%81%d0%b8%d1%8f-%d0%bf%d0%be-%d1%87%d1%80%d0%b5%d0%b7%d0%b2%d1%8b%d1%87%d0%b0%d0%b9%d0%bd%d1%8b%d0%bc-%d1%81%d0%b8%d1%82\/","title":{"rendered":"\u041a\u043e\u043c\u0438\u0441\u0441\u0438\u044f \u043f\u043e \u0447\u0440\u0435\u0437\u0432\u044b\u0447\u0430\u0439\u043d\u044b\u043c \u0441\u0438\u0442\u0443\u0430\u0446\u0438\u044f\u043c \u0440\u0430\u0439\u043e\u043d\u0430 \u0411\u0430\u0441\u0430\u0440\u0430\u0431\u044f\u0441\u043a\u0430"},"content":{"rendered":"<p><strong>PLANUL <\/strong><strong>DE ACTIVITATEA AL COMISIEI PENTRU SITUA\u0162II EXCEP\u0162IONALE A<\/strong><\/p>\n<p><strong>RAIONULUI \u00a0BASARABEASCA PENTRU <u>ANUL 2026<\/u><\/strong><\/p>\n<p><a href=\"http:\/\/basarabeasca.md\/wp-content\/uploads\/2025\/11\/\u041f\u043b\u0430\u043d-\u043c\u043e\u0439-\u043d\u0430-2026-.docx\">\u041f\u043b\u0430\u043d \u043c\u043e\u0439 \u043d\u0430 2026 WORD<\/a><\/p>\n<hr \/>\n<h3>\u0218edin\u021ba CSE din 14.11.2025<\/h3>\n<p><a href=\"http:\/\/basarabeasca.md\/wp-content\/uploads\/2025\/11\/\u043f\u043e\u0432\u0435\u0441\u0442\u043a\u0430-14.11.2025.docx\">\u043f\u043e\u0432\u0435\u0441\u0442\u043a\u0430 14.11.2025<\/a> WORD<\/p>\n<p><a href=\"http:\/\/basarabeasca.md\/wp-content\/uploads\/2025\/11\/\u0440\u0435\u0448-\u043504-01-14.11.25-1.docx\">\u0440\u0435\u0448-\u043504-01 14.11.25 (1)<\/a><\/p>\n<p><a href=\"http:\/\/basarabeasca.md\/wp-content\/uploads\/2025\/11\/\u0440\u0435\u0448-\u043504-02-14.11.25-.docx\">\u0440\u0435\u0448-\u043504-02 14.11.25<\/a><\/p>\n<hr \/>\n<hr \/>\n<p style=\"text-align: center;\"><strong>Componen\u0163a<\/strong><\/p>\n<p style=\"text-align: center;\"><strong>Comisiei pentru <\/strong><strong>S<\/strong><strong>itua\u0163ii Excep\u0163ionale din raionul Basarabeasca actualizat\u0103 <\/strong><\/p>\n<table width=\"0\">\n<tbody>\n<tr>\n<td width=\"65\"><strong>\u2116<\/strong>r.<\/td>\n<td width=\"182\"><strong>Func\u0163ia de\u0163inut\u0103<\/strong><\/p>\n<p><strong>\u00een cadrul Comisiei<\/strong><\/td>\n<td width=\"139\"><strong>Numele,<\/strong><\/p>\n<p><strong>prenumele<\/strong><\/td>\n<td width=\"236\"><strong>Func\u0163ia de ba<\/strong><strong>z<\/strong><strong>\u0103<\/strong><\/td>\n<td width=\"218\"><strong>Nr. <\/strong><\/p>\n<p><strong>De telefon<\/strong><\/td>\n<td width=\"113\"><strong>Semn\u0103tura<\/strong><\/td>\n<\/tr>\n<tr>\n<td width=\"65\">1.<\/td>\n<td width=\"182\">Pre\u015fedintele Comisiei<\/td>\n<td width=\"139\">Natalia Cara<\/td>\n<td width=\"236\">Pre\u015fedinte al raionului Basarabeasca<\/td>\n<td width=\"218\">068285720\/20601<\/td>\n<td width=\"113\"><\/td>\n<\/tr>\n<tr>\n<td width=\"65\">2.<\/p>\n<p>&nbsp;<\/p>\n<p>3.<\/p>\n<p>&nbsp;<\/p>\n<p>4.<\/td>\n<td width=\"182\">Vicepre\u015fedin\u0163ii Comisiei<\/td>\n<td width=\"139\">Filip R\u0103cil\u0103<\/p>\n<p>&nbsp;<\/p>\n<p>&nbsp;<\/p>\n<p>Ion Catana<\/td>\n<td width=\"236\">Vicepre\u015fedinte al raionului Basarabeasca pe probleme economice<\/p>\n<p>Vicepre\u015fedinte al raionului Basarabeasca pe probleme sociale<\/p>\n<p>\u015eef al SSE Basarabeasca<\/td>\n<td width=\"218\">069006198\/22750<\/p>\n<p>&nbsp;<\/p>\n<p>\/21818<\/p>\n<p>&nbsp;<\/p>\n<p>069882018\/079604168\/20371<\/td>\n<td width=\"113\"><\/td>\n<\/tr>\n<tr>\n<td width=\"65\">5.<\/td>\n<td width=\"182\">Secretarul Comisiei<\/td>\n<td width=\"139\">Ghenadi Sebov<\/td>\n<td width=\"236\">Specialist superior al Sec\u0163iei administra\u0163ie public\u0103<\/td>\n<td width=\"218\">068693211\/21250<\/td>\n<td width=\"113\"><\/td>\n<\/tr>\n<tr>\n<td width=\"65\">6.<\/td>\n<td width=\"182\">\u015eeful Serviciului Exploatare \u015fi Instalari Basarabeasca SA\u201dMoldtelecom\u201d-membrul Comisiei<\/td>\n<td width=\"139\">Radion Costiucov<\/td>\n<td width=\"236\">Responsabil \u00een teritoriu edificii civile SA\u201dMoldtelecom\u201d Basarabeasca<\/td>\n<td width=\"218\">067399919\/20050\/22630<\/td>\n<td width=\"113\"><\/td>\n<\/tr>\n<tr>\n<td width=\"65\">7.<\/td>\n<td width=\"182\">\u015eeful Serviciului protec\u0163ie a animalelor \u015fi plantelor- membrul Comisiei<\/td>\n<td width=\"139\">Mircea Tarlev<\/td>\n<td width=\"236\">\u015eef adjunct subdiviziunea teritirial\u0103 H\u00eence\u0219ti-Cimi\u0219lia-Basarabeasca-Leova ANSA<\/td>\n<td width=\"218\">067464527\/22576<\/td>\n<td width=\"113\"><\/td>\n<\/tr>\n<tr>\n<td width=\"65\">8.<\/td>\n<td width=\"182\">\u015eeful Serviciului medical- membrul Comisiei<\/td>\n<td width=\"139\">Zinaida Ra\u021ba<\/td>\n<td width=\"236\">\u015eef coordonator Centr. S\u0103n\u0103t. Public\u0103 H\u00eence\u0219ti subdiviziunea Basarabeasca<\/td>\n<td width=\"218\">060117701\/22521\/22863<\/td>\n<td width=\"113\"><\/td>\n<\/tr>\n<tr>\n<td width=\"65\">9.<\/td>\n<td width=\"182\">\u015eeful Serviciului men\u0163inere a ordinii publice- membrul Comisiei<\/td>\n<td width=\"139\">Sergiu Plop<\/td>\n<td width=\"236\">\u015eef al Inspectoratului de Poli\u0163ie Basarabeasca<\/td>\n<td width=\"218\">069662521\/22880<\/td>\n<td width=\"113\"><\/td>\n<\/tr>\n<tr>\n<td width=\"65\">10.<\/td>\n<td width=\"182\">\u015eeful Serviciului drumuri auto- membrul Comisiei<\/td>\n<td width=\"139\">Iurie Javgurean<\/td>\n<td width=\"236\">\u015eef al SA\u201dDrumuri Cimi\u015flia\u201dsector Basarabeasca<\/td>\n<td width=\"218\">079507433\/22246<\/td>\n<td width=\"113\"><\/td>\n<\/tr>\n<tr>\n<td width=\"65\">11.<\/td>\n<td width=\"182\">\u015eeful Serviciului asigurare tehnic\u0103 -material\u0103 membrul Comisiei<\/td>\n<td width=\"139\">Maria Muntean<\/td>\n<td width=\"236\">\u015eef adjunct\u00a0 al Direc\u0163iei finan\u0163e<\/td>\n<td width=\"218\">069300801\/23006<\/td>\n<td width=\"113\"><\/td>\n<\/tr>\n<tr>\n<td width=\"65\">12.<\/td>\n<td width=\"182\">Membrul Comisiei<\/td>\n<td width=\"139\">Ivan Catan\u0103<\/td>\n<td width=\"236\">Sef al serviciului agricultur\u0103, rela\u021bii funciare \u0219i cadastru<\/td>\n<td width=\"218\">069239099\/22850<\/p>\n<p>&nbsp;<\/td>\n<td width=\"113\"><\/td>\n<\/tr>\n<tr>\n<td width=\"65\">13.<\/td>\n<td width=\"182\">Membrul Comisiei<\/td>\n<td width=\"139\">Valeriu \u021aurcan<\/td>\n<td width=\"236\">Director al IMSP \u201eSpitalul Raional Basarabeasca\u201d<\/td>\n<td width=\"218\">062174446\/22437<\/td>\n<td width=\"113\"><\/td>\n<\/tr>\n<tr>\n<td width=\"65\">14.<\/td>\n<td width=\"182\">Membrul Comisiei<\/td>\n<td width=\"139\">Natalia Arnaut<\/td>\n<td width=\"236\">\u015eef al IMSP Centrul de S\u0103n\u0103tate Basarabeasca<\/td>\n<td width=\"218\">069599533\/22196\/21147\/21663<\/td>\n<td width=\"113\"><\/td>\n<\/tr>\n<tr>\n<td width=\"65\">15.<\/td>\n<td width=\"182\">Membrul Comisiei<\/td>\n<td width=\"139\">Ecaterina Pascal<\/td>\n<td width=\"236\">\u015eef interimar al Direc\u0163iei \u00eenv\u0103\u0163\u0103m\u00eent general<\/td>\n<td width=\"218\">069764566\/22748<\/td>\n<td width=\"113\"><\/td>\n<\/tr>\n<tr>\n<td width=\"65\">16.<\/td>\n<td width=\"182\">Membrul Comisiei<\/td>\n<td width=\"139\">Roman Costiuc<\/td>\n<td width=\"236\">\u015eef de Sta\u021bie Basarabeasca CFM<\/td>\n<td width=\"218\">078884406\/82111<\/td>\n<td width=\"113\"><\/td>\n<\/tr>\n<tr>\n<td width=\"65\">17.<\/td>\n<td width=\"182\">Membrul Comisiei<\/td>\n<td width=\"139\">Petru Tichem<\/td>\n<td width=\"236\">Director al filialei Basarabeasca SRL \u201eCim-Gaz\u201d<\/td>\n<td width=\"218\">069289189\/21179\/22818<\/td>\n<td width=\"113\"><\/td>\n<\/tr>\n<tr>\n<td width=\"65\">18.<\/td>\n<td width=\"182\">Membrul Comisiei<\/td>\n<td width=\"139\">Sergiu Plop<\/td>\n<td width=\"236\">\u0218ef\u00a0 sec\u0163ie administrativ &#8212; militar\u0103 (l.d.p.Basarabeasca)<\/td>\n<td width=\"218\">069662521\/21275\/22890<\/td>\n<td width=\"113\"><\/td>\n<\/tr>\n<tr>\n<td width=\"65\">19.<\/td>\n<td width=\"182\">Membrul Comisiei<\/td>\n<td width=\"139\">Stanislav Ognivenco<\/td>\n<td width=\"236\">\u015eef de sector al sectorului poli\u0163iei de frontiera Basarabeasca<\/td>\n<td width=\"218\">079051606\/25525<\/td>\n<td width=\"113\"><\/td>\n<\/tr>\n<tr>\n<td width=\"65\">20.<\/td>\n<td width=\"182\">Membrul Comisiei<\/td>\n<td width=\"139\">Mihail Mart\u00eenov<\/td>\n<td width=\"236\">ATAS Basarabeasca<\/td>\n<td width=\"218\">069158929\/22548<\/td>\n<td width=\"113\"><\/td>\n<\/tr>\n<tr>\n<td width=\"65\">21.<\/td>\n<td width=\"182\">Membrul Comisiei<\/td>\n<td width=\"139\">Ion M\u00een\u0103scurt\u0103<\/td>\n<td width=\"236\">\u015eef adjunct al Oficiului teritorial H\u00eence\u015fti a cancelariei de Stat. Responsabil de raionul Basarabeasca<\/td>\n<td width=\"218\">069154744<\/td>\n<td width=\"113\"><\/td>\n<\/tr>\n<tr>\n<td width=\"65\">22.<\/td>\n<td width=\"182\">Membrul Comisiei<\/td>\n<td width=\"139\">Egor Nichita<\/td>\n<td width=\"236\">\u015eef Sec\u021biei economie construc\u021bie \u0219i dezvoltarea teritoriului<\/td>\n<td width=\"218\">069415203\/22241<\/td>\n<td width=\"113\"><\/td>\n<\/tr>\n<tr>\n<td width=\"65\">23.<\/td>\n<td width=\"182\">Membrul Comisiei<\/td>\n<td width=\"139\"><\/td>\n<td width=\"236\">Administrator \u00centreprinderei de instruire \u0219i produc\u021bei \u00ce.I.P.\u201eAMBAS-FER\u201d<\/td>\n<td width=\"218\">067448331\/068005176\/21904<\/td>\n<td width=\"113\"><\/td>\n<\/tr>\n<tr>\n<td width=\"65\">24.<\/td>\n<td width=\"182\">Membrul Comisiei<\/td>\n<td width=\"139\">Natalia Ivanova<\/td>\n<td width=\"236\">Director al filialei Basarabeasca Crucii Ro\u0219ie<\/td>\n<td width=\"218\">069962112\/22807\/22670<\/td>\n<td width=\"113\"><\/td>\n<\/tr>\n<\/tbody>\n<\/table>\n<p>&nbsp;<\/p>","protected":false},"excerpt":{"rendered":"<p>PLANUL DE ACTIVITATEA AL COMISIEI PENTRU SITUA\u0162II EXCEP\u0162IONALE A RAIONULUI \u00a0BASARABEASCA PENTRU ANUL 2026 \u041f\u043b\u0430\u043d \u043c\u043e\u0439 \u043d\u0430 2026 WORD \u0218edin\u021ba CSE din 14.11.2025 \u043f\u043e\u0432\u0435\u0441\u0442\u043a\u0430 14.11.2025 WORD \u0440\u0435\u0448-\u043504-01 14.11.25 (1) \u0440\u0435\u0448-\u043504-02 14.11.25 Componen\u0163a Comisiei pentru Situa\u0163ii Excep\u0163ionale din raionul Basarabeasca actualizat\u0103 \u2116r. Func\u0163ia de\u0163inut\u0103 \u00een cadrul Comisiei Numele, prenumele Func\u0163ia de baz\u0103 Nr. De telefon Semn\u0103tura [&hellip;]<\/p>\n","protected":false},"author":6,"featured_media":0,"parent":0,"menu_order":0,"comment_status":"closed","ping_status":"closed","template":"","meta":{"footnotes":""},"class_list":["post-13957","page","type-page","status-publish","hentry"],"_links":{"self":[{"href":"https:\/\/basarabeasca.md\/ru\/wp-json\/wp\/v2\/pages\/13957","targetHints":{"allow":["GET"]}}],"collection":[{"href":"https:\/\/basarabeasca.md\/ru\/wp-json\/wp\/v2\/pages"}],"about":[{"href":"https:\/\/basarabeasca.md\/ru\/wp-json\/wp\/v2\/types\/page"}],"author":[{"embeddable":true,"href":"https:\/\/basarabeasca.md\/ru\/wp-json\/wp\/v2\/users\/6"}],"replies":[{"embeddable":true,"href":"https:\/\/basarabeasca.md\/ru\/wp-json\/wp\/v2\/comments?post=13957"}],"version-history":[{"count":2,"href":"https:\/\/basarabeasca.md\/ru\/wp-json\/wp\/v2\/pages\/13957\/revisions"}],"predecessor-version":[{"id":13966,"href":"https:\/\/basarabeasca.md\/ru\/wp-json\/wp\/v2\/pages\/13957\/revisions\/13966"}],"wp:attachment":[{"href":"https:\/\/basarabeasca.md\/ru\/wp-json\/wp\/v2\/media?parent=13957"}],"curies":[{"name":"wp","href":"https:\/\/api.w.org\/{rel}","templated":true}]}}