{"id":10108,"date":"2021-11-08T14:09:56","date_gmt":"2021-11-08T12:09:56","guid":{"rendered":"http:\/\/basarabeasca.md\/?page_id=10108"},"modified":"2022-12-28T13:04:47","modified_gmt":"2022-12-28T11:04:47","slug":"%d1%80%d1%83%d1%81%d1%81%d0%ba%d0%b8%d0%b9-%d0%be%d1%80%d0%b3%d0%b0%d0%bd%d0%b8%d0%b3%d1%80%d0%b0%d0%bc%d0%bc%d0%b0","status":"publish","type":"page","link":"https:\/\/basarabeasca.md\/ru\/%d1%80%d1%83%d1%81%d1%81%d0%ba%d0%b8%d0%b9-%d0%be%d1%80%d0%b3%d0%b0%d0%bd%d0%b8%d0%b3%d1%80%d0%b0%d0%bc%d0%bc%d0%b0\/","title":{"rendered":"\u041e\u0440\u0433\u0430\u043d\u0438\u0433\u0440\u0430\u043c\u043c\u0430"},"content":{"rendered":"<p>&nbsp;<\/p>\n<p>&nbsp;<\/p>\n<p><img loading=\"lazy\" decoding=\"async\" class=\"alignnone size-full wp-image-11147\" src=\"http:\/\/basarabeasca.md\/wp-content\/uploads\/2022\/12\/Decizia-nr.-01_08-Cu-privire-la-aprobarea-organigramei-si-statelor-de-personal-ale-Aparatului-3-1_page-0001.jpg\" alt=\"\" width=\"1755\" height=\"1240\" srcset=\"https:\/\/basarabeasca.md\/wp-content\/uploads\/2022\/12\/Decizia-nr.-01_08-Cu-privire-la-aprobarea-organigramei-si-statelor-de-personal-ale-Aparatului-3-1_page-0001.jpg 1755w, https:\/\/basarabeasca.md\/wp-content\/uploads\/2022\/12\/Decizia-nr.-01_08-Cu-privire-la-aprobarea-organigramei-si-statelor-de-personal-ale-Aparatului-3-1_page-0001-150x106.jpg 150w, https:\/\/basarabeasca.md\/wp-content\/uploads\/2022\/12\/Decizia-nr.-01_08-Cu-privire-la-aprobarea-organigramei-si-statelor-de-personal-ale-Aparatului-3-1_page-0001-1536x1085.jpg 1536w, https:\/\/basarabeasca.md\/wp-content\/uploads\/2022\/12\/Decizia-nr.-01_08-Cu-privire-la-aprobarea-organigramei-si-statelor-de-personal-ale-Aparatului-3-1_page-0001-849x600.jpg 849w\" sizes=\"auto, (max-width: 1755px) 100vw, 1755px\" \/><\/p>\n<p>&nbsp;<\/p>\n<p><a href=\"http:\/\/basarabeasca.md\/wp-content\/uploads\/2022\/03\/Decizia-nr.-01_08-Cu-privire-la-aprobarea-organigramei-si-statelor-de-personal-ale-Aparatului_compressed.pdf\">Decizia nr. 01\/08 Cu privire la aprobarea organigramei \u015fi statelor de personal ale Aparatului_<\/a><\/p>\n<p><a href=\"http:\/\/basarabeasca.md\/wp-content\/uploads\/2022\/10\/04_17Cu-privire-la-unele-modificari-in-decizia-Consiliului-raional-nr.-01_08-din-04.03.2022_compressed.pdf\">Decizia 04\/17 Cu privire la unele modific\u0103ri \u00een decizia Consiliului raional nr. 01_08 din 04.03.2022_<\/a><\/p>\n<p>Anexa nr. 1 la decizia Consiliului raional nr. 04\/17 din 23.09.2022<\/p>\n<p>&nbsp;<\/p>\n<h4>Structura \u0219i efectivul limit\u0103 a<\/h4>\n<p><strong>Aparatului pre\u0219edintelui raionului \u0219i subdiviziunilor Consiliului raional<\/strong><\/p>\n<p><strong>\u00a0<\/strong><\/p>\n<table>\n<tbody>\n<tr>\n<td width=\"427\"><strong>\u00a0<\/strong><\/p>\n<p><strong>Denumirea<\/strong><\/td>\n<td width=\"192\"><strong>\u00a0<\/strong><\/p>\n<p><strong>Num\u0103rul de unit\u0103\u0163i<\/strong><\/td>\n<\/tr>\n<tr>\n<td width=\"427\">Aparatul pre\u015fedintelui raionului<\/td>\n<td width=\"192\">38,5<\/td>\n<\/tr>\n<tr>\n<td width=\"427\">Sec\u0163ia\u00a0\u00a0\u00a0\u00a0 Economie,\u00a0\u00a0\u00a0\u00a0 Construc\u0163ii\u00a0\u00a0\u00a0 \u015fi\u00a0\u00a0\u00a0\u00a0\u00a0\u00a0\u00a0\u00a0\u00a0\u00a0\u00a0\u00a0\u00a0 Dezvoltarea teritoriului<\/td>\n<td width=\"192\">4<\/td>\n<\/tr>\n<tr>\n<td width=\"427\">Sec\u021bia cultur\u0103<\/td>\n<td width=\"192\">4<\/td>\n<\/tr>\n<tr>\n<td width=\"427\">Serviciul agricultur\u0103, rela\u0163ii funciare \u015fi cadastru<\/td>\n<td width=\"192\">3<\/td>\n<\/tr>\n<tr>\n<td width=\"427\">Direc\u0163ia finan\u0163e Basarabeasca<\/td>\n<td width=\"192\">10<\/td>\n<\/tr>\n<tr>\n<td width=\"427\">Direc\u0163ia \u00eenv\u0103\u0163\u0103m\u00e2nt general Basarabeasca<\/td>\n<td width=\"192\">16<\/td>\n<\/tr>\n<tr>\n<td width=\"427\">Direc\u0163ia\u00a0\u00a0 asisten\u0163\u0103\u00a0\u00a0 social\u0103 \u015fi\u00a0\u00a0 protec\u0163ie a\u00a0\u00a0 familiei<\/p>\n<p>Basarabeasca<\/td>\n<td width=\"192\">7<\/td>\n<\/tr>\n<tr>\n<td width=\"427\"><strong>T O T A L:<\/strong><\/td>\n<td width=\"192\"><strong>82,5<\/strong><\/td>\n<\/tr>\n<\/tbody>\n<\/table>\n<p><strong>\u00a0<\/strong><\/p>\n<p><strong>\u00a0<\/strong><\/p>\n<p>Secretarul Consiliului raional Basarabeasca\u00a0\u00a0\u00a0\u00a0\u00a0\u00a0\u00a0\u00a0\u00a0\u00a0\u00a0\u00a0\u00a0\u00a0\u00a0\u00a0\u00a0\u00a0\u00a0\u00a0\u00a0\u00a0\u00a0\u00a0\u00a0\u00a0\u00a0\u00a0 Gheorghe Livi\u021bchi<\/p>\n<p>&nbsp;<\/p>\n<p>Anexa nr. 2 la decizia Consiliului raional nr. 04\/17 din 23.09.2022<\/p>\n<p>&nbsp;<\/p>\n<h4>Statele de personal ale Aparatului pre\u015fedintelui raionului Basarabeasca \u015fi<\/h4>\n<p><strong>subdiviziunilor subordonate Consiliului raional Basarabeasca<\/strong><\/p>\n<p><strong>\u00a0<\/strong><\/p>\n<table>\n<tbody>\n<tr>\n<td width=\"296\"><strong>Denumirea func\u0163iilor \u015fi subdiviziunilor<\/strong><\/td>\n<td width=\"153\"><strong>Categoria func\u0163iei<\/strong><\/p>\n<p><strong>publice\/postului<\/strong><\/td>\n<td width=\"172\"><strong>Num\u0103rul func\u0163iei<\/strong><\/p>\n<p><strong>publice\/postului<\/strong><\/td>\n<\/tr>\n<tr>\n<td colspan=\"3\" width=\"622\"><strong>1. Aparatul pre\u015fedintelui raionului<\/strong><\/td>\n<\/tr>\n<tr>\n<td width=\"296\">Pre\u015fedinte al raionului<\/td>\n<td width=\"153\">fdp<\/td>\n<td width=\"172\">1<\/td>\n<\/tr>\n<tr>\n<td width=\"296\">Vicepre\u015fedinte al raionului<\/td>\n<td width=\"153\">fdp<\/td>\n<td width=\"172\">2<\/td>\n<\/tr>\n<tr>\n<td width=\"296\">Secretar al consiliului raional<\/td>\n<td width=\"153\">fpc<\/td>\n<td width=\"172\">1<\/td>\n<\/tr>\n<tr>\n<td width=\"296\">Arhitect-\u015fef<\/td>\n<td width=\"153\">fpe<\/td>\n<td width=\"172\">1<\/td>\n<\/tr>\n<tr>\n<td width=\"296\">Specialist principal<\/td>\n<td width=\"153\">fpe<\/td>\n<td width=\"172\">3<\/td>\n<\/tr>\n<tr>\n<td width=\"296\">Audit intern<\/td>\n<td width=\"153\">fpe<\/td>\n<td width=\"172\">1<\/td>\n<\/tr>\n<tr>\n<td width=\"296\">Contabil-\u015fef<\/td>\n<td width=\"153\">fpe<\/td>\n<td width=\"172\">1<\/td>\n<\/tr>\n<tr>\n<td width=\"296\">Secretar administrativ superior<\/td>\n<td width=\"153\">pdtafap<\/td>\n<td width=\"172\">1<\/td>\n<\/tr>\n<tr>\n<td width=\"296\">Secretar-stenograf<\/td>\n<td width=\"153\">pdtafap<\/td>\n<td width=\"172\">1<\/td>\n<\/tr>\n<tr>\n<td width=\"296\">Conduc\u0103tor auto<\/td>\n<td width=\"153\">pa<\/td>\n<td width=\"172\">2<\/td>\n<\/tr>\n<tr>\n<td width=\"296\"><strong>Sec\u0163ia administra\u0163ie public\u0103<\/strong><\/td>\n<td width=\"153\"><\/td>\n<td width=\"172\"><\/td>\n<\/tr>\n<tr>\n<td width=\"296\">\u015eef sec\u0163ie<\/td>\n<td width=\"153\">fpc<\/td>\n<td width=\"172\">1<\/td>\n<\/tr>\n<tr>\n<td width=\"296\">Specialist principal<\/td>\n<td width=\"153\">fpe<\/td>\n<td width=\"172\">1<\/td>\n<\/tr>\n<tr>\n<td width=\"296\">Specialist superior<\/td>\n<td width=\"153\">fpe<\/td>\n<td width=\"172\">1<\/td>\n<\/tr>\n<tr>\n<td width=\"296\">Specialist<\/td>\n<td width=\"153\">fpe<\/td>\n<td width=\"172\">1<\/td>\n<\/tr>\n<tr>\n<td width=\"296\"><strong><em>Total sec\u0163ie &#8212; 4<\/em><\/strong><\/td>\n<td width=\"153\"><\/td>\n<td width=\"172\"><\/td>\n<\/tr>\n<tr>\n<td width=\"296\"><strong>Serviciul arhiv\u0103<\/strong><\/td>\n<td width=\"153\"><\/td>\n<td width=\"172\"><\/td>\n<\/tr>\n<tr>\n<td width=\"296\">\u015eef serviciu<\/td>\n<td width=\"153\">fpc<\/td>\n<td width=\"172\">1<\/td>\n<\/tr>\n<tr>\n<td width=\"296\">Specialist<\/td>\n<td width=\"153\">fpe<\/td>\n<td width=\"172\">1<\/td>\n<\/tr>\n<tr>\n<td width=\"296\"><strong><em>Total serviciu &#8212; 2<\/em><\/strong><\/td>\n<td width=\"153\"><\/td>\n<td width=\"172\"><\/td>\n<\/tr>\n<tr>\n<td width=\"296\">Intendent cl\u0103dire<\/td>\n<td width=\"153\">pa<\/td>\n<td width=\"172\">1<\/td>\n<\/tr>\n<tr>\n<td width=\"296\">Contabil<\/td>\n<td width=\"153\">ps<\/td>\n<td width=\"172\">2<\/td>\n<\/tr>\n<tr>\n<td width=\"296\">L\u0103c\u0103tu\u015f<\/td>\n<td width=\"153\">pa<\/td>\n<td width=\"172\">0,5<\/td>\n<\/tr>\n<tr>\n<td width=\"296\">Operator \u00een sala de cazane<\/td>\n<td width=\"153\">pa<\/td>\n<td width=\"172\">0,5<\/td>\n<\/tr>\n<tr>\n<td width=\"296\">Electrician<\/td>\n<td width=\"153\">pa<\/td>\n<td width=\"172\">1<\/td>\n<\/tr>\n<tr>\n<td width=\"296\">Conduc\u0103tor auto<\/td>\n<td width=\"153\">pa<\/td>\n<td width=\"172\">1<\/td>\n<\/tr>\n<tr>\n<td width=\"296\">Paznic<\/td>\n<td width=\"153\">pa<\/td>\n<td width=\"172\">6<\/td>\n<\/tr>\n<tr>\n<td width=\"296\">\u00cengrijitor incaperii<\/td>\n<td width=\"153\">pa<\/td>\n<td width=\"172\">5,5<\/td>\n<\/tr>\n<tr>\n<td width=\"296\">M\u0103turator<\/td>\n<td width=\"153\">pa<\/td>\n<td width=\"172\">1<\/td>\n<\/tr>\n<tr>\n<td width=\"296\"><strong><em>Total personal auxiliar\u2013 18,5<\/em><\/strong><\/td>\n<td width=\"153\"><\/td>\n<td width=\"172\"><\/td>\n<\/tr>\n<tr>\n<td width=\"296\"><strong><em>Total Aparatul pre\u015fedintelui raionului \u2013<\/em><\/strong><\/p>\n<p><strong><em>38,5<\/em><\/strong><\/td>\n<td width=\"153\"><\/td>\n<td width=\"172\"><\/td>\n<\/tr>\n<tr>\n<td colspan=\"3\" width=\"622\"><strong>\u00a0<\/strong><\/p>\n<p><strong><u>Subdiviziunile Consiliului raional<\/u><\/strong><\/p>\n<p><strong>2. Sec\u0163ia Economie, Construc\u0163ii \u015fi dezvoltarea teritoriului<\/strong><\/td>\n<\/tr>\n<tr>\n<td width=\"296\">\u015eef sec\u0163ie<\/td>\n<td width=\"153\">fpc<\/td>\n<td width=\"172\">1<\/td>\n<\/tr>\n<tr>\n<td width=\"296\">Specialist principal<\/td>\n<td width=\"153\">fpe<\/td>\n<td width=\"172\">2<\/td>\n<\/tr>\n<tr>\n<td width=\"296\">Specialist superior<\/td>\n<td width=\"153\">fpe<\/td>\n<td width=\"172\">1<\/td>\n<\/tr>\n<tr>\n<td width=\"296\"><strong><em>Total sec\u021bie &#8212; 4<\/em><\/strong><\/td>\n<td width=\"153\"><\/td>\n<td width=\"172\"><\/td>\n<\/tr>\n<\/tbody>\n<\/table>\n<p>&nbsp;<\/p>\n<table>\n<tbody>\n<tr>\n<td colspan=\"3\" width=\"622\"><strong>3. Sec\u0163ia cultur\u0103<\/strong><\/td>\n<\/tr>\n<tr>\n<td width=\"297\">\u015eef sec\u0163ie<\/td>\n<td width=\"155\">fpc<\/td>\n<td width=\"170\">1<\/td>\n<\/tr>\n<tr>\n<td width=\"297\">Specialist principal<\/td>\n<td width=\"155\">fpe<\/td>\n<td width=\"170\">2<\/td>\n<\/tr>\n<tr>\n<td width=\"297\">Specialist<\/td>\n<td width=\"155\">fpe<\/td>\n<td width=\"170\">1<\/td>\n<\/tr>\n<tr>\n<td width=\"297\"><strong><em>Total sec\u0163ie &#8212; 4<\/em><\/strong><\/td>\n<td width=\"155\"><\/td>\n<td width=\"170\"><\/td>\n<\/tr>\n<tr>\n<td colspan=\"3\" width=\"622\"><strong>4. Serviciul agricultur\u0103, rela\u0163ii funciare \u015fi cadastru<\/strong><\/td>\n<\/tr>\n<tr>\n<td width=\"297\">\u015eef serviciu<\/td>\n<td width=\"155\">fpc<\/td>\n<td width=\"170\">1<\/td>\n<\/tr>\n<tr>\n<td width=\"297\">Specialist principal<\/td>\n<td width=\"155\">fpe<\/td>\n<td width=\"170\">1<\/td>\n<\/tr>\n<tr>\n<td width=\"297\">Specialist superior<\/td>\n<td width=\"155\">fpe<\/td>\n<td width=\"170\">1<\/td>\n<\/tr>\n<tr>\n<td width=\"297\"><strong><em>Total sec\u0163ie &#8212; 3<\/em><\/strong><\/td>\n<td width=\"155\"><\/td>\n<td width=\"170\"><\/td>\n<\/tr>\n<\/tbody>\n<\/table>\n<p><strong>\u00a0<\/strong><\/p>\n<p><strong>\u00a0<\/strong><\/p>\n<p>&nbsp;<\/p>\n<p>&nbsp;<\/p>\n","protected":false},"excerpt":{"rendered":"<p>&nbsp; &nbsp; &nbsp; Decizia nr. 01\/08 Cu privire la aprobarea organigramei \u015fi statelor de personal ale Aparatului_ Decizia 04\/17 Cu privire la unele modific\u0103ri \u00een decizia Consiliului raional nr. 01_08 din 04.03.2022_ Anexa nr. 1 la decizia Consiliului raional nr. 04\/17 din 23.09.2022 &nbsp; Structura \u0219i efectivul limit\u0103 a Aparatului pre\u0219edintelui raionului \u0219i subdiviziunilor Consiliului [&hellip;]<\/p>\n","protected":false},"author":6,"featured_media":0,"parent":0,"menu_order":0,"comment_status":"closed","ping_status":"closed","template":"","meta":{"footnotes":""},"class_list":["post-10108","page","type-page","status-publish","hentry"],"_links":{"self":[{"href":"https:\/\/basarabeasca.md\/ru\/wp-json\/wp\/v2\/pages\/10108","targetHints":{"allow":["GET"]}}],"collection":[{"href":"https:\/\/basarabeasca.md\/ru\/wp-json\/wp\/v2\/pages"}],"about":[{"href":"https:\/\/basarabeasca.md\/ru\/wp-json\/wp\/v2\/types\/page"}],"author":[{"embeddable":true,"href":"https:\/\/basarabeasca.md\/ru\/wp-json\/wp\/v2\/users\/6"}],"replies":[{"embeddable":true,"href":"https:\/\/basarabeasca.md\/ru\/wp-json\/wp\/v2\/comments?post=10108"}],"version-history":[{"count":4,"href":"https:\/\/basarabeasca.md\/ru\/wp-json\/wp\/v2\/pages\/10108\/revisions"}],"predecessor-version":[{"id":11148,"href":"https:\/\/basarabeasca.md\/ru\/wp-json\/wp\/v2\/pages\/10108\/revisions\/11148"}],"wp:attachment":[{"href":"https:\/\/basarabeasca.md\/ru\/wp-json\/wp\/v2\/media?parent=10108"}],"curies":[{"name":"wp","href":"https:\/\/api.w.org\/{rel}","templated":true}]}}