{"id":6372,"date":"2018-12-12T16:16:59","date_gmt":"2018-12-12T14:16:59","guid":{"rendered":"http:\/\/basarabeasca.md\/?page_id=6372"},"modified":"2025-03-25T10:24:23","modified_gmt":"2025-03-25T08:24:23","slug":"%d1%80%d1%83%d1%81%d1%81%d0%ba%d0%b8%d0%b9-%d0%b8%d0%bd%d1%84%d0%be%d1%80%d0%bc%d0%b0%d1%86%d0%b8%d1%8f-%d0%be-%d0%bf%d1%80%d0%be%d0%b7%d1%80%d0%b0%d1%87%d0%bd%d0%be%d1%81%d1%82%d0%b8-%d0%bf%d1%80","status":"publish","type":"page","link":"https:\/\/basarabeasca.md\/ro\/rapoarte-anuale-privind-transparenta-decizionala\/%d1%80%d1%83%d1%81%d1%81%d0%ba%d0%b8%d0%b9-%d0%b8%d0%bd%d1%84%d0%be%d1%80%d0%bc%d0%b0%d1%86%d0%b8%d1%8f-%d0%be-%d0%bf%d1%80%d0%be%d0%b7%d1%80%d0%b0%d1%87%d0%bd%d0%be%d1%81%d1%82%d0%b8-%d0%bf%d1%80\/","title":{"rendered":"Raportul privind asigurarea transparen\u021bei procesului decizional"},"content":{"rendered":"<p><\/p>\n<h2><\/h2>\n<hr \/>\n<h2><a href=\"http:\/\/basarabeasca.md\/wp-content\/uploads\/2025\/03\/Raport-privind-asigurarea-transparentei-procesului-decizional.pdf\">Raport-privind-asigurarea-transparentei-procesului-decizional<\/a> \u00een anul 2024 (PDF)<\/h2>\n<h2><img loading=\"lazy\" decoding=\"async\" class=\"alignnone size-full wp-image-13289\" src=\"http:\/\/basarabeasca.md\/wp-content\/uploads\/2025\/03\/Raport-privind-asigurarea-transparentei-procesului-decizional_page-0001.jpg\" alt=\"\" width=\"1240\" height=\"1754\" srcset=\"https:\/\/basarabeasca.md\/wp-content\/uploads\/2025\/03\/Raport-privind-asigurarea-transparentei-procesului-decizional_page-0001.jpg 1240w, https:\/\/basarabeasca.md\/wp-content\/uploads\/2025\/03\/Raport-privind-asigurarea-transparentei-procesului-decizional_page-0001-106x150.jpg 106w, https:\/\/basarabeasca.md\/wp-content\/uploads\/2025\/03\/Raport-privind-asigurarea-transparentei-procesului-decizional_page-0001-1086x1536.jpg 1086w, https:\/\/basarabeasca.md\/wp-content\/uploads\/2025\/03\/Raport-privind-asigurarea-transparentei-procesului-decizional_page-0001-424x600.jpg 424w\" sizes=\"auto, (max-width: 1240px) 100vw, 1240px\" \/> <img loading=\"lazy\" decoding=\"async\" class=\"alignnone size-medium wp-image-13290\" src=\"http:\/\/basarabeasca.md\/wp-content\/uploads\/2025\/03\/Raport-privind-asigurarea-transparentei-procesului-decizional_page-0002.jpg\" alt=\"\" width=\"1240\" height=\"1754\" srcset=\"https:\/\/basarabeasca.md\/wp-content\/uploads\/2025\/03\/Raport-privind-asigurarea-transparentei-procesului-decizional_page-0002.jpg 1240w, https:\/\/basarabeasca.md\/wp-content\/uploads\/2025\/03\/Raport-privind-asigurarea-transparentei-procesului-decizional_page-0002-106x150.jpg 106w, https:\/\/basarabeasca.md\/wp-content\/uploads\/2025\/03\/Raport-privind-asigurarea-transparentei-procesului-decizional_page-0002-1086x1536.jpg 1086w, https:\/\/basarabeasca.md\/wp-content\/uploads\/2025\/03\/Raport-privind-asigurarea-transparentei-procesului-decizional_page-0002-424x600.jpg 424w\" sizes=\"auto, (max-width: 1240px) 100vw, 1240px\" \/> <img loading=\"lazy\" decoding=\"async\" class=\"alignnone size-medium wp-image-13291\" src=\"http:\/\/basarabeasca.md\/wp-content\/uploads\/2025\/03\/Raport-privind-asigurarea-transparentei-procesului-decizional_page-0003.jpg\" alt=\"\" width=\"1240\" height=\"1754\" srcset=\"https:\/\/basarabeasca.md\/wp-content\/uploads\/2025\/03\/Raport-privind-asigurarea-transparentei-procesului-decizional_page-0003.jpg 1240w, https:\/\/basarabeasca.md\/wp-content\/uploads\/2025\/03\/Raport-privind-asigurarea-transparentei-procesului-decizional_page-0003-106x150.jpg 106w, https:\/\/basarabeasca.md\/wp-content\/uploads\/2025\/03\/Raport-privind-asigurarea-transparentei-procesului-decizional_page-0003-1086x1536.jpg 1086w, https:\/\/basarabeasca.md\/wp-content\/uploads\/2025\/03\/Raport-privind-asigurarea-transparentei-procesului-decizional_page-0003-424x600.jpg 424w\" sizes=\"auto, (max-width: 1240px) 100vw, 1240px\" \/><\/h2>\n<h2><\/h2>\n<hr \/>\n<h2><a href=\"http:\/\/basarabeasca.md\/wp-content\/uploads\/2024\/01\/Raportul-transparenta-decizion_compressed.pdf\">Raportul &#8211; transparen\u0163a decizional \u00een anul 2023 (PDF)<\/a><\/h2>\n<h2><img loading=\"lazy\" decoding=\"async\" class=\"alignnone size-full wp-image-11753\" src=\"http:\/\/basarabeasca.md\/wp-content\/uploads\/2024\/01\/Raportul-transparenta-decizion_page-0001.jpg\" alt=\"\" width=\"1240\" height=\"1755\" srcset=\"https:\/\/basarabeasca.md\/wp-content\/uploads\/2024\/01\/Raportul-transparenta-decizion_page-0001.jpg 1240w, https:\/\/basarabeasca.md\/wp-content\/uploads\/2024\/01\/Raportul-transparenta-decizion_page-0001-106x150.jpg 106w, https:\/\/basarabeasca.md\/wp-content\/uploads\/2024\/01\/Raportul-transparenta-decizion_page-0001-1085x1536.jpg 1085w, https:\/\/basarabeasca.md\/wp-content\/uploads\/2024\/01\/Raportul-transparenta-decizion_page-0001-424x600.jpg 424w\" sizes=\"auto, (max-width: 1240px) 100vw, 1240px\" \/> <img loading=\"lazy\" decoding=\"async\" class=\"alignnone size-medium wp-image-11754\" src=\"http:\/\/basarabeasca.md\/wp-content\/uploads\/2024\/01\/Raportul-transparenta-decizion_page-0002.jpg\" alt=\"\" width=\"1240\" height=\"1755\" srcset=\"https:\/\/basarabeasca.md\/wp-content\/uploads\/2024\/01\/Raportul-transparenta-decizion_page-0002.jpg 1240w, https:\/\/basarabeasca.md\/wp-content\/uploads\/2024\/01\/Raportul-transparenta-decizion_page-0002-106x150.jpg 106w, https:\/\/basarabeasca.md\/wp-content\/uploads\/2024\/01\/Raportul-transparenta-decizion_page-0002-1085x1536.jpg 1085w, https:\/\/basarabeasca.md\/wp-content\/uploads\/2024\/01\/Raportul-transparenta-decizion_page-0002-424x600.jpg 424w\" sizes=\"auto, (max-width: 1240px) 100vw, 1240px\" \/> <img loading=\"lazy\" decoding=\"async\" class=\"alignnone size-medium wp-image-11755\" src=\"http:\/\/basarabeasca.md\/wp-content\/uploads\/2024\/01\/Raportul-transparenta-decizion_page-0003.jpg\" alt=\"\" width=\"1240\" height=\"1755\" srcset=\"https:\/\/basarabeasca.md\/wp-content\/uploads\/2024\/01\/Raportul-transparenta-decizion_page-0003.jpg 1240w, https:\/\/basarabeasca.md\/wp-content\/uploads\/2024\/01\/Raportul-transparenta-decizion_page-0003-106x150.jpg 106w, https:\/\/basarabeasca.md\/wp-content\/uploads\/2024\/01\/Raportul-transparenta-decizion_page-0003-1085x1536.jpg 1085w, https:\/\/basarabeasca.md\/wp-content\/uploads\/2024\/01\/Raportul-transparenta-decizion_page-0003-424x600.jpg 424w\" sizes=\"auto, (max-width: 1240px) 100vw, 1240px\" \/><\/h2>\n<h2><\/h2>\n<h2><\/h2>\n<h2><\/h2>\n<hr \/>\n<h2><a href=\"http:\/\/basarabeasca.md\/wp-content\/uploads\/2023\/01\/Raport-transparenta-in-procesul-decizional_compressed.pdf\">Raport transparen\u0163\u0103 \u00een procesul decizional \u00een anul 2022 (PDF)<\/a><\/h2>\n<p><img loading=\"lazy\" decoding=\"async\" class=\"alignnone size-full wp-image-11198\" src=\"http:\/\/basarabeasca.md\/wp-content\/uploads\/2023\/01\/Raport-transparenta-in-procesul-decizional_page-0001.jpg\" alt=\"\" width=\"1240\" height=\"1755\" srcset=\"https:\/\/basarabeasca.md\/wp-content\/uploads\/2023\/01\/Raport-transparenta-in-procesul-decizional_page-0001.jpg 1240w, https:\/\/basarabeasca.md\/wp-content\/uploads\/2023\/01\/Raport-transparenta-in-procesul-decizional_page-0001-106x150.jpg 106w, https:\/\/basarabeasca.md\/wp-content\/uploads\/2023\/01\/Raport-transparenta-in-procesul-decizional_page-0001-1085x1536.jpg 1085w, https:\/\/basarabeasca.md\/wp-content\/uploads\/2023\/01\/Raport-transparenta-in-procesul-decizional_page-0001-424x600.jpg 424w\" sizes=\"auto, (max-width: 1240px) 100vw, 1240px\" \/><\/p>\n<p><img loading=\"lazy\" decoding=\"async\" class=\"alignnone size-full wp-image-11199\" src=\"http:\/\/basarabeasca.md\/wp-content\/uploads\/2023\/01\/Raport-transparenta-in-procesul-decizional_page-0002.jpg\" alt=\"\" width=\"1240\" height=\"1755\" srcset=\"https:\/\/basarabeasca.md\/wp-content\/uploads\/2023\/01\/Raport-transparenta-in-procesul-decizional_page-0002.jpg 1240w, https:\/\/basarabeasca.md\/wp-content\/uploads\/2023\/01\/Raport-transparenta-in-procesul-decizional_page-0002-106x150.jpg 106w, https:\/\/basarabeasca.md\/wp-content\/uploads\/2023\/01\/Raport-transparenta-in-procesul-decizional_page-0002-1085x1536.jpg 1085w, https:\/\/basarabeasca.md\/wp-content\/uploads\/2023\/01\/Raport-transparenta-in-procesul-decizional_page-0002-424x600.jpg 424w\" sizes=\"auto, (max-width: 1240px) 100vw, 1240px\" \/><\/p>\n<p><img loading=\"lazy\" decoding=\"async\" class=\"alignnone size-full wp-image-11200\" src=\"http:\/\/basarabeasca.md\/wp-content\/uploads\/2023\/01\/Raport-transparenta-in-procesul-decizional_page-0003.jpg\" alt=\"\" width=\"1240\" height=\"1755\" srcset=\"https:\/\/basarabeasca.md\/wp-content\/uploads\/2023\/01\/Raport-transparenta-in-procesul-decizional_page-0003.jpg 1240w, https:\/\/basarabeasca.md\/wp-content\/uploads\/2023\/01\/Raport-transparenta-in-procesul-decizional_page-0003-106x150.jpg 106w, https:\/\/basarabeasca.md\/wp-content\/uploads\/2023\/01\/Raport-transparenta-in-procesul-decizional_page-0003-1085x1536.jpg 1085w, https:\/\/basarabeasca.md\/wp-content\/uploads\/2023\/01\/Raport-transparenta-in-procesul-decizional_page-0003-424x600.jpg 424w\" sizes=\"auto, (max-width: 1240px) 100vw, 1240px\" \/><\/p>\n<h2><\/h2>\n<h2><\/h2>\n<hr \/>\n<h2><a href=\"http:\/\/basarabeasca.md\/wp-content\/uploads\/2023\/01\/Raport-transparenta-2.pdf\">Raport transparen\u0163\u0103 \u00een anul 20221(PDF)<\/a><\/h2>\n<p><img loading=\"lazy\" decoding=\"async\" class=\"alignnone size-full wp-image-11177\" src=\"http:\/\/basarabeasca.md\/wp-content\/uploads\/2023\/01\/Raport-transparenta-2_page-0001.jpg\" alt=\"\" width=\"1240\" height=\"1755\" srcset=\"https:\/\/basarabeasca.md\/wp-content\/uploads\/2023\/01\/Raport-transparenta-2_page-0001.jpg 1240w, https:\/\/basarabeasca.md\/wp-content\/uploads\/2023\/01\/Raport-transparenta-2_page-0001-106x150.jpg 106w, https:\/\/basarabeasca.md\/wp-content\/uploads\/2023\/01\/Raport-transparenta-2_page-0001-1085x1536.jpg 1085w, https:\/\/basarabeasca.md\/wp-content\/uploads\/2023\/01\/Raport-transparenta-2_page-0001-424x600.jpg 424w\" sizes=\"auto, (max-width: 1240px) 100vw, 1240px\" \/><\/p>\n<p><img loading=\"lazy\" decoding=\"async\" class=\"alignnone size-full wp-image-11178\" src=\"http:\/\/basarabeasca.md\/wp-content\/uploads\/2023\/01\/Raport-transparenta-2_page-0002.jpg\" alt=\"\" width=\"1240\" height=\"1755\" srcset=\"https:\/\/basarabeasca.md\/wp-content\/uploads\/2023\/01\/Raport-transparenta-2_page-0002.jpg 1240w, https:\/\/basarabeasca.md\/wp-content\/uploads\/2023\/01\/Raport-transparenta-2_page-0002-106x150.jpg 106w, https:\/\/basarabeasca.md\/wp-content\/uploads\/2023\/01\/Raport-transparenta-2_page-0002-1085x1536.jpg 1085w, https:\/\/basarabeasca.md\/wp-content\/uploads\/2023\/01\/Raport-transparenta-2_page-0002-424x600.jpg 424w\" sizes=\"auto, (max-width: 1240px) 100vw, 1240px\" \/><\/p>\n<h2><\/h2>\n<hr \/>\n<h2><a href=\"http:\/\/basarabeasca.md\/wp-content\/uploads\/2021\/01\/Raport-privind-asigurarea-transparentei-procesului-decizional-1.pdf\">Raport privind asigurarea transparen\u0163ei procesului decizional 2020(pdf)<\/a><\/h2>\n<p><img loading=\"lazy\" decoding=\"async\" class=\"alignnone size-medium wp-image-9283\" src=\"http:\/\/basarabeasca.md\/wp-content\/uploads\/2021\/01\/0001-1719x2432.jpg\" alt=\"\" width=\"1719\" height=\"2432\" srcset=\"https:\/\/basarabeasca.md\/wp-content\/uploads\/2021\/01\/0001-1719x2432.jpg 1719w, https:\/\/basarabeasca.md\/wp-content\/uploads\/2021\/01\/0001-106x150.jpg 106w, https:\/\/basarabeasca.md\/wp-content\/uploads\/2021\/01\/0001-1086x1536.jpg 1086w, https:\/\/basarabeasca.md\/wp-content\/uploads\/2021\/01\/0001-1447x2048.jpg 1447w, https:\/\/basarabeasca.md\/wp-content\/uploads\/2021\/01\/0001-424x600.jpg 424w, https:\/\/basarabeasca.md\/wp-content\/uploads\/2021\/01\/0001-scaled.jpg 1809w\" sizes=\"auto, (max-width: 1719px) 100vw, 1719px\" \/><\/p>\n<p><img loading=\"lazy\" decoding=\"async\" class=\"alignnone size-medium wp-image-9284\" src=\"http:\/\/basarabeasca.md\/wp-content\/uploads\/2021\/01\/0002-1719x2432.jpg\" alt=\"\" width=\"1719\" height=\"2432\" srcset=\"https:\/\/basarabeasca.md\/wp-content\/uploads\/2021\/01\/0002-1719x2432.jpg 1719w, https:\/\/basarabeasca.md\/wp-content\/uploads\/2021\/01\/0002-106x150.jpg 106w, https:\/\/basarabeasca.md\/wp-content\/uploads\/2021\/01\/0002-1086x1536.jpg 1086w, https:\/\/basarabeasca.md\/wp-content\/uploads\/2021\/01\/0002-1447x2048.jpg 1447w, https:\/\/basarabeasca.md\/wp-content\/uploads\/2021\/01\/0002-424x600.jpg 424w, https:\/\/basarabeasca.md\/wp-content\/uploads\/2021\/01\/0002-scaled.jpg 1809w\" sizes=\"auto, (max-width: 1719px) 100vw, 1719px\" \/><\/p>\n<hr \/>\n<h2><span style=\"color: #0000ff;\"><a style=\"color: #0000ff;\" href=\"http:\/\/basarabeasca.md\/wp-content\/uploads\/2020\/01\/Raport.pdf\">Raport transporen\u021ba pe anul 2019(PDF)<\/a>\u00a0<\/span><\/h2>\n<p><img loading=\"lazy\" decoding=\"async\" class=\"aligncenter size-full wp-image-7652\" src=\"http:\/\/basarabeasca.md\/wp-content\/uploads\/2020\/01\/0001.jpg\" alt=\"\" width=\"2480\" height=\"3508\" srcset=\"https:\/\/basarabeasca.md\/wp-content\/uploads\/2020\/01\/0001.jpg 2480w, https:\/\/basarabeasca.md\/wp-content\/uploads\/2020\/01\/0001-106x150.jpg 106w, https:\/\/basarabeasca.md\/wp-content\/uploads\/2020\/01\/0001-1719x2432.jpg 1719w, https:\/\/basarabeasca.md\/wp-content\/uploads\/2020\/01\/0001-424x600.jpg 424w\" sizes=\"auto, (max-width: 2480px) 100vw, 2480px\" \/> <img loading=\"lazy\" decoding=\"async\" class=\"aligncenter size-full wp-image-7653\" src=\"http:\/\/basarabeasca.md\/wp-content\/uploads\/2020\/01\/0002.jpg\" alt=\"\" width=\"2480\" height=\"3508\" srcset=\"https:\/\/basarabeasca.md\/wp-content\/uploads\/2020\/01\/0002.jpg 2480w, https:\/\/basarabeasca.md\/wp-content\/uploads\/2020\/01\/0002-106x150.jpg 106w, https:\/\/basarabeasca.md\/wp-content\/uploads\/2020\/01\/0002-1719x2432.jpg 1719w, https:\/\/basarabeasca.md\/wp-content\/uploads\/2020\/01\/0002-424x600.jpg 424w\" sizes=\"auto, (max-width: 2480px) 100vw, 2480px\" \/><\/p>\n<p>&nbsp;<\/p>\n<hr \/>\n<hr \/>\n<h2><a href=\"http:\/\/basarabeasca.md\/wp-content\/uploads\/2019\/03\/Transparen\u0163\u0103.pdf\">Raport transparen\u0163\u0103 pe anul 2018<\/a>\u00a0(PDF)<\/h2>\n<p><img loading=\"lazy\" decoding=\"async\" class=\"aligncenter size-full wp-image-6580\" src=\"http:\/\/basarabeasca.md\/wp-content\/uploads\/2019\/03\/0001.jpg\" alt=\"\" width=\"2480\" height=\"3508\" srcset=\"https:\/\/basarabeasca.md\/wp-content\/uploads\/2019\/03\/0001.jpg 2480w, https:\/\/basarabeasca.md\/wp-content\/uploads\/2019\/03\/0001-106x150.jpg 106w, https:\/\/basarabeasca.md\/wp-content\/uploads\/2019\/03\/0001-1719x2432.jpg 1719w, https:\/\/basarabeasca.md\/wp-content\/uploads\/2019\/03\/0001-424x600.jpg 424w\" sizes=\"auto, (max-width: 2480px) 100vw, 2480px\" \/> <img loading=\"lazy\" decoding=\"async\" class=\"aligncenter size-full wp-image-6581\" src=\"http:\/\/basarabeasca.md\/wp-content\/uploads\/2019\/03\/0002.jpg\" alt=\"\" width=\"2480\" height=\"3508\" srcset=\"https:\/\/basarabeasca.md\/wp-content\/uploads\/2019\/03\/0002.jpg 2480w, https:\/\/basarabeasca.md\/wp-content\/uploads\/2019\/03\/0002-106x150.jpg 106w, https:\/\/basarabeasca.md\/wp-content\/uploads\/2019\/03\/0002-1719x2432.jpg 1719w, https:\/\/basarabeasca.md\/wp-content\/uploads\/2019\/03\/0002-424x600.jpg 424w\" sizes=\"auto, (max-width: 2480px) 100vw, 2480px\" \/><\/p>\n<hr \/>\n<h2><a href=\"http:\/\/basarabeasca.md\/wp-content\/uploads\/2018\/12\/Raport-transparen\u0163\u0103-pe-anul-2017.pdf\">Raport transparen\u0163\u0103 pe anul 2017<\/a>\u00a0(PDF)<\/h2>\n<hr \/>\n<p style=\"text-align: center;\"><img loading=\"lazy\" decoding=\"async\" class=\"aligncenter size-full wp-image-6400\" src=\"http:\/\/basarabeasca.md\/wp-content\/uploads\/2018\/12\/imgonline-com-ua-Compressed-1Ollhi9UEzv1m.jpg\" alt=\"\" width=\"1189\" height=\"1681\" srcset=\"https:\/\/basarabeasca.md\/wp-content\/uploads\/2018\/12\/imgonline-com-ua-Compressed-1Ollhi9UEzv1m.jpg 1189w, https:\/\/basarabeasca.md\/wp-content\/uploads\/2018\/12\/imgonline-com-ua-Compressed-1Ollhi9UEzv1m-106x150.jpg 106w, https:\/\/basarabeasca.md\/wp-content\/uploads\/2018\/12\/imgonline-com-ua-Compressed-1Ollhi9UEzv1m-424x600.jpg 424w\" sizes=\"auto, (max-width: 1189px) 100vw, 1189px\" \/><img loading=\"lazy\" decoding=\"async\" class=\"aligncenter size-full wp-image-6401\" src=\"http:\/\/basarabeasca.md\/wp-content\/uploads\/2018\/12\/imgonline-com-ua-Compressed-Xa7K2OSm06YFBk.jpg\" alt=\"\" width=\"1189\" height=\"1681\" srcset=\"https:\/\/basarabeasca.md\/wp-content\/uploads\/2018\/12\/imgonline-com-ua-Compressed-Xa7K2OSm06YFBk.jpg 1189w, https:\/\/basarabeasca.md\/wp-content\/uploads\/2018\/12\/imgonline-com-ua-Compressed-Xa7K2OSm06YFBk-106x150.jpg 106w, https:\/\/basarabeasca.md\/wp-content\/uploads\/2018\/12\/imgonline-com-ua-Compressed-Xa7K2OSm06YFBk-424x600.jpg 424w\" sizes=\"auto, (max-width: 1189px) 100vw, 1189px\" \/><\/p>\n<p><\/p>","protected":false},"excerpt":{"rendered":"<p>Raport-privind-asigurarea-transparentei-procesului-decizional \u00een anul 2024 (PDF) Raportul &#8211; transparen\u0163a decizional \u00een anul 2023 (PDF) Raport transparen\u0163\u0103 \u00een procesul decizional \u00een anul 2022 (PDF) Raport transparen\u0163\u0103 \u00een anul 20221(PDF) Raport privind asigurarea transparen\u0163ei procesului decizional 2020(pdf) Raport transporen\u021ba pe anul 2019(PDF)\u00a0 &nbsp; Raport transparen\u0163\u0103 pe anul 2018\u00a0(PDF) Raport transparen\u0163\u0103 pe anul 2017\u00a0(PDF)<\/p>\n","protected":false},"author":2,"featured_media":0,"parent":478,"menu_order":0,"comment_status":"closed","ping_status":"closed","template":"","meta":{"footnotes":""},"class_list":["post-6372","page","type-page","status-publish","hentry"],"_links":{"self":[{"href":"https:\/\/basarabeasca.md\/ro\/wp-json\/wp\/v2\/pages\/6372","targetHints":{"allow":["GET"]}}],"collection":[{"href":"https:\/\/basarabeasca.md\/ro\/wp-json\/wp\/v2\/pages"}],"about":[{"href":"https:\/\/basarabeasca.md\/ro\/wp-json\/wp\/v2\/types\/page"}],"author":[{"embeddable":true,"href":"https:\/\/basarabeasca.md\/ro\/wp-json\/wp\/v2\/users\/2"}],"replies":[{"embeddable":true,"href":"https:\/\/basarabeasca.md\/ro\/wp-json\/wp\/v2\/comments?post=6372"}],"version-history":[{"count":19,"href":"https:\/\/basarabeasca.md\/ro\/wp-json\/wp\/v2\/pages\/6372\/revisions"}],"predecessor-version":[{"id":13292,"href":"https:\/\/basarabeasca.md\/ro\/wp-json\/wp\/v2\/pages\/6372\/revisions\/13292"}],"up":[{"embeddable":true,"href":"https:\/\/basarabeasca.md\/ro\/wp-json\/wp\/v2\/pages\/478"}],"wp:attachment":[{"href":"https:\/\/basarabeasca.md\/ro\/wp-json\/wp\/v2\/media?parent=6372"}],"curies":[{"name":"wp","href":"https:\/\/api.w.org\/{rel}","templated":true}]}}