{"id":562,"date":"2016-02-25T20:20:26","date_gmt":"2016-02-25T18:20:26","guid":{"rendered":"http:\/\/demo.smartstudio.md\/basarabeasca.md\/?page_id=562"},"modified":"2025-08-25T17:09:11","modified_gmt":"2025-08-25T14:09:11","slug":"pasaportul-raionului","status":"publish","type":"page","link":"https:\/\/basarabeasca.md\/ro\/pasaportul-raionului\/","title":{"rendered":"Pa\u0219aportul raionului"},"content":{"rendered":"<p><b>Raionul Basarabeasca<\/b> este un raion \u00een partea sudic\u0103 a Republicii Moldova. or. Basarabeasca &#8211; centrul raional.<\/p>\n<div class=\"mw-heading mw-heading2\">\n<h2 id=\"Demografie\">Demografie<\/h2>\n<\/div>\n<table class=\"toccolours\" style=\"height: 299px;\" width=\"601\">\n<caption>Popula\u021bia istoric\u0103<\/caption>\n<tbody>\n<tr>\n<th>Anul<\/th>\n<th><abbr title=\"Popula\u021bia\">Pop.<\/abbr><\/th>\n<th><abbr title=\"Percent change\">\u00b1%<\/abbr><\/th>\n<\/tr>\n<tr>\n<th>1959<\/th>\n<td>24.814<\/td>\n<td>\u2014<\/td>\n<\/tr>\n<tr>\n<th>1970<\/th>\n<td>27.776<\/td>\n<td>+11.9%<\/td>\n<\/tr>\n<tr>\n<th>1979<\/th>\n<td>29.889<\/td>\n<td>+7.6%<\/td>\n<\/tr>\n<tr>\n<th>1989<\/th>\n<td>31.612<\/td>\n<td>+5.8%<\/td>\n<\/tr>\n<tr>\n<th>2004<\/th>\n<td>28.978<\/td>\n<td>\u22128.3%<\/td>\n<\/tr>\n<tr>\n<th>2014<\/th>\n<td>23.012<\/td>\n<td>\u221220.6%<\/td>\n<\/tr>\n<tr>\n<td colspan=\"3\">2024<sup id=\"cite_ref-recens_2-1\" class=\"reference\"><\/sup><\/td>\n<\/tr>\n<\/tbody>\n<\/table>\n<div class=\"mw-heading mw-heading3\">\n<h3 id=\"Statistici_vitale\">Statistici vitale<\/h3>\n<\/div>\n<p>Principalii indicatori demografici, 2013<sup id=\"cite_ref-7\" class=\"reference\"><\/sup>:<\/p>\n<ul>\n<li>Natalitatea:\u00a0\u25bc236 (8.2 la 1000 locuitori) &#8211; cea mai sc\u0103zut\u0103 rat\u0103 din Republica Moldova<\/li>\n<li>Mortalitatea:\u00a0\u25bc340 (11.8 la 1000 locuitori)<\/li>\n<li>Spor natural:\u00a0-104<\/li>\n<\/ul>\n<div class=\"mw-heading mw-heading3\">\n<h3 id=\"Structura_etnic\u0103\"><span id=\"Structura_etnic.C4.83\"><\/span>Structura etnic\u0103<\/h3>\n<\/div>\n<table class=\"wikitable sortable jquery-tablesorter\" style=\"height: 267px;\" width=\"403\">\n<thead>\n<tr>\n<th class=\"headerSort\" tabindex=\"0\" title=\"Sortare ascendent\u0103\" role=\"columnheader button\">Grup etnic<\/th>\n<th class=\"headerSort\" tabindex=\"0\" title=\"Sortare ascendent\u0103\" role=\"columnheader button\">Popula\u021bie<\/th>\n<th class=\"headerSort\" tabindex=\"0\" title=\"Sortare ascendent\u0103\" role=\"columnheader button\">% Procentaj*<\/th>\n<\/tr>\n<\/thead>\n<tbody>\n<tr>\n<td>Moldoveni<\/td>\n<td>15085<\/td>\n<td>69.77%<\/td>\n<\/tr>\n<tr>\n<td>Ru\u0219i<\/td>\n<td>1919<\/td>\n<td>8.86%<\/td>\n<\/tr>\n<tr>\n<td>G\u0103g\u0103uzi<\/td>\n<td>1675<\/td>\n<td>7.66%<\/td>\n<\/tr>\n<tr>\n<td>Ucraineni<\/td>\n<td>1242<\/td>\n<td>6.72%<\/td>\n<\/tr>\n<tr>\n<td>Bulgari<\/td>\n<td>1120<\/td>\n<td>5.33%<\/td>\n<\/tr>\n<tr>\n<td>\u021aigani<\/td>\n<td>216<\/td>\n<td>0.75%<\/td>\n<\/tr>\n<tr>\n<td>Rom\u00e2ni<\/td>\n<td>70<\/td>\n<td>0.24%<\/td>\n<\/tr>\n<tr>\n<td>Al\u021bii<\/td>\n<td>184<\/td>\n<td>0.67%<\/td>\n<\/tr>\n<\/tbody>\n<tfoot><\/tfoot>\n<\/table>\n<p>Aceste date sunt cele ale nomenclaturii etnice din\u00a0Republica Moldova, conform\u0103 Constitu\u021biei republicane care potrivit\u00a0defini\u021biei sovietice, deosebe\u0219te\u00a0Moldovenii\u00a0din fosta URSS de cei din Rom\u00e2nia (Moldova rom\u00e2neasc\u0103) \u0219i de ceilal\u021bi rom\u00e2ni\u00a0; persoanele care totu\u0219i se declar\u0103\u00a0<i>rom\u00e2ni<\/i>\u00a0\u00een Republica Moldova (cum au putut s-o fac\u0103 la reces\u0103m\u00e2ntul din 5-12 octombrie 2004<sup id=\"cite_ref-8\" class=\"reference\"><\/sup>) sunt de fapt tot cet\u0103\u021beni ai Republicii, deoarece Rom\u00e2nii de cet\u0103\u021benie rom\u00e2n\u0103 rezid\u00e2nd \u00een Republic\u0103, nu sunt num\u0103ra\u021bi \u00een recens\u0103m\u00e2nt<sup id=\"cite_ref-9\" class=\"reference\"><\/sup>.<\/p>\n<p>Conform datelor\u00a0recens\u0103m\u00e2ntului din 2014, popula\u021bia raionului este de 23,012 locuitori .<sup id=\"cite_ref-recens2014_10-0\" class=\"reference\"><\/sup><\/p>\n<table class=\"wikitable sortable jquery-tablesorter\" style=\"height: 294px;\" width=\"313\">\n<thead>\n<tr>\n<th class=\"headerSort\" tabindex=\"0\" title=\"Sortare ascendent\u0103\" role=\"columnheader button\">Grup etnic<\/th>\n<th class=\"headerSort\" tabindex=\"0\" title=\"Sortare ascendent\u0103\" role=\"columnheader button\">Popula\u021bie<\/th>\n<\/tr>\n<\/thead>\n<tbody>\n<tr>\n<td>Moldoveni<\/td>\n<td>15,085<\/td>\n<\/tr>\n<tr>\n<td>Rom\u00e2ni<\/td>\n<td>70<\/td>\n<\/tr>\n<tr>\n<td>Ucraineni<\/td>\n<td>1,242<\/td>\n<\/tr>\n<tr>\n<td>Ru\u0219i<\/td>\n<td>1,919<\/td>\n<\/tr>\n<tr>\n<td>G\u0103g\u0103uzi<\/td>\n<td>1,675<\/td>\n<\/tr>\n<tr>\n<td>Bulgari<\/td>\n<td>1,120<\/td>\n<\/tr>\n<tr>\n<td>Romi<\/td>\n<td>218<\/td>\n<\/tr>\n<tr>\n<td>Al\u021bii<\/td>\n<td>125<\/td>\n<\/tr>\n<tr>\n<td>Nedeclarat<\/td>\n<td>468<\/td>\n<\/tr>\n<\/tbody>\n<tfoot><\/tfoot>\n<\/table>\n<div class=\"mw-heading mw-heading2\">\n<h2 id=\"Diviziuni_administrative\">Diviziuni administrativ<\/h2>\n<\/div>\n<div class=\"dezambiguizare rellink boilerplate seealso\" role=\"note\">Articol principal:\u00a0List\u0103 de localit\u0103\u021bi din raionul Basarabeasca<\/div>\n<div role=\"note\">\n<p>Aceast\u0103 list\u0103 con\u021bine\u00a0<b>satele \u0219i ora\u0219ele din\u00a0raionul Basarabeasca<\/b>,\u00a0Republica Moldova.<\/p>\n<table class=\"wikitable sortable jquery-tablesorter\" style=\"height: 314px;\" width=\"1180\" cellspacing=\"1\" cellpadding=\"2\">\n<thead>\n<tr>\n<th class=\"headerSort\" tabindex=\"0\" title=\"Sortare ascendent\u0103\" role=\"columnheader button\">Denumire<\/th>\n<th class=\"headerSort\" tabindex=\"0\" title=\"Sortare ascendent\u0103\" role=\"columnheader button\">ora\u0219 \/ centru de comun\u0103 \/ sat<\/th>\n<\/tr>\n<\/thead>\n<tbody>\n<tr>\n<td>Abaclia<\/td>\n<td>sat<\/td>\n<\/tr>\n<tr>\n<td>Basarabeasca<\/td>\n<td>ora\u0219, re\u0219edin\u021ba raionului<\/td>\n<\/tr>\n<tr>\n<td>Ba\u0219calia<\/td>\n<td>sat<\/td>\n<\/tr>\n<tr>\n<td>Bogdanovca<\/td>\n<td>sat \u00een\u00a0comuna Iserlia<\/td>\n<\/tr>\n<tr>\n<td>Carabetovca<\/td>\n<td>sat<\/td>\n<\/tr>\n<tr>\n<td>Carabiber<\/td>\n<td>sat \u00een\u00a0comuna Iserlia<\/td>\n<\/tr>\n<tr>\n<td>Iordanovca<\/td>\n<td>sat<\/td>\n<\/tr>\n<tr>\n<td>Iserlia<\/td>\n<td>centru de\u00a0comun\u0103<\/td>\n<\/tr>\n<tr>\n<td>Ivanovca<\/td>\n<td>sat \u00een\u00a0comuna Iserlia<\/td>\n<\/tr>\n<tr>\n<td>Sadaclia<\/td>\n<td>sat<\/td>\n<\/tr>\n<\/tbody>\n<\/table>\n<\/div>\n<p>Raionul Basarabeasca are 10 localit\u0103\u021bi: 1 ora\u0219, 1 comune cu 4 \u0219i 5 sate.<\/p>\n<div class=\"mw-heading mw-heading2\">\n<h2 id=\"Administra\u021bie_\u0219i_politic\u0103\"><span id=\"Administra.C8.9Bie_.C8.99i_politic.C4.83\"><\/span>Administra\u021bie \u0219i politic\u0103<\/h2>\n<p>Pre\u0219edintele raionului Basarabeasca este Natalia Cara (PSRM),\u00a0aleas\u0103\u00a0la 19 februarie 2024.<\/p>\n<\/div>\n<p>Componen\u021ba Consiliului raional Basarabeasca (27 de consilieri), ales la\u00a05 noiembrie 2023,<sup id=\"cite_ref-consiliu2023_11-0\" class=\"reference\"><\/sup>\u00a0este urm\u0103toarea:<sup id=\"cite_ref-13\" class=\"reference\"><\/sup><\/p>\n<table class=\"wikitable\" border=\"1\" cellspacing=\"0\" cellpadding=\"2\">\n<tbody>\n<tr>\n<th><\/th>\n<th>Partid<\/th>\n<th>Consilieri<\/th>\n<th colspan=\"7\">Componen\u021b\u0103<\/th>\n<\/tr>\n<tr>\n<td bgcolor=\"#FC0015\"><\/td>\n<td>Partidul Sociali\u0219tilor din Republica Moldova<\/td>\n<td><b>7<\/b><\/td>\n<td bgcolor=\"#FC0015\"><\/td>\n<td bgcolor=\"#FC0015\"><\/td>\n<td bgcolor=\"#FC0015\"><\/td>\n<td bgcolor=\"#FC0015\"><\/td>\n<td bgcolor=\"#FC0015\"><\/td>\n<td bgcolor=\"#FC0015\"><\/td>\n<td bgcolor=\"#FC0015\"><\/td>\n<\/tr>\n<tr>\n<td bgcolor=\"#F5FF27\"><\/td>\n<td>Partidul Ac\u021biune \u0219i Solidaritate<\/td>\n<td><b>7<\/b><\/td>\n<td bgcolor=\"#F5FF27\"><\/td>\n<td bgcolor=\"#F5FF27\"><\/td>\n<td bgcolor=\"#F5FF27\"><\/td>\n<td bgcolor=\"#F5FF27\"><\/td>\n<td bgcolor=\"#F5FF27\"><\/td>\n<td bgcolor=\"#F5FF27\"><\/td>\n<td bgcolor=\"#F5FF27\"><\/td>\n<\/tr>\n<tr>\n<td bgcolor=\"#C41E3A\"><\/td>\n<td>Partidul \u201eRena\u0219tere\u201d<\/td>\n<td><b>3<\/b><\/td>\n<td bgcolor=\"#C41E3A\"><\/td>\n<td bgcolor=\"#C41E3A\"><\/td>\n<td bgcolor=\"#C41E3A\"><\/td>\n<td><\/td>\n<td><\/td>\n<td><\/td>\n<td><\/td>\n<\/tr>\n<tr>\n<td bgcolor=\"#75BBFE\"><\/td>\n<td>Platforma Demnitate \u0219i Adev\u0103r<\/td>\n<td><b>3<\/b><\/td>\n<td bgcolor=\"#75BBFE\"><\/td>\n<td bgcolor=\"#75BBFE\"><\/td>\n<td bgcolor=\"#75BBFE\"><\/td>\n<td><\/td>\n<td><\/td>\n<td><\/td>\n<td><\/td>\n<\/tr>\n<tr>\n<td bgcolor=\"#003366\"><\/td>\n<td>Partidul Nostru<\/td>\n<td><b>3<\/b><\/td>\n<td bgcolor=\"#003366\"><\/td>\n<td bgcolor=\"#003366\"><\/td>\n<td bgcolor=\"#003366\"><\/td>\n<td><\/td>\n<td><\/td>\n<td><\/td>\n<td><\/td>\n<\/tr>\n<tr>\n<td bgcolor=\"#15803C\"><\/td>\n<td>Partidul Liberal Democrat din Moldova<\/td>\n<td><b>2<\/b><\/td>\n<td bgcolor=\"#15803C\"><\/td>\n<td bgcolor=\"#15803C\"><\/td>\n<td><\/td>\n<td><\/td>\n<td><\/td>\n<td><\/td>\n<td><\/td>\n<\/tr>\n<tr>\n<td bgcolor=\"#ccc\"><\/td>\n<td>Marian R\u0103cil\u0103 (independent)<\/td>\n<td><b>1<\/b><\/td>\n<td bgcolor=\"#ccc\"><\/td>\n<td><\/td>\n<td><\/td>\n<td><\/td>\n<td><\/td>\n<td><\/td>\n<td><\/td>\n<\/tr>\n<tr>\n<td bgcolor=\"#CC3333\"><\/td>\n<td>Partidul Comuni\u0219tilor din Republica Moldova<\/td>\n<td><b>1<\/b><\/td>\n<td bgcolor=\"#CC3333\"><\/td>\n<td><\/td>\n<td><\/td>\n<td><\/td>\n<td><\/td>\n<td><\/td>\n<td><\/td>\n<\/tr>\n<\/tbody>\n<\/table>\n<p>&nbsp;<\/p>\n<p><img loading=\"lazy\" decoding=\"async\" class=\"aligncenter size-full wp-image-748\" src=\"http:\/\/basarabeasca.md\/wp-content\/uploads\/2016\/02\/Basarabeasca_county.png\" alt=\"Basarabeasca_county\" width=\"838\" height=\"1044\" srcset=\"https:\/\/basarabeasca.md\/wp-content\/uploads\/2016\/02\/Basarabeasca_county.png 838w, https:\/\/basarabeasca.md\/wp-content\/uploads\/2016\/02\/Basarabeasca_county-241x300.png 241w, https:\/\/basarabeasca.md\/wp-content\/uploads\/2016\/02\/Basarabeasca_county-768x957.png 768w, https:\/\/basarabeasca.md\/wp-content\/uploads\/2016\/02\/Basarabeasca_county-822x1024.png 822w, https:\/\/basarabeasca.md\/wp-content\/uploads\/2016\/02\/Basarabeasca_county-482x600.png 482w\" sizes=\"auto, (max-width: 838px) 100vw, 838px\" \/><img loading=\"lazy\" decoding=\"async\" class=\"aligncenter wp-image-750\" src=\"http:\/\/basarabeasca.md\/wp-content\/uploads\/2016\/02\/Harta_de_localizare_Moldova_Basarabeasca.jpg\" alt=\"Harta_de_localizare_Moldova_Basarabeasca\" width=\"813\" height=\"854\" srcset=\"https:\/\/basarabeasca.md\/wp-content\/uploads\/2016\/02\/Harta_de_localizare_Moldova_Basarabeasca.jpg 300w, https:\/\/basarabeasca.md\/wp-content\/uploads\/2016\/02\/Harta_de_localizare_Moldova_Basarabeasca-286x300.jpg 286w\" sizes=\"auto, (max-width: 813px) 100vw, 813px\" \/><\/p>\n<p>&nbsp;<\/p>","protected":false},"excerpt":{"rendered":"<p>Raionul Basarabeasca este un raion \u00een partea sudic\u0103 a Republicii Moldova. or. Basarabeasca &#8211; centrul raional. Demografie Popula\u021bia istoric\u0103 Anul Pop. \u00b1% 1959 24.814 \u2014 1970 27.776 +11.9% 1979 29.889 +7.6% 1989 31.612 +5.8% 2004 28.978 \u22128.3% 2014 23.012 \u221220.6% 2024 Statistici vitale Principalii indicatori demografici, 2013: Natalitatea:\u00a0\u25bc236 (8.2 la 1000 locuitori) &#8211; cea mai [&hellip;]<\/p>\n","protected":false},"author":2,"featured_media":0,"parent":0,"menu_order":0,"comment_status":"closed","ping_status":"closed","template":"","meta":{"footnotes":""},"class_list":["post-562","page","type-page","status-publish","hentry"],"_links":{"self":[{"href":"https:\/\/basarabeasca.md\/ro\/wp-json\/wp\/v2\/pages\/562","targetHints":{"allow":["GET"]}}],"collection":[{"href":"https:\/\/basarabeasca.md\/ro\/wp-json\/wp\/v2\/pages"}],"about":[{"href":"https:\/\/basarabeasca.md\/ro\/wp-json\/wp\/v2\/types\/page"}],"author":[{"embeddable":true,"href":"https:\/\/basarabeasca.md\/ro\/wp-json\/wp\/v2\/users\/2"}],"replies":[{"embeddable":true,"href":"https:\/\/basarabeasca.md\/ro\/wp-json\/wp\/v2\/comments?post=562"}],"version-history":[{"count":17,"href":"https:\/\/basarabeasca.md\/ro\/wp-json\/wp\/v2\/pages\/562\/revisions"}],"predecessor-version":[{"id":13744,"href":"https:\/\/basarabeasca.md\/ro\/wp-json\/wp\/v2\/pages\/562\/revisions\/13744"}],"wp:attachment":[{"href":"https:\/\/basarabeasca.md\/ro\/wp-json\/wp\/v2\/media?parent=562"}],"curies":[{"name":"wp","href":"https:\/\/api.w.org\/{rel}","templated":true}]}}