{"id":538,"date":"2016-02-25T19:39:23","date_gmt":"2016-02-25T17:39:23","guid":{"rendered":"http:\/\/demo.smartstudio.md\/basarabeasca.md\/?page_id=538"},"modified":"2025-02-12T09:26:00","modified_gmt":"2025-02-12T07:26:00","slug":"situatia-social-economica","status":"publish","type":"page","link":"https:\/\/basarabeasca.md\/ro\/situatia-social-economica\/","title":{"rendered":"Situa\u021bia social-economic\u0103"},"content":{"rendered":"<p>&nbsp;<\/p>\n<p><strong><em><a href=\"http:\/\/basarabeasca.md\/wp-content\/uploads\/2025\/02\/Situatia-social-economica-ianuarie-septembrie-2024-Basarabeasca-3.doc\">Situa\u021bia social-economic\u0103 ianuarie-septembrie 2024 Basarabeasca (WORD)<\/a><\/em><\/strong><\/p>\n<hr \/>\n<p><strong><em>Date\u00a0 generale<\/em><\/strong><strong><em>:<\/em><\/strong><\/p>\n<p>Raionul\u00a0 Basarabeasca\u00a0 este\u00a0 situat\u00a0 \u00een\u00a0 partea\u00a0 central\u0103\u00a0 a\u00a0 Regiunii\u00a0 de\u00a0 Dezvoltare\u00a0 Sud\u00a0 a\u00a0 Republicii\u00a0 Moldova.\u00a0 Se\u00a0 \u00eenvecineaz\u0103\u00a0 la\u00a0 nord\u00a0 cu\u00a0 raionul\u00a0 Cimi\u015flia,\u00a0 la\u00a0 est\u00a0 \u015fi\u00a0 sud-est\u00a0 cu Ukraina,\u00a0 \u015fi\u00a0 la\u00a0 sud-vest\u00a0 \u015fi\u00a0 vest\u00a0 cu\u00a0 G\u0103g\u0103uzia.\u00a0 Teritoriul\u00a0 raionului\u00a0 are\u00a0 suprafa\u0163a\u00a0 de\u00a0 doar\u00a0 295\u00a0 km<sup>2<\/sup>,\u00a0 iar\u00a0 popula\u0163ia\u00a0 total\u0103\u00a0 num\u0103r\u0103\u00a0 28\u00a0 mii\u00a0 de\u00a0 locuitori.\u00a0 \u00cempreun\u0103\u00a0 cu\u00a0 dimensiunile\u00a0 sale\u00a0 relativ\u00a0 mici,\u00a0 zona\u00a0 este\u00a0 caracterizat\u0103\u00a0 de\u00a0 o\u00a0 popula\u0163ie\u00a0 compact\u0103.\u00a0 Densitatea\u00a0 popula\u0163iei\u00a0 este de\u00a0 95\u00a0 de\u00a0 locuitori\/ km<sup>2<\/sup>\u00a0 este\u00a0 cea\u00a0 mai\u00a0 mare\u00a0 \u00een\u00a0 \u00eentreaga\u00a0 Regiunea\u00a0 de\u00a0 Dezvoltare\u00a0 Sud.\u00a0 O\u00a0 parte\u00a0 semnificativ\u0103\u00a0 a\u00a0 popula\u0163iei,\u00a0 44%\u00a0 locuie\u015fte\u00a0 \u00eentr-un\u00a0 mediu\u00a0 urban.\u00a0 Astfel,\u00a0 nivelul\u00a0 urbaniz\u0103rii\u00a0 regiunii\u00a0 atinge\u00a0 una\u00a0 dintre\u00a0 cele\u00a0 mai \u00a0\u00eenalte\u00a0 valori\u00a0 din\u00a0 sudul\u00a0 Moldovei.\u00a0 \u00cen\u00a0 componen\u0163a\u00a0 raionului\u00a0\u00a0 sunt\u00a0 10\u00a0 a\u015fez\u0103ri,\u00a0 inclusiv\u00a0 9\u00a0 sate\u00a0 \u015fi\u00a0 un\u00a0 ora\u015f &#8211;\u00a0 Basarabeasca.\u00a0 Ora\u015ful\u00a0 Basarabeasca\u00a0 \u00eendepline\u015fte\u00a0 func\u0163ia\u00a0 de\u00a0 centrul\u00a0 administrativ\u00a0 al\u00a0 raionului,\u00a0 \u00een\u00a0 care\u00a0 locuiesc\u00a0 peste\u00a0 12\u00a0 mii\u00a0 de\u00a0 locuitori.\u00a0 Consiliul\u00a0 raional\u00a0 Basarabeasca\u00a0 reprezint\u0103\u00a0 autoritatea\u00a0 public\u0103\u00a0 de\u00a0 nivelul\u00a0 II. Consiliului\u00a0 raional\u00a0 Basarabeasca\u00a0 este\u00a0 constituit\u00a0 din\u00a0 urm\u0103toarele subdiviziuni:\u00a0 Aparatul\u00a0 Pre\u015fedintelui\u00a0 raionului,\u00a0 Sec\u0163ia\u00a0 economie,\u00a0 Sec\u0163ia cultur\u0103,\u00a0 Serviciul\u00a0 agricultur\u0103\u00a0 \u015fi\u00a0 alimenta\u0163ie,\u00a0 Serviciul construc\u0163ii,\u00a0 gospod\u0103rie\u00a0 comunal\u0103\u00a0 \u015fi \u00a0drumuri,\u00a0 Serviciul\u00a0 rela\u0163ii\u00a0 funciare\u00a0 \u015fi\u00a0 cadastru, \u00a0Direc\u0163ia\u00a0 finan\u0163e,\u00a0 Direc\u0163ia\u00a0 \u00eenv\u0103\u0163\u0103m\u00e2nt\u00a0 general,\u00a0 Direc\u0163ia\u00a0 asisten\u0163a\u00a0 social\u0103\u00a0 \u015fi\u00a0 protec\u0163ie a \u00a0familiei.<\/p>\n<p><strong><em>Utilit\u0103\u0163i\u00a0 publice:<\/em><\/strong><\/p>\n<p>\u00cen\u00a0 vederea\u00a0 prest\u0103rii\u00a0 serviciilor\u00a0 de\u00a0 alimentare\u00a0 cu\u00a0 ap\u0103,\u00a0 \u00een\u00a0 raionul\u00a0 Basarabeasca\u00a0 sunt\u00a0 folosite\u00a0 sursele\u00a0 subterane\u00a0 de\u00a0 ap\u0103\u00a0 potabil\u0103.\u00a0 80%\u00a0 din\u00a0 fondul\u00a0 locativ\u00a0 al\u00a0 raionului\u00a0 este\u00a0 conectat\u00a0 la\u00a0 re\u0163elele\u00a0 centralizate\u00a0 de\u00a0 apeduct,\u00a0 fiind\u00a0 cel\u00a0 mai\u00a0 \u00eenalt\u00a0 indicator\u00a0 din\u00a0 sudul\u00a0 Moldovei.\u00a0 \u00cen\u00a0 ora\u015f,\u00a0 aceast\u0103\u00a0 cifr\u0103\u00a0 atinge &#8211; 95%,\u00a0 iar\u00a0 \u00een\u00a0 mediul\u00a0 rural &#8211; 63%.\u00a0 \u00cen\u00a0 schimb,\u00a0 zona\u00a0 de\u00a0 acoperire\u00a0 pentru\u00a0 serviciile\u00a0 de\u00a0 canalizare\u00a0 este\u00a0 semnificativ\u00a0 limitat\u0103.\u00a0 Dintre\u00a0 cele\u00a0 zece\u00a0 localit\u0103\u0163i\u00a0 ale\u00a0 raionului,\u00a0 re\u0163elele\u00a0 de\u00a0 canalizare\u00a0 sunt\u00a0 construite\u00a0 doar\u00a0 \u00een\u00a0 dou\u0103,\u00a0 inclusiv\u00a0 \u00een\u00a0 centrul\u00a0 raional.\u00a0 \u00cen\u00a0 ora\u015ful\u00a0 Basarabeasca,\u00a0 pu\u0163in\u00a0 peste\u00a0 jum\u0103tate\u00a0 din\u00a0 fondul\u00a0 locativ\u00a0 are\u00a0 acces\u00a0 la\u00a0 serviciile\u00a0 centralizate\u00a0 de\u00a0 canalizare.\u00a0 Acoperirea\u00a0 serviciilor\u00a0 de\u00a0 colectare\u00a0 \u015fi\u00a0 eliminare\u00a0 a\u00a0 de\u015feurilor\u00a0 \u00een\u00a0 regiunea\u00a0 Basarabeasca este\u00a0 semnificativ\u00a0 mai\u00a0 mare\u00a0 dec\u00e2t \u00a0nivelul\u00a0 mediu\u00a0 din\u00a0 Regiunea\u00a0 de\u00a0 Dezvoltare\u00a0 Sud.\u00a0 Aceste\u00a0 servicii\u00a0 sunt\u00a0 furnizate\u00a0 c\u0103tre\u00a0 mai\u00a0 mult\u00a0 de\u00a0 40 %\u00a0 din\u00a0 reziden\u0163ii\u00a0 din\u00a0 raion.\u00a0 A\u015fa\u00a0 cum\u00a0 era\u00a0 de\u00a0 a\u015fteptat,\u00a0 serviciile\u00a0 de\u00a0 gestionare\u00a0 a\u00a0 de\u015feurilor\u00a0 sunt\u00a0 mai\u00a0 dezvoltate\u00a0 \u00een\u00a0 centrul\u00a0 raionului\u00a0 \u015fi\u00a0 anume\u00a0 \u00een\u00a0 Basarabeasca.\u00a0 Conform\u00a0 datelor\u00a0 din\u00a0 2017,\u00a0 69%\u00a0 din\u00a0 fondul\u00a0 locativ\u00a0 al\u00a0 raionului\u00a0 Basarabeasca\u00a0 este\u00a0 alimentat\u00a0 cu gaze\u00a0 naturale.\u00a0 Cet\u0103\u0163enii\u00a0 au\u00a0 un\u00a0 acces\u00a0 mai\u00a0 mare\u00a0 la\u00a0 serviciile\u00a0 centralizate\u00a0 de\u00a0 aprovizionare\u00a0 cu\u00a0 gaze\u00a0 naturale &#8211; 75%\u00a0 \u00een\u00a0 compara\u0163ie\u00a0 cu\u00a0 popula\u0163ia\u00a0 rural\u0103 &#8211; 62%.<\/p>\n<p><strong><em>For\u0163a\u00a0 de\u00a0 munc\u0103:<\/em><\/strong><\/p>\n<p>\u00cen\u00a0 raionul\u00a0 Basarabeasca\u00a0 \u00een\u00a0 baza\u00a0 datelor\u00a0 statistice\u00a0 locuiesc\u00a0 28086\u00a0 persoane.\u00a0 Volumul\u00a0 for\u0163ei\u00a0 de\u00a0 munc\u0103\u00a0 disponibile\u00a0 \u00een\u00a0 raion\u00a0 deriv\u0103\u00a0 din\u00a0 structura\u00a0 popula\u0163iei \u00a0analizat\u0103\u00a0 din\u00a0 pespectiva\u00a0 implic\u0103rii\u00a0 \u00een\u00a0 activitatea\u00a0 economic\u0103.\u00a0 Din\u00a0 popula\u0163ia\u00a0 total\u0103\u00a0 de \u00a0circa\u00a0 24\u00a0 mii\u00a0 locuitori,\u00a0 84%\u00a0 sau\u00a0 \u00een\u00a0 m\u0103rime\u00a0 absolut\u0103 \u2013 peste\u00a0 24\u00a0 mii\u00a0 prsoane,\u00a0 au\u00a0 dep\u0103\u015fit\u00a0 v\u00e2rsta\u00a0 de\u00a0 15\u00a0 ani\u00a0 \u015fi\u00a0 astfel\u00a0 au\u00a0 dreptul\u00a0 s\u0103\u00a0 participe\u00a0 \u00een\u00a0 activit\u0103\u0163i\u00a0 economice.\u00a0 Mai\u00a0 mult\u00a0 de\u00a0 8\u00a0 mii\u00a0 de\u00a0 persoane,\u00a0 adica\u00a0 35%\u00a0 din\u00a0 aceast\u0103\u00a0 categorie\u00a0 de\u00a0 v\u00e2rst\u0103\u00a0 formeaz\u0103\u00a0 popula\u0163ia\u00a0 economic\u00a0 activ\u0103,\u00a0 care\u00a0 reprezint\u0103\u00a0 poten\u0163ialul\u00a0 total\u00a0 de\u00a0 furnizare\u00a0 a\u00a0 for\u0163ei\u00a0 de\u00a0 munc\u0103\u00a0 pe\u00a0 pia\u0163a\u00a0 muncii\u00a0 din\u00a0 raion.\u00a0 Rata\u00a0 de \u00a0ocupare\u00a0 a\u00a0 persoanelor\u00a0 \u00een\u00a0 v\u00e2rsta\u00a0 de\u00a0 peste\u00a0 15\u00a0 ani\u00a0 este \u00a0de\u00a0 34%.\u00a0 Popula\u0163ia\u00a0 ocupat\u0103\u00a0 include\u00a0 angaja\u0163i,\u00a0 peste\u00a0 4,1\u00a0 mii\u00a0 de\u00a0 persoane\u00a0 \u015fi\u00a0 muncitori\u00a0 ne-angaja\u0163i.\u00a0 Cea\u00a0 din\u00a0 urm\u0103\u00a0 categorie\u00a0 include\u00a0 angajatori,\u00a0 lucr\u0103tori\u00a0 independen\u0163i,\u00a0 lucr\u0103tori\u00a0 familiali\u00a0 neremunera\u0163i\u00a0 \u015fi\u00a0 membri\u00a0 ai\u00a0 cooperativelor\u00a0 de\u00a0 produc\u0163ie.<\/p>\n<p><strong><em>Economia\u00a0 raionului:<\/em><\/strong><\/p>\n<p>Importan\u0163a\u00a0 sectoarelor\u00a0 individuale\u00a0 pentru\u00a0 economia\u00a0 raionului\u00a0 poate\u00a0 fi\u00a0 dedus\u0103\u00a0 din\u00a0 analiza\u00a0 cifrei\u00a0 de\u00a0 afaceri,\u00a0 ob\u0163inute\u00a0 \u00een\u00a0 raion\u00a0 \u00een\u00a0 urma\u00a0 desfacerii\u00a0 m\u0103rfurilor, prest\u0103rii\u00a0 serviciilor\u00a0 \u015fi\u00a0 efectu\u0103rii\u00a0 lucr\u0103rilor.\u00a0 Datele\u00a0 statistice\u00a0 medii\u00a0 pentru\u00a0 perioada\u00a0 2015-2018\u00a0 indic\u0103\u00a0 rolul\u00a0 dominant\u00a0 al\u00a0 agriculturii\u00a0 \u015fi\u00a0 industriei\u00a0 prelucr\u0103toare\u00a0 pentru\u00a0 economia\u00a0 raionului. \u00a0Agricultura\u00a0 reprezint\u0103\u00a0 41%\u00a0 din\u00a0 totalul\u00a0 v\u00e2nz\u0103rilor,\u00a0 \u00een\u00a0 timp\u00a0 ce\u00a0 industria\u00a0 prelucr\u0103toare\u00a0 reprezint\u0103\u00a0 28%,\u00a0 comer\u0163ul \u015fi repararea\u00a0 autovehiculelor reprezint\u0103\u00a0 16%, \u00a0\u00a0\u00a0s\u0103n\u0103tatea\u00a0 \u015fi\u00a0 asisten\u0163a\u00a0 social\u0103 reprezint\u0103 8%,\u00a0 alte\u00a0 domenii\u00a0 cum\u00a0 ar\u00a0 fi:\u00a0 construc\u0163ii,\u00a0 activit\u0103\u0163i\u00a0 de\u00a0 cazare\u00a0 \u015fi\u00a0 alimentare\u00a0 public\u0103,\u00a0 distribu\u0163ia\u00a0 apei,\u00a0 salubritate,\u00a0 gestionarea\u00a0 de\u015feurilor,\u00a0 activit\u0103\u0163i\u00a0 de\u00a0 decontaminare,\u00a0 transport\u00a0 \u015fi\u00a0 depozitare\u00a0 reprezint\u0103\u00a0 c\u00e2te\u00a0 dou\u0103\u00a0 sau\u00a0 un\u00a0 procent.\u00a0 Analiza\u00a0 contribu\u0163iei\u00a0 specifice\u00a0 a\u00a0 unit\u0103\u0163ii\u00a0 administrativ-teritoriale\u00a0 la\u00a0 volumul\u00a0 na\u0163ional\u00a0 de\u00a0 produc\u0163ie\u00a0 \u015fi\u00a0 servicii\u00a0 prestate\u00a0 confirm\u0103\u00a0 actuala\u00a0 specializare\u00a0 agricol\u0103\u00a0 a\u00a0 regiunii.\u00a0 \u00cen\u00a0 principal,\u00a0 raionul\u00a0 Basarabeasca\u00a0 este\u00a0 specializat\u00a0 \u00een\u00a0 domeniul\u00a0 cre\u015fterii\u00a0 legumelor\u00a0 \u00een\u00a0 c\u00e2mp\u00a0 deschis,\u00a0 apiculturii,\u00a0 cre\u015fterea\u00a0 ovinelor\u00a0 \u015fi\u00a0 caprinelor.\u00a0 De\u015fi\u00a0 reziden\u0163ii\u00a0 raionului\u00a0 reprezint\u0103\u00a0 doar\u00a0 0,8%\u00a0 din\u00a0 popula\u0163ia \u0163\u0103rii,\u00a0 \u00een\u00a0 raionul\u00a0 Basarabeasca\u00a0 ace\u015ftia\u00a0 produc\u00a0 2,8%\u00a0 din\u00a0 cantitatea\u00a0 total\u0103\u00a0 de\u00a0 legume\u00a0 \u00een\u00a0 c\u00e2mp\u00a0 deschis \u00a0a\u00a0 Republicii\u00a0 Moldova.\u00a0 \u00cen\u00a0 plus\u00a0 raionul\u00a0 Basarabeasca\u00a0 reprezint\u0103 2,5% din\u00a0 num\u0103rul\u00a0 total\u00a0 de\u00a0 familii\u00a0 de\u00a0 albine\u00a0 \u015fi\u00a0 2,3 %\u00a0 din\u00a0 efectivele\u00a0 de\u00a0 ovine\u00a0 \u015fi\u00a0 caprine\u00a0 din\u00a0 Moldova. \u00cen\u00a0 prezent,\u00a0 \u00een\u00a0 raion\u00a0 activeaz\u0103\u00a0 136\u00a0 de\u00a0 \u00eentreprinderi,\u00a0 care\u00a0 prezint\u0103\u00a0 d\u0103ri\u00a0 de\u00a0 seam\u0103\u00a0 la\u00a0 Direc\u0163ia deservire fiscal\u0103\u00a0 \u015fi\u00a0 Serviciul statistic\u0103\u00a0 din\u00a0 teritoriul\u00a0 administrat.\u00a0 Din\u00a0 aceste\u00a0 entit\u0103\u0163i\u00a0 5 &#8211;\u00a0 dimensiuni\u00a0 mijlocii,\u00a0 25 &#8211;\u00a0 dimensiuni mici\u00a0 \u015fi\u00a0 restul &#8211;\u00a0 106\u00a0 sunt\u00a0 micro\u00eentreprinderi. Din\u00a0 grupul\u00a0 celor\u00a0 mai\u00a0 mari\u00a0 agen\u0163i\u00a0 economici\u00a0 din raion,\u00a0 \u00eentreprinderile\u00a0 agricole\u00a0 domin\u0103\u00a0 pe\u00a0 teritoriul\u00a0 raionului. Mai\u00a0 mult\u00a0 de\u00a0 jum\u0103tate\u00a0 dintre\u00a0 cele\u00a0 mai\u00a0 mari\u00a0 \u00eentreprinderi\u00a0 sunt\u00a0 implicate\u00a0 \u00een\u00a0 cultivarea\u00a0 cerealelor.\u00a0 \u00cen\u00a0 prezent,\u00a0 \u00eentreprinderea\u00a0 agricol\u0103\u00a0 SRL \u201eSadac-Agro\u201d,\u00a0 \u00eenregistrat\u0103\u00a0 \u00een\u00a0 Sadaclia,\u00a0 ocup\u0103\u00a0 o\u00a0 pozi\u0163ie\u00a0 de\u00a0 lider\u00a0 \u00een\u00a0 mediul\u00a0 de\u00a0 afaceri\u00a0 din\u00a0 raionul\u00a0 Basarabeasca.\u00a0 Pe\u00a0 l\u00eeng\u0103\u00a0 SRL\u00a0 \u201eSadac-Agro\u201d,\u00a0 din\u00a0 aceast\u0103\u00a0 specializare\u00a0 mai sunt:\u00a0 SRL\u00a0 \u201eSimlar-Agro\u201d\u00a0 din\u00a0 Ba\u015fcalia,\u00a0 SRL\u00a0 \u201eTanita-Agro\u201d\u00a0 din\u00a0 Iserlia,\u00a0 SRL\u00a0 \u201eElsago\u201d\u00a0 din\u00a0 Abaclia,\u00a0 SRL\u00a0 \u201eAgro-PVR\u201d\u00a0 din\u00a0 Carabetovca\u00a0 \u015fi\u00a0 SRL\u00a0 \u201eAgroiorg\u201d\u00a0 din\u00a0 Iordanovca.\u00a0 Lista\u00a0 celor\u00a0 mai\u00a0 mari\u00a0 agen\u0163i\u00a0 economici\u00a0 din\u00a0 regiune\u00a0 cuprinde\u00a0 \u015fi\u00a0 dou\u0103\u00a0 \u00eentreprinderi\u00a0 industriale.\u00a0 Una\u00a0 dintre\u00a0 \u00eentreprinderi este SRL\u00a0 \u201eBasarabia\u00a0 Lwin\u00a0 Invest\u201d,\u00a0 care\u00a0 activeaz\u0103\u00a0 \u00een\u00a0 ora\u015ful\u00a0 Basarabeasca \u015fi se ocup\u0103 de \u00a0cultivarea\u00a0 strugurilor\u00a0 \u015fi\u00a0 produce\u00a0 vin\u00a0 pe\u00a0 baza\u00a0 materiilor\u00a0 prime.\u00a0 Alt\u0103\u00a0 \u00eentreprindere\u00a0 industrial\u0103 este SRL\u00a0 \u201eSilvia\u00a0 Bombonici\u201d\u00a0 din\u00a0 satul\u00a0 Sadaclia,\u00a0 raionul\u00a0 Basarabeasca,\u00a0 care\u00a0 produce\u00a0 \u00eembr\u0103c\u0103minte\u00a0 pentru\u00a0 copii.\u00a0 Pe\u00a0 l\u00eeng\u0103\u00a0 agen\u0163ii\u00a0 economici\u00a0 descri\u015fi\u00a0 mai\u00a0 sus,\u00a0 \u00een\u00a0 raion\u00a0 mai activeaz\u0103\u00a0 8\u00a0 filiale\u00a0 ale\u00a0 \u00centreprinderii\u00a0 de\u00a0 Stat\u00a0 \u201eCalea\u00a0 ferat\u0103\u00a0 din\u00a0 Moldova\u201d.\u00a0 Aceste\u00a0 \u00eentreprinderi\u00a0 sunt\u00a0 destul\u00a0 de\u00a0 mari,\u00a0 aproximativ\u00a0 1600\u00a0 de\u00a0 persoane\u00a0 \u00een\u00a0 total\u00a0 lucreaz\u0103\u00a0 la\u00a0 ele. Prezen\u0163a\u00a0 real\u0103\u00a0 a\u00a0 acestor\u00a0 \u00eentreprinderi\u00a0 accentueaz\u0103\u00a0 unicitatea\u00a0 raionului\u00a0 Basarabeasca,\u00a0 \u00een\u00a0 special\u00a0 a\u00a0 ora\u015fului\u00a0 Basarabeasca,\u00a0 \u00een\u00a0 calitate\u00a0 de\u00a0 cel\u00a0 mai\u00a0 important\u00a0 nod de\u00a0 cale\u00a0 ferat\u0103\u00a0 din sudul\u00a0 Moldovei.\u00a0 Dat fiind\u00a0 faptului\u00a0 c\u0103\u00a0 aceste\u00a0 organiza\u0163ii\u00a0 sunt\u00a0 \u00eenregistrate\u00a0 oficial\u00a0 \u00een\u00a0 Chi\u015fin\u0103u,\u00a0 acestea\u00a0 nu\u00a0 se\u00a0 reg\u0103sesc\u00a0 printre\u00a0 \u00eentreprinderile\u00a0 din\u00a0 raionul\u00a0 Basarabeasca.<\/p>\n<p><strong><em>Infrastructura\u00a0 de\u00a0 transport:<\/em><\/strong><\/p>\n<p><strong>Infrastructura\u00a0 rutier\u0103:<\/strong>\u00a0 Patru\u00a0 autostr\u0103zi\u00a0 de\u00a0 nivel\u00a0 na\u0163ional\u00a0 traverseaz\u0103\u00a0 teritoriul\u00a0 raionului\u00a0 Basarabeasca,\u00a0 dintre\u00a0 care\u00a0 trei\u00a0 sunt\u00a0 republicane\u00a0 \u015fi\u00a0 una\u00a0 de\u00a0 importan\u0163\u0103\u00a0 regional\u0103.\u00a0 Cea\u00a0 mai\u00a0 important\u0103\u00a0\u00a0 pentru\u00a0 raion\u00a0 este\u00a0 autostrada\u00a0 R3,\u00a0 care\u00a0 face\u00a0 leg\u0103tura\u00a0 \u00eentre\u00a0 capitala\u00a0 Moldovei,\u00a0 Chi\u015fin\u0103u\u00a0 \u015fi\u00a0 cele\u00a0 patru\u00a0 centre\u00a0 regionale,\u00a0 Ialoveni,\u00a0 H\u00eence\u015fti,\u00a0 Cimi\u015flia\u00a0 \u015fi\u00a0 Basarabeasca\u00a0 \u015fi\u00a0 are\u00a0 ie\u015fire\u00a0 spre\u00a0 punctul\u00a0 de\u00a0 trecere\u00a0 a\u00a0 frontierei\u00a0 pe\u00a0 teritoriul\u00a0 Ukrainei,\u00a0 Basarabeasca-Serpniovoe. Drumul\u00a0 R23\u00a0 asigur\u0103\u00a0 leg\u0103tura\u00a0 de\u00a0 transport\u00a0 \u00eentre\u00a0 Basarabeasca\u00a0 \u015fi\u00a0 capitala\u00a0 Unit\u0103\u0163ii\u00a0 Teritoriale\u00a0 Autonom\u0103\u00a0 G\u0103g\u0103uzia.\u00a0 Traseul\u00a0 sudic\u00a0 R36\u00a0 trece\u00a0 prin\u00a0 Tvardi\u0163a,\u00a0 o\u00a0 enclav\u0103\u00a0 a\u00a0 raionului\u00a0 Taraclia,\u00a0 prin\u00a0 Cead\u00eer-Lunga,\u00a0 al\u00a0 doilea\u00a0 ora\u015f\u00a0 ca\u00a0 m\u0103rime\u00a0 din\u00a0 gagauzia\u00a0 \u015fi\u00a0 se\u00a0 conecteaz\u0103\u00a0 la\u00a0 autostrada \u00a0republican\u0103\u00a0 R29,\u00a0 care\u00a0 la\u00a0 r\u00e2ndul\u00a0 s\u0103u\u00a0 conduce\u00a0 c\u0103tre\u00a0 un\u00a0 alt\u00a0 post\u00a0 vamal\u00a0 la\u00a0 grani\u0163\u0103\u00a0 cu\u00a0 Ukraina,\u00a0 \u201eCead\u00eer-Lunga\u00a0 Traian\u201d.\u00a0 Drumul\u00a0 R26\u00a0 care\u00a0 leag\u0103\u00a0 Regiunea\u00a0 de\u00a0 dezvoltare\u00a0 Sud\u00a0 \u015fi\u00a0 Transnistria\u00a0 doar\u00a0 traverseaz\u0103\u00a0 \u0163inutul\u00a0 de\u00a0 nord\u00a0 al\u00a0 raionului\u00a0 Basarabeasca\u00a0 \u00eentr-un\u00a0 segment\u00a0 scurt.\u00a0 Drumul\u00a0 regional\u00a0 G124\u00a0 conecteaz\u0103\u00a0 drumurile\u00a0 republicane\u00a0 R3\u00a0 \u015fi\u00a0 R26\u00a0 \u015fi\u00a0 majoritatea\u00a0 a\u015fez\u0103rilor\u00a0 rurale\u00a0 amplasate\u00a0 la\u00a0 nord\u00a0 de\u00a0 centrul\u00a0 raional. \u00a0Lungimea\u00a0 total\u0103\u00a0 a\u00a0 drumurilor\u00a0 din\u00a0 raion\u00a0 este\u00a0 de\u00a0 73\u00a0 km.\u00a0 Toate\u00a0 acestea\u00a0 sunt\u00a0 echipate\u00a0 cu\u00a0 o\u00a0 suprafa\u0163\u0103\u00a0 tare.\u00a0 Mai\u00a0 mult\u00a0 de\u00a0 80 %\u00a0 din\u00a0 infrastructura\u00a0 rutier\u0103\u00a0 a\u00a0 raionului\u00a0 este\u00a0 na\u0163ional\u0103.<\/p>\n<p><strong>Acces\u00a0 la\u00a0 transport\u00a0 aerian:<\/strong>\u00a0 Aeroportul\u00a0 interna\u0163ional \u00a0Chi\u015fin\u0103u\u00a0 se\u00a0 afl\u0103\u00a0 la\u00a0 92\u00a0 km\u00a0 distan\u0163\u0103\u00a0 de la\u00a0 centrul\u00a0 raional\u00a0 Basarabeasca.\u00a0 Companiile\u00a0 aeriene efectueaz\u0103\u00a0 zboruri\u00a0 regulate\u00a0 directe\u00a0 \u00eentre\u00a0 Chi\u015fin\u0103u\u00a0 \u015fi\u00a0 peste\u00a0 30\u00a0 de\u00a0 destina\u0163ii\u00a0 din\u00a0 europa\u00a0 \u015fi\u00a0 Orientul\u00a0 Apropiat.<\/p>\n<p><strong>Transport\u00a0 maritim:<\/strong>\u00a0 Portul \u00a0Interna\u0163ional\u00a0 Giurgiule\u015fti\u00a0 este\u00a0 situat\u00a0 la\u00a0 151\u00a0 km\u00a0 de\u00a0 la\u00a0 centrul\u00a0 raional\u00a0 Basarabeasca\u00a0 \u015fi\u00a0 este \u00a0singurul\u00a0 port\u00a0 pe\u00a0 Dun\u0103re\u00a0 a Republicii\u00a0 Moldova.\u00a0 Portul\u00a0 este\u00a0 capabil\u00a0 s\u0103\u00a0 primeasc\u0103\u00a0 at\u00e2t\u00a0 navele\u00a0 fluviale,\u00a0 c\u00e2t\u00a0 \u015fi\u00a0 cele\u00a0 maritime,\u00a0 oferind \u00a0astfel\u00a0 conexiune\u00a0 la\u00a0 traseele\u00a0 maritime\u00a0 interna\u0163ionale.<\/p>\n<p><strong>Posturi\u00a0 vamale\u00a0 rutiere:<\/strong>\u00a0 \u00cen\u00a0 imediata\u00a0 apropiere a\u00a0 ora\u015fului\u00a0 Basarabeasca\u00a0 se\u00a0 afl\u0103\u00a0 un\u00a0 post\u00a0 vamal\u00a0 de\u00a0 frontier\u0103\u00a0 \u201eBasarabeasca-Serpniovoe\u201d\u00a0 pentru\u00a0 c\u0103l\u0103toria\u00a0 pe\u00a0 teritoriul\u00a0 Ukrainei.\u00a0 Acest\u00a0 punct\u00a0 de\u00a0 control\u00a0 este\u00a0 inclus\u00a0 \u00een\u00a0 categoria\u00a0 multilateral\u0103,\u00a0 care\u00a0 este\u00a0 disponibil\u00a0 pentru\u00a0 transportul\u00a0 de\u00a0 m\u0103rfuri\u00a0 \u015fi\u00a0 trecerea\u00a0 frontierelor\u00a0 de\u00a0 c\u0103tre\u00a0 persoane,\u00a0 indiferent\u00a0 de na\u0163ionalitatea\u00a0 lor.\u00a0 Cel\u00a0 mai\u00a0 apropiat\u00a0 punct\u00a0 de\u00a0 trecere\u00a0 a \u00a0frontierei\u00a0 dintre\u00a0 Moldova\u00a0 \u015fi\u00a0 Rom\u00e2nia\u00a0 este\u00a0 \u00eentre\u00a0 Leu\u015feni\u00a0 \u015fi\u00a0 Albi\u0163a,\u00a0 la\u00a0 109\u00a0 km\u00a0 distan\u0163a\u00a0 de\u00a0 centrul\u00a0 administrativ\u00a0 al\u00a0 raionului\u00a0 Basarabeasca.<\/p>\n<p><strong>Infrastructura\u00a0 feroviar\u0103:<\/strong>\u00a0 Pe\u00a0 l\u00eeng\u0103\u00a0 punctul\u00a0 de\u00a0 trecere\u00a0 a\u00a0 frontierei,\u00a0 raionul\u00a0 Basarabeasca are\u00a0 un\u00a0 alt\u00a0 avantaj\u00a0 important\u00a0 \u00een\u00a0 ceea\u00a0 ce\u00a0 prive\u015fte\u00a0 infrastructura.\u00a0 Este\u00a0 prezen\u0163a\u00a0 unei\u00a0 re\u0163ele\u00a0 relativ\u00a0 dezvoltate\u00a0 de\u00a0 transport\u00a0 feroviar.\u00a0 Ora\u015ful\u00a0 Basarabeasca\u00a0 este\u00a0 cel\u00a0 mai\u00a0 important\u00a0 nod\u00a0 feroviar\u00a0 din\u00a0 sudul\u00a0 Moldovei.\u00a0 Lungimea\u00a0 total\u0103\u00a0 a\u00a0 liniilor\u00a0 de\u00a0 cale\u00a0 ferat\u0103\u00a0 din\u00a0 zon\u0103\u00a0 este\u00a0 de\u00a0 47\u00a0 km.<\/p>\n<p><strong>B\u0103nci\u00a0 comerciale:<\/strong>\u00a0 \u00cen\u00a0 raion\u00a0 activeaz\u0103 urm\u0103toarele\u00a0 b\u0103nci\u00a0 comerciale\u00a0\u00a0\u00a0 prin\u00a0 intermediul\u00a0 sucursalelor\u00a0 sau\u00a0 agen\u0163iilor:\u00a0 Moldova\u00a0 Agroindbank\u00a0 sediul:\u00a0 or.\u00a0 Basarabeasca,\u00a0 str. Karl\u00a0 Marx, 67;\u00a0 Moldindconbank\u00a0 sediul:\u00a0 or.\u00a0 Basarabeasca,\u00a0 str. Karl\u00a0 Marx, 95;\u00a0 Fin\u00a0 Com\u00a0 Bank\u00a0 sediul:\u00a0\u00a0\u00a0 or.\u00a0 Basarabeasca,\u00a0 str. Vokzalinaia, 73.<\/p>","protected":false},"excerpt":{"rendered":"<p>&nbsp; Situa\u021bia social-economic\u0103 ianuarie-septembrie 2024 Basarabeasca (WORD) Date\u00a0 generale: Raionul\u00a0 Basarabeasca\u00a0 este\u00a0 situat\u00a0 \u00een\u00a0 partea\u00a0 central\u0103\u00a0 a\u00a0 Regiunii\u00a0 de\u00a0 Dezvoltare\u00a0 Sud\u00a0 a\u00a0 Republicii\u00a0 Moldova.\u00a0 Se\u00a0 \u00eenvecineaz\u0103\u00a0 la\u00a0 nord\u00a0 cu\u00a0 raionul\u00a0 Cimi\u015flia,\u00a0 la\u00a0 est\u00a0 \u015fi\u00a0 sud-est\u00a0 cu Ukraina,\u00a0 \u015fi\u00a0 la\u00a0 sud-vest\u00a0 \u015fi\u00a0 vest\u00a0 cu\u00a0 G\u0103g\u0103uzia.\u00a0 Teritoriul\u00a0 raionului\u00a0 are\u00a0 suprafa\u0163a\u00a0 de\u00a0 doar\u00a0 295\u00a0 km2,\u00a0 iar\u00a0 popula\u0163ia\u00a0 total\u0103\u00a0 [&hellip;]<\/p>\n","protected":false},"author":2,"featured_media":0,"parent":0,"menu_order":0,"comment_status":"closed","ping_status":"closed","template":"","meta":{"footnotes":""},"class_list":["post-538","page","type-page","status-publish","hentry"],"_links":{"self":[{"href":"https:\/\/basarabeasca.md\/ro\/wp-json\/wp\/v2\/pages\/538","targetHints":{"allow":["GET"]}}],"collection":[{"href":"https:\/\/basarabeasca.md\/ro\/wp-json\/wp\/v2\/pages"}],"about":[{"href":"https:\/\/basarabeasca.md\/ro\/wp-json\/wp\/v2\/types\/page"}],"author":[{"embeddable":true,"href":"https:\/\/basarabeasca.md\/ro\/wp-json\/wp\/v2\/users\/2"}],"replies":[{"embeddable":true,"href":"https:\/\/basarabeasca.md\/ro\/wp-json\/wp\/v2\/comments?post=538"}],"version-history":[{"count":5,"href":"https:\/\/basarabeasca.md\/ro\/wp-json\/wp\/v2\/pages\/538\/revisions"}],"predecessor-version":[{"id":13068,"href":"https:\/\/basarabeasca.md\/ro\/wp-json\/wp\/v2\/pages\/538\/revisions\/13068"}],"wp:attachment":[{"href":"https:\/\/basarabeasca.md\/ro\/wp-json\/wp\/v2\/media?parent=538"}],"curies":[{"name":"wp","href":"https:\/\/api.w.org\/{rel}","templated":true}]}}