{"id":505,"date":"2016-02-22T10:27:31","date_gmt":"2016-02-22T10:27:31","guid":{"rendered":"http:\/\/demo.smartstudio.md\/basarabeasca.md\/?page_id=505"},"modified":"2025-02-21T14:56:11","modified_gmt":"2025-02-21T12:56:11","slug":"servicii-publice-desconcentrate-in-teritoriu-2","status":"publish","type":"page","link":"https:\/\/basarabeasca.md\/ro\/servicii-publice-desconcentrate-in-teritoriu-2\/","title":{"rendered":"Servicii publice desconcentrate \u00een teritoriu"},"content":{"rendered":"<p>&nbsp;<\/p>\n<table width=\"712\">\n<tbody>\n<tr>\n<td width=\"40\"><strong>Nr,<\/strong><\/p>\n<p><strong>d\/o<\/strong><\/td>\n<td style=\"text-align: left;\" width=\"194\"><strong>Denumirea serviciului<\/strong><\/td>\n<td width=\"142\"><strong>Conduc\u0103tor, Nume, Prenume<\/strong><\/td>\n<td width=\"104\"><strong>Telefoane<\/strong><\/p>\n<p style=\"text-align: center;\"><strong>0(297)<\/strong><\/p>\n<\/td>\n<td width=\"232\"><strong>Adresa<\/strong><\/p>\n<p><strong>E-mail<\/strong><\/td>\n<\/tr>\n<tr>\n<td width=\"40\">1<\/td>\n<td width=\"194\"><span style=\"color: #000000;\"><strong>Inspectoratul de Poli\u021bie Raional<\/strong><\/span><\/td>\n<td width=\"142\"><\/td>\n<td style=\"text-align: center;\" width=\"104\"><strong>22 880<\/strong><\/td>\n<td width=\"232\">str.Scolii,38<\/p>\n<p><span style=\"color: #3366ff;\">ip_basarabeasca@igp.gov.md<\/span><\/td>\n<\/tr>\n<tr>\n<td width=\"40\">2<\/td>\n<td width=\"194\"><strong>Inspectoratul Fiscal de Stat<\/strong><\/p>\n<p>&nbsp;<\/td>\n<td width=\"142\"><\/td>\n<td style=\"text-align: center;\" width=\"104\"><strong>23 040<\/strong><\/td>\n<td width=\"232\">str.K.Marx,55<\/p>\n<p><span style=\"color: #0000ff;\">fisc267@bas-c.fisc.md<\/span><\/td>\n<\/tr>\n<tr>\n<td width=\"40\">3<\/td>\n<td width=\"194\">&nbsp;<\/p>\n<p>&nbsp;<\/td>\n<td width=\"142\"><\/td>\n<td style=\"text-align: center;\" width=\"104\"><strong>22 104<\/strong><\/td>\n<td width=\"232\">str.28iunie,34<\/td>\n<\/tr>\n<tr>\n<td width=\"40\">4<\/td>\n<td width=\"194\"><strong>Sec\u021bia administrativ-militar\u0103 Basarabeasca<\/strong><\/p>\n<p>&nbsp;<\/td>\n<td width=\"142\"><\/td>\n<td style=\"text-align: center;\" width=\"104\"><strong>22 890<\/strong><\/td>\n<td width=\"232\">str.K.Marx 55<\/p>\n<p><span style=\"color: #0000ff;\">SAMBasarabeasca@mail.ru<\/span><\/td>\n<\/tr>\n<tr>\n<td width=\"40\">5<\/td>\n<td width=\"194\"><strong>Agen\u021bia teritorial\u0103 pentru ocuparea for\u021bei de munc\u0103<\/strong><\/p>\n<p>&nbsp;<\/td>\n<td width=\"142\">Snejana Volosciuc<\/td>\n<td style=\"text-align: center;\" width=\"104\"><strong>22 505<\/strong><\/td>\n<td width=\"232\">str.K.Marx,55<\/td>\n<\/tr>\n<tr>\n<td width=\"40\">6<\/td>\n<td width=\"194\"><strong>Inspec\u021bia Ecologic\u0103 Basarabeasca<\/strong><\/p>\n<p>&nbsp;<\/td>\n<td width=\"142\"><\/td>\n<td style=\"text-align: center;\" width=\"104\"><strong>22 760<\/strong><\/td>\n<td width=\"232\">str.K.Marx,55<\/td>\n<\/tr>\n<tr>\n<td width=\"40\">7<\/td>\n<td width=\"194\"><strong>Biroul de evidien\u021b\u0103 \u0219i examinare a transportului<\/strong><\/td>\n<td width=\"142\"><\/td>\n<td style=\"text-align: center;\" width=\"104\"><strong>22 185<\/strong><\/td>\n<td width=\"232\">str. 28Iunie.38<\/p>\n<p><span style=\"color: #0000ff;\">sef.61@offis-61.registru.md<\/span><\/p>\n<p>&nbsp;<\/td>\n<\/tr>\n<tr>\n<td width=\"40\">8<\/td>\n<td width=\"194\"><strong>Oficiul stare civil\u0103<\/strong><\/td>\n<td width=\"142\"><\/td>\n<td style=\"text-align: center;\" width=\"104\"><strong>22 248<\/strong><\/td>\n<td width=\"232\">str.K.Marx,55<\/p>\n<p><span style=\"color: #0000ff;\">oscbasarabeasca@osc.gov.md<\/span><\/p>\n<p>&nbsp;<\/td>\n<\/tr>\n<tr>\n<td width=\"40\">9<\/td>\n<td width=\"194\"><strong>Casa teritorial\u0103 de asigur\u0103ri sociale<\/strong><\/p>\n<p>&nbsp;<\/td>\n<td width=\"142\">\u00a0 Olga Caic\u00ee<\/td>\n<td style=\"text-align: center;\" width=\"104\"><strong>20 520<\/strong><\/td>\n<td width=\"232\">str.K.Marx,53<\/td>\n<\/tr>\n<tr>\n<td width=\"40\">10<\/td>\n<td width=\"194\"><strong>Serviciul pentru statistica Basarabeasca<\/strong><\/p>\n<p>&nbsp;<\/td>\n<td width=\"142\">\u00a0 Ivanova Natalia<\/td>\n<td style=\"text-align: center;\" width=\"104\"><strong>22 360<\/strong><\/td>\n<td width=\"232\">str.K.Marx,55<\/p>\n<p><span style=\"color: #0000ff;\">basarab@statistica.md<\/span><\/td>\n<\/tr>\n<tr>\n<td width=\"40\">11<\/td>\n<td width=\"194\"><strong>Direc\u021bia raional\u0103 siguran\u021ba alimentelor Basarabeasca<\/strong><\/td>\n<td width=\"142\">\u00a0 Mircea Tarlev<\/td>\n<td style=\"text-align: center;\" width=\"104\"><strong>22 576<\/strong><\/td>\n<td width=\"232\">str.28Iunie.106<\/p>\n<p><span style=\"color: #0000ff;\">drsa.basarabeasca@ansa.gov.md<\/span><\/p>\n<p>&nbsp;<\/td>\n<\/tr>\n<tr>\n<td width=\"40\">12<\/td>\n<td width=\"194\"><strong>Oficiul de Executare a deciziilor juridiciare<\/strong><\/p>\n<p>&nbsp;<\/td>\n<td width=\"142\"><\/td>\n<td style=\"text-align: center;\" width=\"104\"><strong>25 595<\/strong><\/td>\n<td width=\"232\"><\/td>\n<\/tr>\n<tr>\n<td width=\"40\">13<\/td>\n<td width=\"194\"><strong>Inspec\u021bia muncii<\/strong><\/p>\n<p>&nbsp;<\/td>\n<td width=\"142\"><\/td>\n<td style=\"text-align: center;\" width=\"104\"><strong>21 282<\/strong><\/td>\n<td width=\"232\">str.K.Marx,55<\/td>\n<\/tr>\n<tr>\n<td width=\"40\">14<\/td>\n<td width=\"194\"><strong>Centru de S\u0103n\u0103tate Public\u0103<\/strong><\/p>\n<p>&nbsp;<\/p>\n<p>&nbsp;<\/td>\n<td width=\"142\"><\/td>\n<td style=\"text-align: center;\" width=\"104\"><strong>22 521<\/strong><\/td>\n<td width=\"232\"><\/td>\n<\/tr>\n<tr>\n<td width=\"40\">15<\/td>\n<td width=\"194\"><strong>Sec\u021bia Situa\u021bii Excep\u021bionale<\/strong><\/td>\n<td width=\"142\"><\/td>\n<td style=\"text-align: center;\" width=\"104\"><strong>22 201<\/strong><\/td>\n<td width=\"232\">\u00a0<span style=\"color: #0000ff;\">sse-22@mail.ru<\/span><\/td>\n<\/tr>\n<\/tbody>\n<\/table>\n<p><strong>\u00a0<\/strong><\/p>\n<p><strong>\u00a0<\/strong><\/p>\n<p>&nbsp;<\/p>\n<p><script>\/\/ <![CDATA[ \/\/ ]]><\/script><\/p>\n<p><script>\/\/ <![CDATA[ \/\/ ]]><\/script><\/p>","protected":false},"excerpt":{"rendered":"<p>&nbsp; Nr, d\/o Denumirea serviciului Conduc\u0103tor, Nume, Prenume Telefoane 0(297) Adresa E-mail 1 Inspectoratul de Poli\u021bie Raional 22 880 str.Scolii,38 ip_basarabeasca@igp.gov.md 2 Inspectoratul Fiscal de Stat &nbsp; 23 040 str.K.Marx,55 fisc267@bas-c.fisc.md 3 &nbsp; &nbsp; 22 104 str.28iunie,34 4 Sec\u021bia administrativ-militar\u0103 Basarabeasca &nbsp; 22 890 str.K.Marx 55 SAMBasarabeasca@mail.ru 5 Agen\u021bia teritorial\u0103 pentru ocuparea for\u021bei de munc\u0103 [&hellip;]<\/p>\n","protected":false},"author":2,"featured_media":0,"parent":0,"menu_order":0,"comment_status":"closed","ping_status":"closed","template":"","meta":{"footnotes":""},"class_list":["post-505","page","type-page","status-publish","hentry"],"_links":{"self":[{"href":"https:\/\/basarabeasca.md\/ro\/wp-json\/wp\/v2\/pages\/505","targetHints":{"allow":["GET"]}}],"collection":[{"href":"https:\/\/basarabeasca.md\/ro\/wp-json\/wp\/v2\/pages"}],"about":[{"href":"https:\/\/basarabeasca.md\/ro\/wp-json\/wp\/v2\/types\/page"}],"author":[{"embeddable":true,"href":"https:\/\/basarabeasca.md\/ro\/wp-json\/wp\/v2\/users\/2"}],"replies":[{"embeddable":true,"href":"https:\/\/basarabeasca.md\/ro\/wp-json\/wp\/v2\/comments?post=505"}],"version-history":[{"count":24,"href":"https:\/\/basarabeasca.md\/ro\/wp-json\/wp\/v2\/pages\/505\/revisions"}],"predecessor-version":[{"id":13114,"href":"https:\/\/basarabeasca.md\/ro\/wp-json\/wp\/v2\/pages\/505\/revisions\/13114"}],"wp:attachment":[{"href":"https:\/\/basarabeasca.md\/ro\/wp-json\/wp\/v2\/media?parent=505"}],"curies":[{"name":"wp","href":"https:\/\/api.w.org\/{rel}","templated":true}]}}