{"id":472,"date":"2016-02-22T10:16:26","date_gmt":"2016-02-22T10:16:26","guid":{"rendered":"http:\/\/demo.smartstudio.md\/basarabeasca.md\/?page_id=472"},"modified":"2026-03-25T09:18:19","modified_gmt":"2026-03-25T07:18:19","slug":"consultari-publice-ale-proiectelor","status":"publish","type":"page","link":"https:\/\/basarabeasca.md\/ro\/consultari-publice-ale-proiectelor\/","title":{"rendered":"Proecte de decizii"},"content":{"rendered":"<p><\/p>\n<p style=\"text-align: center;\"><span style=\"color: #ff0000;\"><strong>ANUL 2026<\/strong><\/span><\/p>\n<p><a href=\"http:\/\/basarabeasca.md\/wp-content\/uploads\/2026\/03\/Proecte-decizie-pentru-martie-2026.pdf\">Proecte decizie pentru martie 2026<\/a>(PDF)<\/p>\n<hr \/>\n<p><a href=\"http:\/\/basarabeasca.md\/wp-content\/uploads\/2026\/02\/proiecte-decizii-md-06.02.26-1.docx\">proiecte decizii md 06.02.26<\/a><\/p>\n<hr \/>\n<p style=\"text-align: center;\"><span style=\"color: #ff0000;\"><strong>ANUL 2025\u00a0<\/strong><\/span><\/p>\n<p><a href=\"http:\/\/basarabeasca.md\/wp-content\/uploads\/2025\/12\/Buget-2026.pdf\">Proect Buget 2026<\/a><\/p>\n<hr \/>\n<p><a href=\"http:\/\/basarabeasca.md\/wp-content\/uploads\/2025\/11\/Proecte-de-decizii-noiembrie-2025.docx\">Proecte de decizii noiembrie 2025<\/a><\/p>\n<hr \/>\n<p><a href=\"http:\/\/basarabeasca.md\/wp-content\/uploads\/2025\/11\/Proecte-decizie-octombrie-2025.docx\">Proecte decizie octombrie 2025<\/a><\/p>\n<hr \/>\n<p>15 mai 2025<\/p>\n<p><a href=\"http:\/\/basarabeasca.md\/wp-content\/uploads\/2025\/05\/Proecte-decizie-md.docx\">Proecte decizie md \u00a0\u00a0<\/a><\/p>\n<hr \/>\n<hr \/>\n<p style=\"text-align: center;\"><span style=\"color: #ff0000;\"><strong>ANUL 2024<\/strong><\/span><\/p>\n<p>17 decembrie 2024<\/p>\n<p><a href=\"http:\/\/basarabeasca.md\/wp-content\/uploads\/2024\/12\/proiecte-decizii-md-17.12.2024.docx\">proiecte decizii md 17.12.2024<\/a><\/p>\n<hr \/>\n<p><a href=\"http:\/\/basarabeasca.md\/wp-content\/uploads\/2024\/12\/Proiect-decizie-buget-2025-3.docx\">Proiect decizie buget 2025 <\/a><\/p>\n<hr \/>\n<p>13 septembrie 2024<\/p>\n<p><a href=\"http:\/\/basarabeasca.md\/wp-content\/uploads\/2024\/12\/Proecte-decizie-md-13.09.2024-1.docx\">Proecte decizie md 13.09.2024<\/a><\/p>\n<hr \/>\n<p>09 iulie 2024<\/p>\n<p><a href=\"http:\/\/basarabeasca.md\/wp-content\/uploads\/2024\/07\/decizii-md-09.07.2024-2.docx\">Proiecte de decizii din 09.07.2024<\/a> (Word)<\/p>\n<hr \/>\n<p>30 aprilie 2024<\/p>\n<p><a href=\"http:\/\/basarabeasca.md\/wp-content\/uploads\/2024\/04\/materialele-sedintei-din-30.04.23-cu-modificari.docx\">materialele \u0219edin\u021bei din 30.04.23 cu modific\u0103ri<\/a><\/p>\n<p>&nbsp;<\/p>\n<hr \/>\n<p>14 februarie 2024<\/p>\n<p><a href=\"http:\/\/basarabeasca.md\/wp-content\/uploads\/2024\/02\/DECIZII-rom.-1.doc\">Proecte de DECIZII rom<\/a><\/p>\n<p>&nbsp;<\/p>\n<hr \/>\n<hr \/>\n<p style=\"text-align: center;\"><span style=\"color: #ff0000;\"><strong>ANUL 2023<\/strong><\/span><\/p>\n<hr \/>\n<p>08 august 2023<\/p>\n<p><a href=\"http:\/\/basarabeasca.md\/wp-content\/uploads\/2023\/10\/Proiecte-de-decizii-1.docx\">Proiecte de decizii (1)<\/a><\/p>\n<hr \/>\n<p><strong>23 mai 2023<\/strong><\/p>\n<p><a href=\"http:\/\/basarabeasca.md\/wp-content\/uploads\/2023\/05\/Proiecte-de-decizii.docx\">Proiecte de decizii<\/a><\/p>\n<hr \/>\n<p><a href=\"http:\/\/basarabeasca.md\/wp-content\/uploads\/2023\/04\/Proiect-de-decizie-cu-privire-la-aprobarea-incheierii-Acordului-de-Cooperare-intre-Judetul-Iasi-din-Romania-si-raionul-Basarabeasca-din-Republica-Moldova.docx\">Proiect de decizie cu privire la aprobarea \u00eencheierii Acordului de Cooperare \u00eentre Jude\u0163ul Ia\u015fi din Romania \u015fi raionul Basarabeasca din Republica Moldova<\/a><\/p>\n<h4>24 martie 2023<\/h4>\n<p><a href=\"http:\/\/basarabeasca.md\/wp-content\/uploads\/2023\/03\/proiecte-decizii-sait.docx\">proiecte decizii<\/a><\/p>\n<hr \/>\n<h4>27 ianuarie 2023<\/h4>\n<p><a href=\"http:\/\/basarabeasca.md\/wp-content\/uploads\/2023\/01\/Proiecte-de-decizii-ROM.docx\">Proiecte de decizii ROM<\/a><\/p>\n<p>&nbsp;<\/p>\n<hr \/>\n<p style=\"text-align: center;\"><span style=\"color: #ff0000;\"><strong>ANUL 2022<\/strong><\/span><\/p>\n<p><strong>14 decembrie 2022<\/strong><\/p>\n<p><a href=\"http:\/\/basarabeasca.md\/wp-content\/uploads\/2022\/12\/PROIECTE-DECIZII-1.docx\">PROIECTE DECIZII <\/a>\u00a0pentru 14.12.2022<\/p>\n<p><strong>23 septembrie 2022<\/strong><\/p>\n<p><a href=\"http:\/\/basarabeasca.md\/wp-content\/uploads\/2022\/09\/Proiecte-de-decizii-pentru-23-septembrie-2022.pdf\">Proiecte de decizii pentru 23 septembrie 2022<\/a><\/p>\n<p><strong>07 iunie2022<\/strong><\/p>\n<p><a href=\"http:\/\/basarabeasca.md\/wp-content\/uploads\/2022\/06\/proiecte-de-decizii.docx\">proiecte de decizii<\/a><\/p>\n<p><strong>18 martie 2022<\/strong><\/p>\n<p><a href=\"http:\/\/basarabeasca.md\/wp-content\/uploads\/2022\/03\/decizii.rus_.docx-7.doc\">decizii.rus.docx<\/a><\/p>\n<p>&nbsp;<\/p>\n<hr \/>\n<p><strong>07 iunie2022<\/strong><\/p>\n<p><a href=\"http:\/\/basarabeasca.md\/wp-content\/uploads\/2022\/06\/proiecte-de-decizii.docx\">proiecte de decizii<\/a><\/p>\n<p><strong>18 martie 2022<\/strong><\/p>\n<p><a href=\"http:\/\/basarabeasca.md\/wp-content\/uploads\/2022\/03\/ORDINEA-DE-ZI-7.docx\">ORDINEA DE ZI <\/a><\/p>\n<hr \/>\n<p><strong>04 martie 2022<\/strong><\/p>\n<p><a href=\"http:\/\/basarabeasca.md\/wp-content\/uploads\/2022\/03\/ordinea-de-zi-04.03.22-3-1.docx\">ordinea de zi 04.03.22 (proiecte)<\/a><\/p>\n<p><a href=\"http:\/\/basarabeasca.md\/wp-content\/uploads\/2022\/02\/Proiect-de-decizie-Acord-de-parteneriat-1.docx\">Proiect de decizie Acord de parteneriat<\/a><\/p>\n<p><a href=\"http:\/\/basarabeasca.md\/wp-content\/uploads\/2022\/02\/Proiect-de-decizie-reorganizarea-unor-subdiviziuni.docx\">Proiect de decizie reorganizarea unor subdiviziuni<\/a><\/p>\n<p><a href=\"http:\/\/basarabeasca.md\/wp-content\/uploads\/2022\/02\/Proiect-de-decizie-modificari-in-statele-1.docx\">Proiect de decizie modific\u0103ri \u00een statele<\/a><\/p>\n<hr \/>\n<p style=\"text-align: center;\"><span style=\"color: #ff0000;\"><strong>ANUL 2021<\/strong><\/span><\/p>\n<p>&nbsp;<\/p>\n<hr \/>\n<p><em><strong>DECEMBRIE 2021<\/strong><\/em><\/p>\n<p><a href=\"http:\/\/basarabeasca.md\/wp-content\/uploads\/2021\/12\/DECIZII-MOLD-\u043a\u043e\u043d\u0432\u0435\u0440\u0442\u0438\u0440\u043e\u0432\u0430\u043d-1.pdf\">Proiecte DECIZII MOLD\u00a0 PDF\u00a0<\/a><\/p>\n<p><a href=\"http:\/\/basarabeasca.md\/wp-content\/uploads\/2021\/11\/Proiect-de-decizie-cu-privire-la-rechizitionarea-mijloacelor-de-transport-la-mobilizare.docx\">Proiect de decizie cu privire la rechizi\u0163ionarea mijloacelor de transport la mobilizare<\/a><\/p>\n<p><a href=\"http:\/\/basarabeasca.md\/wp-content\/uploads\/2021\/11\/proiect-de-decizie-cu-privire-la-constituirea-comisiei-mixte-raionale-de-rechizitii-de-bunuri-si-prestari-de-servicii-in-interes-public.docx\">Proiect de decizie cu privire la constituirea comisiei mixte raionale de rechizi\u0163ii de bunuri \u015fi prest\u0103ri de servicii \u00een interes public<\/a><\/p>\n<p><a href=\"http:\/\/basarabeasca.md\/wp-content\/uploads\/2021\/11\/Proiect-de-decizie-cu-privire-la-completarea-unitatilor-militare-cu-resurseumane-la-mobilizare.docx\">Proiect de decizie cu privire la completarea unit\u0103\u0163ilor militare cu resurseumane la mobilizare<\/a><\/p>\n<p><a href=\"http:\/\/basarabeasca.md\/wp-content\/uploads\/2021\/11\/Proiect-de-decizie-cu-privire-la-aprobarea-unor-dispozitii-ale-presedintelui-raionului-emise-in-perioada-dintre-sedintele-Consiliului-raional.docx\">Proiect de decizie cu privire la aprobarea unor dispozi\u0163ii ale pre\u015fedintelui raionului, emise \u00een perioada dintre \u015fedin\u0163ele Consiliului raional<\/a><\/p>\n<p><a href=\"http:\/\/basarabeasca.md\/wp-content\/uploads\/2021\/11\/Proiect-de-decizie-cu-privire-la-aprobarea-graficului-concediilor-de-odihna-pentru-anul-2022.docx\">Proiect de decizie cu privire la aprobarea graficului concediilor de odihn\u0103 pentru anul 2022<\/a><\/p>\n<hr \/>\n<p><strong>MATERIALELE\u00a0<\/strong><strong>\u015fedin\u0163ei ordinare a\u00a0<\/strong><strong>Consiliului Raional Basarabeasca\u00a0<\/strong><strong>din\u00a0 24 august 2021<\/strong><\/p>\n<p><a href=\"http:\/\/basarabeasca.md\/wp-content\/uploads\/2021\/09\/Proiecte-de-decizii-pentru-sedinta-din-24-septembrie-2021.doc\">Proiecte de decizii pentru \u015fedin\u0163a din 24 septembrie 2021<\/a><\/p>\n<p><strong>MATERIALELE\u00a0<\/strong><strong>\u015fedin\u0163ei ordinare a\u00a0<\/strong><strong>Consiliului Raional Basarabeasca\u00a0<\/strong><strong>din 16 iulie 2021<\/strong><\/p>\n<p><a href=\"http:\/\/basarabeasca.md\/wp-content\/uploads\/2021\/07\/ORDINEA-DE-ZI-5.docx\">ORDINEA DE ZI\u00a0 proiecte<\/a><\/p>\n<p>&nbsp;<\/p>\n<p><strong>MATERIALELE\u00a0<\/strong><strong>\u015fedin\u0163ei ordinare a\u00a0<\/strong><strong>Consiliului Raional Basarabeasca\u00a0<\/strong><strong>din 05 iulie 2021<\/strong><\/p>\n<p><a href=\"http:\/\/basarabeasca.md\/wp-content\/uploads\/2021\/07\/ORDINEA-DE-ZI-6.docx\">ORDINEA DE ZI\u00a0 proiecte<\/a><\/p>\n<p>&nbsp;<\/p>\n<p><strong>MATERIALELE\u00a0<\/strong><strong>\u015fedin\u0163ei ordinare a\u00a0<\/strong><strong>Consiliului Raional Basarabeasca\u00a0<\/strong><strong>din 14 mai 2021<\/strong><\/p>\n<p><a href=\"http:\/\/basarabeasca.md\/wp-content\/uploads\/2021\/05\/ORDINEA-DE-ZI-4.docx\">proiecte 14.05.2021<\/a><\/p>\n<p>&nbsp;<\/p>\n<p><strong>MATERIALELE\u00a0<\/strong><strong>\u015fedin\u0163ei ordinare a\u00a0<\/strong><strong>Consiliului Raional Basarabeasca\u00a0<\/strong><strong>din 25 martie 2021<\/strong><\/p>\n<p><a href=\"http:\/\/basarabeasca.md\/wp-content\/uploads\/2021\/03\/proiecte-din-25.03.2021.docx\">proiecte din 25.03.2021<\/a><\/p>\n<hr \/>\n<p style=\"text-align: center;\"><strong>ANUL 2020<\/strong><\/p>\n<p><strong>MATERIALELE\u00a0<\/strong><strong>\u015fedin\u0163ei ordinare a\u00a0<\/strong><strong>Consiliului Raional Basarabeasca\u00a0<\/strong><strong>din 18 decembrie 2020<\/strong><\/p>\n<p><a href=\"http:\/\/basarabeasca.md\/wp-content\/uploads\/2020\/12\/Decizii-din-18.12.2020-REDACTATE-1.doc\">Decizii din 18.12.2020 REDACTATE <\/a><\/p>\n<p><strong>MATERIALELE\u00a0<\/strong><strong>\u015fedin\u0163ei ordinare a\u00a0<\/strong><strong>Consiliului Raional Basarabeasca\u00a0<\/strong><strong>din 25 august 2020<\/strong><\/p>\n<p><a href=\"http:\/\/basarabeasca.md\/wp-content\/uploads\/2020\/08\/ORDINEA-DE-ZI.doc\">Proiecte de decizii 25.08.2020<\/a><\/p>\n<p><strong>MATERIALELE\u00a0<\/strong><strong>\u015fedin\u0163ei ordinare a\u00a0<\/strong><strong>Consiliului Raional Basarabeasca\u00a0<\/strong><strong>din 21 mai 2020<\/strong><\/p>\n<p><a href=\"http:\/\/basarabeasca.md\/wp-content\/uploads\/2020\/05\/PROIECTE-DE-DECIZII-1.docx\">PROIECTE DE DECIZII\u00a0 21.05.2020<\/a><\/p>\n<p><strong>MATERIALELE\u00a0<\/strong><strong>\u015fedin\u0163ei extraordinare a\u00a0<\/strong><strong>Consiliului Raional Basarabeasca\u00a0<\/strong><strong>din 31 martie 2020<\/strong><\/p>\n<p><a href=\"http:\/\/basarabeasca.md\/wp-content\/uploads\/2020\/03\/ORDINEA-DE-ZI-31.03.2020-1.docx\">ORDINEA DE ZI 31.03.2020 (1)<\/a><\/p>\n<p><strong>MATERIALELE\u00a0<\/strong><strong>\u015fedin\u0163ei ordinare a\u00a0<\/strong><strong>Consiliului Raional Basarabeasca\u00a0<\/strong><strong>din\u00a020 martie 2020<\/strong><strong><em>(proiecte de decizii)<\/em><\/strong><\/p>\n<p><a href=\"http:\/\/basarabeasca.md\/wp-content\/uploads\/2020\/03\/proiecte-de-decizii-pentru-20.03.2020-1-1.docx\">proiecte de decizii pentru 20.03.2020<\/a><\/p>\n<p><a href=\"http:\/\/basarabeasca.md\/wp-content\/uploads\/2020\/03\/Anexele-nr.-1-4-la-proiectul-de-decizie-nr.-0208-din-20-martie-2020-STATUTUL-Centrului-Stomatologic-\u043a\u043e\u043f\u0438\u044f.docx\">Anexele nr. 1-4 la proiectul de decizie nr. 0208 din 20 martie 2020 STATUTUL Centrului Stomatologic <\/a><\/p>\n<p><a href=\"http:\/\/basarabeasca.md\/wp-content\/uploads\/2020\/03\/Anexele-nr.-5-8-la-proiectul-de-decizie-nr.-0208-din-20-martie-2020-STATUT-Biroul-de-proiect\u0103ri-\u043a\u043e\u043f\u0438\u044f.docx\">Anexele nr. 5-8 la proiectul de decizie nr. 0208 din 20 martie 2020 STATUT Biroul de proiect\u0103ri <\/a><\/p>\n<p><a href=\"http:\/\/basarabeasca.md\/wp-content\/uploads\/2020\/03\/Anexele-nr.-9-12-la-proiectul-de-decizie-nr.-0208-din-20-martie-2020-STATUT-Sonbas-Service-\u043a\u043e\u043f\u0438\u044f.docx\">Anexele nr. 9-12 la proiectul de decizie nr. 0208 din 20 martie 2020 STATUT Sonbas Service <\/a><\/p>\n<p><strong>MATERIALELE\u00a0<\/strong><strong>\u015fedin\u0163ei exstraordinare a\u00a0<\/strong><strong>Consiliului Raional Basarabeasca\u00a0<\/strong><strong>din\u00a021 ianuarie 2020<\/strong><strong><em>(proiecte de decizii)<\/em><\/strong><\/p>\n<p><a href=\"http:\/\/basarabeasca.md\/wp-content\/uploads\/2020\/01\/decizii-mold.docx.docx\">decizii mold.docx<\/a><\/p>\n<p style=\"text-align: center;\"><strong>ANUL 2019<\/strong><\/p>\n<p><strong>MATERIALELE\u00a0<\/strong><strong>\u015fedin\u0163ei ordinare a\u00a0<\/strong><strong>Consiliului Raional Basarabeasca\u00a0<\/strong><strong>din\u00a020 decembrie 2019<\/strong><strong><em>(proiecte de decizii)<\/em><\/strong><\/p>\n<p><a href=\"http:\/\/basarabeasca.md\/wp-content\/uploads\/2019\/12\/Decizii-din-20.12.2019.doc\">Decizii din 20.12.2019<\/a><\/p>\n<p><strong>1.MATERIALELE\u00a0<\/strong><strong>\u015fedin\u0163ei de constituire a\u00a0<\/strong><strong>Consiliului Raional Basarabeasca\u00a0<\/strong><strong>din\u00a019 noiembrie 2019<\/strong><strong><em>(proiecte de decizii)<\/em><\/strong><\/p>\n<p><a href=\"http:\/\/basarabeasca.md\/wp-content\/uploads\/2019\/11\/deciyii.docx\">deciyii<\/a><\/p>\n<p><strong>2.MATERIALELE\u00a0<\/strong><strong>\u015fedin\u0163ei extraordinare a\u00a0<\/strong><strong>Consiliului Raional Basarabeasca\u00a0<\/strong><strong>din\u00a019 noiembrie 2019<\/strong><strong><em>(proiecte de decizii)<\/em><\/strong><\/p>\n<p><a href=\"http:\/\/basarabeasca.md\/wp-content\/uploads\/2019\/11\/decizii-mold.docx-1.doc\">decizii mold.docx (1)<\/a><\/p>\n<hr \/>\n<p>&nbsp;<\/p>\n<p style=\"text-align: center;\"><strong>ANUL 2018<\/strong><\/p>\n<p>1.<strong>MATERIALELE\u00a0<\/strong><strong>\u015fedin\u0163ei ordinare a\u00a0<\/strong><strong>Consiliului Raional Basarabeasca\u00a0<\/strong><strong>din\u00a021 iunie 2018\u00a0<\/strong><strong><em>(proiecte de decizii)<\/em><\/strong><\/p>\n<p><a href=\"http:\/\/basarabeasca.md\/wp-content\/uploads\/2018\/07\/ordinea-de-zi-rus.docx-1.doc\">ordinea de zi rus.docx (1)<\/a><\/p>\n<p>2.<strong>MATERIALELE\u00a0<\/strong><strong>\u015fedin\u0163ei extraordinare a\u00a0<\/strong><strong>Consiliului Raional Basarabeasca \u00a0<\/strong><strong><em>din 11 iulie 2018 (proiecte de decizii)<\/em><\/strong><\/p>\n<p><a href=\"http:\/\/basarabeasca.md\/wp-content\/uploads\/2018\/07\/ordinea-de-zi.docx-1.doc\">ordinea de zi.docx (1)<\/a><\/p>\n<p>3.<strong>MATERIALELE\u00a0<\/strong><strong>\u015fedin\u0163ei extraordinare a\u00a0<\/strong><strong>Consiliului Raional Basarabeasca \u00a0<\/strong><strong><em>din 16 iulie 2018 (proiecte de decizii)<\/em><\/strong><\/p>\n<p><a href=\"http:\/\/basarabeasca.md\/wp-content\/uploads\/2018\/07\/proiecte-de-decizii.-mold.docx.doc\">proiecte de decizii. mold.docx<\/a><\/p>\n<p>4.<strong>MATERIALELE\u00a0<\/strong><strong>\u015fedin\u0163ei ordinare a\u00a0<\/strong><strong>Consiliului Raional Basarabeasca \u00a0<\/strong><strong><em>din 21 septembrie 2018 (proiecte de decizii)<\/em><\/strong><\/p>\n<p><a href=\"http:\/\/basarabeasca.md\/wp-content\/uploads\/2018\/09\/proiecte-de-decizii.-mold.docx-1.doc\">proiecte de decizii. mold.docx<\/a><\/p>\n<hr \/>\n<p style=\"text-align: center;\"><strong>ANUL 2017<\/strong><\/p>\n<p>&nbsp;<\/p>\n<p>&nbsp;<\/p>\n<p>1.<strong>MATERIALELE\u00a0<\/strong><strong>\u015fedin\u0163ei ordinare a\u00a0<\/strong><strong>Consiliului Raional Basarabeasca\u00a0<\/strong><strong>din\u00a023 Martie 2017<\/strong><\/p>\n<p><a href=\"http:\/\/basarabeasca.md\/wp-content\/uploads\/2016\/02\/23-martie-2017.docx-.doc\">23 martie 2017.docx &#8211;<\/a><\/p>\n<p>2.<strong>MATERIALELE\u00a0<\/strong><strong>\u015fedin\u0163ei extraordinare a\u00a0<\/strong><strong>Consiliului Raional Basarabeasca\u00a0<\/strong><strong>din\u00a020 aprilie 2017<\/strong><\/p>\n<p><a href=\"http:\/\/basarabeasca.md\/wp-content\/uploads\/2016\/02\/proiecte.docx\">proiecte<\/a><\/p>\n<p>3.<strong>MATERIALELE\u00a0<\/strong><strong>\u015fedin\u0163ei ordinare a\u00a0<\/strong><strong>Consiliului Raional Basarabeasca\u00a0<\/strong><strong>din 26 mai 2017<\/strong><strong><em>(proiecte de decizii)<\/em><\/strong><\/p>\n<p><strong><em>\u00a0<\/em><\/strong><a href=\"http:\/\/basarabeasca.md\/wp-content\/uploads\/2016\/02\/ordinea-de-zi-1.docx-1.doc\">ordinea de zi.docx<\/a><\/p>\n<p><strong><em>4.\u00a0<\/em><\/strong><strong>MATERIALELE\u00a0<\/strong><strong>\u015fedin\u0163ei extraordinare a\u00a0<\/strong><strong>ConsiliuluiRaionalBasarabeasca \u00a0<\/strong><strong><em>din 19 iulie 2017 (proiecte de decizii)<\/em><\/strong><\/p>\n<p><a href=\"http:\/\/basarabeasca.md\/wp-content\/uploads\/2016\/02\/ordinea-de-zi-1.docx-1.doc\">ordinea de zi.docx<\/a><\/p>\n<p>5.\u00a0<strong>MATERIALELE\u00a0<\/strong><strong>\u015fedin\u0163ei ordinare a\u00a0<\/strong><strong>Consiliului Raional Basarabeasca\u00a0<\/strong><strong>din\u00a021 decembrie 2017\u00a0<\/strong><strong><em>(proiecte de decizii)<\/em><\/strong><\/p>\n<p><strong><em><a href=\"http:\/\/basarabeasca.md\/wp-content\/uploads\/2016\/02\/DECIZII-MOLD.docx-2.doc\">DECIZII MOLD.docx (2)<\/a><\/em><\/strong><\/p>\n<p><strong>6. MATERIALELE\u00a0<\/strong><strong>\u015fedin\u0163ei ordinare a\u00a0<\/strong><strong>Consiliului Raional Basarabeasca\u00a0<\/strong><strong>din\u00a021 decembrie 2017\u00a0<\/strong><strong><em>(proiecte de decizii)<\/em><\/strong><\/p>\n<p><a href=\"http:\/\/basarabeasca.md\/wp-content\/uploads\/2018\/04\/\u043f\u043e\u0432\u0435\u0441\u0442\u043a\u0430-\u0434\u043d\u044f-2.docx\">\u043f\u043e\u0432\u0435\u0441\u0442\u043a\u0430 \u0434\u043d\u044f (2)<\/a><\/p>\n<hr \/>\n<p>&nbsp;<\/p>\n<p style=\"text-align: center;\"><strong>ANUL 2016<\/strong><\/p>\n<p><strong>1.MATERIALELE\u00a0<\/strong><strong>\u015fedin\u0163ei extraordinare a\u00a0<\/strong><strong>Consiliului Raional Basarabeasca\u00a0<\/strong><strong>din 20 aprilie 2016<\/strong><\/p>\n<p><a href=\"http:\/\/basarabeasca.md\/wp-content\/uploads\/2016\/02\/ordinea-de-zi.docx.doc\">ordinea de zi.docx<\/a><\/p>\n<p>2.<strong>MATERIALELE\u00a0<\/strong><strong>\u015fedin\u0163ei extraordinare a\u00a0<\/strong><strong>Consiliului Raional Basarabeasca\u00a0<\/strong><strong>din 22 DECEMBRIE \u00a02016<\/strong><\/p>\n<p><a href=\"http:\/\/basarabeasca.md\/wp-content\/uploads\/2016\/02\/ORDINEA-DE-ZI.doc\">ordinea-de-zi<\/a><\/p>\n<p><strong>3.MATERIALELE\u00a0<\/strong><strong>\u015fedin\u0163ei ordinare a\u00a0<\/strong><strong>Consiliului Raional Basarabeasca\u00a0<\/strong><strong>din 22 decembrie 2016\u00a0<\/strong><strong><em>(proiecte de decizii)\u00a0<\/em><\/strong><\/p>\n<p><strong><em><a href=\"http:\/\/basarabeasca.md\/wp-content\/uploads\/DECIZII-MOLD.docx-1.doc\">DECIZII MOLD.docx (1)<\/a><\/em><\/strong><\/p>","protected":false},"excerpt":{"rendered":"<p>ANUL 2026 Proecte decizie pentru martie 2026(PDF) proiecte decizii md 06.02.26 ANUL 2025\u00a0 Proect Buget 2026 Proecte de decizii noiembrie 2025 Proecte decizie octombrie 2025 15 mai 2025 Proecte decizie md \u00a0\u00a0 ANUL 2024 17 decembrie 2024 proiecte decizii md 17.12.2024 Proiect decizie buget 2025 13 septembrie 2024 Proecte decizie md 13.09.2024 09 iulie 2024 [&hellip;]<\/p>\n","protected":false},"author":2,"featured_media":0,"parent":0,"menu_order":0,"comment_status":"closed","ping_status":"closed","template":"","meta":{"footnotes":""},"class_list":["post-472","page","type-page","status-publish","hentry"],"_links":{"self":[{"href":"https:\/\/basarabeasca.md\/ro\/wp-json\/wp\/v2\/pages\/472","targetHints":{"allow":["GET"]}}],"collection":[{"href":"https:\/\/basarabeasca.md\/ro\/wp-json\/wp\/v2\/pages"}],"about":[{"href":"https:\/\/basarabeasca.md\/ro\/wp-json\/wp\/v2\/types\/page"}],"author":[{"embeddable":true,"href":"https:\/\/basarabeasca.md\/ro\/wp-json\/wp\/v2\/users\/2"}],"replies":[{"embeddable":true,"href":"https:\/\/basarabeasca.md\/ro\/wp-json\/wp\/v2\/comments?post=472"}],"version-history":[{"count":88,"href":"https:\/\/basarabeasca.md\/ro\/wp-json\/wp\/v2\/pages\/472\/revisions"}],"predecessor-version":[{"id":14222,"href":"https:\/\/basarabeasca.md\/ro\/wp-json\/wp\/v2\/pages\/472\/revisions\/14222"}],"wp:attachment":[{"href":"https:\/\/basarabeasca.md\/ro\/wp-json\/wp\/v2\/media?parent=472"}],"curies":[{"name":"wp","href":"https:\/\/api.w.org\/{rel}","templated":true}]}}