{"id":462,"date":"2016-02-22T10:15:08","date_gmt":"2016-02-22T10:15:08","guid":{"rendered":"http:\/\/demo.smartstudio.md\/basarabeasca.md\/?page_id=462"},"modified":"2025-02-20T10:49:48","modified_gmt":"2025-02-20T08:49:48","slug":"directia-finante-2","status":"publish","type":"page","link":"https:\/\/basarabeasca.md\/ro\/directia-finante-2\/","title":{"rendered":"Direc\u021bia finan\u021be"},"content":{"rendered":"<p>adresa: MD-6702 or.Basarabeasca str.K.Marx 55 (et.3)<\/p>\n<p>E-mail \u00a0 : \u00a0 \u00a0\u00a0dgf-basarabeasca@mail.ru<\/p>\n<hr \/>\n<p><a href=\"http:\/\/basarabeasca.md\/wp-content\/uploads\/2021\/09\/Planul-de-actiuni-al-Directiei-Finante-pentru-anul-2021_compressed.pdf\">Planul de ac\u021biuni al Direc\u021biei Finan\u021be pentru anul 2021<\/a><\/p>\n<hr \/>\n<table width=\"643\">\n<tbody>\n<tr>\n<td colspan=\"4\" width=\"643\"><\/td>\n<\/tr>\n<tr>\n<td width=\"162\"><strong>Func\u0163ia<\/strong><\/p>\n<p>&nbsp;<\/td>\n<td width=\"154\"><strong>Nume, prenume<\/strong><\/td>\n<td width=\"114\"><strong>Tel\/fax<\/strong><\/td>\n<td width=\"213\"><strong>Adresaelectronic\u0103<\/strong><\/td>\n<\/tr>\n<tr>\n<td width=\"162\">\u015eef-interima<\/td>\n<td width=\"154\">Maria Muntean<\/td>\n<td width=\"114\">&nbsp;<\/p>\n<p>0297 23024<\/p>\n<p>&nbsp;<\/td>\n<td width=\"213\"><\/td>\n<\/tr>\n<tr>\n<td width=\"162\">\u015eef-adjunct\/\u015fef sec\u0163iei\u00a0bugetar\u0103<\/td>\n<td width=\"154\">Maria Muntean<\/td>\n<td width=\"114\">&nbsp;<\/p>\n<p>0297 23006<\/td>\n<td width=\"213\">dgf-basarabeasca@mail.ru<\/td>\n<\/tr>\n<tr>\n<td width=\"162\">Specialist principal sec\u021bia bugetar\u0103<\/td>\n<td width=\"154\"><\/td>\n<td width=\"114\">&nbsp;<\/p>\n<p>029723006<\/p>\n<p>&nbsp;<\/td>\n<td width=\"213\">dgf-basarabeasca@mail.ru<\/td>\n<\/tr>\n<tr>\n<td width=\"162\">Specialist principal \u00a0sec\u021bia bugetar\u0103<\/td>\n<td width=\"154\">Valentina Stog<\/td>\n<td width=\"114\">&nbsp;<\/p>\n<p>0297 23006<\/p>\n<p>&nbsp;<\/td>\n<td width=\"213\">stog.81@mail.ru<\/td>\n<\/tr>\n<tr>\n<td width=\"162\">Specialist\u00a0sec\u021bia bugetar\u0103<\/td>\n<td width=\"154\"><\/td>\n<td width=\"114\">&nbsp;<\/p>\n<p>0297 23006<\/p>\n<p>&nbsp;<\/td>\n<td width=\"213\"><\/td>\n<\/tr>\n<tr>\n<td width=\"162\">Contabil-\u015fef<\/td>\n<td width=\"154\"><\/td>\n<td width=\"114\">\u00a0029721487<\/p>\n<p>&nbsp;<\/td>\n<td width=\"213\">dgf-basarabeasca@mail.ru<\/td>\n<\/tr>\n<tr>\n<td width=\"162\">\u00a0specialist superior<\/p>\n<p>&nbsp;<\/td>\n<td width=\"154\">\u00a0Elena Topal<\/td>\n<td width=\"114\">\u00a0029721487<\/td>\n<td width=\"213\"><\/td>\n<\/tr>\n<tr>\n<td colspan=\"4\" width=\"643\"><\/td>\n<\/tr>\n<tr>\n<td width=\"162\"><\/td>\n<td width=\"154\"><\/td>\n<td width=\"114\"><\/td>\n<td width=\"213\"><\/td>\n<\/tr>\n<tr>\n<td width=\"162\">&nbsp;<\/p>\n<p>Specialist\u00a0principal<\/p>\n<p>(JURIST)<\/td>\n<td width=\"154\">Natalia Mitioglo<\/td>\n<td width=\"114\">&nbsp;<\/p>\n<p>0297 21047<\/p>\n<p>&nbsp;<\/td>\n<td width=\"213\">nata.mitioglo@mail.ru<\/td>\n<\/tr>\n<tr>\n<td width=\"162\">Secretar-dactilograf<\/td>\n<td width=\"154\">&nbsp;<\/p>\n<p>&nbsp;<\/p>\n<p>&nbsp;<\/td>\n<td width=\"114\">0297 23024<\/p>\n<p>&nbsp;<\/td>\n<td width=\"213\"><\/td>\n<\/tr>\n<tr>\n<td colspan=\"4\" width=\"643\"><\/td>\n<\/tr>\n<tr>\n<td width=\"162\"><\/td>\n<td width=\"154\"><\/td>\n<td width=\"114\"><\/td>\n<td width=\"213\"><\/td>\n<\/tr>\n<\/tbody>\n<\/table>\n<p><script>\/\/ <![CDATA[ \/\/ ]]><\/script><\/p>\n<p><script>\/\/ <![CDATA[ \/\/ ]]><\/script><\/p>","protected":false},"excerpt":{"rendered":"<p>adresa: MD-6702 or.Basarabeasca str.K.Marx 55 (et.3) E-mail \u00a0 : \u00a0 \u00a0\u00a0dgf-basarabeasca@mail.ru Planul de ac\u021biuni al Direc\u021biei Finan\u021be pentru anul 2021 Func\u0163ia &nbsp; Nume, prenume Tel\/fax Adresaelectronic\u0103 \u015eef-interima Maria Muntean &nbsp; 0297 23024 &nbsp; \u015eef-adjunct\/\u015fef sec\u0163iei\u00a0bugetar\u0103 Maria Muntean &nbsp; 0297 23006 dgf-basarabeasca@mail.ru Specialist principal sec\u021bia bugetar\u0103 &nbsp; 029723006 &nbsp; dgf-basarabeasca@mail.ru Specialist principal \u00a0sec\u021bia bugetar\u0103 Valentina Stog [&hellip;]<\/p>\n","protected":false},"author":2,"featured_media":0,"parent":0,"menu_order":0,"comment_status":"closed","ping_status":"closed","template":"","meta":{"footnotes":""},"class_list":["post-462","page","type-page","status-publish","hentry"],"_links":{"self":[{"href":"https:\/\/basarabeasca.md\/ro\/wp-json\/wp\/v2\/pages\/462","targetHints":{"allow":["GET"]}}],"collection":[{"href":"https:\/\/basarabeasca.md\/ro\/wp-json\/wp\/v2\/pages"}],"about":[{"href":"https:\/\/basarabeasca.md\/ro\/wp-json\/wp\/v2\/types\/page"}],"author":[{"embeddable":true,"href":"https:\/\/basarabeasca.md\/ro\/wp-json\/wp\/v2\/users\/2"}],"replies":[{"embeddable":true,"href":"https:\/\/basarabeasca.md\/ro\/wp-json\/wp\/v2\/comments?post=462"}],"version-history":[{"count":12,"href":"https:\/\/basarabeasca.md\/ro\/wp-json\/wp\/v2\/pages\/462\/revisions"}],"predecessor-version":[{"id":13101,"href":"https:\/\/basarabeasca.md\/ro\/wp-json\/wp\/v2\/pages\/462\/revisions\/13101"}],"wp:attachment":[{"href":"https:\/\/basarabeasca.md\/ro\/wp-json\/wp\/v2\/media?parent=462"}],"curies":[{"name":"wp","href":"https:\/\/api.w.org\/{rel}","templated":true}]}}