{"id":4546,"date":"2018-01-10T11:41:36","date_gmt":"2018-01-10T09:41:36","guid":{"rendered":"http:\/\/basarabeasca.md\/?page_id=4546"},"modified":"2025-01-24T10:19:08","modified_gmt":"2025-01-24T08:19:08","slug":"%d1%80%d1%83%d1%81%d1%81%d0%ba%d0%b8%d0%b9-%d0%b1%d0%b0%d1%88%d0%ba%d0%b0%d0%bb%d0%b8%d1%8f","status":"publish","type":"page","link":"https:\/\/basarabeasca.md\/ro\/%d1%80%d1%83%d1%81%d1%81%d0%ba%d0%b8%d0%b9-%d0%b1%d0%b0%d1%88%d0%ba%d0%b0%d0%bb%d0%b8%d1%8f\/","title":{"rendered":"Prim\u0103ria Ba\u0219calia"},"content":{"rendered":"<p><strong>Prim\u0103ria satului Ba\u0219calia<\/strong><\/p>\n<p><strong>Primarul:<\/strong> CERNAU\u021aAN ILIE<\/p>\n<p><strong>Contacte:<\/strong><\/p>\n<p>tel. 029754236<\/p>\n<p>email: primaria.bascalia@gmail.com<\/p>\n<p><strong>Secrecarul Consiliului local\u00a0<\/strong>HARUTA LARISA<\/p>\n<p>tel. 029754225<\/p>\n<p><strong>Componen\u021ba Consiliului local<\/strong>:<\/p>\n<table id=\"idTableConsilieri\" class=\"table table-condensed border-bottom table-partide-consilieri\">\n<tbody>\n<tr class=\"partid-group-row\">\n<td class=\"partid-logo\"><img loading=\"lazy\" decoding=\"async\" class=\"partid-logo\" src=\"https:\/\/serviciidate.cec.md\/api\/Rotatia\/PartidImagine?partidId=5088\" width=\"61\" height=\"61\" \/><\/td>\n<td colspan=\"9\"><span class=\"partid-denumire\">Partidul Politic \u201ePlatforma Demnitate \u0219i Adev\u0103r\u201d<\/span><span class=\"partid-cod\">(PPPDA)<\/span><\/td>\n<\/tr>\n<tr class=\"consilier-row\">\n<td class=\"spacer\"><\/td>\n<td class=\"numar\">1<\/td>\n<td class=\"numeprenume\">GREC GHEORGHE<\/td>\n<td class=\"an\">1978<\/td>\n<td class=\"document\"><a href=\"https:\/\/a.cec.md\/ro\/cu-privire-la-atribuirea-unui-mandat-de-consilier-in-consiliul-2751_108446.html\" target=\"_blank\" rel=\"noopener\">Hot\u0103r\u00eere nr. 1865 din 15.12.2023, CEC<\/a><\/td>\n<\/tr>\n<tr class=\"consilier-row\">\n<td class=\"spacer\"><\/td>\n<td class=\"numar\">2<\/td>\n<td class=\"numeprenume\">POPOV HARLAMPI<\/td>\n<td class=\"an\">1970<\/td>\n<td class=\"document\">\n<table id=\"idTableConsilieri\" class=\"table table-condensed border-bottom table-partide-consilieri\">\n<tbody>\n<tr class=\"consilier-row\">\n<td class=\"document\"><a href=\"https:\/\/a.cec.md\/ro\/cu-privire-la-atribuirea-unui-mandat-de-consilier-in-consiliul-2751_109566.html\" target=\"_blank\" rel=\"noopener\">Hot\u0103r\u00eere nr. 2403 din 02.04.2024, CEC<\/a><\/td>\n<\/tr>\n<\/tbody>\n<\/table>\n<\/td>\n<\/tr>\n<tr class=\"consilier-row\">\n<td class=\"spacer\"><\/td>\n<td class=\"numar\">3<\/td>\n<td class=\"numeprenume\">IABANJI NATALIA<\/td>\n<td class=\"an\">1978<\/td>\n<td class=\"document\"><a href=\"https:\/\/a.cec.md\/ro\/cu-privire-la-atribuirea-unui-mandat-de-consilier-in-consiliul-2751_108576.html\" target=\"_blank\" rel=\"noopener\">Hot\u0103r\u00eere nr. 1988 din 26.12.2023, CEC<\/a><\/td>\n<\/tr>\n<tr class=\"consilier-row\">\n<td class=\"spacer\"><\/td>\n<td class=\"numar\">4<\/td>\n<td class=\"numeprenume\">PITEL PAVEL<\/td>\n<td class=\"an\">1964<\/td>\n<td class=\"document\">Hot\u0103r\u00eere nr. 9\/2 din 15.11.2023, CECE I<\/td>\n<\/tr>\n<tr class=\"consilier-row\">\n<td class=\"spacer\"><\/td>\n<td class=\"numar\">5<\/td>\n<td class=\"numeprenume\">SCUTARI GHEORGHE<\/td>\n<td class=\"an\">1970<\/td>\n<td class=\"document\">Hot\u0103r\u00eere nr. 9\/2 din 15.11.2023, CECE I<\/td>\n<\/tr>\n<tr class=\"consilier-row\">\n<td class=\"spacer\"><\/td>\n<td class=\"numar\">6<\/td>\n<td class=\"numeprenume\">TARLEV VALENTINA<\/td>\n<td class=\"an\">1975<\/td>\n<td class=\"document\">Hot\u0103r\u00eere nr. 9\/2 din 15.11.2023, CECE I<\/td>\n<\/tr>\n<tr class=\"consilier-row\">\n<td class=\"spacer\"><\/td>\n<td class=\"numar\">7<\/td>\n<td class=\"numeprenume\">VORNIC ZINAIDA<\/td>\n<td class=\"an\">1969<\/td>\n<td class=\"document\">Hot\u0103r\u00eere nr. 9\/2 din 15.11.2023, CECE I<\/td>\n<\/tr>\n<tr class=\"partid-group-separator\">\n<td colspan=\"9\"><\/td>\n<\/tr>\n<tr class=\"partid-group-row\">\n<td colspan=\"9\"><span class=\"partid-denumire\">Candidat independent<\/span><\/td>\n<\/tr>\n<tr class=\"consilier-row\">\n<td class=\"spacer\"><\/td>\n<td class=\"numar\">1<\/td>\n<td class=\"numeprenume\">BORDAN ION<\/td>\n<td class=\"an\">1977<\/td>\n<td class=\"document\">Hot\u0103r\u00eere nr. 9\/2 din 15.11.2023, CECE I<\/td>\n<\/tr>\n<tr class=\"consilier-row\">\n<td class=\"spacer\"><\/td>\n<td class=\"numar\">2<\/td>\n<td class=\"numeprenume\">POPOV ION<\/td>\n<td class=\"an\">1965<\/td>\n<td class=\"document\">Hot\u0103r\u00eere nr. 9\/2 din 15.11.2023, CECE I<\/td>\n<\/tr>\n<tr class=\"partid-group-separator\">\n<td colspan=\"9\"><\/td>\n<\/tr>\n<tr class=\"partid-group-row\">\n<td class=\"partid-logo\"><img loading=\"lazy\" decoding=\"async\" class=\"partid-logo\" src=\"https:\/\/serviciidate.cec.md\/api\/Rotatia\/PartidImagine?partidId=5087\" width=\"62\" height=\"62\" \/><\/td>\n<td colspan=\"9\"><span class=\"partid-denumire\">Partidul Politic \u201ePartidul Ac\u021biune \u0219i Solidaritate\u201d<\/span><span class=\"partid-cod\">(PAS)<\/span><\/td>\n<\/tr>\n<tr class=\"consilier-row\">\n<td class=\"spacer\"><\/td>\n<td class=\"numar\">1<\/td>\n<td class=\"numeprenume\">BORDAN MARIA<\/td>\n<td class=\"an\">1983<\/td>\n<td class=\"document\">Hot\u0103r\u00eere nr. 9\/2 din 15.11.2023, CECE I<\/td>\n<\/tr>\n<tr class=\"consilier-row\">\n<td class=\"spacer\"><\/td>\n<td class=\"numar\">2<\/td>\n<td class=\"numeprenume\">P\u00ceNZARU LUDMILA<\/td>\n<td class=\"an\">1963<\/td>\n<td class=\"document\">Hot\u0103r\u00eere nr. 9\/2 din 15.11.2023, CECE I<\/td>\n<\/tr>\n<tr class=\"partid-group-separator\">\n<td colspan=\"9\"><\/td>\n<\/tr>\n<tr class=\"partid-group-row\">\n<td class=\"partid-logo\"><img loading=\"lazy\" decoding=\"async\" class=\"partid-logo\" src=\"https:\/\/serviciidate.cec.md\/api\/Rotatia\/PartidImagine?partidId=5083\" width=\"72\" height=\"72\" \/><\/td>\n<td colspan=\"9\"><span class=\"partid-denumire\">Partidul Politic \u201ePartidul Sociali\u015ftilor din Republica Moldova\u201d<\/span><span class=\"partid-cod\">(PSRM)<\/span><\/td>\n<\/tr>\n<tr class=\"consilier-row\">\n<td class=\"spacer\"><\/td>\n<td class=\"numar\">1<\/td>\n<td class=\"numeprenume\">TICHEM PETRU<\/td>\n<td class=\"an\">1983<\/td>\n<td class=\"document\">Hot\u0103r\u00eere nr. 9\/2 din 15.11.2023, CECE I<\/td>\n<\/tr>\n<tr class=\"partid-group-separator\">\n<td colspan=\"9\"><\/td>\n<\/tr>\n<tr class=\"partid-group-row\">\n<td class=\"partid-logo\"><img loading=\"lazy\" decoding=\"async\" class=\"partid-logo\" src=\"https:\/\/serviciidate.cec.md\/api\/Rotatia\/PartidImagine?partidId=5104\" width=\"68\" height=\"68\" \/><\/td>\n<td colspan=\"9\"><span class=\"partid-denumire\">Partidul Politic Partidul Social Democrat European<\/span><span class=\"partid-cod\">(PPPSDE)<\/span><\/td>\n<\/tr>\n<tr class=\"consilier-row\">\n<td class=\"spacer\"><\/td>\n<td class=\"numar\">1<\/td>\n<td class=\"numeprenume\">POPOV ION<\/td>\n<td class=\"an\">1967<\/td>\n<td class=\"document\">Hot\u0103r\u00eere nr. 9\/2 din 15.11.2023, CECE I<\/td>\n<\/tr>\n<tr class=\"partid-group-separator\">\n<td colspan=\"9\"><\/td>\n<\/tr>\n<\/tbody>\n<tfoot><\/tfoot>\n<\/table>\n<p>Total de\u021bin\u0103tori de mandate: 13<\/p>\n<p><strong><br \/>\nInstitu\u021bii:<\/strong><\/p>\n<p><strong><br \/>\nScurt istoric.<\/strong><\/p>\n<p>Satul Ba\u0219calia a fost \u00eentemeiat \u00een anul 1832 de coloni\u0219ti bulgari. Cu timpul satul a crescut, iar popula\u021bia a fost asimilat\u0103 de moldoveni. \u00cen 1877 \u00een localitate a fost construit\u0103 din piatr\u0103 biserica cu hramul Sf. Arhanghel Mihail.<\/p>\n<p>La \u00eenceputul secolului XX Ba\u0219calia num\u0103ra 196 de gospod\u0103rii \u0219i o popula\u021bie de 1213 locuitori. C\u0103tre 1923 satul avea 2 \u0219coli primare, 5 mori de v\u00eent, biseric\u0103, po\u0219t\u0103 rural\u0103, 3 c\u00eerciumi.<\/p>\n<h2 id=\"Popula\u021bia\"><\/h2>\n<p>Conform datelor recens\u0103m\u00eentului din anul 2004, popula\u0163ia satului constituia 3903 oameni, dintre care 50.04% &#8211; b\u0103rba\u0163i \u0219i 49.96% &#8211; femei. Structura etnic\u0103 a popula\u0163iei \u00een cadrul satului: 98.54% &#8211; moldoveni, 0.15% &#8211; ucraineni, 0.28% &#8211; ru\u015fi, 0.92% &#8211; g\u0103g\u0103uzi, 0.03% &#8211; bulgari, 0.08% &#8211; alte etnii.<\/p>\n<p>\u00cen satul Ba\u015fcalia au fost \u00eenregistrate 1146 de gospod\u0103rii casnice la recens\u0103m\u00eentul din anul 2004, iar m\u0103rimea medie a unei gospod\u0103rii era de 3.4 persoane.<\/p>\n<p><strong>Evenimente desf\u0103\u0219urate \u00een localitate:<\/strong><\/p>\n<p>21 noiembrie &#8211; Hramul satului<\/p>","protected":false},"excerpt":{"rendered":"<p>Prim\u0103ria satului Ba\u0219calia Primarul: CERNAU\u021aAN ILIE Contacte: tel. 029754236 email: primaria.bascalia@gmail.com Secrecarul Consiliului local\u00a0HARUTA LARISA tel. 029754225 Componen\u021ba Consiliului local: Partidul Politic \u201ePlatforma Demnitate \u0219i Adev\u0103r\u201d(PPPDA) 1 GREC GHEORGHE 1978 Hot\u0103r\u00eere nr. 1865 din 15.12.2023, CEC 2 POPOV HARLAMPI 1970 Hot\u0103r\u00eere nr. 2403 din 02.04.2024, CEC 3 IABANJI NATALIA 1978 Hot\u0103r\u00eere nr. 1988 din 26.12.2023, [&hellip;]<\/p>\n","protected":false},"author":2,"featured_media":0,"parent":0,"menu_order":0,"comment_status":"closed","ping_status":"closed","template":"","meta":{"footnotes":""},"class_list":["post-4546","page","type-page","status-publish","hentry"],"_links":{"self":[{"href":"https:\/\/basarabeasca.md\/ro\/wp-json\/wp\/v2\/pages\/4546","targetHints":{"allow":["GET"]}}],"collection":[{"href":"https:\/\/basarabeasca.md\/ro\/wp-json\/wp\/v2\/pages"}],"about":[{"href":"https:\/\/basarabeasca.md\/ro\/wp-json\/wp\/v2\/types\/page"}],"author":[{"embeddable":true,"href":"https:\/\/basarabeasca.md\/ro\/wp-json\/wp\/v2\/users\/2"}],"replies":[{"embeddable":true,"href":"https:\/\/basarabeasca.md\/ro\/wp-json\/wp\/v2\/comments?post=4546"}],"version-history":[{"count":12,"href":"https:\/\/basarabeasca.md\/ro\/wp-json\/wp\/v2\/pages\/4546\/revisions"}],"predecessor-version":[{"id":12997,"href":"https:\/\/basarabeasca.md\/ro\/wp-json\/wp\/v2\/pages\/4546\/revisions\/12997"}],"wp:attachment":[{"href":"https:\/\/basarabeasca.md\/ro\/wp-json\/wp\/v2\/media?parent=4546"}],"curies":[{"name":"wp","href":"https:\/\/api.w.org\/{rel}","templated":true}]}}