{"id":4544,"date":"2018-01-10T11:40:52","date_gmt":"2018-01-10T09:40:52","guid":{"rendered":"http:\/\/basarabeasca.md\/?page_id=4544"},"modified":"2024-03-14T12:34:37","modified_gmt":"2024-03-14T10:34:37","slug":"%d1%80%d1%83%d1%81%d1%81%d0%ba%d0%b8%d0%b9-%d0%b8%d1%81%d0%b5%d1%80%d0%bb%d0%b8%d1%8f","status":"publish","type":"page","link":"https:\/\/basarabeasca.md\/ro\/%d1%80%d1%83%d1%81%d1%81%d0%ba%d0%b8%d0%b9-%d0%b8%d1%81%d0%b5%d1%80%d0%bb%d0%b8%d1%8f\/","title":{"rendered":"Prim\u0103ria Iserlia"},"content":{"rendered":"<p><strong>Prim\u0103ria comunei Iserlia, localit\u0103\u021bi \u00een componen\u021ba:<\/strong><\/p>\n<p>s. Iserlia<\/p>\n<p>s.Ivanovca<\/p>\n<p>s.Cababiber<\/p>\n<p>s. Bogdanovca<\/p>\n<p><strong>Primarul:\u00a0<\/strong>Liudmila Rotari<\/p>\n<p><strong>Contacte:<\/strong><\/p>\n<p>tel.029758236<\/p>\n<p>e-mail: primaria.iserlia@apl.gov.md<\/p>\n<p><strong>Secrecarul Consiliului local\u00a0<\/strong><\/p>\n<p>Porubscaia Irina<\/p>\n<p>tel.029758248<\/p>\n<p>&nbsp;<\/p>\n<p><strong>Componen\u021ba Consiliului local:<\/strong><\/p>\n<div>Lista de\u021bin\u0103torilor de mandate: <span id=\"idConsilieriLocalitateDenumire\" class=\"text-info\">Consiliul Local ISERLIA<\/span><span id=\"idScrutinInfo\" class=\"text-danger\"><\/span><\/div>\n<p>&nbsp;<\/p>\n<table id=\"idTableConsilieri\" class=\"table table-condensed border-bottom table-partide-consilieri\">\n<thead><\/thead>\n<tbody>\n<tr class=\"partid-group-row\">\n<td class=\"partid-logo\"><img loading=\"lazy\" decoding=\"async\" class=\"partid-logo\" src=\"https:\/\/serviciidate.cec.md\/api\/Rotatia\/PartidImagine?partidId=5083\" width=\"61\" height=\"61\" \/><\/td>\n<td colspan=\"9\"><span class=\"partid-denumire\">Partidul Politic \u201ePartidul Sociali\u015ftilor din Republica Moldova\u201d<\/span><span class=\"partid-cod\">(PSRM)<\/span><\/td>\n<\/tr>\n<tr class=\"consilier-row\">\n<td class=\"spacer\"><\/td>\n<td class=\"numar\">1<\/td>\n<td class=\"numeprenume\">BALABARDIN VERA<\/td>\n<td class=\"an\">1975<\/td>\n<td class=\"document\">Hot\u0103r\u00eere nr. 10\/2 din 13.11.2023, CECE I<\/td>\n<\/tr>\n<tr class=\"consilier-row\">\n<td class=\"spacer\"><\/td>\n<td class=\"numar\">2<\/td>\n<td class=\"numeprenume\">CEBAN ELENA<\/td>\n<td class=\"an\">1987<\/td>\n<td class=\"document\">Hot\u0103r\u00eere nr. 10\/2 din 13.11.2023, CECE I<\/td>\n<\/tr>\n<tr class=\"consilier-row\">\n<td class=\"spacer\"><\/td>\n<td class=\"numar\">3<\/td>\n<td class=\"numeprenume\">CRASIL\u0218CIC CRISTINA<\/td>\n<td class=\"an\">1968<\/td>\n<td class=\"document\">Hot\u0103r\u00eere nr. 10\/2 din 13.11.2023, CECE I<\/td>\n<\/tr>\n<tr class=\"consilier-row\">\n<td class=\"spacer\"><\/td>\n<td class=\"numar\">4<\/td>\n<td class=\"numeprenume\">DULGHER NICOLAE<\/td>\n<td class=\"an\">1953<\/td>\n<td class=\"document\">Hot\u0103r\u00eere nr. 10\/2 din 13.11.2023, CECE I<\/td>\n<\/tr>\n<tr class=\"consilier-row\">\n<td class=\"spacer\"><\/td>\n<td class=\"numar\">5<\/td>\n<td class=\"numeprenume\">GAIDARL\u00ce NICOLAI<\/td>\n<td class=\"an\">1966<\/td>\n<td class=\"document\">Hot\u0103r\u00eere nr. 10\/2 din 13.11.2023, CECE I<\/td>\n<\/tr>\n<tr class=\"consilier-row\">\n<td class=\"spacer\"><\/td>\n<td class=\"numar\">6<\/td>\n<td class=\"numeprenume\">GODOROJA ANDREI<\/td>\n<td class=\"an\">1973<\/td>\n<td class=\"document\">Hot\u0103r\u00eere nr. 10\/2 din 13.11.2023, CECE I<\/td>\n<\/tr>\n<tr class=\"consilier-row\">\n<td class=\"spacer\"><\/td>\n<td class=\"numar\">7<\/td>\n<td class=\"numeprenume\">MARGACIOV ALEXANDR<\/td>\n<td class=\"an\">1982<\/td>\n<td class=\"document\">Hot\u0103r\u00eere nr. 10\/2 din 13.11.2023, CECE I<\/td>\n<\/tr>\n<tr class=\"consilier-row\">\n<td class=\"spacer\"><\/td>\n<td class=\"numar\">8<\/td>\n<td class=\"numeprenume\">STOIANOVA MARIA<\/td>\n<td class=\"an\">1963<\/td>\n<td class=\"document\">Hot\u0103r\u00eere nr. 10\/2 din 13.11.2023, CECE I<\/td>\n<\/tr>\n<tr class=\"partid-group-separator\">\n<td colspan=\"9\"><\/td>\n<\/tr>\n<tr class=\"partid-group-row\">\n<td colspan=\"9\"><span class=\"partid-denumire\">Candidat independent<\/span><\/td>\n<\/tr>\n<tr class=\"consilier-row\">\n<td class=\"spacer\"><\/td>\n<td class=\"numar\">1<\/td>\n<td class=\"numeprenume\">ZAM\u0218ILCHIN SERGHEI<\/td>\n<td class=\"an\">1981<\/td>\n<td class=\"document\">Hot\u0103r\u00eere nr. 10\/2 din 13.11.2023, CECE I<\/td>\n<\/tr>\n<tr class=\"partid-group-separator\">\n<td colspan=\"9\"><\/td>\n<\/tr>\n<\/tbody>\n<tfoot><\/tfoot>\n<\/table>\n<p id=\"idConsilieriSummary\">Total de\u021bin\u0103tori de mandate: 9<\/p>\n<p><strong>Scurt istoric.<\/strong><strong>Institu\u021bii:<\/strong><\/p>\n<p><strong>Evenimente desf\u0103\u0219urate \u00een localitate:<\/strong><\/p>\n<p>13 iulie &#8211; Hramul satului<\/p>","protected":false},"excerpt":{"rendered":"<p>Prim\u0103ria comunei Iserlia, localit\u0103\u021bi \u00een componen\u021ba: s. Iserlia s.Ivanovca s.Cababiber s. Bogdanovca Primarul:\u00a0Liudmila Rotari Contacte: tel.029758236 e-mail: primaria.iserlia@apl.gov.md Secrecarul Consiliului local\u00a0 Porubscaia Irina tel.029758248 &nbsp; Componen\u021ba Consiliului local: Lista de\u021bin\u0103torilor de mandate: Consiliul Local ISERLIA &nbsp; Partidul Politic \u201ePartidul Sociali\u015ftilor din Republica Moldova\u201d(PSRM) 1 BALABARDIN VERA 1975 Hot\u0103r\u00eere nr. 10\/2 din 13.11.2023, CECE I 2 [&hellip;]<\/p>\n","protected":false},"author":2,"featured_media":0,"parent":0,"menu_order":0,"comment_status":"closed","ping_status":"closed","template":"","meta":{"footnotes":""},"class_list":["post-4544","page","type-page","status-publish","hentry"],"_links":{"self":[{"href":"https:\/\/basarabeasca.md\/ro\/wp-json\/wp\/v2\/pages\/4544","targetHints":{"allow":["GET"]}}],"collection":[{"href":"https:\/\/basarabeasca.md\/ro\/wp-json\/wp\/v2\/pages"}],"about":[{"href":"https:\/\/basarabeasca.md\/ro\/wp-json\/wp\/v2\/types\/page"}],"author":[{"embeddable":true,"href":"https:\/\/basarabeasca.md\/ro\/wp-json\/wp\/v2\/users\/2"}],"replies":[{"embeddable":true,"href":"https:\/\/basarabeasca.md\/ro\/wp-json\/wp\/v2\/comments?post=4544"}],"version-history":[{"count":6,"href":"https:\/\/basarabeasca.md\/ro\/wp-json\/wp\/v2\/pages\/4544\/revisions"}],"predecessor-version":[{"id":11916,"href":"https:\/\/basarabeasca.md\/ro\/wp-json\/wp\/v2\/pages\/4544\/revisions\/11916"}],"wp:attachment":[{"href":"https:\/\/basarabeasca.md\/ro\/wp-json\/wp\/v2\/media?parent=4544"}],"curies":[{"name":"wp","href":"https:\/\/api.w.org\/{rel}","templated":true}]}}