{"id":4542,"date":"2018-01-10T11:40:14","date_gmt":"2018-01-10T09:40:14","guid":{"rendered":"http:\/\/basarabeasca.md\/?page_id=4542"},"modified":"2024-03-14T12:37:29","modified_gmt":"2024-03-14T10:37:29","slug":"%d1%80%d1%83%d1%81%d1%81%d0%ba%d0%b8%d0%b9-%d1%81%d0%b0%d0%b4%d0%b0%d0%ba%d0%bb%d0%b8%d1%8f","status":"publish","type":"page","link":"https:\/\/basarabeasca.md\/ro\/%d1%80%d1%83%d1%81%d1%81%d0%ba%d0%b8%d0%b9-%d1%81%d0%b0%d0%b4%d0%b0%d0%ba%d0%bb%d0%b8%d1%8f\/","title":{"rendered":"Prim\u0103ria Sadaclia"},"content":{"rendered":"<p><strong>Prim\u0103ria satului<\/strong><\/p>\n<p><strong>Primarul: Galeru Ion<\/strong><\/p>\n<p><strong>Contacte:<\/strong><\/p>\n<p>tel.029757236<\/p>\n<p>e-mail : sadacliap@gmail.com<\/p>\n<p><strong>Secrecarul Consiliului local\u00a0<\/strong>Gribine\u021b Nadejda<\/p>\n<p>tel. 029757281<\/p>\n<p><strong>Componen\u021ba Consiliului local:<\/strong><\/p>\n<div>Lista de\u021bin\u0103torilor de mandate:\u00a0<span id=\"idConsilieriLocalitateDenumire\" class=\"text-info\">Consiliul Local SADACLIA<\/span><span id=\"idScrutinInfo\" class=\"text-danger\"><\/span><\/div>\n<p>&nbsp;<\/p>\n<table id=\"idTableConsilieri\" class=\"table table-condensed border-bottom table-partide-consilieri\">\n<thead><\/thead>\n<tbody>\n<tr class=\"partid-group-row\">\n<td class=\"partid-logo\"><img loading=\"lazy\" decoding=\"async\" class=\"partid-logo\" src=\"https:\/\/serviciidate.cec.md\/api\/Rotatia\/PartidImagine?partidId=5087\" width=\"68\" height=\"68\" \/><\/td>\n<td colspan=\"9\"><span class=\"partid-denumire\">Partidul Politic \u201ePartidul Ac\u021biune \u0219i Solidaritate\u201d<\/span><span class=\"partid-cod\">(PAS)<\/span><\/td>\n<\/tr>\n<tr class=\"consilier-row\">\n<td class=\"spacer\"><\/td>\n<td class=\"numar\">1<\/td>\n<td class=\"numeprenume\">CHIRIAC VEACESLAV<\/td>\n<td class=\"an\">1972<\/td>\n<td class=\"document\"><a href=\"https:\/\/a.cec.md\/ro\/cu-privire-la-atribuirea-unui-mandat-de-consilier-in-consiliul-2751_108789.html\" target=\"_blank\" rel=\"noopener\">Hot\u0103r\u00eere nr. 2154 din 23.01.2024, CEC<\/a><\/td>\n<\/tr>\n<tr class=\"consilier-row\">\n<td class=\"spacer\"><\/td>\n<td class=\"numar\">2<\/td>\n<td class=\"numeprenume\">IAVORSCHI ALIONA<\/td>\n<td class=\"an\">1984<\/td>\n<td class=\"document\">Hot\u0103r\u00eere nr. 31 din 14.11.2023, CECE I<\/td>\n<\/tr>\n<tr class=\"consilier-row\">\n<td class=\"spacer\"><\/td>\n<td class=\"numar\">3<\/td>\n<td class=\"numeprenume\">JALBU ALEXEI<\/td>\n<td class=\"an\">1980<\/td>\n<td class=\"document\">Hot\u0103r\u00eere nr. 31 din 14.11.2023, CECE I<\/td>\n<\/tr>\n<tr class=\"consilier-row\">\n<td class=\"spacer\"><\/td>\n<td class=\"numar\">4<\/td>\n<td class=\"numeprenume\">LUNGU ANDREI<\/td>\n<td class=\"an\">1962<\/td>\n<td class=\"document\">Hot\u0103r\u00eere nr. 31 din 14.11.2023, CECE I<\/td>\n<\/tr>\n<tr class=\"consilier-row\">\n<td class=\"spacer\"><\/td>\n<td class=\"numar\">5<\/td>\n<td class=\"numeprenume\">MAXIMOV ANATOLIE<\/td>\n<td class=\"an\">1979<\/td>\n<td class=\"document\">Hot\u0103r\u00eere nr. 31 din 14.11.2023, CECE I<\/td>\n<\/tr>\n<tr class=\"consilier-row\">\n<td class=\"spacer\"><\/td>\n<td class=\"numar\">6<\/td>\n<td class=\"numeprenume\">MOTROI MARIA<\/td>\n<td class=\"an\">1970<\/td>\n<td class=\"document\">Hot\u0103r\u00eere nr. 31 din 14.11.2023, CECE I<\/td>\n<\/tr>\n<tr class=\"consilier-row\">\n<td class=\"spacer\"><\/td>\n<td class=\"numar\">7<\/td>\n<td class=\"numeprenume\">PISTOL ION<\/td>\n<td class=\"an\">1963<\/td>\n<td class=\"document\">Hot\u0103r\u00eere nr. 31 din 14.11.2023, CECE I<\/td>\n<\/tr>\n<tr class=\"consilier-row\">\n<td class=\"spacer\"><\/td>\n<td class=\"numar\">8<\/td>\n<td class=\"numeprenume\">R\u0102CIL\u0102 IRINA<\/td>\n<td class=\"an\">1980<\/td>\n<td class=\"document\">Hot\u0103r\u00eere nr. 31 din 14.11.2023, CECE I<\/td>\n<\/tr>\n<tr class=\"consilier-row\">\n<td class=\"spacer\"><\/td>\n<td class=\"numar\">9<\/td>\n<td class=\"numeprenume\">SUMAN VALERIU<\/td>\n<td class=\"an\">1981<\/td>\n<td class=\"document\">Hot\u0103r\u00eere nr. 31 din 14.11.2023, CECE I<\/td>\n<\/tr>\n<tr class=\"consilier-row\">\n<td class=\"spacer\"><\/td>\n<td class=\"numar\">10<\/td>\n<td class=\"numeprenume\">V\u00ceLCU SERGIU<\/td>\n<td class=\"an\">1969<\/td>\n<td class=\"document\">Hot\u0103r\u00eere nr. 31 din 14.11.2023, CECE I<\/td>\n<\/tr>\n<tr class=\"partid-group-separator\">\n<td colspan=\"9\"><\/td>\n<\/tr>\n<tr class=\"partid-group-row\">\n<td colspan=\"9\"><span class=\"partid-denumire\">Candidat independent<\/span><\/td>\n<\/tr>\n<tr class=\"consilier-row\">\n<td class=\"spacer\"><\/td>\n<td class=\"numar\">1<\/td>\n<td class=\"numeprenume\">BACIU AURELIU<\/td>\n<td class=\"an\">1970<\/td>\n<td class=\"document\">Hot\u0103r\u00eere nr. 31 din 14.11.2023, CECE I<\/td>\n<\/tr>\n<tr class=\"partid-group-separator\">\n<td colspan=\"9\"><\/td>\n<\/tr>\n<tr class=\"partid-group-row\">\n<td class=\"partid-logo\"><img loading=\"lazy\" decoding=\"async\" class=\"partid-logo\" src=\"https:\/\/serviciidate.cec.md\/api\/Rotatia\/PartidImagine?partidId=5094\" width=\"82\" height=\"82\" \/><\/td>\n<td colspan=\"9\"><span class=\"partid-denumire\">Partidul Politic \u201ePartidul Dezvolt\u0103rii \u015fi Consolid\u0103rii Moldovei\u201d<\/span><span class=\"partid-cod\">(PDCM)<\/span><\/td>\n<\/tr>\n<tr class=\"consilier-row\">\n<td class=\"spacer\"><\/td>\n<td class=\"numar\">1<\/td>\n<td class=\"numeprenume\">PROHNI\u0162CHI ANATOLIE<\/td>\n<td class=\"an\">1976<\/td>\n<td class=\"document\">Hot\u0103r\u00eere nr. 31 din 14.11.2023, CECE I<\/td>\n<\/tr>\n<tr class=\"partid-group-separator\">\n<td colspan=\"9\"><\/td>\n<\/tr>\n<tr class=\"partid-group-row\">\n<td class=\"partid-logo\"><img loading=\"lazy\" decoding=\"async\" class=\"partid-logo\" src=\"https:\/\/serviciidate.cec.md\/api\/Rotatia\/PartidImagine?partidId=5088\" width=\"51\" height=\"51\" \/><\/td>\n<td colspan=\"9\"><span class=\"partid-denumire\">Partidul Politic \u201ePlatforma Demnitate \u0219i Adev\u0103r\u201d<\/span><span class=\"partid-cod\">(PPPDA)<\/span><\/td>\n<\/tr>\n<tr class=\"consilier-row\">\n<td class=\"spacer\"><\/td>\n<td class=\"numar\">1<\/td>\n<td class=\"numeprenume\">GARABA MARIA<\/td>\n<td class=\"an\">1977<\/td>\n<td class=\"document\">Hot\u0103r\u00eere nr. 31 din 14.11.2023, CECE I<\/td>\n<\/tr>\n<tr class=\"partid-group-separator\">\n<td colspan=\"9\"><\/td>\n<\/tr>\n<\/tbody>\n<tfoot><\/tfoot>\n<\/table>\n<p id=\"idConsilieriSummary\">Total de\u021bin\u0103tori de mandate: 13<\/p>\n<p><strong>Institu\u021bii:<\/strong><\/p>\n<p><strong>Scurt istoric.<\/strong><\/p>\n<p>&nbsp;<\/p>\n<p><strong>Evenimente desf\u0103\u0219urate \u00een localitate<\/strong><\/p>\n<p>21 septembrie -Hramul satului Sadaclia<\/p>\n<p>&nbsp;<\/p>","protected":false},"excerpt":{"rendered":"<p>Prim\u0103ria satului Primarul: Galeru Ion Contacte: tel.029757236 e-mail : sadacliap@gmail.com Secrecarul Consiliului local\u00a0Gribine\u021b Nadejda tel. 029757281 Componen\u021ba Consiliului local: Lista de\u021bin\u0103torilor de mandate:\u00a0Consiliul Local SADACLIA &nbsp; Partidul Politic \u201ePartidul Ac\u021biune \u0219i Solidaritate\u201d(PAS) 1 CHIRIAC VEACESLAV 1972 Hot\u0103r\u00eere nr. 2154 din 23.01.2024, CEC 2 IAVORSCHI ALIONA 1984 Hot\u0103r\u00eere nr. 31 din 14.11.2023, CECE I 3 JALBU [&hellip;]<\/p>\n","protected":false},"author":2,"featured_media":0,"parent":0,"menu_order":0,"comment_status":"closed","ping_status":"closed","template":"","meta":{"footnotes":""},"class_list":["post-4542","page","type-page","status-publish","hentry"],"_links":{"self":[{"href":"https:\/\/basarabeasca.md\/ro\/wp-json\/wp\/v2\/pages\/4542","targetHints":{"allow":["GET"]}}],"collection":[{"href":"https:\/\/basarabeasca.md\/ro\/wp-json\/wp\/v2\/pages"}],"about":[{"href":"https:\/\/basarabeasca.md\/ro\/wp-json\/wp\/v2\/types\/page"}],"author":[{"embeddable":true,"href":"https:\/\/basarabeasca.md\/ro\/wp-json\/wp\/v2\/users\/2"}],"replies":[{"embeddable":true,"href":"https:\/\/basarabeasca.md\/ro\/wp-json\/wp\/v2\/comments?post=4542"}],"version-history":[{"count":7,"href":"https:\/\/basarabeasca.md\/ro\/wp-json\/wp\/v2\/pages\/4542\/revisions"}],"predecessor-version":[{"id":11917,"href":"https:\/\/basarabeasca.md\/ro\/wp-json\/wp\/v2\/pages\/4542\/revisions\/11917"}],"wp:attachment":[{"href":"https:\/\/basarabeasca.md\/ro\/wp-json\/wp\/v2\/media?parent=4542"}],"curies":[{"name":"wp","href":"https:\/\/api.w.org\/{rel}","templated":true}]}}