{"id":4540,"date":"2018-01-10T11:39:27","date_gmt":"2018-01-10T09:39:27","guid":{"rendered":"http:\/\/basarabeasca.md\/?page_id=4540"},"modified":"2025-01-24T10:21:28","modified_gmt":"2025-01-24T08:21:28","slug":"%d1%80%d1%83%d1%81%d1%81%d0%ba%d0%b8%d0%b9-%d0%ba%d0%b0%d1%80%d0%b0%d0%b1%d0%b5%d1%82%d0%be%d0%b2%d0%ba%d0%b0","status":"publish","type":"page","link":"https:\/\/basarabeasca.md\/ro\/%d1%80%d1%83%d1%81%d1%81%d0%ba%d0%b8%d0%b9-%d0%ba%d0%b0%d1%80%d0%b0%d0%b1%d0%b5%d1%82%d0%be%d0%b2%d0%ba%d0%b0\/","title":{"rendered":"Prim\u0103ria Carabetovca"},"content":{"rendered":"<p><strong>Prim\u0103ria satului Carabetovca<\/strong><\/p>\n<p><strong>Primarul: <\/strong>Sergiu R\u0103cil\u0103<\/p>\n<p><strong>Contacte:<\/strong><\/p>\n<p>tel.029756236<\/p>\n<p>e-mail: primaria.carabetovca@gmail.com<\/p>\n<p>pagina-web:<\/p>\n<p><strong>Secrecarul Consiliului local\u00a0<\/strong>Topad\u0103 Maria<\/p>\n<p>tel. 029756317<\/p>\n<p>029756317-fax<\/p>\n<p><strong>Componen\u021ba Consiliului local:<\/strong><\/p>\n<div>Lista de\u021bin\u0103torilor de mandate:\u00a0<span id=\"idConsilieriLocalitateDenumire\">Consiliul Local CARABETOVCA<\/span><\/div>\n<div><\/div>\n<table id=\"idTableConsilieri\" class=\"table table-condensed border-bottom table-partide-consilieri\">\n<thead><\/thead>\n<tbody>\n<tr class=\"partid-group-row\">\n<td class=\"partid-logo\"><img loading=\"lazy\" decoding=\"async\" class=\"partid-logo\" src=\"https:\/\/serviciidate.cec.md\/api\/Rotatia\/PartidImagine?partidId=5087\" width=\"62\" height=\"62\" \/><\/td>\n<td colspan=\"9\"><span class=\"partid-denumire\">Partidul Politic \u201ePartidul Ac\u021biune \u0219i Solidaritate\u201d<\/span><span class=\"partid-cod\">(PAS)<\/span><\/td>\n<\/tr>\n<tr class=\"consilier-row\">\n<td class=\"spacer\"><\/td>\n<td class=\"numar\">1<\/td>\n<td class=\"numeprenume\">BOLUN NICOLAE<\/td>\n<td class=\"an\">1947<\/td>\n<td class=\"document\">Hot\u0103r\u00eere nr. 1 din 14.11.2023, CECE I<\/td>\n<\/tr>\n<tr class=\"consilier-row\">\n<td class=\"spacer\"><\/td>\n<td class=\"numar\">2<\/td>\n<td class=\"numeprenume\">CAZACU ION<\/td>\n<td class=\"an\">1959<\/td>\n<td class=\"document\">Hot\u0103r\u00eere nr. 1 din 14.11.2023, CECE I<\/td>\n<\/tr>\n<tr class=\"consilier-row\">\n<td class=\"spacer\"><\/td>\n<td class=\"numar\">3<\/td>\n<td class=\"numeprenume\">SOLONARI VIORICA<\/td>\n<td class=\"an\">1973<\/td>\n<td class=\"document\">Hot\u0103r\u00eere nr. 1 din 14.11.2023, CECE I<\/td>\n<\/tr>\n<tr class=\"consilier-row\">\n<td class=\"spacer\"><\/td>\n<td class=\"numar\">4<\/td>\n<td class=\"numeprenume\">VASLUIAN TATIANA<\/td>\n<td class=\"an\">1975<\/td>\n<td class=\"document\">Hot\u0103r\u00eere nr. 1 din 14.11.2023, CECE I<\/td>\n<\/tr>\n<tr class=\"partid-group-separator\">\n<td colspan=\"9\"><\/td>\n<\/tr>\n<tr class=\"partid-group-row\">\n<td colspan=\"9\"><span class=\"partid-denumire\">Candidat independent<\/span><\/td>\n<\/tr>\n<tr class=\"consilier-row\">\n<td class=\"spacer\"><\/td>\n<td class=\"numar\">1<\/td>\n<td class=\"numeprenume\">R\u0102CIL\u0102 MARIAN<\/td>\n<td class=\"an\">1983<\/td>\n<td class=\"document\">Hot\u0103r\u00eere nr. 1 din 14.11.2023, CECE I<\/td>\n<\/tr>\n<tr class=\"consilier-row\">\n<td class=\"spacer\"><\/td>\n<td class=\"numar\">2<\/td>\n<td class=\"numeprenume\">SP\u00ceNU VICTOR<\/td>\n<td class=\"an\">1979<\/td>\n<td class=\"document\">Hot\u0103r\u00eere nr. 1 din 14.11.2023, CECE I<\/td>\n<\/tr>\n<tr class=\"partid-group-separator\">\n<td colspan=\"9\"><\/td>\n<\/tr>\n<tr class=\"partid-group-row\">\n<td class=\"partid-logo\"><img loading=\"lazy\" decoding=\"async\" class=\"partid-logo\" src=\"https:\/\/serviciidate.cec.md\/api\/Rotatia\/PartidImagine?partidId=5083\" width=\"54\" height=\"54\" \/><\/td>\n<td colspan=\"9\"><span class=\"partid-denumire\">Partidul Politic \u201ePartidul Sociali\u015ftilor din Republica Moldova\u201d<\/span><span class=\"partid-cod\">(PSRM)<\/span><\/td>\n<\/tr>\n<tr class=\"consilier-row\">\n<td class=\"spacer\"><\/td>\n<td class=\"numar\">1<\/td>\n<td class=\"numeprenume\">BUZDUGAN NADEJDA<\/td>\n<td class=\"an\">1975<\/td>\n<td class=\"document\">Hot\u0103r\u00eere nr. 1 din 14.11.2023, CECE I<\/td>\n<\/tr>\n<tr class=\"consilier-row\">\n<td class=\"spacer\"><\/td>\n<td class=\"numar\">2<\/td>\n<td class=\"numeprenume\">CATAN\u0102 IVAN<\/td>\n<td class=\"an\">1966<\/td>\n<td class=\"document\">Hot\u0103r\u00eere nr. 1 din 14.11.2023, CECE I<\/td>\n<\/tr>\n<tr class=\"partid-group-separator\">\n<td colspan=\"9\"><\/td>\n<\/tr>\n<tr class=\"partid-group-row\">\n<td class=\"partid-logo\"><img loading=\"lazy\" decoding=\"async\" class=\"partid-logo\" src=\"https:\/\/serviciidate.cec.md\/api\/Rotatia\/PartidImagine?partidId=5088\" width=\"53\" height=\"53\" \/><\/td>\n<td colspan=\"9\"><span class=\"partid-denumire\">Partidul Politic \u201ePlatforma Demnitate \u0219i Adev\u0103r\u201d<\/span><span class=\"partid-cod\">(PPPDA)<\/span><\/td>\n<\/tr>\n<tr class=\"consilier-row\">\n<td class=\"spacer\"><\/td>\n<td class=\"numar\">1<\/td>\n<td class=\"numeprenume\">CAZACU TUDOR<\/td>\n<td class=\"an\">1957<\/td>\n<td class=\"document\"><a href=\"https:\/\/a.cec.md\/ro\/cu-privire-la-atribuirea-unui-mandat-de-consilier-in-consiliul-2751_109567.html\" target=\"_blank\" rel=\"noopener\">Hot\u0103r\u00eere nr. 2404 din 02.04.2024, CEC<\/a><\/td>\n<\/tr>\n<tr class=\"partid-group-separator\">\n<td colspan=\"9\"><\/td>\n<\/tr>\n<\/tbody>\n<tfoot><\/tfoot>\n<\/table>\n<p id=\"idConsilieriSummary\">Total de\u021bin\u0103tori de mandate: 9<\/p>\n<p><strong>Institu\u021bii:<\/strong><\/p>\n<p><strong>Scurt istoric.<\/strong><\/p>\n<p>Satul Carabetovca a fost men\u021bionat documentar la\u00a0<a href=\"http:\/\/m.moldovenii.md\/md\/events\/27\/4\">27 aprilie<\/a>\u00a01833. Se crede c\u0103 satul a fost pe mo\u015fia boierului Grigore Carabet. Arheologii au descoperit pe mo\u015fia satului trei movile funerare, una dintre\u00a0 care con\u021bine 13 \u00eenmorm\u00eent\u0103ri \u015fi c\u00eeteva obiecte (un vas de lut, o sabie de fier) din diferite epoci ale istoriei Moldovei.<\/p>\n<p>\u00cen 1859 satul num\u0103ra 12 case \u0219i o popula\u021bie de 64 oameni. Mo\u015fia satului Garabetovca \u00een 1865 trece \u00een proprietatea negustorului Ohanov \u015fi a colonistului Koici. La sf\u00eer\u0219itul secolului al XIX-lea la Carabetovca s-a deschis o \u015fcoal\u0103 primar\u0103.<\/p>\n<p>C\u0103tre 1923, Carabetovca\u00a0 avea o popula\u021bie de 640 de oameni.\u00a0 \u00cen 1928 a \u00eenceput construc\u0163ia\u00a0 bisericii din Carabetovca, care a fost finalizat\u0103 \u00een 1937.<\/p>\n<p>\u00cen perioada postbelic\u0103 \u00een Carabetovca a fost format\u0103 gospod\u0103ria colectiv\u0103 &#8222;1 Mai&#8221; specializat\u0103 \u00een viticultur\u0103 \u015fi pomicultur\u0103, \u00een cultivarea cerealelor \u015fi culturilor tehnice \u0219i cre\u015fterea animalelor.<\/p>\n<p>Conform datelor recens\u0103m\u00eentului din anul 2004, popula\u0163ia satului constituia 1840 de oameni, dintre care 49.13% &#8211; b\u0103rba\u0163i \u0219i 50.87% &#8211; femei. Structura etnic\u0103 a popula\u0163iei \u00een cadrul satului: 97.93% &#8211; moldoveni, 0.54% &#8211; ucraineni, 0.11% &#8211; ru\u015fi, 0.43% &#8211; g\u0103g\u0103uzi, 0.82% &#8211; \u0163igani, 0.16% &#8211; alte etnii.<\/p>\n<p>\u00cen satul Carabetovca au fost \u00eenregistrate 553 de gospod\u0103rii casnice la recens\u0103m\u00e2ntul din anul 2004, iar m\u0103rimea medie a unei gospod\u0103rii era de 3.3 persoane.<\/p>\n<p><strong>Evenimente desf\u0103\u0219urate \u00een localitate:<\/strong><\/p>\n<p>28 august &#8211; Hramul satului Carabetovca<\/p>\n<p>&nbsp;<\/p>","protected":false},"excerpt":{"rendered":"<p>Prim\u0103ria satului Carabetovca Primarul: Sergiu R\u0103cil\u0103 Contacte: tel.029756236 e-mail: primaria.carabetovca@gmail.com pagina-web: Secrecarul Consiliului local\u00a0Topad\u0103 Maria tel. 029756317 029756317-fax Componen\u021ba Consiliului local: Lista de\u021bin\u0103torilor de mandate:\u00a0Consiliul Local CARABETOVCA Partidul Politic \u201ePartidul Ac\u021biune \u0219i Solidaritate\u201d(PAS) 1 BOLUN NICOLAE 1947 Hot\u0103r\u00eere nr. 1 din 14.11.2023, CECE I 2 CAZACU ION 1959 Hot\u0103r\u00eere nr. 1 din 14.11.2023, CECE I [&hellip;]<\/p>\n","protected":false},"author":2,"featured_media":0,"parent":0,"menu_order":0,"comment_status":"closed","ping_status":"closed","template":"","meta":{"footnotes":""},"class_list":["post-4540","page","type-page","status-publish","hentry"],"_links":{"self":[{"href":"https:\/\/basarabeasca.md\/ro\/wp-json\/wp\/v2\/pages\/4540","targetHints":{"allow":["GET"]}}],"collection":[{"href":"https:\/\/basarabeasca.md\/ro\/wp-json\/wp\/v2\/pages"}],"about":[{"href":"https:\/\/basarabeasca.md\/ro\/wp-json\/wp\/v2\/types\/page"}],"author":[{"embeddable":true,"href":"https:\/\/basarabeasca.md\/ro\/wp-json\/wp\/v2\/users\/2"}],"replies":[{"embeddable":true,"href":"https:\/\/basarabeasca.md\/ro\/wp-json\/wp\/v2\/comments?post=4540"}],"version-history":[{"count":11,"href":"https:\/\/basarabeasca.md\/ro\/wp-json\/wp\/v2\/pages\/4540\/revisions"}],"predecessor-version":[{"id":12999,"href":"https:\/\/basarabeasca.md\/ro\/wp-json\/wp\/v2\/pages\/4540\/revisions\/12999"}],"wp:attachment":[{"href":"https:\/\/basarabeasca.md\/ro\/wp-json\/wp\/v2\/media?parent=4540"}],"curies":[{"name":"wp","href":"https:\/\/api.w.org\/{rel}","templated":true}]}}