{"id":4538,"date":"2018-01-10T11:38:48","date_gmt":"2018-01-10T09:38:48","guid":{"rendered":"http:\/\/basarabeasca.md\/?page_id=4538"},"modified":"2024-03-14T12:31:02","modified_gmt":"2024-03-14T10:31:02","slug":"%d1%80%d1%83%d1%81%d1%81%d0%ba%d0%b8%d0%b9-%d0%b8%d0%be%d1%80%d0%b4%d0%b0%d0%bd%d0%be%d0%b2%d0%ba%d0%b0","status":"publish","type":"page","link":"https:\/\/basarabeasca.md\/ro\/%d1%80%d1%83%d1%81%d1%81%d0%ba%d0%b8%d0%b9-%d0%b8%d0%be%d1%80%d0%b4%d0%b0%d0%bd%d0%be%d0%b2%d0%ba%d0%b0\/","title":{"rendered":"Prim\u0103ria Iordanovca"},"content":{"rendered":"<p><strong>Prim\u0103ria satului Iordanovca<\/strong><\/p>\n<p><strong>Primarul: Viorica Scobiol\u0103<\/strong><\/p>\n<p><strong>Contacte:<\/strong><\/p>\n<p>tel. 029763236<\/p>\n<p>e-mail\u00a0 pr.iordanovca@gmail.com<\/p>\n<p><strong>Secrecarul Consiliului local<\/strong><\/p>\n<p>tel. 029763236<\/p>\n<p><strong>Componen\u021ba Consiliului local:<\/strong><\/p>\n<div>\n<div>Lista de\u021bin\u0103torilor de mandate:\u00a0<span id=\"idConsilieriLocalitateDenumire\">Consiliul Local IORDANOVCA<\/span><\/div>\n<table id=\"idTableConsilieri\" class=\"table table-condensed border-bottom table-partide-consilieri\">\n<thead><\/thead>\n<tbody>\n<tr class=\"partid-group-row\">\n<td class=\"partid-logo\"><img loading=\"lazy\" decoding=\"async\" class=\"partid-logo\" src=\"https:\/\/serviciidate.cec.md\/api\/Rotatia\/PartidImagine?partidId=5087\" width=\"68\" height=\"68\" \/><\/td>\n<td colspan=\"9\"><span class=\"partid-denumire\">Partidul Politic \u201ePartidul Ac\u021biune \u0219i Solidaritate\u201d<\/span><span class=\"partid-cod\">(PAS)<\/span><\/td>\n<\/tr>\n<tr class=\"consilier-row\">\n<td class=\"spacer\"><\/td>\n<td class=\"numar\">1<\/td>\n<td class=\"numeprenume\">BE\u0218LEAG\u0102 DEMIAN<\/td>\n<td class=\"an\">1967<\/td>\n<td class=\"document\">Hot\u0103r\u00eere nr. 2 din 15.11.2023, CECE I<\/td>\n<\/tr>\n<tr class=\"consilier-row\">\n<td class=\"spacer\"><\/td>\n<td class=\"numar\">2<\/td>\n<td class=\"numeprenume\">GARBUZ TAMARA<\/td>\n<td class=\"an\">1959<\/td>\n<td class=\"document\">Hot\u0103r\u00eere nr. 2 din 15.11.2023, CECE I<\/td>\n<\/tr>\n<tr class=\"consilier-row\">\n<td class=\"spacer\"><\/td>\n<td class=\"numar\">3<\/td>\n<td class=\"numeprenume\">GARBUZ VIORICA<\/td>\n<td class=\"an\">1981<\/td>\n<td class=\"document\">Hot\u0103r\u00eere nr. 2 din 15.11.2023, CECE I<\/td>\n<\/tr>\n<tr class=\"consilier-row\">\n<td class=\"spacer\"><\/td>\n<td class=\"numar\">4<\/td>\n<td class=\"numeprenume\">MEREANU NICOLAE<\/td>\n<td class=\"an\">1962<\/td>\n<td class=\"document\">Hot\u0103r\u00eere nr. 2 din 15.11.2023, CECE I<\/td>\n<\/tr>\n<tr class=\"consilier-row\">\n<td class=\"spacer\"><\/td>\n<td class=\"numar\">5<\/td>\n<td class=\"numeprenume\">PLATON PETRU<\/td>\n<td class=\"an\">1954<\/td>\n<td class=\"document\">Hot\u0103r\u00eere nr. 2 din 15.11.2023, CECE I<\/td>\n<\/tr>\n<tr class=\"consilier-row\">\n<td class=\"spacer\"><\/td>\n<td class=\"numar\">6<\/td>\n<td class=\"numeprenume\">RUSU NADEJDA<\/td>\n<td class=\"an\">1958<\/td>\n<td class=\"document\">Hot\u0103r\u00eere nr. 2 din 15.11.2023, CECE I<\/td>\n<\/tr>\n<tr class=\"partid-group-separator\">\n<td colspan=\"9\"><\/td>\n<\/tr>\n<tr class=\"partid-group-row\">\n<td class=\"partid-logo\"><img loading=\"lazy\" decoding=\"async\" class=\"partid-logo\" src=\"https:\/\/serviciidate.cec.md\/api\/Rotatia\/PartidImagine?partidId=5094\" width=\"57\" height=\"57\" \/><\/td>\n<td colspan=\"9\"><span class=\"partid-denumire\">Partidul Politic \u201ePartidul Dezvolt\u0103rii \u015fi Consolid\u0103rii Moldovei\u201d<\/span><span class=\"partid-cod\">(PDCM)<\/span><\/td>\n<\/tr>\n<tr class=\"consilier-row\">\n<td class=\"spacer\"><\/td>\n<td class=\"numar\">1<\/td>\n<td class=\"numeprenume\">ACHIRU\u015e CONSTANTIN<\/td>\n<td class=\"an\">1991<\/td>\n<td class=\"document\"><a href=\"https:\/\/a.cec.md\/ro\/cu-privire-la-atribuirea-unui-mandat-de-consilier-in-consiliul-2751_108447.html\" target=\"_blank\" rel=\"noopener\">Hot\u0103r\u00eere nr. 1866 din 15.12.2023, CEC<\/a><\/td>\n<\/tr>\n<tr class=\"consilier-row\">\n<td class=\"spacer\"><\/td>\n<td class=\"numar\">2<\/td>\n<td class=\"numeprenume\">DRANG\u0102 GHEORGHE<\/td>\n<td class=\"an\">1971<\/td>\n<td class=\"document\">Hot\u0103r\u00eere nr. 2 din 15.11.2023, CECE I<\/td>\n<\/tr>\n<tr class=\"consilier-row\">\n<td class=\"spacer\"><\/td>\n<td class=\"numar\">3<\/td>\n<td class=\"numeprenume\">PLATON ALEXEI<\/td>\n<td class=\"an\">1964<\/td>\n<td class=\"document\">Hot\u0103r\u00eere nr. 2 din 15.11.2023, CECE I<\/td>\n<\/tr>\n<tr class=\"partid-group-separator\">\n<td colspan=\"9\"><\/td>\n<\/tr>\n<\/tbody>\n<tfoot><\/tfoot>\n<\/table>\n<p>Total de\u021bin\u0103tori de mandate: 9<\/p>\n<\/div>\n<p><strong>Institu\u021bii:<\/strong><\/p>\n<p>&nbsp;<\/p>\n<p><strong>Scurt istoric.<\/strong><\/p>\n<p>Satul Iordanovca, aflat pe partea dreapt\u0103 a r\u00eeului Cog\u00eelnic, a fost men\u021bionat documentar \u00een anul 1839. La \u00eenceputul secolului XX \u00een sat erau doar 67 de case. C\u0103tre 1923 Iordanovca num\u0103ra 120 de gospod\u0103rii, iar localnicii se \u00eendeletniceau cu legumicultura, pomicultura, cre\u0219terea vitelor.\u00a0 \u00cen sat era \u015fcoal\u0103 primar\u0103 mixt\u0103, biseric\u0103 ortodox\u0103, po\u015ft\u0103 rural\u0103, prim\u0103rie, o c\u00eercium\u0103. \u00cen perioada postbelic\u0103 locuitorii din Iordanovca \u015fi Carabetovca au fost organiza\u021bi \u00een gospod\u0103ria colectiv\u0103 \u201e1 Mai&#8221;.<\/p>\n<p>Conform datelor recens\u0103m\u00eentului din anul 2004, popula\u0163ia satului constituia 930 de oameni, dintre care 48.92% &#8211; b\u0103rba\u0163i \u0219i 51.08% &#8211; femei. Structura etnic\u0103 a popula\u0163iei \u00een cadrul satului: 98.17% &#8211; moldoveni, 0.65% &#8211; ru\u015fi, 0.43% &#8211; g\u0103g\u0103uzi, 0.54% &#8211; bulgari, 0.22% &#8211; alte etnii.<\/p>\n<p>&nbsp;<\/p>\n<p><strong>Evenimente desf\u0103\u0219urate \u00een localitate:<\/strong><\/p>\n<p>28 august- Hramul satului Iordanovca<\/p>","protected":false},"excerpt":{"rendered":"<p>Prim\u0103ria satului Iordanovca Primarul: Viorica Scobiol\u0103 Contacte: tel. 029763236 e-mail\u00a0 pr.iordanovca@gmail.com Secrecarul Consiliului local tel. 029763236 Componen\u021ba Consiliului local: Lista de\u021bin\u0103torilor de mandate:\u00a0Consiliul Local IORDANOVCA Partidul Politic \u201ePartidul Ac\u021biune \u0219i Solidaritate\u201d(PAS) 1 BE\u0218LEAG\u0102 DEMIAN 1967 Hot\u0103r\u00eere nr. 2 din 15.11.2023, CECE I 2 GARBUZ TAMARA 1959 Hot\u0103r\u00eere nr. 2 din 15.11.2023, CECE I 3 GARBUZ [&hellip;]<\/p>\n","protected":false},"author":2,"featured_media":0,"parent":0,"menu_order":0,"comment_status":"closed","ping_status":"closed","template":"","meta":{"footnotes":""},"class_list":["post-4538","page","type-page","status-publish","hentry"],"_links":{"self":[{"href":"https:\/\/basarabeasca.md\/ro\/wp-json\/wp\/v2\/pages\/4538","targetHints":{"allow":["GET"]}}],"collection":[{"href":"https:\/\/basarabeasca.md\/ro\/wp-json\/wp\/v2\/pages"}],"about":[{"href":"https:\/\/basarabeasca.md\/ro\/wp-json\/wp\/v2\/types\/page"}],"author":[{"embeddable":true,"href":"https:\/\/basarabeasca.md\/ro\/wp-json\/wp\/v2\/users\/2"}],"replies":[{"embeddable":true,"href":"https:\/\/basarabeasca.md\/ro\/wp-json\/wp\/v2\/comments?post=4538"}],"version-history":[{"count":9,"href":"https:\/\/basarabeasca.md\/ro\/wp-json\/wp\/v2\/pages\/4538\/revisions"}],"predecessor-version":[{"id":11915,"href":"https:\/\/basarabeasca.md\/ro\/wp-json\/wp\/v2\/pages\/4538\/revisions\/11915"}],"wp:attachment":[{"href":"https:\/\/basarabeasca.md\/ro\/wp-json\/wp\/v2\/media?parent=4538"}],"curies":[{"name":"wp","href":"https:\/\/api.w.org\/{rel}","templated":true}]}}