{"id":4536,"date":"2018-01-10T11:37:55","date_gmt":"2018-01-10T09:37:55","guid":{"rendered":"http:\/\/basarabeasca.md\/?page_id=4536"},"modified":"2025-01-24T10:14:28","modified_gmt":"2025-01-24T08:14:28","slug":"%d1%80%d1%83%d1%81%d1%81%d0%ba%d0%b8%d0%b9-%d0%b0%d0%b1%d0%b0%d0%ba%d0%bb%d0%b8%d1%8f","status":"publish","type":"page","link":"https:\/\/basarabeasca.md\/ro\/%d1%80%d1%83%d1%81%d1%81%d0%ba%d0%b8%d0%b9-%d0%b0%d0%b1%d0%b0%d0%ba%d0%bb%d0%b8%d1%8f\/","title":{"rendered":"Prim\u0103ria Abaclia"},"content":{"rendered":"<p><strong>Prim\u0103ria satului Abaclia<\/strong><\/p>\n<p><strong>Primarul\u00a0<\/strong>Niculi\u021b\u0103 Victor<\/p>\n<p><strong>Contacte:\u00a0<\/strong><\/p>\n<p>tel.029784031<\/p>\n<p>email\u00a0 primaria.abaclia@gmail.com<\/p>\n<p><strong>Secrecarul Consiliului local\u00a0<\/strong>Mole\u0219teanu Svetlana<\/p>\n<p>tel.029784032<\/p>\n<p><strong>Componen\u021ba Consiliului local:<\/strong><\/p>\n<div>Lista de\u021bin\u0103torilor de mandate:\u00a0<span id=\"idConsilieriLocalitateDenumire\" class=\"text-info\">Consiliul Local ABACLIA<\/span><span id=\"idScrutinInfo\" class=\"text-danger\"><\/span><\/div>\n<table id=\"idTableConsilieri\" class=\"table table-condensed border-bottom table-partide-consilieri\" style=\"height: 767px;\" width=\"715\">\n<thead><\/thead>\n<tbody>\n<tr class=\"partid-group-row\">\n<td class=\"partid-logo\"><img decoding=\"async\" class=\"partid-logo\" src=\"https:\/\/serviciidate.cec.md\/api\/Rotatia\/PartidImagine?partidId=5078\" \/><\/td>\n<td colspan=\"9\"><span class=\"partid-denumire\">Partidul Liberal Democrat din Moldova<\/span><span class=\"partid-cod\">(PLDM)<\/span><\/td>\n<\/tr>\n<tr class=\"consilier-row\">\n<td class=\"spacer\"><\/td>\n<td class=\"numar\">1<\/td>\n<td class=\"numeprenume\">ABABII OLGA<\/td>\n<td class=\"an\">1986<\/td>\n<td class=\"document\">Hot\u0103r\u00eere nr. 8\/5 din 15.11.2023, CECE I<\/td>\n<\/tr>\n<tr class=\"consilier-row\">\n<td class=\"spacer\"><\/td>\n<td class=\"numar\">2<\/td>\n<td class=\"numeprenume\">BATR\u00ceNAC ION<\/td>\n<td class=\"an\">1952<\/td>\n<td class=\"document\">Hot\u0103r\u00eere nr. 8\/5 din 15.11.2023, CECE I<\/td>\n<\/tr>\n<tr class=\"consilier-row\">\n<td class=\"spacer\"><\/td>\n<td class=\"numar\">3<\/td>\n<td class=\"numeprenume\">GURIN ELENA<\/td>\n<td class=\"an\">1958<\/td>\n<td class=\"document\">Hot\u0103r\u00eere nr. 8\/5 din 15.11.2023, CECE I<\/td>\n<\/tr>\n<tr class=\"consilier-row\">\n<td class=\"spacer\"><\/td>\n<td class=\"numar\">4<\/td>\n<td class=\"numeprenume\">M\u00ce\u021aA IOANA<\/td>\n<td class=\"an\">1959<\/td>\n<td class=\"document\">Hot\u0103r\u00eere nr. 8\/5 din 15.11.2023, CECE I<\/td>\n<\/tr>\n<tr class=\"consilier-row\">\n<td class=\"spacer\"><\/td>\n<td class=\"numar\">5<\/td>\n<td class=\"numeprenume\">MOLI\u0218TEANU FECLA<\/td>\n<td class=\"an\">1957<\/td>\n<td class=\"document\">Hot\u0103r\u00eere nr. 8\/5 din 15.11.2023, CECE I<\/td>\n<\/tr>\n<tr class=\"consilier-row\">\n<td class=\"spacer\"><\/td>\n<td class=\"numar\">6<\/td>\n<td class=\"numeprenume\">NICULI\u021a\u0102 ION<\/td>\n<td class=\"an\">1979<\/td>\n<td class=\"document\">Hot\u0103r\u00eere nr. 8\/5 din 15.11.2023, CECE I<\/td>\n<\/tr>\n<tr class=\"partid-group-separator\">\n<td colspan=\"9\"><\/td>\n<\/tr>\n<tr class=\"partid-group-row\">\n<td class=\"partid-logo\"><img decoding=\"async\" class=\"partid-logo\" src=\"https:\/\/serviciidate.cec.md\/api\/Rotatia\/PartidImagine?partidId=5087\" \/><\/td>\n<td colspan=\"9\"><span class=\"partid-denumire\">Partidul Politic \u201ePartidul Ac\u021biune \u0219i Solidaritate\u201d<\/span><span class=\"partid-cod\">(PAS)<\/span><\/td>\n<\/tr>\n<tr class=\"consilier-row\">\n<td class=\"spacer\"><\/td>\n<td class=\"numar\">1<\/td>\n<td class=\"numeprenume\">DORIF LUDMILA<\/td>\n<td class=\"an\">1980<\/td>\n<td class=\"document\">Hot\u0103r\u00eere nr. 8\/5 din 15.11.2023, CECE I<\/td>\n<\/tr>\n<tr class=\"consilier-row\">\n<td class=\"spacer\"><\/td>\n<td class=\"numar\">2<\/td>\n<td class=\"numeprenume\">MA\u0162CU ANDREI<\/td>\n<td class=\"an\">1977<\/td>\n<td class=\"document\"><a href=\"https:\/\/a.cec.md\/ro\/cu-privire-la-atribuirea-unui-mandat-de-consilier-in-consiliul-2751_108495.html\" target=\"_blank\" rel=\"noopener\">Hot\u0103r\u00eere nr. 1908 din 18.12.2023, CEC<\/a><\/td>\n<\/tr>\n<tr class=\"consilier-row\">\n<td class=\"spacer\"><\/td>\n<td class=\"numar\">3<\/td>\n<td class=\"numeprenume\">STRATILA ION<\/td>\n<td class=\"an\">1959<\/td>\n<td class=\"document\">Hot\u0103r\u00eere nr. 8\/5 din 15.11.2023, CECE I<\/td>\n<\/tr>\n<tr class=\"partid-group-separator\">\n<td colspan=\"9\"><\/td>\n<\/tr>\n<tr class=\"partid-group-row\">\n<td class=\"partid-logo\"><img decoding=\"async\" class=\"partid-logo\" src=\"https:\/\/serviciidate.cec.md\/api\/Rotatia\/PartidImagine?partidId=5080\" \/><\/td>\n<td colspan=\"9\"><span class=\"partid-denumire\">Partidul Politic Partidul Verde Ecologist<\/span><span class=\"partid-cod\">(PP PVE)<\/span><\/td>\n<\/tr>\n<tr class=\"consilier-row\">\n<td class=\"spacer\"><\/td>\n<td class=\"numar\">1<\/td>\n<td class=\"numeprenume\">BE\u0218LEAGA GHEORGHE<\/td>\n<td class=\"an\">1960<\/td>\n<td class=\"document\">Hot\u0103r\u00eere nr. 8\/5 din 15.11.2023, CECE I<\/td>\n<\/tr>\n<tr class=\"consilier-row\">\n<td class=\"spacer\"><\/td>\n<td class=\"numar\">2<\/td>\n<td class=\"numeprenume\">GU\u0162U OLEG<\/td>\n<td class=\"an\">1987<\/td>\n<td class=\"document\">Hot\u0103r\u00eere nr. 8\/5 din 15.11.2023, CECE I<\/td>\n<\/tr>\n<tr class=\"partid-group-separator\">\n<td colspan=\"9\"><\/td>\n<\/tr>\n<tr class=\"partid-group-row\">\n<td colspan=\"9\"><span class=\"partid-denumire\">Candidat independent<\/span><\/td>\n<\/tr>\n<tr class=\"consilier-row\">\n<td class=\"spacer\"><\/td>\n<td class=\"numar\">1<\/td>\n<td class=\"numeprenume\">APOSTOL AGNESA<\/td>\n<td class=\"an\">1986<\/td>\n<td class=\"document\">Hot\u0103r\u00eere nr. 8\/5 din 15.11.2023, CECE I<\/td>\n<\/tr>\n<tr class=\"partid-group-separator\">\n<td colspan=\"9\"><\/td>\n<\/tr>\n<tr class=\"partid-group-row\">\n<td class=\"partid-logo\"><img decoding=\"async\" class=\"partid-logo\" src=\"https:\/\/serviciidate.cec.md\/api\/Rotatia\/PartidImagine?partidId=5083\" \/><\/td>\n<td colspan=\"9\"><span class=\"partid-denumire\">Partidul Politic \u201ePartidul Sociali\u015ftilor din Republica Moldova\u201d<\/span><span class=\"partid-cod\">(PSRM)<\/span><\/td>\n<\/tr>\n<tr class=\"consilier-row\">\n<td class=\"spacer\"><\/td>\n<td class=\"numar\">1<\/td>\n<td class=\"numeprenume\">NICULI\u0162A NICOLETA<\/td>\n<td class=\"an\">1999<\/td>\n<td class=\"document\">Hot\u0103r\u00eere nr. 8\/5 din 15.11.2023, CECE I<\/td>\n<\/tr>\n<tr class=\"partid-group-separator\">\n<td colspan=\"9\"><\/td>\n<\/tr>\n<\/tbody>\n<tfoot><\/tfoot>\n<\/table>\n<p id=\"idConsilieriSummary\">Total de\u021bin\u0103tori de mandate: 13<\/p>\n<p>&nbsp;<\/p>\n<p><strong>Institu\u021bii:<\/strong><\/p>\n<p><strong>Scurt istoric.<\/strong><\/p>\n<p>Satul Abaclia a fost men\u021bionat documentar \u00een anul 1817. Fondat\u0103 \u00een a doua jum\u0103tate a secolului al XVII-lea \u00een vale r\u00eeului Cog\u00eelnic a\u0219ezarea Abaclia se reg\u0103se\u0219te \u00een documentele oficiale abia la 1817.<\/p>\n<p>Denumirea veche a localit\u0103\u021bii este de origine t\u0103t\u0103reasc\u0103 \u2013 Abacl\u00eegiaba, ceea ce s-ar traduce ca fabric\u0103 de postav. Probabil este vorba de \u00eendeletnicirea post\u0103v\u0103ritului practicat\u0103 de localnici. \u00cenn fiecare an ace\u0219tia comercializau \u00een pie\u021be o cantitate mare de postav de l\u00een\u0103.<\/p>\n<p>\u00cen 1875 localitatea num\u0103ra 281 de gospod\u0103rii. \u021a\u0103ranii practicau agricultura. C\u0103tre 1940 satul Abaclia avea 3800 de locuitori. \u00cen perioada sovietic\u0103 la Abaclia a fost construit\u0103 o fabric\u0103 de vinuri, un combinat avicol, ferm\u0103, ateliere de prestare servicii, gr\u0103dini\u021be, magazine etc.<\/p>\n<p><strong>Evenimente desf\u0103\u0219urate \u00een localitate:<\/strong><\/p>\n<p>21 noiembrie &#8211; hramul satului<\/p>","protected":false},"excerpt":{"rendered":"<p>Prim\u0103ria satului Abaclia Primarul\u00a0Niculi\u021b\u0103 Victor Contacte:\u00a0 tel.029784031 email\u00a0 primaria.abaclia@gmail.com Secrecarul Consiliului local\u00a0Mole\u0219teanu Svetlana tel.029784032 Componen\u021ba Consiliului local: Lista de\u021bin\u0103torilor de mandate:\u00a0Consiliul Local ABACLIA Partidul Liberal Democrat din Moldova(PLDM) 1 ABABII OLGA 1986 Hot\u0103r\u00eere nr. 8\/5 din 15.11.2023, CECE I 2 BATR\u00ceNAC ION 1952 Hot\u0103r\u00eere nr. 8\/5 din 15.11.2023, CECE I 3 GURIN ELENA 1958 Hot\u0103r\u00eere [&hellip;]<\/p>\n","protected":false},"author":2,"featured_media":0,"parent":0,"menu_order":0,"comment_status":"closed","ping_status":"closed","template":"","meta":{"footnotes":""},"class_list":["post-4536","page","type-page","status-publish","hentry"],"_links":{"self":[{"href":"https:\/\/basarabeasca.md\/ro\/wp-json\/wp\/v2\/pages\/4536","targetHints":{"allow":["GET"]}}],"collection":[{"href":"https:\/\/basarabeasca.md\/ro\/wp-json\/wp\/v2\/pages"}],"about":[{"href":"https:\/\/basarabeasca.md\/ro\/wp-json\/wp\/v2\/types\/page"}],"author":[{"embeddable":true,"href":"https:\/\/basarabeasca.md\/ro\/wp-json\/wp\/v2\/users\/2"}],"replies":[{"embeddable":true,"href":"https:\/\/basarabeasca.md\/ro\/wp-json\/wp\/v2\/comments?post=4536"}],"version-history":[{"count":11,"href":"https:\/\/basarabeasca.md\/ro\/wp-json\/wp\/v2\/pages\/4536\/revisions"}],"predecessor-version":[{"id":12996,"href":"https:\/\/basarabeasca.md\/ro\/wp-json\/wp\/v2\/pages\/4536\/revisions\/12996"}],"wp:attachment":[{"href":"https:\/\/basarabeasca.md\/ro\/wp-json\/wp\/v2\/media?parent=4536"}],"curies":[{"name":"wp","href":"https:\/\/api.w.org\/{rel}","templated":true}]}}