{"id":4456,"date":"2018-08-17T14:51:50","date_gmt":"2018-08-17T11:51:50","guid":{"rendered":"http:\/\/basarabeasca.md\/?page_id=4456"},"modified":"2025-03-04T14:18:46","modified_gmt":"2025-03-04T12:18:46","slug":"%d1%80%d1%83%d1%81%d1%81%d0%ba%d0%b8%d0%b9-%d0%be%d0%b1%d1%8a%d1%8f%d0%b2%d0%bb%d0%b5%d0%bd%d0%b8%d1%8f","status":"publish","type":"page","link":"https:\/\/basarabeasca.md\/ro\/%d1%80%d1%83%d1%81%d1%81%d0%ba%d0%b8%d0%b9-%d0%be%d0%b1%d1%8a%d1%8f%d0%b2%d0%bb%d0%b5%d0%bd%d0%b8%d1%8f\/","title":{"rendered":"ANUN\u021aURI actualI"},"content":{"rendered":"<p><\/p>\n<p style=\"text-align: center;\"><strong>\u00a0<\/strong><strong>A N U N \u0162\u00a0 -REPETAT<\/strong><\/p>\n<p style=\"text-align: center;\"><strong>cu privire la concurs\u00a0 pentru ocuparea func\u0163iei publice vacante de <\/strong><strong>specialist principal, Sec\u021bia economie, construc\u021bii \u0219i dzvoltarea teritoriului, Consiliul raional <\/strong><\/p>\n<p><strong>Scopul general al func\u0163iei: <\/strong>Contribuirea la dezvoltarea social-economic\u0103 \u00een raion prin promovarea politicii de stat \u00een domeniul economic, asigurarea solu\u0163ion\u0103rii problemelor\u00a0 antreprenoriatului, micului business, precum \u015fi a celor de stimulare a investi\u0163iilor \u00een teritoriu<\/p>\n<p><strong>Sarcinile de baz\u0103:<\/strong><\/p>\n<ol>\n<li>Asigurarea solu\u0163ion\u0103rii problemelor antreprenoriatului, micului business, precum \u015fi a celor de stimulare a investi\u0163iilor \u00een teritoriu. \u00cenaintarea, la solicitare, a propunerilor pentru elaborarea programelor de stat de sus\u0163inere a \u00eentreprinderilor mici \u015fi mijlocii.<\/li>\n<li>Participarea la elaborarea actelor normative referitor la dezvoltarea social-economic\u0103 a raionului. Elaborarea periodic\u0103 a analizei indicatorilor de dezvoltare social-econiomic\u0103 a raionului \u015fi monitorizarea gradului de realizare a direc\u0163iilor principale de dezvoltare durabil\u0103 a raionului.<\/li>\n<li>3. Evaluarea \u015fi monitorizarea situa\u0163iei economice din raion prin identificarea necesit\u0103\u0163ilor popula\u0163iei, a oportunit\u0103\u0163ilor de investi\u0163ii pentru \u00eentreprinderile mici \u015fi mijlocii.<\/li>\n<li>Asigurarea organizarii \u015fi desf\u0103\u015fur\u0103rii licita\u0163iilor \u015fi concursurilor prin cererea ofertelor de pre\u0163uri pentru achizi\u0163ionarea bunurilor\/serviciilor, lucr\u0103rilor pentru necesit\u0103\u0163ile Consiliului Raional \u015fi preg\u0103tirea documentelor necesare, conform procedurii de achzi\u0163ie.<\/li>\n<li>Asigurarea solu\u0163ion\u0103rii depline a chestiunilor ce \u0163in de analiza \u015fi prognoza situa\u0163iei economice din raion Coordonarea cu agen\u0163ii economici \u015fi cu conducerea raionului a activit\u0103\u021bilor (planurilor) de asigurare a dezvolt\u0103rii social-economice a localit\u0103\u0163ilor din raion.ci \u015fi mijlocii.<\/li>\n<\/ol>\n<p><strong>Condi\u0163ii de participare la concurs:<\/strong><\/p>\n<p><strong>Condi\u0163ii de baz\u0103:<\/strong><\/p>\n<p>&#8211;\u00a0\u00a0\u00a0\u00a0\u00a0\u00a0\u00a0\u00a0\u00a0 de\u0163inerea cet\u0103\u0163eniei\u00a0 Republicii Moldova;<\/p>\n<p>&#8211;\u00a0\u00a0\u00a0\u00a0\u00a0\u00a0\u00a0\u00a0\u00a0 posedarea limbii de stat, \u015fi a limbilor oficiale de comunicare interetnic\u0103 vorbite \u00een teritoriu;<\/p>\n<p>&#8211;\u00a0\u00a0\u00a0\u00a0\u00a0\u00a0\u00a0\u00a0\u00a0 lipsa antecedentelor penale nestinse s\u0103v\u00e2r\u015fite cu inten\u0163ie;<\/p>\n<p>&#8211;\u00a0\u00a0\u00a0\u00a0\u00a0\u00a0\u00a0\u00a0\u00a0 neprivarea de dreptul de a ocupa func\u0163ii publice;<\/p>\n<p>&#8211;\u00a0\u00a0\u00a0\u00a0\u00a0\u00a0\u00a0\u00a0 neatingerea v\u00eerstei necesare ob\u0163inerii dreptului la pensie pentru limita de v\u00eerst\u0103;<\/p>\n<p><strong>\u00a0<\/strong><\/p>\n<p><strong>Studii:<\/strong>\u00a0\u00a0\u00a0 Superioare, de licen\u0163\u0103 sau echivalente, \u00een domeniul economic.<\/p>\n<p><strong>\u00a0<\/strong><\/p>\n<p><strong>Experien\u0163\u0103 profesional\u0103:<\/strong> minimum 1 an \u00een domeniu, preferabil experien\u0163\u0103 \u00een serviciul public.<\/p>\n<p><strong>\u00a0<\/strong><\/p>\n<p><strong>Cuno\u015ftin\u0163e:<\/strong> cunoa\u015fterea legisla\u0163iei \u00een domeniu;cunoa\u015fterea modului de func\u0163ionare a unei autorit\u0103\u0163i publice;cunoa\u015fterea limbii de stat , limbii englez\u0103 \u015fi limbii ruse la nivel avansat citit\/scris\/vorbit; cunoa\u015fterea calculatorului (Word, Excel, Mapinfo,&#8230;)<\/p>\n<p>&nbsp;<\/p>\n<p><strong>Abilit\u0103\u0163i:<\/strong> de lucru cu informa\u0163ia, elaborare de documente, consultare, instruire, prezentare, comunicare eficient\u0103, lucru \u00een echip\u0103,\u00a0 receptivitate la modific\u0103ri \u00een domeniul legisla\u0163iei \u015fi insisten\u0163a \u00een implementarea acestora; perfectare la timp \u015fi \u00een conformitate cu cerin\u0163ele a documenta\u0163iei, abilit\u0103\u0163i analitice de rezolvare a problemelor ce vizeaz\u0103 domeniul exercitat; abilit\u0103\u0163i de comunicare cu diferite categorii de cet\u0103\u0163eni; abilitate de colaborare cu func\u0163ionarii publici din autorit\u0103\u0163ile APL- I, II \u015fi APC a Republicii Moldova.<\/p>\n<p><strong>Atitudini\/comportamente: <\/strong>respect fa\u0163\u0103 de oameni, spirit de ini\u0163iativ\u0103, diploma\u0163ie, creativitate, flexibilitate, disciplin\u0103, punctualitate, responsabilitate, tendin\u0163\u0103 spre dezvoltare profesional\u0103 continu\u0103.<\/p>\n<p>&nbsp;<\/p>\n<p><strong>Persoanele interesate pot depune personal\/prin po\u015ft\u0103\/ prin e-mail Dosarul de concurs:<\/strong><\/p>\n<p>1)\u00a0\u00a0\u00a0\u00a0\u00a0\u00a0 formularul de participare<\/p>\n<p>2)\u00a0\u00a0\u00a0\u00a0\u00a0\u00a0\u00a0 copia buletinului de identitate<\/p>\n<p>3)\u00a0\u00a0\u00a0\u00a0\u00a0 copiile dimplomelor de studii \u015fi ale certificatelor de absolvire a cursurilor de perfec\u0163ionare profesional\u0103 \u015fi\/sau de specialitare;<\/p>\n<p>4)\u00a0\u00a0\u00a0\u00a0\u00a0 copia carnetului de munc\u0103;<\/p>\n<p>5)\u00a0\u00a0\u00a0 certificatul medical, dup\u0103 caz;<\/p>\n<p>6)\u00a0\u00a0\u00a0\u00a0\u00a0 cazierul judiciar.<\/p>\n<p><strong><em>Data limit\u0103 p\u00een\u0103 la care poate fi depus Dosarul de concurs\u00a0\u00a0\u00a0 &#8211;\u00a0 \u00a024 martie 2025 ora 17.00.<\/em><\/strong><\/p>\n<p>Telefon\u00a0\u00a0\u00a0\u00a0\u00a0\u00a0\u00a0\u00a0\u00a0\u00a0\u00a0\u00a0\u00a0\u00a0\u00a0\u00a0\u00a0\u00a0\u00a0\u00a0 &#8211; 23 043<\/p>\n<p>adresa po\u015ftal\u0103\u00a0\u00a0\u00a0\u00a0\u00a0\u00a0\u00a0\u00a0\u00a0 &#8211; str. K. Marx, 55\u00a0\u00a0\u00a0\u00a0 MD-6702, or. Basarabeasca<\/p>\n<p>e-mail\u00a0\u00a0\u00a0\u00a0\u00a0\u00a0\u00a0\u00a0\u00a0\u00a0\u00a0\u00a0\u00a0\u00a0\u00a0\u00a0\u00a0\u00a0\u00a0\u00a0\u00a0 &#8211;\u00a0\u00a0 consiliul2basarabeasca.md<\/p>\n<p><strong>Acte normative \u00een domeniul serviciului public<\/strong><\/p>\n<p>&#8211;\u00a0\u00a0\u00a0\u00a0 Constitu\u0163ia Republicii Moldova<\/p>\n<p>&#8211;\u00a0\u00a0\u00a0\u00a0\u00a0\u00a0\u00a0\u00a0\u00a0 Legea nr.158-XVI din 4 iulie 2008 cu privire la func\u0163ia public\u0103 \u015fi statutul func\u0163ionarului public.<\/p>\n<p>&#8211;\u00a0\u00a0\u00a0\u00a0\u00a0\u00a0\u00a0\u00a0\u00a0 Legea nr. 199\u00a0 din\u00a0 16.07.2010 cu privire la statutul persoanelor cu func\u0163ii de demnitate public\u0103 .<\/p>\n<p>&#8211;\u00a0\u00a0\u00a0\u00a0\u00a0\u00a0\u00a0\u00a0\u00a0 Legea nr.25-XVI din 22 februarie 2008 privind Codul de conduit\u0103 a func\u0163ionarului public .<\/p>\n<p>&#8211;\u00a0\u00a0\u00a0\u00a0\u00a0\u00a0\u00a0\u00a0\u00a0 Legea nr.133 din 17.06.2016 privind declararea averii \u0219i a intereselor personale.<\/p>\n<p>&#8211;\u00a0\u00a0\u00a0\u00a0\u00a0\u00a0\u00a0\u00a0\u00a0 Legea nr.90-XVI din 25 aprilie 2008 cu privire la prevenirea \u015fi combaterea corup\u0163iei.<\/p>\n<p>&#8211;\u00a0\u00a0\u00a0\u00a0\u00a0\u00a0\u00a0\u00a0\u00a0 Codul administrative nr. 116 din 19 iulie 2018.<\/p>\n<p>&#8211;\u00a0\u00a0\u00a0\u00a0\u00a0 Legea nr. 270 din 23 noiembrie 2018 privind sistemul unitary de salarizare.<\/p>\n<p>&#8211;\u00a0\u00a0\u00a0\u00a0\u00a0\u00a0 Hot\u0103r\u00eerea Guvernului nr. 1231 din 12 decembrie 2018 pentru punerea \u00een aplicare a prevederilor Legii nr, 270\/2018 privind sistemul unitary de salarizare \u00een sectorul bugetar<\/p>\n<p>&#8211;\u00a0\u00a0\u00a0\u00a0\u00a0\u00a0\u00a0\u00a0\u00a0 Legea nr.239-XVI din 13 noiembrie 2008 privind transparen\u0163a \u00een procesul decisional<\/p>\n<ul>\n<li>Hot\u0103r\u00eerea Guvernului nr.201 din 11 martie 2009 \u201ePrivind punerea \u00een aplicare a prevederilor Legii nr.158-XVI din 4 iulie 2008 cu privire la func\u0163ia public\u0103 \u015fi statutul func\u0163ionarului public\u201d (10 anexe);<\/li>\n<\/ul>\n<p><strong>Acte normative \u00een domeniul specific func\u0163iei<\/strong><\/p>\n<ul>\n<li>Legea nr.81 din 18.03.2004 cu privire la investi\u0163iile \u00een activitatea de \u00eentreprinz\u0103tor;<\/li>\n<li>Codul Civil nr. 1107 din 06.06.2002;<\/li>\n<li>Coful Fiscal nr. 1163 din 24.04.1997;<\/li>\n<li>Legea nr. 220-XVI din 19.10.2007 privind \u00eenregistrarea de stat a persoanelor juridice \u015fi a \u00eentreprinz\u0103torilor individuali;<\/li>\n<li>Legea cu privire la antreprenoriat \u015fi \u00eentreprinderi nr. 845 din 03.01.1992;<\/li>\n<li>Legea privind achizi\u0163iile publice nr. 131 din 03.07.2015;<\/li>\n<li>Legea Contabilit\u0103\u0163ii nr. 113-XVI din 27.04.2007<\/li>\n<\/ul>\n<hr \/>\n<hr \/>\n<hr \/>\n<p style=\"text-align: center;\"><strong>A N U N \u0162-REPETAT<\/strong><\/p>\n<p style=\"text-align: center;\"><strong>cu privire la concurs pentru ocuparea func\u0163iei publice vacante de <\/strong><strong>specialist principal, Serviciu agricultur\u0103,rela\u021bii funciare \u0219i cadastru, Consiliul raional<\/strong><\/p>\n<p>&nbsp;<\/p>\n<p><strong>Scopul general al func\u0163iei<\/strong> Reglementarea rela\u0163iilor funciare, realizarea reformei funciare, \u0163inerea cadastrului funciar de stat \u015fi monitoringului p\u0103m\u00eenturilor pe teritoriul raionului<\/p>\n<p><strong>Sarcinile de baz\u0103 ale func\u0163iei:<\/strong><\/p>\n<p>1.Elaborarea \u015fi promovarea politicilor \u015fi strategiilor \u00een domeniul rela\u0163iilor funciare \u015fi cadastrului, al dezvolt\u0103rii social-economice a teritoriului\u00a0\u00a0 raionului.<\/p>\n<ol start=\"2\">\n<li>Coordonarea procesului de reglementare a regimului propriet\u0103\u0163ii funciare,\u00a0 monitorizarea \u015fi contribuirea la dezvoltarea continu\u0103 a pie\u0163ii funciare din raion.<\/li>\n<\/ol>\n<p>3.Elaborarea proiectelor\u00a0 privind delimitarea terenurilor destinate transmiterii \u00een proprietate,\u00a0 posesiune \u015fi folosin\u0163\u0103.<\/p>\n<p>4.Evaluarea actelor \u00eentreprinderilor \u015fi gospod\u0103riilor individuale \u00een scopul \u00eenl\u0103tur\u0103rii incovenien\u0163elor de amplasare a acestora.<\/p>\n<p>5.Acordarea consulta\u0163iilor privind procesul de reglementare a regimului propriet\u0103\u0163ii funciare\u00a0 autorit\u0103\u0163ilor administra\u0163iei publice locale de nivelul \u00eent\u00eei din raion.<\/p>\n<ol start=\"6\">\n<li>Preg\u0103tirea \u015fi prezentarea c\u0103tre organele autoadministr\u0103rii locale a informa\u0163iei pe marginea chestiunilor legate de realizarea reformei funciare \u015fi respectarea legisla\u0163iei funciare \u00een teritoriu.<\/li>\n<\/ol>\n<p><strong>Condi\u0163iile de participare la concurs<\/strong><strong>:<\/strong><\/p>\n<p><strong>&#8211; <\/strong>de\u0163ine cet\u0103\u0163enia Republicii Moldova;<\/p>\n<p><strong>&#8211;<\/strong> posed\u0103 limba de stat \u015fi limbile oficiale de comunicare interetnic\u0103 vorbite \u00een teritoriu;<\/p>\n<p><strong>&#8211;<\/strong> neatingerea v\u00eerstei necesar\u0103 ob\u0163inerii dreptului la pensie pentru limit\u0103 de v\u00eerst\u0103;<\/p>\n<p><strong>&#8211;<\/strong> lipsa antecedentelor penale nestinse pentru infrac\u0163iuni s\u0103v\u00eer\u015fite cu inten\u0163ie;<\/p>\n<p><strong>&#8211;<\/strong> neprivarea de dreptul de a ocupa func\u0163ii publice.<\/p>\n<p>&nbsp;<\/p>\n<p><strong>\u00a0 Studii: <\/strong>Superioare, preferabil \u00een domeniul rela\u021biilor funciare \u0219i cadastru.<\/p>\n<p><strong>\u00a0 Experien\u0163\u0103 profesional\u0103:<\/strong> \u00a0minimum 1 an preferabil \u00een domeniu sau \u00een domeniul administra\u0163iei publice.<\/p>\n<p>&nbsp;<\/p>\n<p><strong>\u00a0 <\/strong><strong>Cuno\u015ftin\u0163e:<\/strong><\/p>\n<ul>\n<li>cunoa\u015fterea legisla\u0163iei \u00een domeniu;<\/li>\n<li>cunoa\u015fterea managementului de func\u0163ionare a unei autorit\u0103\u0163i publice;<\/li>\n<li>cunoa\u015fterea politicilor \u015fi procedurilor de administrare, precum \u015fi a practicilor pozitive \u00een domeniu;<\/li>\n<li>cuno\u015ftin\u0163e de operare la calculator;<\/li>\n<li>cunoa\u015fterea obligatorie a limbii de stat, \u015fi a limbii ruse la un nivel avansat (cititul\/scrisul\/vorbitul.<\/li>\n<\/ul>\n<p><strong>\u00a0 Abilit\u0103\u0163i:<\/strong> Lucrul cu informa\u0163ia, organizare, elaborare de documente, consultare, comunicare eficient\u0103, \u00a0solu\u0163ionare de probleme, lucru \u00een echip\u0103.<\/p>\n<p><strong>\u00a0 <\/strong><strong>Atitudini\/comportamente:<\/strong> Respect fa\u0163\u0103 de oameni, spirit de ini\u0163iativ\u0103, diploma\u0163ie, creativitate, \u00a0flexibilitate, disciplin\u0103, punctualitate, responsabilitate, tendin\u0163\u0103 spre dezvoltare profesional\u0103 \u00a0continu\u0103.<\/p>\n<p><strong>\u00a0Persoanele interesate pot depune personal\/prin po\u015ft\u0103\/e-mail Dosarul de concurs:<\/strong><\/p>\n<ol>\n<li>formularul de participare<\/li>\n<li>copia buletinului de identitate<\/li>\n<li>copiile diplomelor de studii \u015fi ale certificatelor de absolvire a cursurilor de perfec\u0163ionare profesional\u0103 \u015fi\/sau de specialitate;<\/li>\n<li>certificatul medical, dup\u0103 caz;<\/li>\n<li>cazierul judiciar.<\/li>\n<\/ol>\n<p>&nbsp;<\/p>\n<p><strong><em><u>Data-limit\u0103 de depunere a dosarului de participare la concurs \u2013\u00a0 24 martie\u00a0 2025, ora 17-00 <\/u><\/em><\/strong><\/p>\n<p>Telefon: 0297 23 043; 22 058.<\/p>\n<p>e-mail: consiliul@basarabesasca.md<\/p>\n<p>adresa po\u015ftal\u0103: str. Karl Marx, 55<\/p>\n<p>MD-6702, or. Basarabeasca<\/p>\n<p><strong><u>Bibliografia:<\/u><\/strong><\/p>\n<ul>\n<li>Constitu\u021bia Republicii Moldova<\/li>\n<li>Legea nr.158-XVI din 4 iulie 2008 cu privire la func\u0163ia public\u0103 \u015fi statutul func\u0163ionarului public<\/li>\n<li>Legea nr. 436-XVI din 28 decembrie 2006 privind administra\u0163ia public\u0103 local\u0103<\/li>\n<li>Legea nr.25-XVI din 22 februarie 2008 privind Codul de conduit\u0103 a func\u0163ionarului public<\/li>\n<li>Legea 133 din 17.06.2016 privind declararea averii \u0219i a intereselor personale<\/li>\n<li>Codul administrative nr. 116 din 19 iulie 2018<\/li>\n<\/ul>\n<table width=\"100%\">\n<tbody>\n<tr>\n<td>&#8211;\u00a0\u00a0\u00a0\u00a0\u00a0\u00a0\u00a0 <a href=\"http:\/\/old.justice.md\/lex\/document_rom.php?id=D011FC4D:64E74ACF\">Codul Funciar, Legea nr.828\/XII din 25.12.1991<\/a><\/p>\n<p>&#8211;\u00a0\u00a0\u00a0\u00a0\u00a0\u00a0\u00a0 Codul Civil, Legea nr.1107-XV din 06.06.2002<\/p>\n<p>&#8211;\u00a0\u00a0\u00a0\u00a0\u00a0\u00a0\u00a0\u00a0\u00a0 <a href=\"http:\/\/lex.justice.md\/index.php?action=view&amp;view=doc&amp;lang=1&amp;id=311616\">Legea cadastrului bunurilor imobile, nr. 1543\/XIII din 25.02.1998<\/a><\/p>\n<p>&#8211;\u00a0\u00a0\u00a0\u00a0\u00a0\u00a0\u00a0 <a href=\"http:\/\/lex.justice.md\/\">Legea cu privire la formarea bunurilor imobile, nr. 354-XV din 28.10.2004<\/a><\/td>\n<\/tr>\n<\/tbody>\n<\/table>\n<ul>\n<li><a href=\"http:\/\/lex.justice.md\/\">Legea cu privire la formarea bunurilor imobile, nr. 354-XV din 28.10.2004<\/a><\/li>\n<\/ul>\n<p>&nbsp;<\/p>\n<ul>\n<li><a href=\"http:\/\/old.justice.md\/lex\/document_rom.php?id=1D440D1E:C6102743\">Legea cu privire la registre nr.1320-XIII din 25.09.1997<\/a><\/li>\n<li><a href=\"http:\/\/old.justice.md\/lex\/document_rom.php?id=0699792A:25DDACBB\">Legea cu privire la activitatea de evaluare nr.989-XV din 18.04.2002<\/a><\/li>\n<li><a href=\"http:\/\/old.justice.md\/lex\/document_rom.php?id=B7D92BDE:1150A297\">Legea privatiz\u0103rii fondului de locuin\u0163e nr. 1324-XII din 10.03.1993<\/a><\/li>\n<li>Legea cu privire la pre\u0163ul normativ \u015fi modul de v\u00eenzare \u2013 cump\u0103rare a p\u0103m\u00eentului nr. 1308-XIII din 25.07.1997<\/li>\n<li><a href=\"http:\/\/www.cadastre.md\/upfiles\/kfm_catalog\/Legi_ro\/01.DOC\">Legea cu privire la geodezie \u015fi cartografie, nr. 778-XV din 21.12.2001<\/a><\/li>\n<li>Hot\u0103r\u00eere Guvernului nr. 959\/2023cu privire la organizarea \u0219i func\u021bionarea Agen\u021biei Geodezie, Cartografie \u0219i Cadastru (restructurarea domeniului geodezie, cartografie<br \/>\n\u0219i cadastru\u00a0\u0219i modificarea unor acte normative).<\/li>\n<\/ul>\n<hr \/>\n<hr \/>\n<hr \/>\n<p style=\"text-align: center;\"><strong>A N U N \u0162-REPETAT<\/strong><\/p>\n<p style=\"text-align: center;\"><strong>\u00a0cu privire la concurs\u00a0 pentru ocuparea func\u0163iei publice vacante de <\/strong><strong>auditor intern \u00een Aparatul pre\u015fedintelui<\/strong> <strong>raionului<\/strong><\/p>\n<p><strong>Scopul general al func\u0163iei:<\/strong><\/p>\n<p>Efectuarea\u00a0 auditului intern \u00een direc\u0163iile, sec\u0163iile subordonate autorit\u0103\u0163ii publice \u015fi monitorizarea implement\u0103rii recomand\u0103rilor ca urmare a auditului efectuat.<\/p>\n<p><strong>Sarcinile de baz\u0103:<\/strong><\/p>\n<ol>\n<li>Realizarea activit\u0103\u021bilor de audit intern \u00een scopul evalu\u0103rii sistemului de management financiar \u0219i control al entit\u0103\u021bilor publice din cadrul Consiliului raional.<\/li>\n<li>\u00centocmirea documenta\u021biei curente \u0219i permanente de audit \u00een conformitate cu Standardele Na\u021bionale de Audit Intern.<\/li>\n<\/ol>\n<p>3.Formularea preliminar\u0103 a recomand\u0103rilor pentru raportul de audit.<\/p>\n<ol start=\"4\">\n<li>Monitorizarea implement\u0103rii recomand\u0103rilor din domeniul auditului.<\/li>\n<\/ol>\n<p>5.Informarea sistematic\u0103 a conduc\u0103torului aotorit\u0103\u021bii publice despre procesul de realizare a sarcinilor de audit, prev\u0103zute \u00een programul de lucru al misiunii de audit.<\/p>\n<p><strong>Condi\u0163ii de participare la concurs:<\/strong><\/p>\n<p><strong>Condi\u0163ii de baz\u0103:<\/strong><\/p>\n<ul>\n<li>de\u0163inerea cet\u0103\u0163eniei Republicii Moldova;<\/li>\n<li>posedarea limbii de stat \u015fi a limbilor oficiale de comunicare interetnic\u0103 vorbite \u00een teritoriu;<\/li>\n<li>lipsa antecedentelor penale nestinse s\u0103v\u00e2r\u015fite cu inten\u0163ie;<\/li>\n<li>neprivarea de dreptul de a ocupa func\u0163ii publice;<\/li>\n<li>neatingerea v\u00eerstei necesare ob\u0163inerii dreptului la pensie pentru limita de v\u00eerst\u0103;<\/li>\n<\/ul>\n<p><strong>Studii:<\/strong>\u00a0\u00a0\u00a0 Superioare, de licen\u0163\u0103 sau echivalente, \u00een domeniul juridic.<\/p>\n<p><strong>Experien\u0163\u0103 profesional\u0103: <\/strong>minimum 2 ani \u00een domeniu, preferabil experien\u0163\u0103 \u00een serviciul public.<\/p>\n<p><strong>Cuno\u015ftin\u0163e:<\/strong><\/p>\n<ul>\n<li>cunoa\u015fterea legisla\u0163iei \u00een domeniu;<\/li>\n<li>cunoa\u015fterea modului de func\u0163ionare a unei autorit\u0103\u0163i publice;<\/li>\n<li>cunoa\u015fterea limbii de stat \u015fi limbii ruse la nivel avansat citit\/scris\/vorbit;<\/li>\n<li>cunoa\u015fterea calculatorului (Word, Excel, Mapinfo,&#8230;)<\/li>\n<\/ul>\n<p><strong>Abilit\u0103\u0163i:<\/strong> de lucru cu informa\u0163ia, analiz\u0103 \u015fi sintez\u0103, elaborare de documente, consultare, instruire, prezentare, comunicare eficient\u0103, lucru \u00een echip\u0103.<\/p>\n<p><strong>Atitudini\/comportamente:<\/strong> respect fa\u0163\u0103 de oameni, spirit de ini\u0163iativ\u0103, diploma\u0163ie, creativitate, flexibilitate, disciplin\u0103, punctualitate, responsabilitate, tendin\u0163\u0103 spre dezvoltare profesional\u0103 continu\u0103.<\/p>\n<p><strong>Persoanele interesate pot depune personal\/prin po\u015ft\u0103\/ prin e-mail Dosarul de concurs:<\/strong><\/p>\n<ol>\n<li>formularul de participare<\/li>\n<li>copia buletinului de identitate<\/li>\n<li>copiile dimplomelor de studii \u015fi ale certificatelor de absolvire a cursurilor de perfec\u0163ionare profesional\u0103 \u015fi\/sau de specialitare;<\/li>\n<li>certificatul medical, dup\u0103 caz;<\/li>\n<li>cazierul judiciar.<\/li>\n<\/ol>\n<p><strong><em>Data limit\u0103 p\u00een\u0103 la care poate fi depus Dosarul de concurs<\/em><\/strong><strong><em> \u00a0\u00a0 &#8211;\u00a0 24 martie 2025<\/em><\/strong><\/p>\n<p>Telefon\u00a0\u00a0\u00a0\u00a0\u00a0\u00a0\u00a0\u00a0\u00a0\u00a0\u00a0\u00a0\u00a0\u00a0\u00a0\u00a0\u00a0\u00a0\u00a0\u00a0 <strong>&#8211; 23-0-43;,\u00a0 22-0-58<\/strong><\/p>\n<p>e-mail\u00a0\u00a0\u00a0\u00a0\u00a0\u00a0\u00a0\u00a0\u00a0\u00a0\u00a0\u00a0\u00a0\u00a0\u00a0\u00a0\u00a0\u00a0\u00a0\u00a0\u00a0\u00a0 &#8211; <strong>consiliul@basarabeasca.md<\/strong><\/p>\n<p>adresa po\u015ftal\u0103\u00a0\u00a0\u00a0\u00a0\u00a0\u00a0\u00a0\u00a0\u00a0 <strong>str. K. Marx, 55<\/strong><\/p>\n<p><strong>\u00a0\u00a0\u00a0\u00a0\u00a0\u00a0\u00a0\u00a0\u00a0\u00a0\u00a0\u00a0\u00a0\u00a0\u00a0\u00a0\u00a0\u00a0\u00a0\u00a0\u00a0\u00a0\u00a0\u00a0\u00a0\u00a0\u00a0\u00a0\u00a0\u00a0\u00a0 MD-6702, or. Basarabeasca<\/strong><\/p>\n<p>&nbsp;<\/p>\n<p>&nbsp;<\/p>\n<p><strong>Bibliografia concursului<\/strong><\/p>\n<p><strong>Constitu\u0163ia Republicii Moldova<\/strong><\/p>\n<p><strong>Acte normative \u00een domeniul serviciului public<\/strong><\/p>\n<ul>\n<li>Legea nr.158-XVI din 4 iulie 2008 cu privire la func\u0163ia public\u0103 \u015fi statutul func\u0163ionarului public<\/li>\n<li>Legea nr. 199\u00a0 din\u00a0 16.07.2010 cu privire la statutul persoanelor cu func\u0163ii de demnitate public\u0103<\/li>\n<li>Legea nr.25-XVI din 22 februarie 2008 privind Codul de conduit\u0103 a func\u0163ionarului public<\/li>\n<li>Legea nr 133 din 17.06.2016 privind declararea averii \u0219i a intereselor personale<\/li>\n<li>Legea nr.90-XVI din 25 aprilie 2008 cu privire la prevenirea \u015fi combaterea corup\u0163iei<\/li>\n<li>Legea nr.48 din 22 martie 2012 cu privire la sistemul de salarizare a func\u021bionarilor publici<\/li>\n<li>Legea nr.239-XVI din 13 noiembrie 2008 privind transparen\u0163a \u00een procesul decizional<\/li>\n<li>Hot\u0103r\u00eerea Guvernului nr.201 din 11 martie 2009 \u201ePrivind punerea \u00een aplicare a prevederilor Legii nr.158-XVI din 4 iulie 2008 cu privire la func\u0163ia public\u0103 \u015fi statutul func\u0163ionarului public\u201d<\/li>\n<li>Codul administrative nr. 116 din 19 iulie 2018<\/li>\n<li>Legea nr. 270 din 23 noiembrie 2018 privind sistemul unitary de salarizare<\/li>\n<li>Hot\u0103r\u00eerea Guvernului nr. 1231 din 12 decembrie 2018 pentru punerea \u00een aplicare a prevederilor Legii nr, 270\/2018 privind sistemul unitary de salarizare \u00een sectorul bugetar<\/li>\n<\/ul>\n<p><strong>Acte normative \u00een domeniul administra\u0163iei publice locale\u00a0<\/strong><\/p>\n<ul>\n<li>Legea nr.435 din 28 decembrie 2006 privind descentralizarea administrativ\u0103<\/li>\n<li>Legea nr.436 din 28 decembrie 2006 privind administra\u0163ia public\u0103 local\u0103<\/li>\n<li>Legea nr.438 din 28 decembrie 2006 privind dezvoltarea regional\u0103 \u00een Republica Moldova<\/li>\n<li>Legea nr.764 din 27 decembrie 2001 privind organizarea administrativ-teritorial\u0103 a Republicii Moldova<\/li>\n<li>Legea nr. 768-XIV\u00a0 din\u00a0 02 februarie 2000 privind statutul alesului local<\/li>\n<li>Legea nr.523-XIV din 16 iulie 1999 cu privire la proprietatea public\u0103 a unit\u0103\u0163ilor administrativ-teritoriale<\/li>\n<li>Legea nr.741-XIII\u00a0 din\u00a0 20 februarie 1996 despre Regulamentul cu privire la modul de solu\u0163ionare a chestiunilor organiz\u0103rii administrativ-teritoriale a Republicii Moldova<\/li>\n<li>Legea nr. 397-XV din 16 octombrie 2003 privind finan\u0163ele publice locale<\/li>\n<li>Legea nr.121-XVI \u00a0din\u00a0 4 mai 2007 privind administrarea \u015fi deetatizarea propriet\u0103\u0163ii publice<\/li>\n<li>Hot\u0103r\u00eerea Guvernului nr.845 din 18 decembrie 2009 \u201eCu privire la oficiile teritoriale ale Cancelariei de Stat\u201d<\/li>\n<\/ul>\n<p><strong>\u00a0<\/strong><\/p>","protected":false},"excerpt":{"rendered":"<p>\u00a0A N U N \u0162\u00a0 -REPETAT cu privire la concurs\u00a0 pentru ocuparea func\u0163iei publice vacante de specialist principal, Sec\u021bia economie, construc\u021bii \u0219i dzvoltarea teritoriului, Consiliul raional Scopul general al func\u0163iei: Contribuirea la dezvoltarea social-economic\u0103 \u00een raion prin promovarea politicii de stat \u00een domeniul economic, asigurarea solu\u0163ion\u0103rii problemelor\u00a0 antreprenoriatului, micului business, precum \u015fi a celor de [&hellip;]<\/p>\n","protected":false},"author":2,"featured_media":0,"parent":0,"menu_order":0,"comment_status":"closed","ping_status":"closed","template":"","meta":{"footnotes":""},"class_list":["post-4456","page","type-page","status-publish","hentry"],"_links":{"self":[{"href":"https:\/\/basarabeasca.md\/ro\/wp-json\/wp\/v2\/pages\/4456","targetHints":{"allow":["GET"]}}],"collection":[{"href":"https:\/\/basarabeasca.md\/ro\/wp-json\/wp\/v2\/pages"}],"about":[{"href":"https:\/\/basarabeasca.md\/ro\/wp-json\/wp\/v2\/types\/page"}],"author":[{"embeddable":true,"href":"https:\/\/basarabeasca.md\/ro\/wp-json\/wp\/v2\/users\/2"}],"replies":[{"embeddable":true,"href":"https:\/\/basarabeasca.md\/ro\/wp-json\/wp\/v2\/comments?post=4456"}],"version-history":[{"count":54,"href":"https:\/\/basarabeasca.md\/ro\/wp-json\/wp\/v2\/pages\/4456\/revisions"}],"predecessor-version":[{"id":13175,"href":"https:\/\/basarabeasca.md\/ro\/wp-json\/wp\/v2\/pages\/4456\/revisions\/13175"}],"wp:attachment":[{"href":"https:\/\/basarabeasca.md\/ro\/wp-json\/wp\/v2\/media?parent=4456"}],"curies":[{"name":"wp","href":"https:\/\/api.w.org\/{rel}","templated":true}]}}