{"id":335,"date":"2016-02-14T20:09:28","date_gmt":"2016-02-14T20:09:28","guid":{"rendered":"http:\/\/demo.smartstudio.md\/basarabeasca.md\/?page_id=335"},"modified":"2025-02-06T16:35:30","modified_gmt":"2025-02-06T14:35:30","slug":"proiecte-de-legi","status":"publish","type":"page","link":"https:\/\/basarabeasca.md\/ro\/proiecte-de-legi\/","title":{"rendered":"Comisia consultativ\u0103 de specialitate a Consiliului raional"},"content":{"rendered":"<p><strong><u>Comisia consultativ\u0103 de specialitate a Consiliului raional pentru economie, buget \u015fi finan\u0163e<\/u><\/strong><strong>\u00a0<\/strong><\/p>\n<ol>\n<li><strong>Petru Tichem \u00a0\u00a0\u00a0\u00a0\u00a0\u00a0\u00a0\u00a0\u00a0\u00a0\u00a0\u00a0\u00a0\u00a0\u00a0&#8211; pre\u015fedinte al Comisie<\/strong><\/li>\n<li><strong>Evghenia Lingurari\u00a0\u00a0 \u00a0\u00a0&#8211; secretar\u00a0 al \u00a0Comisiei<\/strong><\/li>\n<li><strong>Victor Salinschi<\/strong> \u00a0\u00a0\u00a0\u00a0\u00a0 \u00a0\u00a0\u00a0\u00a0\u00a0&#8211; membru al\u00a0 Comisiei<\/li>\n<li><strong>Ludmila Dorif<\/strong> \u00a0\u00a0\u00a0\u00a0\u00a0\u00a0\u00a0\u00a0\u00a0\u00a0\u00a0\u00a0\u00a0\u00a0&#8211; membru al\u00a0 Comisiei<\/li>\n<li><strong>Nicoleta Niculi\u0163\u0103<\/strong> \u00a0\u00a0\u00a0\u00a0\u00a0\u00a0\u00a0 \u00a0&#8211; membru al \u00a0Comisiei<\/li>\n<li><strong>Mihni Gheorghe<\/strong> \u00a0 \u00a0\u00a0\u00a0\u00a0\u00a0\u00a0\u00a0\u00a0&#8211; membru al\u00a0 Comisiei<\/li>\n<li><b>Tatiana Belaia<\/b>\u00a0 \u00a0 \u00a0 \u00a0 \u00a0 \u00a0&#8211; membru al\u00a0 Comisiei<strong>\u00a0<\/strong><\/li>\n<\/ol>\n<hr \/>\n<p><strong><u>Comisia consultativ\u0103 de specialitate a Consiliului raional pentru \u00eenv\u0103\u0163\u0103m\u00eent, cultur\u0103, tineret \u015fi sport<\/u><\/strong><strong>\u00a0<\/strong><\/p>\n<ol>\n<li><strong>Ludmila Dorif\u00a0 \u00a0 \u00a0 \u00a0 \u00a0&#8211; pre\u015fedinte al Comisie<\/strong><\/li>\n<li><strong>Serghei Mihailov\u00a0\u00a0\u00a0 &#8211; secretar\u00a0 al Comisiei<\/strong><\/li>\n<li><strong>Nina Capsamun\u00a0\u00a0\u00a0 \u00a0<\/strong>&#8211; membru al Comisiei<\/li>\n<li><strong>Ana Diacova\u00a0 \u00a0 \u00a0 \u00a0 \u00a0 \u00a0 \u00a0<\/strong>&#8211; membru al Comisiei<\/li>\n<li><strong>Maria Bordan\u00a0 \u00a0 \u00a0 \u00a0 \u00a0 <\/strong>&#8211; membru\u00a0 al Comisiei<\/li>\n<li><strong>Marian R\u0103cil\u0103\u00a0 \u00a0 \u00a0 \u00a0 \u00a0<\/strong>&#8211; membru\u00a0 al Comisiei<\/li>\n<li><strong>Tatiana Belaia<\/strong>\u00a0 \u00a0 \u00a0 &#8211; membru\u00a0 al Comisiei<\/li>\n<\/ol>\n<hr \/>\n<p><strong><u>Comisia consultativ\u0103 de specialitate a Consiliului raional pentru probleme sociale, ocrotirea s\u0103n\u0103t\u0103\u0163ii \u015fi protec\u0163ia mediului<\/u><\/strong><strong>\u00a0<\/strong><\/p>\n<ol>\n<li><strong>Fiodor Nicolaev<\/strong>\u00a0\u00a0\u00a0\u00a0\u00a0\u00a0\u00a0\u00a0 <strong>&#8211; \u00a0pre\u015fedinte al Comisiei<\/strong><\/li>\n<li><strong>Cristina Crasil\u0219cic\u00a0\u00a0\u00a0\u00a0 &#8211; \u00a0secretar\u0103 a Comisiei<\/strong><\/li>\n<li><strong>Gheorghe Rusu<\/strong>\u00a0 \u00a0 \u00a0 \u00a0 \u00a0 &#8211; membru al Comisiei<\/li>\n<li><strong>Sergiu V\u00eelcu<\/strong>\u00a0 \u00a0 \u00a0 \u00a0 \u00a0 \u00a0 \u00a0 \u00a0 \u00a0 \u00a0&#8211; \u00a0membru al Comisiei<\/li>\n<li><strong>Sofia Omelianovici<\/strong>\u00a0 \u00a0\u00a0&#8211; \u00a0membru al Comisiei<\/li>\n<li><strong>Grigore Scutari<\/strong>\u00a0 \u00a0 \u00a0 \u00a0 \u00a0 \u00a0&#8211; membru al Comisiei<\/li>\n<li><strong>Olga Ababii<\/strong>\u00a0 \u00a0 \u00a0 \u00a0 \u00a0 \u00a0 \u00a0 \u00a0 \u00a0 \u00a0&#8211; \u00a0membru al Comisiei<\/li>\n<\/ol>\n<hr \/>\n<p><strong><u>Comisia consultativ\u0103 de specialitate a Consiliului raional pentru agricultur\u0103, industrie, comer\u0163 \u015fi rela\u0163ii funciare<\/u><\/strong><strong>\u00a0<\/strong><\/p>\n<ol>\n<li style=\"font-weight: 400;\">Gheorghe Rusu, din partea frac\u021biunii PSRM<\/li>\n<li style=\"font-weight: 400;\">Cristina Crasil\u0219cic, din partea frac\u021biunii PSRM<\/li>\n<li style=\"font-weight: 400;\">Simion Gurin, din partea frac\u021biunii PP \u201ePartidul Ac\u021biune \u0219i Solidaritate\u201d<\/li>\n<li style=\"font-weight: 400;\">Stanislav Rotari, din partea frac\u021biunii PP \u201ePartidul Ac\u021biune \u0219i Solidaritate\u201d<\/li>\n<li style=\"font-weight: 400;\">Ion Niculi\u0163\u0103, din partea PLDM<\/li>\n<li style=\"font-weight: 400;\">Vladimir Slav, din partea frac\u021biunii PP \u201ePartidul Nostru\u201d<\/li>\n<li style=\"font-weight: 400;\">Evghenia Lingurari, din partea frac\u021biunii PP\u00a0 Partidul \u201eRena\u0219tere\u201d.<\/li>\n<\/ol>\n<hr \/>\n<p><strong><u>Comisia consultativ\u0103 de specialitate a Consiliului raional pentru probleme juridice, administra\u0163ie public\u0103 \u015fi drept<\/u><\/strong><strong>\u00a0<\/strong><\/p>\n<ol>\n<li><strong>Mihai Cre\u0163u\u00a0 \u00a0 \u00a0 \u00a0 \u00a0 \u00a0 &#8211; pre\u015fedinte al Comisiei<\/strong><\/li>\n<li><strong>Nina Capsamun\u00a0 \u00a0&#8211; secretar al Comisiei<\/strong><\/li>\n<li><strong>Petru Tichem<\/strong>\u00a0 \u00a0 \u00a0 \u00a0 &#8211; membru al Comisiei<\/li>\n<li><strong>Fiodor Nicolaev\u00a0\u00a0<\/strong> &#8211; membru al Comisiei<\/li>\n<li><strong>Victor Salinschi\u00a0\u00a0<\/strong> &#8211; membru al Comisiei<\/li>\n<li><strong>Vladimir Slav\u00a0 \u00a0 \u00a0 <\/strong>\u00a0&#8211; membru al Comisiei<\/li>\n<li><strong>Stanislav Rotari<\/strong> &#8211; membru al Comisiei<\/li>\n<\/ol>\n<hr \/>\n<p><strong><u>Comisia consultativ\u0103 de specialitate a Consiliului raional pentru transport, urbanism, amenajarea teritoriului, construc\u0163ii, gospod\u0103rie comunal\u0103 \u015fi drumuri<\/u><\/strong><strong>\u00a0<\/strong><\/p>\n<ol>\n<li style=\"font-weight: 400;\">Nicolai Dulgher, din partea frac\u021biunii PSRM<\/li>\n<li style=\"font-weight: 400;\">Nicoleta Niculi\u0163a, din partea frac\u021biunii PSRM<\/li>\n<li style=\"font-weight: 400;\">Simion Gurin, din partea frac\u021biunii PP \u201ePartidul Ac\u021biune \u0219i Solidaritate\u201d<\/li>\n<li style=\"font-weight: 400;\">Sergiu V\u00eelcu, din partea frac\u021biunii PP \u201ePartidul Ac\u021biune \u0219i Solidaritate\u201d<\/li>\n<li style=\"font-weight: 400;\">Gheorghe Ardeleanu, din partea frac\u021biunii PP \u201ePartidul Nostru\u201d<\/li>\n<li style=\"font-weight: 400;\">Grigore Scutari, din partea PP \u201ePlatforma Demnitate \u0219i Adev\u0103r\u201d<\/li>\n<li style=\"font-weight: 400;\">Nicolaev Nicolai, din partea PCRM<\/li>\n<\/ol>\n<hr \/>\n<p>&nbsp;<\/p>","protected":false},"excerpt":{"rendered":"<p>Comisia consultativ\u0103 de specialitate a Consiliului raional pentru economie, buget \u015fi finan\u0163e\u00a0 Petru Tichem \u00a0\u00a0\u00a0\u00a0\u00a0\u00a0\u00a0\u00a0\u00a0\u00a0\u00a0\u00a0\u00a0\u00a0\u00a0&#8211; pre\u015fedinte al Comisie Evghenia Lingurari\u00a0\u00a0 \u00a0\u00a0&#8211; secretar\u00a0 al \u00a0Comisiei Victor Salinschi \u00a0\u00a0\u00a0\u00a0\u00a0 \u00a0\u00a0\u00a0\u00a0\u00a0&#8211; membru al\u00a0 Comisiei Ludmila Dorif \u00a0\u00a0\u00a0\u00a0\u00a0\u00a0\u00a0\u00a0\u00a0\u00a0\u00a0\u00a0\u00a0\u00a0&#8211; membru al\u00a0 Comisiei Nicoleta Niculi\u0163\u0103 \u00a0\u00a0\u00a0\u00a0\u00a0\u00a0\u00a0 \u00a0&#8211; membru al \u00a0Comisiei Mihni Gheorghe \u00a0 \u00a0\u00a0\u00a0\u00a0\u00a0\u00a0\u00a0\u00a0&#8211; membru al\u00a0 Comisiei Tatiana Belaia\u00a0 \u00a0 \u00a0 [&hellip;]<\/p>\n","protected":false},"author":2,"featured_media":0,"parent":0,"menu_order":0,"comment_status":"closed","ping_status":"closed","template":"","meta":{"footnotes":""},"class_list":["post-335","page","type-page","status-publish","hentry"],"_links":{"self":[{"href":"https:\/\/basarabeasca.md\/ro\/wp-json\/wp\/v2\/pages\/335","targetHints":{"allow":["GET"]}}],"collection":[{"href":"https:\/\/basarabeasca.md\/ro\/wp-json\/wp\/v2\/pages"}],"about":[{"href":"https:\/\/basarabeasca.md\/ro\/wp-json\/wp\/v2\/types\/page"}],"author":[{"embeddable":true,"href":"https:\/\/basarabeasca.md\/ro\/wp-json\/wp\/v2\/users\/2"}],"replies":[{"embeddable":true,"href":"https:\/\/basarabeasca.md\/ro\/wp-json\/wp\/v2\/comments?post=335"}],"version-history":[{"count":19,"href":"https:\/\/basarabeasca.md\/ro\/wp-json\/wp\/v2\/pages\/335\/revisions"}],"predecessor-version":[{"id":13029,"href":"https:\/\/basarabeasca.md\/ro\/wp-json\/wp\/v2\/pages\/335\/revisions\/13029"}],"wp:attachment":[{"href":"https:\/\/basarabeasca.md\/ro\/wp-json\/wp\/v2\/media?parent=335"}],"curies":[{"name":"wp","href":"https:\/\/api.w.org\/{rel}","templated":true}]}}